{"id":1511,"date":"2018-08-29T14:15:20","date_gmt":"2018-08-29T17:15:20","guid":{"rendered":"https:\/\/cmbsas-caba.infd.edu.ar\/sitio\/nivel-medio-trayecto-artistico-profesional\/"},"modified":"2025-02-13T15:34:54","modified_gmt":"2025-02-13T18:34:54","slug":"nivel-medio-trayecto-artistico-profesional","status":"publish","type":"page","link":"https:\/\/cmbsas-caba.infd.edu.ar\/sitio\/oferta-academica\/carreras\/nivel-medio-trayecto-artistico-profesional\/","title":{"rendered":"Nivel Medio (Trayecto Art\u00edstico Profesional)"},"content":{"rendered":"\n<p><strong>T\u00edtulo:<\/strong>&nbsp;T\u00e9cnico en M\u00fasica con especialidad en Instrumento<br><strong>Duraci\u00f3n:&nbsp;<\/strong>4 a\u00f1os<\/p>\n\n\n\n<p><a href=\"https:\/\/cmbsas-caba.infd.edu.ar\/sitio\/ingresantes\/ingresantes-nivel-medio-trayecto-artistico-profesional\/\">Ingreso a Nivel Medio<\/a><\/p>\n\n\n\n<p><a href=\"https:\/\/cmbsas-caba.infd.edu.ar\/sitio\/oferta-academica\/carreras\/nivel-medio-trayecto-artistico-profesional\/programas-nivel-medio\/\" data-type=\"page\" data-id=\"4474\">Programas de materias<\/a><\/p>\n\n\n\n<h4 class=\"wp-block-heading\">Instrumentos<\/h4>\n\n\n\n<ul>\n<li>Arpa<\/li>\n\n\n\n<li>Saxo<\/li>\n\n\n\n<li>Oboe<\/li>\n\n\n\n<li>Percusi\u00f3n<\/li>\n\n\n\n<li>Flauta Dulce<\/li>\n\n\n\n<li>Flauta Traversa<\/li>\n\n\n\n<li>Guitarra<\/li>\n\n\n\n<li>Contrabajo<\/li>\n\n\n\n<li>Fagot<\/li>\n\n\n\n<li>Tromb\u00f3n<\/li>\n\n\n\n<li>Trompa<\/li>\n\n\n\n<li>Trompeta<\/li>\n\n\n\n<li>Viola<\/li>\n\n\n\n<li>Viol\u00edn<\/li>\n\n\n\n<li>Violoncello<\/li>\n\n\n\n<li>Bandone\u00f3n<\/li>\n\n\n\n<li>Clarinete<\/li>\n\n\n\n<li>Piano<\/li>\n<\/ul>\n\n\n\n<h4 class=\"wp-block-heading\">Materias<\/h4>\n\n\n\n<h5 class=\"wp-block-heading\">Primer a\u00f1o<\/h5>\n\n\n\n<ul>\n<li>Instrumento I<\/li>\n\n\n\n<li>Teor\u00eda y Pr\u00e1ctica de la M\u00fasica I<\/li>\n\n\n\n<li>Apreciaci\u00f3n Musical I<\/li>\n\n\n\n<li>Pr\u00e1ctica Coral I<\/li>\n\n\n\n<li>Instrumento Complementario I<\/li>\n<\/ul>\n\n\n\n<h5 class=\"wp-block-heading\">Segundo a\u00f1o<\/h5>\n\n\n\n<ul>\n<li>Instrumento II<\/li>\n\n\n\n<li>Teor\u00eda y Pr\u00e1ctica de la M\u00fasica II<\/li>\n\n\n\n<li>Apreciaci\u00f3n Musical II<\/li>\n\n\n\n<li>Pr\u00e1ctica Coral II<\/li>\n\n\n\n<li>Instrumento Complementario II<\/li>\n\n\n\n<li>Computaci\u00f3n Aplicada a la M\u00fasica I<\/li>\n<\/ul>\n\n\n\n<h5 class=\"wp-block-heading\">Tercer a\u00f1o<\/h5>\n\n\n\n<ul>\n<li>Instrumento III<\/li>\n\n\n\n<li>Teor\u00eda y Pr\u00e1ctica de la M\u00fasica III<\/li>\n\n\n\n<li>Apreciaci\u00f3n Musical III<\/li>\n\n\n\n<li>Pr\u00e1ctica Coral III<\/li>\n\n\n\n<li>Instrumento Complementario III<\/li>\n\n\n\n<li>Computaci\u00f3n Aplicada a la M\u00fasica II<\/li>\n\n\n\n<li>Historia General de la M\u00fasica I<\/li>\n<\/ul>\n\n\n\n<h5 class=\"wp-block-heading\">Cuarto a\u00f1o<\/h5>\n\n\n\n<ul>\n<li>Instrumento IV<\/li>\n\n\n\n<li>Teor\u00eda y Pr\u00e1ctica de la M\u00fasica IV<\/li>\n\n\n\n<li>Apreciaci\u00f3n Musical IV<\/li>\n\n\n\n<li>Pr\u00e1ctica Coral e Introducci\u00f3n a la Direcci\u00f3n<\/li>\n\n\n\n<li>Computaci\u00f3n Aplicada a la M\u00fasica III<\/li>\n\n\n\n<li>M\u00fasica de C\u00e1mara<\/li>\n\n\n\n<li>Historia General de la M\u00fasica II<\/li>\n<\/ul>\n\n\n\n<h4 class=\"wp-block-heading\">Requisitos de ingreso<\/h4>\n\n\n\n<p>Para cursar el primer A\u00f1o del Nivel Medio debe estar cursando como m\u00ednimo primer a\u00f1o de la escuela secundaria.<\/p>\n\n\n\n<hr class=\"wp-block-separator has-alpha-channel-opacity\"\/>\n\n\n\n<p><a href=\"https:\/\/cmbsas-caba.infd.edu.ar\/sitio\/wp-content\/uploads\/2019\/03\/Plan-de-estudios-Piazzolla-Dto.-443-GCABA-02.pdf\">\u25ba Plan de estudios Piazzolla Dto. 443-GCABA-02<\/a><\/p>\n","protected":false},"excerpt":{"rendered":"<p>T\u00edtulo:&nbsp;T\u00e9cnico en M\u00fasica con especialidad en InstrumentoDuraci\u00f3n:&nbsp;4 a\u00f1os Ingreso a Nivel Medio Programas de materias Instrumentos Materias Primer a\u00f1o Segundo a\u00f1o Tercer a\u00f1o Cuarto a\u00f1o Requisitos de ingreso Para cursar el primer A\u00f1o del Nivel Medio debe estar cursando como m\u00ednimo primer a\u00f1o de la escuela secundaria. \u25ba Plan de estudios Piazzolla Dto. 443-GCABA-02<\/p>\n","protected":false},"author":71,"featured_media":0,"parent":1947,"menu_order":0,"comment_status":"closed","ping_status":"closed","template":"","meta":[],"acf":[],"_links":{"self":[{"href":"https:\/\/cmbsas-caba.infd.edu.ar\/sitio\/wp-json\/wp\/v2\/pages\/1511"}],"collection":[{"href":"https:\/\/cmbsas-caba.infd.edu.ar\/sitio\/wp-json\/wp\/v2\/pages"}],"about":[{"href":"https:\/\/cmbsas-caba.infd.edu.ar\/sitio\/wp-json\/wp\/v2\/types\/page"}],"author":[{"embeddable":true,"href":"https:\/\/cmbsas-caba.infd.edu.ar\/sitio\/wp-json\/wp\/v2\/users\/71"}],"replies":[{"embeddable":true,"href":"https:\/\/cmbsas-caba.infd.edu.ar\/sitio\/wp-json\/wp\/v2\/comments?post=1511"}],"version-history":[{"count":20,"href":"https:\/\/cmbsas-caba.infd.edu.ar\/sitio\/wp-json\/wp\/v2\/pages\/1511\/revisions"}],"predecessor-version":[{"id":5818,"href":"https:\/\/cmbsas-caba.infd.edu.ar\/sitio\/wp-json\/wp\/v2\/pages\/1511\/revisions\/5818"}],"up":[{"embeddable":true,"href":"https:\/\/cmbsas-caba.infd.edu.ar\/sitio\/wp-json\/wp\/v2\/pages\/1947"}],"wp:attachment":[{"href":"https:\/\/cmbsas-caba.infd.edu.ar\/sitio\/wp-json\/wp\/v2\/media?parent=1511"}],"curies":[{"name":"wp","href":"https:\/\/api.w.org\/{rel}","templated":true}]}}