{"id":1529,"date":"2018-08-29T14:15:30","date_gmt":"2018-08-29T17:15:30","guid":{"rendered":"https:\/\/cmbsas-caba.infd.edu.ar\/sitio\/especializacion-superior-en-ensenanza-de-la-musica-para-la-educacion-especial\/"},"modified":"2026-03-06T11:39:44","modified_gmt":"2026-03-06T14:39:44","slug":"especializacion-superior-en-ensenanza-de-la-musica-para-la-educacion-especial","status":"publish","type":"page","link":"https:\/\/cmbsas-caba.infd.edu.ar\/sitio\/oferta-academica\/carreras\/postitulo\/especializacion-superior-en-ensenanza-de-la-musica-para-la-educacion-especial\/","title":{"rendered":"Especializaci\u00f3n Docente de Nivel Superior en Educaci\u00f3n Musical Inclusiva y Discapacidad"},"content":{"rendered":"\n<h2 class=\"wp-block-heading has-large-font-size\"><strong>T\u00edtulo que otorga<\/strong><\/h2>\n\n\n\n<p>Especialista Docente de Nivel Superior en Educaci\u00f3n Musical Inclusiva y Discapacidad<\/p>\n\n\n\n<p>La Especializaci\u00f3n Docente de Nivel Superior en Educaci\u00f3n Musical Inclusiva y Discapacidad busca aportar herramientas y conocimientos did\u00e1ctico-musicales desde una perspectiva de la educaci\u00f3n inclusiva que permita a los docentes en sus pr\u00e1cticas profesionales promover procesos de aprendizaje musical en todas las personas con o sin discapacidad que precisan ajustes razonables en el proceso de aprendizaje en los diferentes niveles y modalidades educativas seg\u00fan las posibilidades de cada persona. (Resol. N\u00b0117-CFE\/2010, Ley Nacional de Educaci\u00f3n 26.206, Convenci\u00f3n Internacional de los Derechos de las Personas con Discapacidad).<\/p>\n\n\n\n<p class=\"has-medium-font-size\"><strong>Carga horaria<\/strong><\/p>\n\n\n\n<p>El post\u00edtulo tiene una duraci\u00f3n total de 768 HC equivalentes a 512 HR bajo la opci\u00f3n pedag\u00f3gica presencial.<\/p>\n\n\n\n<p class=\"has-medium-font-size\"><strong>Opci\u00f3n pedag\u00f3gica<\/strong><\/p>\n\n\n\n<p>El 100% de las actividades son con presencialidad f\u00edsica.<\/p>\n\n\n\n<p class=\"has-medium-font-size\"><strong>Destinatarios\/as<\/strong><\/p>\n\n\n\n<p>Aqu\u00ed ten\u00e9s el texto con el formato corregido, eliminando los cortes de l\u00ednea innecesarios y organizando la informaci\u00f3n para que sea m\u00e1s legible:<\/p>\n\n\n\n<p>Docentes de m\u00fasica de todos los niveles y modalidades que contempla el Sistema Educativo, tanto en la educaci\u00f3n formal como no formal, que deseen especializarse en la ense\u00f1anza de la m\u00fasica para personas con o sin discapacidad que precisan ajustes razonables en el proceso de aprendizaje.<\/p>\n\n\n\n<h3 class=\"wp-block-heading has-medium-font-size\">Criterios de asignaci\u00f3n de vacantes:<\/h3>\n\n\n\n<ul>\n<li><strong>Docentes de m\u00fasica con titulaci\u00f3n<\/strong> de maestro o profesor de m\u00fasica o educaci\u00f3n musical en todas las orientaciones que se encuentren en ejercicio en cualquier nivel o modalidad del Sistema Educativo, en la educaci\u00f3n formal o no formal.<\/li>\n\n\n\n<li><strong>Docentes de m\u00fasica con t\u00edtulo habilitante<\/strong> que se encuentren en ejercicio en cualquier nivel o modalidad del Sistema Educativo, en la educaci\u00f3n formal o no formal.<\/li>\n\n\n\n<li><strong>Docentes de m\u00fasica con titulaciones afines<\/strong> que se encuentren en ejercicio en cualquier nivel o modalidad del Sistema Educativo, en la educaci\u00f3n formal o no formal.<\/li>\n\n\n\n<li><strong>Docentes de m\u00fasica con titulaci\u00f3n<\/strong> que no se encuentren en ejercicio.<\/li>\n<\/ul>\n\n\n\n<h4 class=\"wp-block-heading\">Objetivos del Post\u00edtulo<\/h4>\n\n\n\n<ul>\n<li>Actualizar conocimientos a partir de los \u00faltimos avances cient\u00edficos en el \u00e1mbito de la pr\u00e1ctica de la ense\u00f1anza musical inclusiva<\/li>\n\n\n\n<li>Profundizar conocimientos a partir de los \u00faltimos marcos normativos y enfoques sobre educaci\u00f3n inclusiva<\/li>\n\n\n\n<li>Ampliar las capacidades pedag\u00f3gico musicales para el dise\u00f1o, la implementaci\u00f3n y la evaluaci\u00f3n de proyectos educativo\u2013musicales en todos los niveles y modalidades educativas, en el \u00e1mbito de la educaci\u00f3n formal y no formal que contemplen las diversas necesidades de toda su poblaci\u00f3n<\/li>\n\n\n\n<li>Especializar las competencias did\u00e1ctico\u2013musicales para la docencia musical en presencia de poblaci\u00f3n con o sin discapacidad, con necesidad de apoyos y en la diversidad<\/li>\n\n\n\n<li>Analizar, evaluar y reflexionar sobre el modo en que las propias pr\u00e1cticas atienden a las caracter\u00edsticas diversas de los estudiantes<\/li>\n<\/ul>\n\n\n\n<h4 class=\"wp-block-heading\">R\u00e9gimen acad\u00e9mico<\/h4>\n\n\n\n<ul>\n<li>Carga horaria total: 512 HR \/ 768 HC \/ 2 a\u00f1os de cursado<\/li>\n\n\n\n<li>Frecuencia de cursada: semanal \/ 2 HR \/ 3 HC cada espacio curricular. La instancia \u201cImplementaci\u00f3n y evaluaci\u00f3n del Proyecto educativo\u201d que demanda 2 HR \/ 3 HC de cursada semanal m\u00e1s la carga horaria en la Instituci\u00f3n Asociada (2 HR \/ 3 HC)<\/li>\n\n\n\n<li>Organizaci\u00f3n temporal: cuatrimestral<\/li>\n<\/ul>\n\n\n\n<h4 class=\"wp-block-heading\">Requisitos de admisi\u00f3n<\/h4>\n\n\n\n<p>Criterio de admisi\u00f3n y requisitos de Ingreso:<\/p>\n\n\n\n<ul>\n<li>Los aspirantes a ingresar a la Especializaci\u00f3n Docente de Nivel Superior en Educaci\u00f3n Musical Inclusiva y Discapacidad deber\u00e1n cumplir con alguno de los siguientes requisitos:<\/li>\n\n\n\n<li>T\u00edtulo docente de formaci\u00f3n inicial en M\u00fasica o Educaci\u00f3n Musical en todas las orientaciones<\/li>\n\n\n\n<li>T\u00edtulo de Licenciado en M\u00fasica, en Artes Musicales o a t\u00edtulos afines<\/li>\n\n\n\n<li>T\u00edtulo de Musicoterapeuta<\/li>\n\n\n\n<li>En caso de estudiantes extranjeros deber\u00e1n acreditar t\u00edtulo de profesor de m\u00fasica legalizado y convalidado por las autoridades pertinentes de nuestro pa\u00eds, de acuerdo a la normativa vigente<\/li>\n\n\n\n<li>En casos excepcionales de postulantes que se encuentren fuera de los t\u00e9rminos precedentes, podr\u00e1n ser admitidos siempre que demuestren, a trav\u00e9s de las evaluaciones y los requisitos que la instituci\u00f3n establezca de acuerdo a la normativa vigente.<\/li>\n<\/ul>\n\n\n\n<h4 class=\"wp-block-heading\"><strong>Cronograma de cursada<\/strong><\/h4>\n\n\n\n<style>\n        body {\n            font-family: 'Inter', sans-serif;\n        }\n        .table-shadow {\n            box-shadow: 0 4px 6px -1px rgba(0, 0, 0, 0.1), 0 2px 4px -1px rgba(0, 0, 0, 0.06);\n        }\n    <\/style>\n    <div class=\"max-w-6xl mx-auto\">\n        <!-- Encabezado -->\n        <header class=\"mb-8 text-center md:text-left\">\n            <p class=\"text-slate-600 text-lg\">Estructura Curricular<\/p>\n            <div class=\"h-1 w-20 bg-blue-600 rounded mt-4 mx-auto md:mx-0\"><\/div>\n        <\/header>\n\n        <!-- PRIMER A\u00d1O -->\n        <section class=\"mb-12\">\n            <div class=\"flex items-center justify-between mb-4 bg-blue-800 text-white px-6 py-3 rounded-t-lg\">\n                <h2 class=\"text-xl font-semibold\">1\u00ba A\u00f1o<\/h2>\n                <span class=\"text-sm bg-blue-700 px-3 py-1 rounded-full border border-blue-500\"><\/span>\n            <\/div>\n            \n            <div class=\"bg-white rounded-b-lg table-shadow overflow-x-auto\">\n                <table class=\"w-full text-left border-collapse\">\n                    <thead>\n                        <tr class=\"bg-slate-100 text-slate-700 text-sm uppercase tracking-wider border-b-2 border-slate-200\">\n                            <th class=\"px-6 py-4 font-semibold text-center\">A\u00f1o<\/th>\n                            <th class=\"px-6 py-4 font-semibold text-center\">Cuatrimestre<\/th>\n                            <th class=\"px-6 py-4 font-semibold text-center\">Carga horaria semanal<\/th>\n                            <th class=\"px-6 py-4 font-semibold\">Unidad Curricular<\/th>\n                        <\/tr>\n                    <\/thead>\n                    <tbody class=\"text-slate-700\">\n                        <!-- 1\u00b0 A\u00f1o - 1\u00b0 Cuatrimestre -->\n                        <tr class=\"border-b border-slate-100 hover:bg-blue-50 transition-colors\">\n                            <td class=\"px-6 py-4 font-medium text-slate-900 text-center\">1\u00b0<\/td>\n                            <td class=\"px-6 py-4 text-center\"><span class=\"bg-emerald-100 text-emerald-800 text-xs px-2 py-1 rounded font-medium\">1\u00b0<\/span><\/td>\n                            <td class=\"px-6 py-4 text-center font-semibold text-slate-800\">3 hs\/c<\/td>\n                            <td class=\"px-6 py-4 font-medium text-slate-900\">M\u00fasica, Lenguaje y Neurociencias<\/td>\n                        <\/tr>\n                        <tr class=\"border-b border-slate-100 hover:bg-blue-50 transition-colors bg-slate-50\">\n                            <td class=\"px-6 py-4 font-medium text-slate-900 text-center\">1\u00b0<\/td>\n                            <td class=\"px-6 py-4 text-center\"><span class=\"bg-emerald-100 text-emerald-800 text-xs px-2 py-1 rounded font-medium\">1\u00b0<\/span><\/td>\n                            <td class=\"px-6 py-4 text-center font-semibold text-slate-800\">3 hs\/c<\/td>\n                            <td class=\"px-6 py-4 font-medium text-slate-900\">Fundamentos de la Educaci\u00f3n Inclusiva<\/td>\n                        <\/tr>\n                        <tr class=\"border-b border-slate-100 hover:bg-blue-50 transition-colors\">\n                            <td class=\"px-6 py-4 font-medium text-slate-900 text-center\">1\u00b0<\/td>\n                            <td class=\"px-6 py-4 text-center\"><span class=\"bg-emerald-100 text-emerald-800 text-xs px-2 py-1 rounded font-medium\">1\u00b0<\/span><\/td>\n                            <td class=\"px-6 py-4 text-center font-semibold text-slate-800\">3 hs\/c<\/td>\n                            <td class=\"px-6 py-4 font-medium text-slate-900\">Educaci\u00f3n Musical en la Diversidad<\/td>\n                        <\/tr>\n                        <tr class=\"border-b border-slate-100 hover:bg-blue-50 transition-colors bg-slate-50\">\n                            <td class=\"px-6 py-4 font-medium text-slate-900 text-center\">1\u00b0<\/td>\n                            <td class=\"px-6 py-4 text-center\"><span class=\"bg-emerald-100 text-emerald-800 text-xs px-2 py-1 rounded font-medium\">1\u00b0<\/span><\/td>\n                            <td class=\"px-6 py-4 text-center font-semibold text-slate-800\">3 hs\/c<\/td>\n                            <td class=\"px-6 py-4 font-medium text-slate-900\">Sociedad, Diversidad y Discapacidad<\/td>\n                        <\/tr>\n                        <!-- 1\u00b0 A\u00f1o - 2\u00b0 Cuatrimestre -->\n                        <tr class=\"border-b border-slate-100 hover:bg-blue-50 transition-colors\">\n                            <td class=\"px-6 py-4 font-medium text-slate-900 text-center\">1\u00b0<\/td>\n                            <td class=\"px-6 py-4 text-center\"><span class=\"bg-amber-100 text-amber-800 text-xs px-2 py-1 rounded font-medium\">2\u00b0<\/span><\/td>\n                            <td class=\"px-6 py-4 text-center font-semibold text-slate-800\">3 hs\/c<\/td>\n                            <td class=\"px-6 py-4 font-medium text-slate-900\">Sonido, Gesto y Movimiento<\/td>\n                        <\/tr>\n                        <tr class=\"border-b border-slate-100 hover:bg-blue-50 transition-colors bg-slate-50\">\n                            <td class=\"px-6 py-4 font-medium text-slate-900 text-center\">1\u00b0<\/td>\n                            <td class=\"px-6 py-4 text-center\"><span class=\"bg-amber-100 text-amber-800 text-xs px-2 py-1 rounded font-medium\">2\u00b0<\/span><\/td>\n                            <td class=\"px-6 py-4 text-center font-semibold text-slate-800\">3 hs\/c<\/td>\n                            <td class=\"px-6 py-4 font-medium text-slate-900\">Perspectivas de la Educaci\u00f3n Especial<\/td>\n                        <\/tr>\n                        <tr class=\"border-b border-slate-100 hover:bg-blue-50 transition-colors\">\n                            <td class=\"px-6 py-4 font-medium text-slate-900 text-center\">1\u00b0<\/td>\n                            <td class=\"px-6 py-4 text-center\"><span class=\"bg-amber-100 text-amber-800 text-xs px-2 py-1 rounded font-medium\">2\u00b0<\/span><\/td>\n                            <td class=\"px-6 py-4 text-center font-semibold text-slate-800\">3 hs\/c<\/td>\n                            <td class=\"px-6 py-4 font-medium text-slate-900\">M\u00fasica en la Educaci\u00f3n Especial<\/td>\n                        <\/tr>\n                        <tr class=\"border-b border-slate-100 hover:bg-blue-50 transition-colors bg-slate-50\">\n                            <td class=\"px-6 py-4 font-medium text-slate-900 text-center\">1\u00b0<\/td>\n                            <td class=\"px-6 py-4 text-center\"><span class=\"bg-amber-100 text-amber-800 text-xs px-2 py-1 rounded font-medium\">2\u00b0<\/span><\/td>\n                            <td class=\"px-6 py-4 text-center font-semibold text-slate-800\">3 hs\/c<\/td>\n                            <td class=\"px-6 py-4 font-medium text-slate-900\">Perspectivas en Discapacidad y Derechos<\/td>\n                        <\/tr>\n                    <\/tbody>\n                <\/table>\n            <\/div>\n        <\/section>\n\n        <!-- SEGUNDO A\u00d1O -->\n        <section class=\"mb-8\">\n            <div class=\"flex items-center justify-between mb-4 bg-indigo-800 text-white px-6 py-3 rounded-t-lg\">\n                <h2 class=\"text-xl font-semibold\">2\u00ba A\u00f1o<\/h2>\n                <span class=\"text-sm bg-indigo-700 px-3 py-1 rounded-full border border-indigo-500\"><\/span>\n            <\/div>\n            \n            <div class=\"bg-white rounded-b-lg table-shadow overflow-x-auto\">\n                <table class=\"w-full text-left border-collapse\">\n                    <thead>\n                        <tr class=\"bg-slate-100 text-slate-700 text-sm uppercase tracking-wider border-b-2 border-slate-200\">\n                            <th class=\"px-6 py-4 font-semibold text-center\">A\u00f1o<\/th>\n                            <th class=\"px-6 py-4 font-semibold text-center\">Cuatrimestre<\/th>\n                            <th class=\"px-6 py-4 font-semibold text-center\">Carga horaria semanal<\/th>\n                            <th class=\"px-6 py-4 font-semibold\">Unidad Curricular<\/th>\n                        <\/tr>\n                    <\/thead>\n                    <tbody class=\"text-slate-700\">\n                        <!-- 2\u00b0 A\u00f1o - 1\u00b0 Cuatrimestre -->\n                        <tr class=\"border-b border-slate-100 hover:bg-indigo-50 transition-colors\">\n                            <td class=\"px-6 py-4 font-medium text-slate-900 text-center\">2\u00b0<\/td>\n                            <td class=\"px-6 py-4 text-center\"><span class=\"bg-emerald-100 text-emerald-800 text-xs px-2 py-1 rounded font-medium\">1\u00b0<\/span><\/td>\n                            <td class=\"px-6 py-4 text-center font-semibold text-slate-800\">3 hs\/c<\/td>\n                            <td class=\"px-6 py-4 font-medium text-slate-900\">Dise\u00f1o del Proyecto Pedag\u00f3gico<\/td>\n                        <\/tr>\n                        <tr class=\"border-b border-slate-100 hover:bg-indigo-50 transition-colors bg-slate-50\">\n                            <td class=\"px-6 py-4 font-medium text-slate-900 text-center\">2\u00b0<\/td>\n                            <td class=\"px-6 py-4 text-center\"><span class=\"bg-emerald-100 text-emerald-800 text-xs px-2 py-1 rounded font-medium\">1\u00b0<\/span><\/td>\n                            <td class=\"px-6 py-4 text-center font-semibold text-slate-800\">3 hs\/c<\/td>\n                            <td class=\"px-6 py-4 font-medium text-slate-900\">Abordajes Did\u00e1ctico-Musicales para Personas con Discapacidad Motora y Trastornos del Desarrollo<\/td>\n                        <\/tr>\n                        <tr class=\"border-b border-slate-100 hover:bg-indigo-50 transition-colors\">\n                            <td class=\"px-6 py-4 font-medium text-slate-900 text-center\">2\u00b0<\/td>\n                            <td class=\"px-6 py-4 text-center\"><span class=\"bg-emerald-100 text-emerald-800 text-xs px-2 py-1 rounded font-medium\">1\u00b0<\/span><\/td>\n                            <td class=\"px-6 py-4 text-center font-semibold text-slate-800\">3 hs\/c<\/td>\n                            <td class=\"px-6 py-4 font-medium text-slate-900\">Abordajes Did\u00e1ctico-Musicales para Personas con Discapacidad Visual<\/td>\n                        <\/tr>\n                        <tr class=\"border-b border-slate-100 hover:bg-indigo-50 transition-colors bg-slate-50\">\n                            <td class=\"px-6 py-4 font-medium text-slate-900 text-center\">2\u00b0<\/td>\n                            <td class=\"px-6 py-4 text-center\"><span class=\"bg-emerald-100 text-emerald-800 text-xs px-2 py-1 rounded font-medium\">1\u00b0<\/span><\/td>\n                            <td class=\"px-6 py-4 text-center font-semibold text-slate-800\">3 hs\/c<\/td>\n                            <td class=\"px-6 py-4 font-medium text-slate-900\">Abordajes Did\u00e1ctico-Musicales para Personas con Trastornos Emocionales y del Espectro Autista<\/td>\n                        <\/tr>\n                        <tr class=\"border-b border-slate-100 hover:bg-indigo-50 transition-colors\">\n                            <td class=\"px-6 py-4 font-medium text-slate-900 text-center\">2\u00b0<\/td>\n                            <td class=\"px-6 py-4 text-center\"><span class=\"bg-emerald-100 text-emerald-800 text-xs px-2 py-1 rounded font-medium\">1\u00b0<\/span><\/td>\n                            <td class=\"px-6 py-4 text-center font-semibold text-slate-800\">3 hs\/c<\/td>\n                            <td class=\"px-6 py-4 font-medium text-slate-900\">Abordajes Did\u00e1ctico-Musicales para Personas con Discapacidad Auditiva y Problemas del Lenguaje<\/td>\n                        <\/tr>\n                        <!-- 2\u00b0 A\u00f1o - 2\u00b0 Cuatrimestre -->\n                        <tr class=\"border-b border-slate-100 hover:bg-indigo-50 transition-colors bg-slate-50\">\n                            <td class=\"px-6 py-4 font-medium text-slate-900 text-center\">2\u00b0<\/td>\n                            <td class=\"px-6 py-4 text-center\"><span class=\"bg-amber-100 text-amber-800 text-xs px-2 py-1 rounded font-medium\">2\u00b0<\/span><\/td>\n                            <td class=\"px-6 py-4 text-center font-semibold text-slate-800\">3 hs\/c<\/td>\n                            <td class=\"px-6 py-4 font-medium text-slate-900\">Improvisaci\u00f3n e Inclusi\u00f3n<\/td>\n                        <\/tr>\n                        <tr class=\"border-b border-slate-100 hover:bg-indigo-50 transition-colors\">\n                            <td class=\"px-6 py-4 font-medium text-slate-900 text-center\">2\u00b0<\/td>\n                            <td class=\"px-6 py-4 text-center\"><span class=\"bg-amber-100 text-amber-800 text-xs px-2 py-1 rounded font-medium\">2\u00b0<\/span><\/td>\n                            <td class=\"px-6 py-4 text-center font-semibold text-slate-800\">3 hs\/c<\/td>\n                            <td class=\"px-6 py-4 font-medium text-slate-900\">Implementaci\u00f3n del Proyecto Pedag\u00f3gico<\/td>\n                        <\/tr>\n                    <\/tbody>\n                <\/table>\n            <\/div>\n        <\/section>          \n    <\/div>\n\n\n\n<h4 class=\"wp-block-heading\"><strong>\u00bfC\u00f3mo inscribirse?<\/strong><\/h4>\n\n\n\n<p>Enviar la fotocopia o escaneo del t\u00edtulo (legible, ambas caras) a&nbsp;academica_piazzolla@buenosaires.gob.ar , la&nbsp;secretar\u00eda le contactar\u00e1 e indicar\u00e1 los pasos a seguir.<\/p>\n\n\n\n<p><strong>Apertura de legajo<\/strong><\/p>\n\n\n\n<p>Ingresar al Conservatorio es necesario realizar la&nbsp;<strong>apertura de un legajo<\/strong>&nbsp;en nuestra instituci\u00f3n, esto podr\u00e1s realizarlo mediante nuestra nueva&nbsp;<strong>Plataforma de Gesti\u00f3n<\/strong>. Una vez realizado esto podr\u00e1s continuar con la inscripci\u00f3n a la Carreras.<\/p>\n\n\n\n<p><a href=\"https:\/\/conservatoriopiazzolla.ar\/cgi-bin\/registracion.pl\">\u25ba Formulario de apertura de legajo<\/a><\/p>\n\n\n\n<p>Una vez completado el formulario podr\u00e1s continuar con la&nbsp;<strong>carga de documentaci\u00f3n personal<\/strong>, paso previo a la inscripci\u00f3n al post\u00edtulo.<\/p>\n\n\n\n<h4 class=\"wp-block-heading\"><strong>Documentaci\u00f3n necesaria<\/strong><\/h4>\n\n\n\n<ul>\n<li>DNI \/ Pasaporte (frente y dorso)<\/li>\n\n\n\n<li>Partida de Nacimiento<\/li>\n\n\n\n<li>T\u00edtulo de Grado. Los t\u00edtulos de pa\u00edses extranjeros deber\u00e1n estar convalidados, conoc\u00e9 acerca del tr\u00e1mite de convalidaci\u00f3n en el siguiente&nbsp;<a href=\"https:\/\/www.argentina.gob.ar\/educacion\/tramites\/convalidaciones-universitarias-extranjeros\"><em>link<\/em><\/a><\/li>\n\n\n\n<li>Autorizaci\u00f3n para la publicaci\u00f3n de im\u00e1genes<\/li>\n<\/ul>\n\n\n\n<p>PARA M\u00c1S INFORMACI\u00d3N SOBRE EL POST\u00cdTULO CONSULTAR PDF COMPLETO&nbsp;<a rel=\"noreferrer noopener\" href=\"https:\/\/cmbsas-caba.infd.edu.ar\/sitio\/wp-content\/uploads\/2026\/03\/FORMULARIO-DE-PRESENTACION-POSTITULO-FORMACION-DOCENTE-6-6-2025.pdf\" target=\"_blank\"><strong>AQU\u00cd<\/strong><\/a><\/p>\n","protected":false},"excerpt":{"rendered":"<p>T\u00edtulo que otorga Especialista Docente de Nivel Superior en Educaci\u00f3n Musical Inclusiva y Discapacidad La Especializaci\u00f3n Docente de Nivel Superior en Educaci\u00f3n Musical Inclusiva y Discapacidad busca aportar herramientas y conocimientos did\u00e1ctico-musicales desde una perspectiva de la educaci\u00f3n inclusiva que permita a los docentes en sus pr\u00e1cticas profesionales promover procesos de aprendizaje musical en todas &#8230; <a title=\"Especializaci\u00f3n Docente de Nivel Superior en Educaci\u00f3n Musical Inclusiva y Discapacidad\" class=\"read-more\" href=\"https:\/\/cmbsas-caba.infd.edu.ar\/sitio\/oferta-academica\/carreras\/postitulo\/especializacion-superior-en-ensenanza-de-la-musica-para-la-educacion-especial\/\" aria-label=\"More on Especializaci\u00f3n Docente de Nivel Superior en Educaci\u00f3n Musical Inclusiva y Discapacidad\">[+]<\/a><\/p>\n","protected":false},"author":71,"featured_media":0,"parent":1816,"menu_order":0,"comment_status":"closed","ping_status":"closed","template":"","meta":[],"acf":[],"_links":{"self":[{"href":"https:\/\/cmbsas-caba.infd.edu.ar\/sitio\/wp-json\/wp\/v2\/pages\/1529"}],"collection":[{"href":"https:\/\/cmbsas-caba.infd.edu.ar\/sitio\/wp-json\/wp\/v2\/pages"}],"about":[{"href":"https:\/\/cmbsas-caba.infd.edu.ar\/sitio\/wp-json\/wp\/v2\/types\/page"}],"author":[{"embeddable":true,"href":"https:\/\/cmbsas-caba.infd.edu.ar\/sitio\/wp-json\/wp\/v2\/users\/71"}],"replies":[{"embeddable":true,"href":"https:\/\/cmbsas-caba.infd.edu.ar\/sitio\/wp-json\/wp\/v2\/comments?post=1529"}],"version-history":[{"count":30,"href":"https:\/\/cmbsas-caba.infd.edu.ar\/sitio\/wp-json\/wp\/v2\/pages\/1529\/revisions"}],"predecessor-version":[{"id":8499,"href":"https:\/\/cmbsas-caba.infd.edu.ar\/sitio\/wp-json\/wp\/v2\/pages\/1529\/revisions\/8499"}],"up":[{"embeddable":true,"href":"https:\/\/cmbsas-caba.infd.edu.ar\/sitio\/wp-json\/wp\/v2\/pages\/1816"}],"wp:attachment":[{"href":"https:\/\/cmbsas-caba.infd.edu.ar\/sitio\/wp-json\/wp\/v2\/media?parent=1529"}],"curies":[{"name":"wp","href":"https:\/\/api.w.org\/{rel}","templated":true}]}}