{"id":1554,"date":"2018-08-29T14:15:41","date_gmt":"2018-08-29T17:15:41","guid":{"rendered":"https:\/\/cmbsas-caba.infd.edu.ar\/sitio\/solicitud-de-equivalencias-2\/"},"modified":"2025-10-01T16:07:00","modified_gmt":"2025-10-01T19:07:00","slug":"solicitud-de-equivalencias-2","status":"publish","type":"page","link":"https:\/\/cmbsas-caba.infd.edu.ar\/sitio\/estudiantes\/tramites\/solicitud-de-equivalencias-2\/","title":{"rendered":"Solicitud de Equivalencias"},"content":{"rendered":"\n<p>En octubre de 2025 comienza per\u00edodo recepci\u00f3n solicitud equivalencias \u2013 Ciclo lectivo 2026. <br>Debes solicitarlas a trav\u00e9s del siguiente\u00a0<strong><a rel=\"noreferrer noopener\" href=\"https:\/\/conservatoriopiazzolla.ar\/\" data-type=\"URL\" data-id=\"https:\/\/conservatoriopiazzolla.ar\/\" target=\"_blank\">FORMULARIO<\/a><\/strong>.<\/p>\n\n\n\n<h4 class=\"wp-block-heading\"><div>Documentaci\u00f3n necesaria<\/div><\/h4>\n\n\n\n<p><div><ul><li>Certificado anal\u00edtico legalizado de materias aprobadas en instituciones oficiales<\/li> <li>Programas de cada una de las materias autenticadas por una autoridad de dichas instituciones<\/li><\/ul><\/div><\/p>\n\n\n\n<p>En caso de ser estudiante a\u00fan NO matriculado, la documentaci\u00f3n requerida la podr\u00e1s encontrar <a href=\"https:\/\/cmbsas-caba.infd.edu.ar\/sitio\/solicitud-de-equivalencias-2\/index.cgi?wid_item=91&amp;wid_seccion=32\">AQUI<\/a>.<br>Para mayor informaci\u00f3n, contactar a:&nbsp; <a rel=\"noreferrer noopener\" href=\"mailto:equivalencias_piazzolla@buenosaires.gob.ar\" target=\"_blank\">equivalencias_piazzolla@buenosaires.gob.ar<\/a><\/p>\n","protected":false},"excerpt":{"rendered":"<p>En octubre de 2025 comienza per\u00edodo recepci\u00f3n solicitud equivalencias \u2013 Ciclo lectivo 2026. Debes solicitarlas a trav\u00e9s del siguiente\u00a0FORMULARIO. Documentaci\u00f3n necesaria Certificado anal\u00edtico legalizado de materias aprobadas en instituciones oficiales Programas de cada una de las materias autenticadas por una autoridad de dichas instituciones En caso de ser estudiante a\u00fan NO matriculado, la documentaci\u00f3n requerida &#8230; <a title=\"Solicitud de Equivalencias\" class=\"read-more\" href=\"https:\/\/cmbsas-caba.infd.edu.ar\/sitio\/estudiantes\/tramites\/solicitud-de-equivalencias-2\/\" aria-label=\"More on Solicitud de Equivalencias\">[+]<\/a><\/p>\n","protected":false},"author":71,"featured_media":0,"parent":3669,"menu_order":0,"comment_status":"closed","ping_status":"closed","template":"","meta":[],"acf":[],"_links":{"self":[{"href":"https:\/\/cmbsas-caba.infd.edu.ar\/sitio\/wp-json\/wp\/v2\/pages\/1554"}],"collection":[{"href":"https:\/\/cmbsas-caba.infd.edu.ar\/sitio\/wp-json\/wp\/v2\/pages"}],"about":[{"href":"https:\/\/cmbsas-caba.infd.edu.ar\/sitio\/wp-json\/wp\/v2\/types\/page"}],"author":[{"embeddable":true,"href":"https:\/\/cmbsas-caba.infd.edu.ar\/sitio\/wp-json\/wp\/v2\/users\/71"}],"replies":[{"embeddable":true,"href":"https:\/\/cmbsas-caba.infd.edu.ar\/sitio\/wp-json\/wp\/v2\/comments?post=1554"}],"version-history":[{"count":12,"href":"https:\/\/cmbsas-caba.infd.edu.ar\/sitio\/wp-json\/wp\/v2\/pages\/1554\/revisions"}],"predecessor-version":[{"id":8062,"href":"https:\/\/cmbsas-caba.infd.edu.ar\/sitio\/wp-json\/wp\/v2\/pages\/1554\/revisions\/8062"}],"up":[{"embeddable":true,"href":"https:\/\/cmbsas-caba.infd.edu.ar\/sitio\/wp-json\/wp\/v2\/pages\/3669"}],"wp:attachment":[{"href":"https:\/\/cmbsas-caba.infd.edu.ar\/sitio\/wp-json\/wp\/v2\/media?parent=1554"}],"curies":[{"name":"wp","href":"https:\/\/api.w.org\/{rel}","templated":true}]}}