{"id":1566,"date":"2018-08-29T14:15:46","date_gmt":"2018-08-29T17:15:46","guid":{"rendered":"https:\/\/cmbsas-caba.infd.edu.ar\/sitio\/nivel-superior-profesorados\/"},"modified":"2024-02-20T20:21:43","modified_gmt":"2024-02-20T23:21:43","slug":"nivel-superior-profesorados","status":"publish","type":"page","link":"https:\/\/cmbsas-caba.infd.edu.ar\/sitio\/oferta-academica\/carreras\/nivel-superior-4\/nivel-superior-profesorados\/","title":{"rendered":"Nivel Superior: Profesorados"},"content":{"rendered":"\n<p><a href=\"https:\/\/cmbsas-caba.infd.edu.ar\/sitio\/ingresantes\/ingresantes-nivel-superior-profesorados-y-tecnicaturas\/\">Ingreso a Nivel Superior<\/a><\/p>\n\n\n\n<h4 class=\"wp-block-heading\"><strong>Planes vigentes a partir del 2015<\/strong><\/h4>\n\n\n\n<h5 class=\"wp-block-heading\">Profesorados de M\u00fasica<\/h5>\n\n\n\n<p><a rel=\"noreferrer noopener\" href=\"https:\/\/cmbsas-caba.infd.edu.ar\/sitio\/wp-content\/uploads\/2019\/04\/Cuadro-Plan-Instrumento-Piano-Bandoneon-Flauta-Dulce-y-Guitarra.pdf\" target=\"_blank\">Educaci\u00f3n Superior en M\u00fasica con Orientaci\u00f3n en Instrumento<\/a><br><a rel=\"noreferrer noopener\" href=\"https:\/\/cmbsas-caba.infd.edu.ar\/sitio\/wp-content\/uploads\/2019\/04\/Cuadro-Plan-Instrumento-Orquesta.pdf\" target=\"_blank\">Educaci\u00f3n Superior en M\u00fasica con Orientaci\u00f3n en Instrumento (Orquesta)<\/a><br><a rel=\"noreferrer noopener\" href=\"https:\/\/cmbsas-caba.infd.edu.ar\/sitio\/wp-content\/uploads\/2019\/04\/Cuadro-Plan-M\u00fasica-de-C\u00e1mara-5-a\u00f1os.pdf\" target=\"_blank\">Educaci\u00f3n Superior de M\u00fasica con Orientaci\u00f3n en M\u00fasica de C\u00e1mara<\/a><br><a rel=\"noreferrer noopener\" href=\"https:\/\/cmbsas-caba.infd.edu.ar\/sitio\/wp-content\/uploads\/2019\/04\/Cuadro-Plan-Composici\u00f3n-con-Medios-Mixtos-5-a\u00f1os.pdf\" target=\"_blank\">Educaci\u00f3n Superior de M\u00fasica con Orientaci\u00f3n en Composici\u00f3n con Medios Mixtos<\/a><br><a rel=\"noreferrer noopener\" href=\"https:\/\/cmbsas-caba.infd.edu.ar\/sitio\/wp-content\/uploads\/2019\/07\/Cuadro-Plan-Producci\u00f3n-Musical-Art\u00edstica-5-a\u00f1os.pdf\" target=\"_blank\">Educaci\u00f3n Superior de M\u00fasica con Orientaci\u00f3n en Producci\u00f3n Musical Art\u00edstica<\/a><\/p>\n\n\n\n<h4 class=\"wp-block-heading\"><strong>Requisitos de ingreso vigentes a partir del ciclo lectivo 2015:<\/strong><\/h4>\n\n\n\n<ol>\n<li>Haber aprobado todas las asignaturas del Ciclo Medio (Trayecto Art\u00edstico Profesional) o un examen de ingreso que acredite sus conocimientos musicales. Este examen comprender\u00e1 las asignaturas: a) Instrumento b) Teor\u00eda y Pr\u00e1ctica de la M\u00fasica c) Pr\u00e1ctica de Conjunto (Pr\u00e1ctica Coral o M\u00fasica de C\u00e1mara) Estos ex\u00e1menes se rendir\u00e1n seg\u00fan lo establecido en el Calendario Acad\u00e9mico. El examen de ingreso a instrumento habilita s\u00f3lo para cursar ese instrumento. Cada instrumento tiene su examen de ingreso correspondiente. Para presentarse al examen de ingreso en calidad de libre, el alumno deber\u00e1 preparar un programa obligatorio para cada asignatura que est\u00e1 a disposici\u00f3n de todos los aspirantes. <strong><a href=\"index.cgi?wid_seccion=26&amp;wid_item=74\">Programas Ingreso a Nivel Superior<\/a><\/strong><\/li>\n\n\n\n<li>Presentar el T\u00edtulo Secundario (o Polimodal), o Certificado de T\u00edtulo en tr\u00e1mite.<\/li>\n<\/ol>\n\n\n\n<p><strong><a title=\"Correlatividades Planes de Estudio 2015\" href=\"upload\/Correlatividades_Planes_2015.pdf\" target=\"_blank\" rel=\"noopener\">R\u00e9gimen de correlatividades<\/a><\/strong>&nbsp;de los planes vigentes a partir del 2015<\/p>\n\n\n\n<h4 class=\"wp-block-heading\"><strong>Plan Curricular Institucional (Planes de Estudio 2015)<\/strong><\/h4>\n\n\n\n<ul>\n<li><span data-mce-mark=\"1\"><span data-mce-mark=\"1\"><a title=\"Produccion Musical Artistica 4\" href=\"upload\/PCI_FD_Produccion_M._Artistica_4_an_os_PIAZZOLLA.pdf\" target=\"_blank\" rel=\"noopener\"><span style=\"text-decoration: underline;\">PCI Producci\u00f3n Musical Art\u00edstica (Plan 4 a\u00f1os)<\/span><\/a><\/span><\/span><\/li>\n\n\n\n<li><span data-mce-mark=\"1\"><span data-mce-mark=\"1\"><a title=\"Produccion Musical Artistica 5\" href=\"upload\/PCI_FD_Produccion_M._Artistica_5_an_os_PIAZZOLLA.pdf\" target=\"_blank\" rel=\"noopener\"><span style=\"text-decoration: underline;\">PCI Producci\u00f3n Musical Art\u00edstica (Plan 5 a\u00f1os)<\/span><\/a><\/span><\/span><\/li>\n\n\n\n<li><span data-mce-mark=\"1\"><span data-mce-mark=\"1\"><a title=\"Composicion con Medios Mixtos 4\" href=\"upload\/PCI_FD_CABA_PIAZZOLLA_COMPOSICION_CON_MEDIOS_MIXTOS_4.pdf\" target=\"_blank\" rel=\"noopener\"><span style=\"text-decoration: underline;\">PCI Composici\u00f3n con Medios Mixtos (Plan 4 a\u00f1os)<\/span><\/a><\/span><\/span><\/li>\n\n\n\n<li><span data-mce-mark=\"1\"><span data-mce-mark=\"1\"><a title=\"Composicion con Medios Mixtos 5\" href=\"upload\/PCI_FD_Composicion_M._Mixtos_5_an_os_PIAZZOLLA.pdf\" target=\"_blank\" rel=\"noopener\"><span style=\"text-decoration: underline;\">PCI Composici\u00f3n con Medios Mixtos (Plan 5 a\u00f1os)<\/span><\/a><\/span><\/span><\/li>\n\n\n\n<li><span data-mce-mark=\"1\"><a title=\"Arpa 4\" href=\"upload\/PCI_FD_CABA_PIAZZOLLA_ARPA_4.pdf\" target=\"_blank\" rel=\"noopener\"><span style=\"text-decoration: underline;\">PCI Instrumento &#8211; Arpa (4 a\u00f1os)<\/span><\/a><\/span><\/li>\n\n\n\n<li><span data-mce-mark=\"1\"><span data-mce-mark=\"1\"><a title=\"Arpa 5\" href=\"upload\/PCI_FD_CABA_PIAZZOLLA_ARPA_5.pdf\" target=\"_blank\" rel=\"noopener\"><span style=\"text-decoration: underline;\">PCI Instrumento &#8211; Arpa (5 a\u00f1os)<\/span><\/a><\/span><\/span><\/li>\n\n\n\n<li><span data-mce-mark=\"1\"><a title=\"Bandoneon 4\" href=\"upload\/PCI_FD_CABA_PIAZZOLLA_BANDONEON_4.pdf\" target=\"_blank\" rel=\"noopener\"><span style=\"text-decoration: underline;\">PCI Instrumento &#8211; Bandone\u00f3n (4 a\u00f1os)<\/span><\/a><\/span><\/li>\n\n\n\n<li><span data-mce-mark=\"1\"><span data-mce-mark=\"1\"><a title=\"Bandoneon 5\" href=\"upload\/PCI_FD_CABA_PIAZZOLLA_BANDONEON_5.pdf\" target=\"_blank\" rel=\"noopener\"><span style=\"text-decoration: underline;\">PCI Instrumento &#8211; Bandone\u00f3n (5 a\u00f1os)<\/span><\/a><\/span><\/span><\/li>\n\n\n\n<li><span data-mce-mark=\"1\"><a title=\"Clarinete 4\" href=\"upload\/PCI_FD_CABA_PIAZZOLLA_CLARINETE_4.pdf\" target=\"_blank\" rel=\"noopener\"><span style=\"text-decoration: underline;\">PCI Instrumento &#8211; Clarinete (4 a\u00f1os)<\/span><\/a><\/span><\/li>\n\n\n\n<li><span data-mce-mark=\"1\"><span data-mce-mark=\"1\"><a title=\"Clarinete 5\" href=\"upload\/PCI_FD_CABA_PIAZZOLLA_CLARINETE_5.pdf\" target=\"_blank\" rel=\"noopener\"><span style=\"text-decoration: underline;\">PCI Instrumento &#8211; Clarinete (5 a\u00f1os)<\/span><\/a><\/span><\/span><\/li>\n\n\n\n<li><span data-mce-mark=\"1\"><a title=\"Contrabajo 4\" href=\"upload\/PCI_FD_CABA_PIAZZOLLA_CONTRABAJO_4.pdf\" target=\"_blank\" rel=\"noopener\"><span style=\"text-decoration: underline;\">PCI Instrumento &#8211; Contrabajo (4 a\u00f1os)<\/span><\/a><\/span><\/li>\n\n\n\n<li><span data-mce-mark=\"1\"><span data-mce-mark=\"1\"><a title=\"Contrabajo 5\" href=\"upload\/PCI_FD_CABA_PIAZZOLLA_CONTRABAJO_5.pdf\" target=\"_blank\" rel=\"noopener\"><span style=\"text-decoration: underline;\">PCI Instrumento &#8211; Contrabajo (5 a\u00f1os)<\/span><\/a><\/span><\/span><\/li>\n\n\n\n<li><span data-mce-mark=\"1\"><a title=\"Fagot 4\" href=\"upload\/PCI_FD_CABA_PIAZZOLLA_FAGOT_4.pdf\" target=\"_blank\" rel=\"noopener\"><span style=\"text-decoration: underline;\">PCI Instrumento &#8211; Fagot (4 a\u00f1os)<\/span><\/a><\/span><\/li>\n\n\n\n<li><span data-mce-mark=\"1\"><span data-mce-mark=\"1\"><a title=\"Fagot 5\" href=\"upload\/PCI_FD_CABA_PIAZZOLLA_FAGOT_5.pdf\" target=\"_blank\" rel=\"noopener\"><span style=\"text-decoration: underline;\">PCI Instrumento &#8211; Fagot (5 a\u00f1os)<\/span><\/a><\/span><\/span><\/li>\n\n\n\n<li><span data-mce-mark=\"1\"><a title=\"Flauta Dulce 4\" href=\"upload\/PCI_FD_CABA_PIAZZOLLA_FLAUTA_DULCE_4.pdf\" target=\"_blank\" rel=\"noopener\"><span style=\"text-decoration: underline;\">PCI Instrumento &#8211; Flauta Dulce (4 a\u00f1os)<\/span><\/a><\/span><\/li>\n\n\n\n<li><span data-mce-mark=\"1\"><span data-mce-mark=\"1\"><a title=\"Flauta Dulce 5\" href=\"upload\/PCI_FD_CABA_PIAZZOLLA_FLAUTA_DULCE_5.pdf\" target=\"_blank\" rel=\"noopener\"><span style=\"text-decoration: underline;\">PCI Instrumento &#8211; Flauta Dulce (5 a\u00f1os)<\/span><\/a><\/span><\/span><\/li>\n\n\n\n<li><span data-mce-mark=\"1\"><a title=\"Flauta Travesera 4\" href=\"upload\/PCI_FD_CABA_PIAZZOLLA_FLAUTA_TRAVESERA_4.pdf\" target=\"_blank\" rel=\"noopener\"><span style=\"text-decoration: underline;\">PCI Instrumento &#8211; Flauta Travesera (4 a\u00f1os)<\/span><\/a><\/span><\/li>\n\n\n\n<li><span data-mce-mark=\"1\"><span data-mce-mark=\"1\"><a title=\"Flauta Travesera 5\" href=\"upload\/PCI_FD_CABA_PIAZZOLLA_FLAUTA_TRAVESERA_5.pdf\" target=\"_blank\" rel=\"noopener\"><span style=\"text-decoration: underline;\">PCI Instrumento &#8211; Flauta Travesera (5 a\u00f1os)<\/span><\/a><\/span><\/span><\/li>\n\n\n\n<li><span data-mce-mark=\"1\"><a title=\"Guitarra 4\" href=\"upload\/PCI_FD_CABA_PIAZZOLLA_GUITARRA_4.pdf\" target=\"_blank\" rel=\"noopener\"><span style=\"text-decoration: underline;\">PCI Instrumento &#8211; Guitarra (4 a\u00f1os)<\/span><\/a><\/span><\/li>\n\n\n\n<li><span data-mce-mark=\"1\"><span data-mce-mark=\"1\"><a title=\"Guitarra 5\" href=\"upload\/PCI_FD_CABA_PIAZZOLLA_GUITARRA_5.pdf\" target=\"_blank\" rel=\"noopener\"><span style=\"text-decoration: underline;\">PCI Instrumento &#8211; Guitarra (5 a\u00f1os)<\/span><\/a><\/span><\/span><\/li>\n\n\n\n<li><span data-mce-mark=\"1\"><a title=\"Oboe 4\" href=\"upload\/PCI_FD_CABA_PIAZZOLLA_OBOE_4.pdf\" target=\"_blank\" rel=\"noopener\"><span style=\"text-decoration: underline;\">PCI Instrumento &#8211; Oboe (4 a\u00f1os)<\/span><\/a><\/span><\/li>\n\n\n\n<li><span data-mce-mark=\"1\"><span data-mce-mark=\"1\"><a title=\"Oboe 5\" href=\"upload\/PCI_FD_CABA_PIAZZOLLA_OBOE_5.pdf\" target=\"_blank\" rel=\"noopener\"><span style=\"text-decoration: underline;\">PCI Instrumento &#8211; Oboe (5 a\u00f1os)<\/span><\/a><\/span><\/span><\/li>\n\n\n\n<li><span data-mce-mark=\"1\"><a title=\"Percusion 4\" href=\"upload\/PCI_FD_CABA_PIAZZOLLA_PERCUSION_4.pdf\" target=\"_blank\" rel=\"noopener\"><span style=\"text-decoration: underline;\">PCI Instrumento &#8211; Percusi\u00f3n (4 a\u00f1os)<\/span><\/a><\/span><\/li>\n\n\n\n<li><span data-mce-mark=\"1\"><span data-mce-mark=\"1\"><a title=\"Percusion 5\" href=\"upload\/PCI_FD_CABA_PIAZZOLLA_PERCUSION_5.pdf\" target=\"_blank\" rel=\"noopener\"><span style=\"text-decoration: underline;\">PCI Instrumento &#8211; Percusi\u00f3n (5 a\u00f1os)<\/span><\/a><\/span><\/span><\/li>\n\n\n\n<li><span data-mce-mark=\"1\"><a title=\"Piano 4\" href=\"upload\/PCI_FD_CABA_PIAZZOLLA_PIANO_4.pdf\" target=\"_blank\" rel=\"noopener\"><span style=\"text-decoration: underline;\">PCI Instrumento &#8211; Piano (4 a\u00f1os)<\/span><\/a><\/span><\/li>\n\n\n\n<li><span data-mce-mark=\"1\"><span data-mce-mark=\"1\"><a title=\"Piano 5\" href=\"upload\/PCI_FD_CABA_PIAZZOLLA_PIANO_5.pdf\" target=\"_blank\" rel=\"noopener\"><span style=\"text-decoration: underline;\">PCI Instrumento &#8211; Piano (5 a\u00f1os)<\/span><\/a><\/span><\/span><\/li>\n\n\n\n<li><span data-mce-mark=\"1\"><a title=\"Saxofon 4\" href=\"upload\/PCI_FD_CABA_PIAZZOLLA_SAXOFON_4.pdf\" target=\"_blank\" rel=\"noopener\"><span style=\"text-decoration: underline;\">PCI Instrumento &#8211; Saxof\u00f3n (4 a\u00f1os)<\/span><\/a><\/span><\/li>\n\n\n\n<li><span data-mce-mark=\"1\"><span data-mce-mark=\"1\"><a title=\"Saxofon 5\" href=\"upload\/PCI_FD_CABA_PIAZZOLLA_SAXOFON_5.pdf\" target=\"_blank\" rel=\"noopener\"><span style=\"text-decoration: underline;\">PCI Instrumento &#8211; Saxof\u00f3n (5 a\u00f1os)<\/span><\/a><\/span><\/span><\/li>\n\n\n\n<li><span data-mce-mark=\"1\"><a title=\"Trombon 4\" href=\"upload\/PCI_FD_CABA_PIAZZOLLA_TROMBON_4.pdf\" target=\"_blank\" rel=\"noopener\"><span style=\"text-decoration: underline;\">PCI Instrumento &#8211; Tromb\u00f3n (4 a\u00f1os)<\/span><\/a><\/span><\/li>\n\n\n\n<li><span data-mce-mark=\"1\"><span data-mce-mark=\"1\"><a title=\"Trombon 5\" href=\"upload\/PCI_FD_CABA_PIAZZOLLA_TROMBON_5.pdf\" target=\"_blank\" rel=\"noopener\"><span style=\"text-decoration: underline;\">PCI Instrumento &#8211; Tromb\u00f3n (5 a\u00f1os)<\/span><\/a><\/span><\/span><\/li>\n\n\n\n<li><span data-mce-mark=\"1\"><a title=\"Trompa 4\" href=\"upload\/PCI_FD_CABA_PIAZZOLLA_TROMPA_4.pdf\" target=\"_blank\" rel=\"noopener\"><span style=\"text-decoration: underline;\">PCI Instrumento &#8211; Trompa (4 a\u00f1os)<\/span><\/a><\/span><\/li>\n\n\n\n<li><span data-mce-mark=\"1\"><span data-mce-mark=\"1\"><a title=\"Trompa 5\" href=\"upload\/PCI_FD_CABA_PIAZZOLLA_TROMPA_5.pdf\" target=\"_blank\" rel=\"noopener\"><span style=\"text-decoration: underline;\">PCI Instrumento &#8211; Trompa (5 a\u00f1os)<\/span><\/a><\/span><\/span><\/li>\n\n\n\n<li><span data-mce-mark=\"1\"><a title=\"Trompeta 4\" href=\"upload\/PCI_FD_CABA_PIAZZOLLA_TROMPETA_4.pdf\" target=\"_blank\" rel=\"noopener\"><span style=\"text-decoration: underline;\">PCI Instrumento &#8211; Trompeta (4 a\u00f1os)<\/span><\/a><\/span><\/li>\n\n\n\n<li><span data-mce-mark=\"1\"><span data-mce-mark=\"1\"><a title=\"Trompeta 5\" href=\"upload\/PCI_FD_CABA_PIAZZOLLA_TROMPETA_5.pdf\" target=\"_blank\" rel=\"noopener\"><span style=\"text-decoration: underline;\">PCI Instrumento &#8211; Trompeta (5 a\u00f1os)<\/span><\/a><\/span><\/span><\/li>\n\n\n\n<li><span data-mce-mark=\"1\"><a title=\"Viola 4\" href=\"upload\/PCI_FD_CABA_PIAZZOLLA_VIOLA_4.pdf\" target=\"_blank\" rel=\"noopener\"><span style=\"text-decoration: underline;\">PCI Instrumento &#8211; Viola (4 a\u00f1os)<\/span><\/a><\/span><\/li>\n\n\n\n<li><span data-mce-mark=\"1\"><span data-mce-mark=\"1\"><a title=\"Viola 5\" href=\"upload\/PCI_FD_CABA_PIAZZOLLA_VIOLA_5.pdf\" target=\"_blank\" rel=\"noopener\"><span style=\"text-decoration: underline;\">PCI Instrumento &#8211; Viola (5 a\u00f1os)<\/span><\/a><\/span><\/span><\/li>\n\n\n\n<li><span data-mce-mark=\"1\"><a title=\"Violin 4\" href=\"upload\/PCI_FD_CABA_PIAZZOLLA_VIOLIN_4.pdf\" target=\"_blank\" rel=\"noopener\"><span style=\"text-decoration: underline;\">PCI Instrumento &#8211; Viol\u00edn (4 a\u00f1os)<\/span><\/a><\/span><\/li>\n\n\n\n<li><span data-mce-mark=\"1\"><span data-mce-mark=\"1\"><a title=\"Violin 5\" href=\"upload\/PCI_FD_CABA_PIAZZOLLA_VIOLIN_5.pdf\" target=\"_blank\" rel=\"noopener\"><span style=\"text-decoration: underline;\">PCI Instrumento &#8211; Viol\u00edn (5 a\u00f1os)<\/span><\/a><\/span><\/span><\/li>\n\n\n\n<li><span data-mce-mark=\"1\"><a title=\"Violonchelo 4\" href=\"upload\/PCI_FD_CABA_PIAZZOLLA_VIOLONCHELO_4.pdf\" target=\"_blank\" rel=\"noopener\"><span style=\"text-decoration: underline;\">PCI Instrumento &#8211; Violoncello (4 a\u00f1os)<\/span><\/a><\/span><\/li>\n\n\n\n<li><span data-mce-mark=\"1\"><span data-mce-mark=\"1\"><a title=\"Violonchelo 5\" href=\"upload\/PCI_FD_CABA_PIAZZOLLA_VIOLONCHELO_5.pdf\" target=\"_blank\" rel=\"noopener\"><span style=\"text-decoration: underline;\">PCI Instrumento &#8211; Violoncello (5 a\u00f1os)<\/span><\/a><\/span><\/span><\/li>\n\n\n\n<li><span data-mce-mark=\"1\"><a title=\"Musica de Camara 4\" href=\"upload\/PCI_FD_CABA_PIAZZOLLA_MUSICA_DE_CAMARA_4.pdf\" target=\"_blank\" rel=\"noopener\"><span style=\"text-decoration: underline;\">PCI M\u00fasica de C\u00e1mara (4 a\u00f1os)<\/span><\/a><\/span><\/li>\n\n\n\n<li><span data-mce-mark=\"1\"><span data-mce-mark=\"1\"><a title=\"Musica de Camara 5 - Arpa\" href=\"upload\/PCI_FD_CABA_PIAZZOLLA_CAM_Arpa_5.pdf\" target=\"_blank\" rel=\"noopener\"><span style=\"text-decoration: underline;\">PCI M\u00fasica de C\u00e1mara &#8211; Arpa (5 a\u00f1os)<\/span><\/a><\/span><\/span><\/li>\n\n\n\n<li><span data-mce-mark=\"1\"><a title=\"Musica de Camara 5 - Bandoneon\" href=\"upload\/PCI_FD_CABA_PIAZZOLLA_CAM_Bandoneon_5.pdf\" target=\"_blank\" rel=\"noopener\"><span style=\"text-decoration: underline;\">PCI M\u00fasica de C\u00e1mara &#8211; Bandone\u00f3n (5 a\u00f1os)<\/span><\/a><\/span><\/li>\n\n\n\n<li><span data-mce-mark=\"1\"><a title=\"Musica de Camara 5 - Clarinete\" href=\"upload\/PCI_FD_CABA_PIAZZOLLA_CAM_Clarinete_5.pdf\" target=\"_blank\" rel=\"noopener\"><span style=\"text-decoration: underline;\">PCI M\u00fasica de C\u00e1mara &#8211; Clarinete (5 a\u00f1os)<\/span><\/a><\/span><\/li>\n\n\n\n<li><span data-mce-mark=\"1\"><a title=\"Musica de Camara 5 - Contrabajo\" href=\"upload\/PCI_FD_CABA_PIAZZOLLA_CAM_Contrabajo_5.pdf\" target=\"_blank\" rel=\"noopener\"><span style=\"text-decoration: underline;\">PCI M\u00fasica de C\u00e1mara &#8211; Contrabajo (5 a\u00f1os)<\/span><\/a><\/span><\/li>\n\n\n\n<li><span data-mce-mark=\"1\"><a title=\"Musica de Camara 5 - Fagot\" href=\"upload\/PCI_FD_CABA_PIAZZOLLA_CAM_Fagot_5.pdf\" target=\"_blank\" rel=\"noopener\"><span style=\"text-decoration: underline;\">PCI M\u00fasica de C\u00e1mara &#8211; Fagot (5 a\u00f1os)<\/span><\/a><\/span><\/li>\n\n\n\n<li><span data-mce-mark=\"1\"><a title=\"Musica de Camara 5 - Flauta Dulce\" href=\"upload\/PCI_FD_CABA_PIAZZOLLA_CAM_Flauta_Dulce_5.pdf\" target=\"_blank\" rel=\"noopener\"><span style=\"text-decoration: underline;\">PCI&nbsp;M\u00fasica de C\u00e1mara &#8211; Flauta Dulce (5 a\u00f1os)<\/span><\/a><\/span><\/li>\n\n\n\n<li><span data-mce-mark=\"1\"><a title=\"Musica de Camara 5 - Flauta Travesera\" href=\"upload\/PCI_FD_CABA_PIAZZOLLA_CAM_Flauta_Travesera_5.pdf\" target=\"_blank\" rel=\"noopener\"><span style=\"text-decoration: underline;\">PCI&nbsp;M\u00fasica de C\u00e1mara &#8211; Flauta Traversa (5 a\u00f1os)<\/span><\/a><\/span><\/li>\n\n\n\n<li><span data-mce-mark=\"1\"><a title=\"Musica de Camara 5 - Guitarra\" href=\"upload\/PCI_FD_CABA_PIAZZOLLA_CAM_Guitarra_5.pdf\" target=\"_blank\" rel=\"noopener\"><span style=\"text-decoration: underline;\">PCI&nbsp;M\u00fasica de C\u00e1mara &#8211; Guitarra (5 a\u00f1os)<\/span><\/a><\/span><\/li>\n\n\n\n<li><span data-mce-mark=\"1\"><a title=\"Musica de Camara 5 - Oboe\" href=\"upload\/PCI_FD_CABA_PIAZZOLLA_CAM_Oboe_5.pdf\" target=\"_blank\" rel=\"noopener\"><span style=\"text-decoration: underline;\">PCI&nbsp;M\u00fasica de C\u00e1mara &#8211; Oboe (5 a\u00f1os)<\/span><\/a><\/span><\/li>\n\n\n\n<li><span data-mce-mark=\"1\"><a title=\"Musica de Camara 5 - Percusion\" href=\"upload\/PCI_FD_CABA_PIAZZOLLA_CAM_Percusion_5.pdf\" target=\"_blank\" rel=\"noopener\"><span style=\"text-decoration: underline;\">PCI&nbsp;M\u00fasica de C\u00e1mara &#8211; Percusi\u00f3n (5 a\u00f1os)<\/span><\/a><\/span><\/li>\n\n\n\n<li><span data-mce-mark=\"1\"><a title=\"Musica de Camara 5 - Piano\" href=\"upload\/PCI_FD_CABA_PIAZZOLLA_CAM_Piano_5.pdf\" target=\"_blank\" rel=\"noopener\"><span style=\"text-decoration: underline;\">PCI&nbsp;M\u00fasica de C\u00e1mara &#8211; Piano (5 a\u00f1os)<\/span><\/a><\/span><\/li>\n\n\n\n<li><span data-mce-mark=\"1\"><a title=\"Musica de Camara 5 - Saxofon\" href=\"upload\/PCI_FD_CABA_PIAZZOLLA_CAM_Saxofon_5.pdf\" target=\"_blank\" rel=\"noopener\"><span style=\"text-decoration: underline;\">PCI&nbsp;M\u00fasica de C\u00e1mara &#8211; Saxof\u00f3n (5 a\u00f1os)<\/span><\/a><\/span><\/li>\n\n\n\n<li><span data-mce-mark=\"1\"><a title=\"Musica de Camara 5 - Trombon\" href=\"upload\/PCI_FD_CABA_PIAZZOLLA_CAM_Trombon_5.pdf\" target=\"_blank\" rel=\"noopener\"><span style=\"text-decoration: underline;\">PCI&nbsp;M\u00fasica de C\u00e1mara &#8211; Tromb\u00f3n (5 a\u00f1os)<\/span><\/a><\/span><\/li>\n\n\n\n<li><span data-mce-mark=\"1\"><a title=\"Musica de Camara 5 - Trompa\" href=\"upload\/PCI_FD_CABA_PIAZZOLLA_CAM_Trompa_5.pdf\" target=\"_blank\" rel=\"noopener\"><span style=\"text-decoration: underline;\">PCI&nbsp;M\u00fasica de C\u00e1mara &#8211; Trompa (5 a\u00f1os)<\/span><\/a><\/span><\/li>\n\n\n\n<li><span data-mce-mark=\"1\"><a title=\"Musica de Camara 5 - Trompeta\" href=\"upload\/PCI_FD_CABA_PIAZZOLLA_CAM_Trompeta_5.pdf\" target=\"_blank\" rel=\"noopener\"><span style=\"text-decoration: underline;\">PCI&nbsp;M\u00fasica de C\u00e1mara &#8211; Trompeta (5 a\u00f1os)<\/span><\/a><\/span><\/li>\n\n\n\n<li><span data-mce-mark=\"1\"><a title=\"Musica de Camara 5 - Viola\" href=\"upload\/PCI_FD_CABA_PIAZZOLLA_CAM_Viola_5.pdf\" target=\"_blank\" rel=\"noopener\"><span style=\"text-decoration: underline;\">PCI&nbsp;M\u00fasica de C\u00e1mara &#8211; Viola (5 a\u00f1os)<\/span><\/a><\/span><\/li>\n\n\n\n<li><span data-mce-mark=\"1\"><a title=\"Musica de Camara 5 - Violin\" href=\"upload\/PCI_FD_CABA_PIAZZOLLA_CAM_Violin_5.pdf\" target=\"_blank\" rel=\"noopener\"><span style=\"text-decoration: underline;\">PCI&nbsp;M\u00fasica de C\u00e1mara &#8211; Viol\u00edn (5 a\u00f1os)<\/span><\/a><\/span><\/li>\n\n\n\n<li><span data-mce-mark=\"1\"><a title=\"Musica de Camara 5 - Violonchelo\" href=\"upload\/PCI_FD_CABA_PIAZZOLLA_CAM_Violonchelo_5.pdf\" target=\"_blank\" rel=\"noopener\"><span style=\"text-decoration: underline;\">PCI&nbsp;M\u00fasica de C\u00e1mara &#8211; Violoncello (5 a\u00f1os)<\/span><\/a><\/span><\/li>\n<\/ul>\n","protected":false},"excerpt":{"rendered":"<p>Ingreso a Nivel Superior Planes vigentes a partir del 2015 Profesorados de M\u00fasica Educaci\u00f3n Superior en M\u00fasica con Orientaci\u00f3n en InstrumentoEducaci\u00f3n Superior en M\u00fasica con Orientaci\u00f3n en Instrumento (Orquesta)Educaci\u00f3n Superior de M\u00fasica con Orientaci\u00f3n en M\u00fasica de C\u00e1maraEducaci\u00f3n Superior de M\u00fasica con Orientaci\u00f3n en Composici\u00f3n con Medios MixtosEducaci\u00f3n Superior de M\u00fasica con Orientaci\u00f3n en Producci\u00f3n &#8230; <a title=\"Nivel Superior: Profesorados\" class=\"read-more\" href=\"https:\/\/cmbsas-caba.infd.edu.ar\/sitio\/oferta-academica\/carreras\/nivel-superior-4\/nivel-superior-profesorados\/\" aria-label=\"More on Nivel Superior: Profesorados\">[+]<\/a><\/p>\n","protected":false},"author":71,"featured_media":0,"parent":4768,"menu_order":0,"comment_status":"closed","ping_status":"closed","template":"","meta":[],"acf":[],"_links":{"self":[{"href":"https:\/\/cmbsas-caba.infd.edu.ar\/sitio\/wp-json\/wp\/v2\/pages\/1566"}],"collection":[{"href":"https:\/\/cmbsas-caba.infd.edu.ar\/sitio\/wp-json\/wp\/v2\/pages"}],"about":[{"href":"https:\/\/cmbsas-caba.infd.edu.ar\/sitio\/wp-json\/wp\/v2\/types\/page"}],"author":[{"embeddable":true,"href":"https:\/\/cmbsas-caba.infd.edu.ar\/sitio\/wp-json\/wp\/v2\/users\/71"}],"replies":[{"embeddable":true,"href":"https:\/\/cmbsas-caba.infd.edu.ar\/sitio\/wp-json\/wp\/v2\/comments?post=1566"}],"version-history":[{"count":8,"href":"https:\/\/cmbsas-caba.infd.edu.ar\/sitio\/wp-json\/wp\/v2\/pages\/1566\/revisions"}],"predecessor-version":[{"id":4966,"href":"https:\/\/cmbsas-caba.infd.edu.ar\/sitio\/wp-json\/wp\/v2\/pages\/1566\/revisions\/4966"}],"up":[{"embeddable":true,"href":"https:\/\/cmbsas-caba.infd.edu.ar\/sitio\/wp-json\/wp\/v2\/pages\/4768"}],"wp:attachment":[{"href":"https:\/\/cmbsas-caba.infd.edu.ar\/sitio\/wp-json\/wp\/v2\/media?parent=1566"}],"curies":[{"name":"wp","href":"https:\/\/api.w.org\/{rel}","templated":true}]}}