{"id":1574,"date":"2018-08-29T14:15:49","date_gmt":"2018-08-29T17:15:49","guid":{"rendered":"https:\/\/cmbsas-caba.infd.edu.ar\/sitio\/documentacion\/"},"modified":"2024-11-14T16:56:01","modified_gmt":"2024-11-14T19:56:01","slug":"documentacion","status":"publish","type":"page","link":"https:\/\/cmbsas-caba.infd.edu.ar\/sitio\/documentacion\/","title":{"rendered":"Documentaci\u00f3n"},"content":{"rendered":"<p><strong>Documentaci\u00f3n a presentar (al inscribirse por primera vez en el Conservatorio):<\/strong><\/p>\n<ul>\n<li>Partida de nacimiento<\/li>\n<li>DNI: <span style=\"font-weight: 400;\">anverso y reverso<\/span><\/li>\n<li>Certificado de estudios:\n<ul>\n<li>Si <strong>est\u00e1 cursando el Nivel Secundario<\/strong>: Constancia de alumno regular (sin legalizar)<\/li>\n<li>Si <strong>termin\u00f3 el Nivel Secundario en CABA: <\/strong>Certificado de estudios.<\/li>\n<li>Si <strong>termin\u00f3 el Nivel Secundario en una provincia argentina: <\/strong>Certificado de estudios (legalizado en el Ministerio del Interior, ingresar en <span style=\"text-decoration: underline;\"><a href=\"http:\/\/www.mininterior.gob.ar\/legalizaciones\" target=\"_blank\" rel=\"noopener\">www.mininterior.gob.ar\/legalizaciones<\/a><\/span> y realizar el tr\u00e1mite).<\/li>\n<\/ul>\n<\/li>\n<\/ul>\n<p><span style=\"text-decoration: underline;\">Aclaraciones:<\/span><\/p>\n<ul>\n<li><strong>La documentaci\u00f3n redactada en idioma extranjero<\/strong>\u00a0debe ser traducida en Argentina por Traductor P\u00fablico de Registro y legalizada ante el Colegio de Traductores correspondiente a cada jurisdicci\u00f3n\u00a0<strong>(con la excepci\u00f3n de Brasil que no lo requiere)<\/strong>.<\/li>\n<li>Asimismo se informa a los ingresantes extranjeros que deber\u00e1n<strong> convalidar su t\u00edtulo secundario ante el Ministerio de Relaciones Exteriores <a href=\"http:\/\/titulosvalidez.educacion.gob.ar\/validez\/v_turnos\/inicio12.php\"><span style=\"text-decoration: underline;\">http:\/\/titulosvalidez.educacion.gob.ar\/validez\/v_turnos\/inicio12.php<\/span><\/a> , <\/strong><strong>y el mismo deber\u00e1 tener <\/strong><strong>La\u00a0Apostilla de La Haya <\/strong>al salir del pa\u00eds de origen.<\/li>\n<\/ul>\n","protected":false},"excerpt":{"rendered":"<p>Documentaci\u00f3n a presentar (al inscribirse por primera vez en el Conservatorio): Partida de nacimiento DNI: anverso y reverso Certificado de estudios: Si est\u00e1 cursando el Nivel Secundario: Constancia de alumno regular (sin legalizar) Si termin\u00f3 el Nivel Secundario en CABA: Certificado de estudios. Si termin\u00f3 el Nivel Secundario en una provincia argentina: Certificado de estudios &#8230; <a title=\"Documentaci\u00f3n\" class=\"read-more\" href=\"https:\/\/cmbsas-caba.infd.edu.ar\/sitio\/documentacion\/\" aria-label=\"More on Documentaci\u00f3n\">[+]<\/a><\/p>\n","protected":false},"author":71,"featured_media":0,"parent":0,"menu_order":0,"comment_status":"closed","ping_status":"closed","template":"","meta":[],"acf":[],"_links":{"self":[{"href":"https:\/\/cmbsas-caba.infd.edu.ar\/sitio\/wp-json\/wp\/v2\/pages\/1574"}],"collection":[{"href":"https:\/\/cmbsas-caba.infd.edu.ar\/sitio\/wp-json\/wp\/v2\/pages"}],"about":[{"href":"https:\/\/cmbsas-caba.infd.edu.ar\/sitio\/wp-json\/wp\/v2\/types\/page"}],"author":[{"embeddable":true,"href":"https:\/\/cmbsas-caba.infd.edu.ar\/sitio\/wp-json\/wp\/v2\/users\/71"}],"replies":[{"embeddable":true,"href":"https:\/\/cmbsas-caba.infd.edu.ar\/sitio\/wp-json\/wp\/v2\/comments?post=1574"}],"version-history":[{"count":1,"href":"https:\/\/cmbsas-caba.infd.edu.ar\/sitio\/wp-json\/wp\/v2\/pages\/1574\/revisions"}],"predecessor-version":[{"id":5746,"href":"https:\/\/cmbsas-caba.infd.edu.ar\/sitio\/wp-json\/wp\/v2\/pages\/1574\/revisions\/5746"}],"wp:attachment":[{"href":"https:\/\/cmbsas-caba.infd.edu.ar\/sitio\/wp-json\/wp\/v2\/media?parent=1574"}],"curies":[{"name":"wp","href":"https:\/\/api.w.org\/{rel}","templated":true}]}}