{"id":1638,"date":"2019-04-01T16:05:19","date_gmt":"2019-04-01T19:05:19","guid":{"rendered":"https:\/\/cmbsas-caba.infd.edu.ar\/sitio\/?page_id=1638"},"modified":"2024-02-18T11:07:06","modified_gmt":"2024-02-18T14:07:06","slug":"convenio-damus-piazzolla","status":"publish","type":"page","link":"https:\/\/cmbsas-caba.infd.edu.ar\/sitio\/estudiantes\/convenio-damus-piazzolla\/","title":{"rendered":"Convenio DAMus &#8211; Piazzolla"},"content":{"rendered":"\n<p>Con alegr\u00eda queremos informarles que se ha firmado el Convenio entre nuestro Conservatorio y el DAMus &#8211; UNA, que permitir\u00e1 a nuestros egresados de los Planes DO GCBA 443\/2002, RS 222\/2010 y sus modificatorias , y RS \/ 2015, correspondientes a los Planes de T\u00e9cnico Superior en Instrumento y Profesor Superior de M\u00fasica o Profesor de Educaci\u00f3n Superior en M\u00fasica en diferentes Orientaciones instrumentales del Conservatorio realizar un complemento curricular para obtener la Licenciatura en Artes Musicales.<\/p>\n\n\n\n<p>La <strong>documentaci\u00f3n<\/strong> que deben enviar a&nbsp;d.diaz@una.edu.ar es la siguiente:<\/p>\n\n\n\n<ul>\n<li>DNI<\/li>\n\n\n\n<li>Titulo secundario<\/li>\n\n\n\n<li>Foto 4&#215;4<\/li>\n\n\n\n<li>Apto m\u00e9dico<\/li>\n<\/ul>\n\n\n\n<p><\/p>\n\n\n\n<p><a href=\"https:\/\/cmbsas-caba.infd.edu.ar\/sitio\/wp-content\/uploads\/2019\/04\/Trayectos-Curriculares-para-Piazzolla-Convenio-DGEART-2019.pdf\">Trayectos Curriculares para Piazzolla Convenio DGEART 2019<\/a><\/p>\n\n\n\n<p><a href=\"https:\/\/cmbsas-caba.infd.edu.ar\/sitio\/wp-content\/uploads\/2019\/04\/Trayecto-Pedagogico-de-los-ingresantes-de-la-UNA.pdf\">Trayecto Pedag\u00f3gico para los ingresantes por Equivalencias de la UNA<\/a><\/p>\n","protected":false},"excerpt":{"rendered":"<p>Con alegr\u00eda queremos informarles que se ha firmado el Convenio entre nuestro Conservatorio y el DAMus &#8211; UNA, que permitir\u00e1 a nuestros egresados de los Planes DO GCBA 443\/2002, RS 222\/2010 y sus modificatorias , y RS \/ 2015, correspondientes a los Planes de T\u00e9cnico Superior en Instrumento y Profesor Superior de M\u00fasica o Profesor &#8230; <a title=\"Convenio DAMus &#8211; Piazzolla\" class=\"read-more\" href=\"https:\/\/cmbsas-caba.infd.edu.ar\/sitio\/estudiantes\/convenio-damus-piazzolla\/\" aria-label=\"More on Convenio DAMus &#8211; Piazzolla\">[+]<\/a><\/p>\n","protected":false},"author":165,"featured_media":0,"parent":1829,"menu_order":0,"comment_status":"closed","ping_status":"closed","template":"","meta":[],"acf":[],"_links":{"self":[{"href":"https:\/\/cmbsas-caba.infd.edu.ar\/sitio\/wp-json\/wp\/v2\/pages\/1638"}],"collection":[{"href":"https:\/\/cmbsas-caba.infd.edu.ar\/sitio\/wp-json\/wp\/v2\/pages"}],"about":[{"href":"https:\/\/cmbsas-caba.infd.edu.ar\/sitio\/wp-json\/wp\/v2\/types\/page"}],"author":[{"embeddable":true,"href":"https:\/\/cmbsas-caba.infd.edu.ar\/sitio\/wp-json\/wp\/v2\/users\/165"}],"replies":[{"embeddable":true,"href":"https:\/\/cmbsas-caba.infd.edu.ar\/sitio\/wp-json\/wp\/v2\/comments?post=1638"}],"version-history":[{"count":9,"href":"https:\/\/cmbsas-caba.infd.edu.ar\/sitio\/wp-json\/wp\/v2\/pages\/1638\/revisions"}],"predecessor-version":[{"id":4885,"href":"https:\/\/cmbsas-caba.infd.edu.ar\/sitio\/wp-json\/wp\/v2\/pages\/1638\/revisions\/4885"}],"up":[{"embeddable":true,"href":"https:\/\/cmbsas-caba.infd.edu.ar\/sitio\/wp-json\/wp\/v2\/pages\/1829"}],"wp:attachment":[{"href":"https:\/\/cmbsas-caba.infd.edu.ar\/sitio\/wp-json\/wp\/v2\/media?parent=1638"}],"curies":[{"name":"wp","href":"https:\/\/api.w.org\/{rel}","templated":true}]}}