{"id":1778,"date":"2020-05-06T14:08:40","date_gmt":"2020-05-06T17:08:40","guid":{"rendered":"https:\/\/cmbsas-caba.infd.edu.ar\/sitio\/?page_id=1778"},"modified":"2020-05-31T09:49:52","modified_gmt":"2020-05-31T12:49:52","slug":"desbloqueo-conectar-igualdad","status":"publish","type":"page","link":"https:\/\/cmbsas-caba.infd.edu.ar\/sitio\/desbloqueo-conectar-igualdad\/","title":{"rendered":"Desbloqueo Conectar Igualdad"},"content":{"rendered":"<p>Estimado\/as Profesores y Alumno\/as:<\/p>\n<p>Se ha logrado la transferencia del servidor instalado f\u00edsicamente en el Conservatorio a su colocaci\u00f3n virtual en la &#8216;nube&#8217;.<\/p>\n<p>Es por ello, que a fin de llevar a la pr\u00e1ctica la necesidad de desbloquear las computadoras que est\u00e9n en esa condici\u00f3n del sistema Conectar Igualdad, podr\u00e1n comunicarse al mail: conectarigualdad.piazzolla@gmail.com<\/p>\n<p>El mail dirigido a esa direcci\u00f3n deber\u00e1 contener:<\/p>\n<ul>\n<li><strong>Nombre y Apellido completos<\/strong><\/li>\n<li><strong>DNI <\/strong><\/li>\n<li><strong>Foto<\/strong> de la pantalla de la netbook donde figuran la informaci\u00f3n necesaria para lograr el desbloqueo.<\/li>\n<\/ul>\n<p>Una vez que reciban el c\u00f3digo de diez d\u00edgitos, podr\u00e1n ingresarlo a la netbook y acceder a la misma.<\/p>\n<p>Sin embargo, a\u00fan quedar\u00e1 actualizar la nueva fecha de desbloqueo. Para ello: les acercamos el siguiente tutorial <a href=\"https:\/\/cmbsas-caba.infd.edu.ar\/sitio\/wp-content\/uploads\/2020\/05\/Desbloqueo-de-Netbooks.pdf\">Desbloqueo de Netbooks<\/a> para que puedan realizar la configuraci\u00f3n necesaria para que el sistema obtenga la fecha actualizada desde esta nueva plataforma.<\/p>\n<p>Estamos en contacto en: <a href=\"mailto:conectarigualdad.piazzolla@gmail.com\">conectarigualdad.piazzolla@gmail.com<\/a><\/p>\n<p>Los saludamos muy cordialmente, solicit\u00e1ndoles paciencia frente al caudal de m\u00e1quinas que se encuentran actualmente en posiblidad de solicitar tal pedido.<\/p>\n<p>Prof. Fernando Plana<\/p>\n<p>Secretario Acad\u00e9mico<\/p>\n<p>&nbsp;<\/p>\n","protected":false},"excerpt":{"rendered":"<p>Estimado\/as Profesores y Alumno\/as: Se ha logrado la transferencia del servidor instalado f\u00edsicamente en el Conservatorio a su colocaci\u00f3n virtual en la &#8216;nube&#8217;. Es por ello, que a fin de llevar a la pr\u00e1ctica la necesidad de desbloquear las computadoras que est\u00e9n en esa condici\u00f3n del sistema Conectar Igualdad, podr\u00e1n comunicarse al mail: conectarigualdad.piazzolla@gmail.com El &#8230; <a title=\"Desbloqueo Conectar Igualdad\" class=\"read-more\" href=\"https:\/\/cmbsas-caba.infd.edu.ar\/sitio\/desbloqueo-conectar-igualdad\/\" aria-label=\"More on Desbloqueo Conectar Igualdad\">[+]<\/a><\/p>\n","protected":false},"author":165,"featured_media":0,"parent":0,"menu_order":0,"comment_status":"closed","ping_status":"closed","template":"","meta":[],"acf":[],"_links":{"self":[{"href":"https:\/\/cmbsas-caba.infd.edu.ar\/sitio\/wp-json\/wp\/v2\/pages\/1778"}],"collection":[{"href":"https:\/\/cmbsas-caba.infd.edu.ar\/sitio\/wp-json\/wp\/v2\/pages"}],"about":[{"href":"https:\/\/cmbsas-caba.infd.edu.ar\/sitio\/wp-json\/wp\/v2\/types\/page"}],"author":[{"embeddable":true,"href":"https:\/\/cmbsas-caba.infd.edu.ar\/sitio\/wp-json\/wp\/v2\/users\/165"}],"replies":[{"embeddable":true,"href":"https:\/\/cmbsas-caba.infd.edu.ar\/sitio\/wp-json\/wp\/v2\/comments?post=1778"}],"version-history":[{"count":2,"href":"https:\/\/cmbsas-caba.infd.edu.ar\/sitio\/wp-json\/wp\/v2\/pages\/1778\/revisions"}],"predecessor-version":[{"id":1782,"href":"https:\/\/cmbsas-caba.infd.edu.ar\/sitio\/wp-json\/wp\/v2\/pages\/1778\/revisions\/1782"}],"wp:attachment":[{"href":"https:\/\/cmbsas-caba.infd.edu.ar\/sitio\/wp-json\/wp\/v2\/media?parent=1778"}],"curies":[{"name":"wp","href":"https:\/\/api.w.org\/{rel}","templated":true}]}}