{"id":1792,"date":"2020-05-30T17:12:22","date_gmt":"2020-05-30T20:12:22","guid":{"rendered":"https:\/\/cmbsas-caba.infd.edu.ar\/sitio\/?page_id=1792"},"modified":"2024-02-17T14:55:19","modified_gmt":"2024-02-17T17:55:19","slug":"biblioteca","status":"publish","type":"page","link":"https:\/\/cmbsas-caba.infd.edu.ar\/sitio\/institucional\/biblioteca\/","title":{"rendered":"Biblioteca"},"content":{"rendered":"\n<h4 class=\"wp-block-heading\">Misi\u00f3n<\/h4>\n\n\n\n<p>Servir a la comunidad educativa, contribuir a la formaci\u00f3n art\u00edstica, cultural y cient\u00edfica de m\u00fasicos profesionales, y apoyar a la docencia y a la investigaci\u00f3n, a trav\u00e9s del acceso a la colecci\u00f3n especializada en m\u00fasica y de la optimizaci\u00f3n de servicios de informaci\u00f3n vinculado<\/p>\n\n\n\n<h4 class=\"wp-block-heading\">Colecci\u00f3n<\/h4>\n\n\n\n<p>Especializada en m\u00fasica, la colecci\u00f3n est\u00e1 conformada por m\u00e1s de 12 mil recursos, entre partituras, libros, cd &#8216;s de m\u00fasica, discos vinilo y revistas.<br>Los estilos musicales que la conforman son: m\u00fasica cl\u00e1sica, contempor\u00e1nea, jazz, tango y folklore. Asimismo, abarca las siguientes tem\u00e1ticas: filosof\u00eda de la m\u00fasica; historia de la m\u00fasica; musicolog\u00eda; teor\u00eda de la m\u00fasica, el ritmo y el sonido; armon\u00eda; sinfon\u00edas; composici\u00f3n e interpretaci\u00f3n; instrumentaci\u00f3n y orquesta; musicoterapia;<br>m\u00fasica vocal, etc.<\/p>\n\n\n\n<h2 class=\"wp-block-heading\">Servicios<\/h2>\n\n\n\n<p><strong>Horarios de atenci\u00f3n: lunes a viernes de 8 a 17.30 hs.<\/strong><br>\u25cf Acceso a la sala de lectura y a la secci\u00f3n de estanter\u00eda abierta.<br>\u25cf Consulta de materiales disponibles a trav\u00e9s del cat\u00e1logo en sala del lectura.<br>\u25cf Pr\u00e9stamos en el d\u00eda.<br>\u25cf B\u00fasqueda y localizaci\u00f3n de recursos en otras bibliotecas o bases de datos.<br>\u25cf Sugerencias bibliogr\u00e1ficas.<\/p>\n\n\n\n<p>Contacto: biblioteca_piazzolla@buenosaires.gob.ar<\/p>\n\n\n\n<p><strong>Bibliotecarias:<br><\/strong>Bibl. Samanta Tello<br>Bibl. Silvina Cohen Freue<\/p>\n","protected":false},"excerpt":{"rendered":"<p>Misi\u00f3n Servir a la comunidad educativa, contribuir a la formaci\u00f3n art\u00edstica, cultural y cient\u00edfica de m\u00fasicos profesionales, y apoyar a la docencia y a la investigaci\u00f3n, a trav\u00e9s del acceso a la colecci\u00f3n especializada en m\u00fasica y de la optimizaci\u00f3n de servicios de informaci\u00f3n vinculado Colecci\u00f3n Especializada en m\u00fasica, la colecci\u00f3n est\u00e1 conformada por m\u00e1s &#8230; <a title=\"Biblioteca\" class=\"read-more\" href=\"https:\/\/cmbsas-caba.infd.edu.ar\/sitio\/institucional\/biblioteca\/\" aria-label=\"More on Biblioteca\">[+]<\/a><\/p>\n","protected":false},"author":309,"featured_media":0,"parent":4864,"menu_order":0,"comment_status":"closed","ping_status":"closed","template":"","meta":[],"acf":[],"_links":{"self":[{"href":"https:\/\/cmbsas-caba.infd.edu.ar\/sitio\/wp-json\/wp\/v2\/pages\/1792"}],"collection":[{"href":"https:\/\/cmbsas-caba.infd.edu.ar\/sitio\/wp-json\/wp\/v2\/pages"}],"about":[{"href":"https:\/\/cmbsas-caba.infd.edu.ar\/sitio\/wp-json\/wp\/v2\/types\/page"}],"author":[{"embeddable":true,"href":"https:\/\/cmbsas-caba.infd.edu.ar\/sitio\/wp-json\/wp\/v2\/users\/309"}],"replies":[{"embeddable":true,"href":"https:\/\/cmbsas-caba.infd.edu.ar\/sitio\/wp-json\/wp\/v2\/comments?post=1792"}],"version-history":[{"count":6,"href":"https:\/\/cmbsas-caba.infd.edu.ar\/sitio\/wp-json\/wp\/v2\/pages\/1792\/revisions"}],"predecessor-version":[{"id":4881,"href":"https:\/\/cmbsas-caba.infd.edu.ar\/sitio\/wp-json\/wp\/v2\/pages\/1792\/revisions\/4881"}],"up":[{"embeddable":true,"href":"https:\/\/cmbsas-caba.infd.edu.ar\/sitio\/wp-json\/wp\/v2\/pages\/4864"}],"wp:attachment":[{"href":"https:\/\/cmbsas-caba.infd.edu.ar\/sitio\/wp-json\/wp\/v2\/media?parent=1792"}],"curies":[{"name":"wp","href":"https:\/\/api.w.org\/{rel}","templated":true}]}}