{"id":1813,"date":"2020-05-30T17:23:16","date_gmt":"2020-05-30T20:23:16","guid":{"rendered":"https:\/\/cmbsas-caba.infd.edu.ar\/sitio\/?page_id=1813"},"modified":"2025-03-07T14:45:34","modified_gmt":"2025-03-07T17:45:34","slug":"campus-virtual","status":"publish","type":"page","link":"https:\/\/cmbsas-caba.infd.edu.ar\/sitio\/estudiantes\/campus-virtual\/","title":{"rendered":"Campus Virtual"},"content":{"rendered":"\n<p><a href=\"https:\/\/cmbsas-caba.infd.edu.ar\/aula\/escritorio.cgi\">&#x25b6;<\/a> <a href=\"https:\/\/cmbsas-caba.infd.edu.ar\/aula\/escritorio.cgi\">Ingreso al Campus Virtual<\/a><\/p>\n\n\n\n<p><a href=\"https:\/\/cmbsas-caba.infd.edu.ar\/sitio\/tutoriales-del-campus-virtual\/\">Tutoriales<\/a><\/p>\n\n\n\n<blockquote class=\"wp-block-quote\">\n<p><strong>Atenci\u00f3n Estudiantes<\/strong><\/p>\n\n\n\n<p>A partir de las actualizaciones implementadas en el Campus Virtual, el nombre de usuario para ingresar a la plataforma ser\u00e1 el DNI o documento af\u00edn. La clave ser\u00e1 suministrada por mail.<\/p>\n\n\n\n<p>Los alumnos nuevos en el campus y aquellos cuyo mail haya variado del usuario original: El usuario es su n\u00famero de DNI. Contrase\u00f1a: piazzolla. Al momento de ingresar, el sistema les pedir\u00e1 que actualicen por una nueva contrase\u00f1a.<\/p>\n<\/blockquote>\n\n\n\n<h4 class=\"wp-block-heading\">Materias habilitadas para el uso de este Campus<\/h4>\n\n\n\n<p>Audioperceptiva, Teor\u00eda y Pr\u00e1ctica de la M\u00fasica, Apreciaci\u00f3n Musical, Computaci\u00f3n Aplicada a la M\u00fasica, Historia General de la M\u00fasica, Armon\u00eda, T\u00e9cnicas en Contrapunto, Morfolog\u00eda y An\u00e1lisis, Historia de la M\u00fasica, Historia de la M\u00fasica Argentina, Filosof\u00eda y Teor\u00edas Est\u00e9ticas, Metodolog\u00eda de la Investigaci\u00f3n, Pedagog\u00eda, Psicolog\u00eda, Historia de la Educaci\u00f3n Argentina, Pol\u00edticas Educativas, Gesti\u00f3n Cultural, Proyectos Culturales en Contextos Diversos, Did\u00e1ctica General, Did\u00e1cticas Espec\u00edficas, Taller: El rol y el trabajo docente, Taller: Las instituciones educativas como objeto de estudio, Taller: Dise\u00f1o y Programaci\u00f3n de la Ense\u00f1anza, Pr\u00e1cticas Docentes en los Diferentes Niveles del Sistema Educativo, An\u00e1lisis de Repertorio Camar\u00edstico, y las materias espec\u00edficas de las orientaciones de Producci\u00f3n Musical Art\u00edstica y Composici\u00f3n con Medios Mixtos.<\/p>\n\n\n\n<p>El resto de materias ser\u00e1 progresivamente incorporadas a la plataforma <strong>Microsoft Teams<\/strong>.<\/p>\n\n\n\n<p>Nos encontramos en tareas de implementaci\u00f3n:<\/p>\n\n\n\n<ul>\n<li>Carga de docentes: <strong>100%<\/strong><\/li>\n\n\n\n<li>Carga de cursos te\u00f3ricos: <strong>100%<\/strong><\/li>\n\n\n\n<li>Vinculaci\u00f3n de docentes a sus cursos respectivos: <strong>100 %<\/strong><\/li>\n\n\n\n<li>Carga de alumnos en el campus 80 % <\/li>\n<\/ul>\n\n\n\n<hr class=\"wp-block-separator has-alpha-channel-opacity\"\/>\n\n\n\n<p>Mail de contacto: <a href=\"mailto:campus.piazzolla@gmail.com\">campus.piazzolla@gmail.com<\/a><\/p>\n","protected":false},"excerpt":{"rendered":"<p>&#x25b6; Ingreso al Campus Virtual Tutoriales Atenci\u00f3n Estudiantes A partir de las actualizaciones implementadas en el Campus Virtual, el nombre de usuario para ingresar a la plataforma ser\u00e1 el DNI o documento af\u00edn. La clave ser\u00e1 suministrada por mail. Los alumnos nuevos en el campus y aquellos cuyo mail haya variado del usuario original: El &#8230; <a title=\"Campus Virtual\" class=\"read-more\" href=\"https:\/\/cmbsas-caba.infd.edu.ar\/sitio\/estudiantes\/campus-virtual\/\" aria-label=\"More on Campus Virtual\">[+]<\/a><\/p>\n","protected":false},"author":309,"featured_media":0,"parent":1829,"menu_order":0,"comment_status":"closed","ping_status":"closed","template":"","meta":[],"acf":[],"_links":{"self":[{"href":"https:\/\/cmbsas-caba.infd.edu.ar\/sitio\/wp-json\/wp\/v2\/pages\/1813"}],"collection":[{"href":"https:\/\/cmbsas-caba.infd.edu.ar\/sitio\/wp-json\/wp\/v2\/pages"}],"about":[{"href":"https:\/\/cmbsas-caba.infd.edu.ar\/sitio\/wp-json\/wp\/v2\/types\/page"}],"author":[{"embeddable":true,"href":"https:\/\/cmbsas-caba.infd.edu.ar\/sitio\/wp-json\/wp\/v2\/users\/309"}],"replies":[{"embeddable":true,"href":"https:\/\/cmbsas-caba.infd.edu.ar\/sitio\/wp-json\/wp\/v2\/comments?post=1813"}],"version-history":[{"count":4,"href":"https:\/\/cmbsas-caba.infd.edu.ar\/sitio\/wp-json\/wp\/v2\/pages\/1813\/revisions"}],"predecessor-version":[{"id":5937,"href":"https:\/\/cmbsas-caba.infd.edu.ar\/sitio\/wp-json\/wp\/v2\/pages\/1813\/revisions\/5937"}],"up":[{"embeddable":true,"href":"https:\/\/cmbsas-caba.infd.edu.ar\/sitio\/wp-json\/wp\/v2\/pages\/1829"}],"wp:attachment":[{"href":"https:\/\/cmbsas-caba.infd.edu.ar\/sitio\/wp-json\/wp\/v2\/media?parent=1813"}],"curies":[{"name":"wp","href":"https:\/\/api.w.org\/{rel}","templated":true}]}}