{"id":1816,"date":"2020-05-30T17:25:03","date_gmt":"2020-05-30T20:25:03","guid":{"rendered":"https:\/\/cmbsas-caba.infd.edu.ar\/sitio\/?page_id=1816"},"modified":"2024-04-19T11:16:43","modified_gmt":"2024-04-19T14:16:43","slug":"postitulo","status":"publish","type":"page","link":"https:\/\/cmbsas-caba.infd.edu.ar\/sitio\/oferta-academica\/carreras\/postitulo\/","title":{"rendered":"Post\u00edtulo"},"content":{"rendered":"\n<p><a href=\"https:\/\/cmbsas-caba.infd.edu.ar\/sitio\/especializacion-superior-en-ensenanza-de-la-musica-para-la-educacion-especial\/\">Especializaci\u00f3n Superior en Ense\u00f1anza de la M\u00fasica para la Educaci\u00f3n Especial<\/a><\/p>\n","protected":false},"excerpt":{"rendered":"<p>Especializaci\u00f3n Superior en Ense\u00f1anza de la M\u00fasica para la Educaci\u00f3n Especial<\/p>\n","protected":false},"author":309,"featured_media":0,"parent":1947,"menu_order":0,"comment_status":"closed","ping_status":"closed","template":"","meta":[],"acf":[],"_links":{"self":[{"href":"https:\/\/cmbsas-caba.infd.edu.ar\/sitio\/wp-json\/wp\/v2\/pages\/1816"}],"collection":[{"href":"https:\/\/cmbsas-caba.infd.edu.ar\/sitio\/wp-json\/wp\/v2\/pages"}],"about":[{"href":"https:\/\/cmbsas-caba.infd.edu.ar\/sitio\/wp-json\/wp\/v2\/types\/page"}],"author":[{"embeddable":true,"href":"https:\/\/cmbsas-caba.infd.edu.ar\/sitio\/wp-json\/wp\/v2\/users\/309"}],"replies":[{"embeddable":true,"href":"https:\/\/cmbsas-caba.infd.edu.ar\/sitio\/wp-json\/wp\/v2\/comments?post=1816"}],"version-history":[{"count":2,"href":"https:\/\/cmbsas-caba.infd.edu.ar\/sitio\/wp-json\/wp\/v2\/pages\/1816\/revisions"}],"predecessor-version":[{"id":4833,"href":"https:\/\/cmbsas-caba.infd.edu.ar\/sitio\/wp-json\/wp\/v2\/pages\/1816\/revisions\/4833"}],"up":[{"embeddable":true,"href":"https:\/\/cmbsas-caba.infd.edu.ar\/sitio\/wp-json\/wp\/v2\/pages\/1947"}],"wp:attachment":[{"href":"https:\/\/cmbsas-caba.infd.edu.ar\/sitio\/wp-json\/wp\/v2\/media?parent=1816"}],"curies":[{"name":"wp","href":"https:\/\/api.w.org\/{rel}","templated":true}]}}