{"id":1837,"date":"2020-05-30T17:33:08","date_gmt":"2020-05-30T20:33:08","guid":{"rendered":"https:\/\/cmbsas-caba.infd.edu.ar\/sitio\/?page_id=1837"},"modified":"2024-02-17T14:54:36","modified_gmt":"2024-02-17T17:54:36","slug":"convenios","status":"publish","type":"page","link":"https:\/\/cmbsas-caba.infd.edu.ar\/sitio\/institucional\/graduados\/convenios\/","title":{"rendered":"Convenios"},"content":{"rendered":"<h4><b>DAMUS &#8211; PIAZZOLLA<\/b><\/h4>\n<p><span style=\"font-weight: 400;\">Con alegr\u00eda queremos informarles que se ha firmado el Convenio entre nuestro Conservatorio y el DAMus \u2013 UNA, que permitir\u00e1 a nuestros egresados de los Planes DO GCBA 443\/2002, RS 222\/2010 y sus modificatorias , y RS \/ 2015, correspondientes a los Planes de T\u00e9cnico Superior en Instrumento y Profesor Superior de M\u00fasica o Profesor de Educaci\u00f3n Superior en M\u00fasica en diferentes Orientaciones instrumentales del Conservatorio realizar un complemento curricular para obtener la Licenciatura en Artes Musicales.<\/span><\/p>\n<p><span style=\"font-weight: 400;\">La inscripci\u00f3n se realizar\u00e1 los d\u00edas Jueves 4 y Viernes 5 de Abril, en forma presencial, de 9 a 12 y de 14 a 17 hs y estar\u00e1 a cargo del Lic. Dami\u00e1n Diaz cuya oficina se ubica en Planta Baja de la Sede de Av. C\u00f3rdoba 2445. Deber\u00e1n llevar impresos y con los datos completos que se solicitan los Formularios de Inscripciones de Materias Presenciales y Virtuales.<\/span><\/p>\n<p><span style=\"font-weight: 400;\">Las clases de materias presenciales comenzar\u00e1n el Lunes 8 de abril y las Virtuales el Lunes 15 de abril. Para cursar estas \u00faltimas recibir\u00e1n en la semana del 8 al 12\/4 el usuario y contrase\u00f1a que les permitir\u00e1 ingresar a la Plataforma Virtual y en ella encontrar\u00e1n habilitadas las materias en las que se inscribieron.&nbsp;<\/span><\/p>\n<p><span style=\"font-weight: 400;\">La documentaci\u00f3n que deben presentar en carpeta de tres solapas es:<\/span><\/p>\n<p><span style=\"font-weight: 400;\">Fotocopia del DNI (anverso y reverso)<\/span><\/p>\n<p><span style=\"font-weight: 400;\">Fotocopia del t\u00edtulo secundario (legalizado en la jurisdicci\u00f3n correspondiente).<\/span><\/p>\n<p><span style=\"font-weight: 400;\">Fotocopia del t\u00edtulo terciario del Piazzolla o la Constancia de T\u00edtulo en Tr\u00e1mite (en este \u00faltimo caso necesitar\u00edamos una certificado anal\u00edtico para ver las materias optativas que tienen aprobadas dado que tal vez alguna est\u00e9 en el Trayecto Curricular y por lo tanto se la dar\u00edamos aprobada por equivalencia).<\/span><\/p>\n<p><span style=\"font-weight: 400;\">2 fotos (una para el legajo y otra para la Libreta Universitaria).<\/span><\/p>\n<p><span style=\"font-weight: 400;\">Durante el primer cuatrimestre tendr\u00e1n que tramitar el apto psicof\u00edsico.<\/span><\/p>\n<p><span style=\"font-weight: 400;\">Todas las asignaturas tienen cursado Presencial, s\u00f3lo las de la grilla categorizadas como Virtuales se pueden cursar a distancia (en el segundo cuatrimestre se agregar\u00e1 Historia de la M\u00fasica Latinoamericana). Y, s\u00f3lo se podr\u00e1n rendir en condici\u00f3n de Libre las siguientes: Sociolog\u00eda de la Cultura, Historia de la M\u00fasica Argentina, Historia de la M\u00fasica Latinoamericana, Semi\u00f3tica de la M\u00fasica y Legislaci\u00f3n de lo art\u00edstico musical.<\/span><\/p>\n","protected":false},"excerpt":{"rendered":"<p>DAMUS &#8211; PIAZZOLLA Con alegr\u00eda queremos informarles que se ha firmado el Convenio entre nuestro Conservatorio y el DAMus \u2013 UNA, que permitir\u00e1 a nuestros egresados de los Planes DO GCBA 443\/2002, RS 222\/2010 y sus modificatorias , y RS \/ 2015, correspondientes a los Planes de T\u00e9cnico Superior en Instrumento y Profesor Superior de &#8230; <a title=\"Convenios\" class=\"read-more\" href=\"https:\/\/cmbsas-caba.infd.edu.ar\/sitio\/institucional\/graduados\/convenios\/\" aria-label=\"More on Convenios\">[+]<\/a><\/p>\n","protected":false},"author":309,"featured_media":0,"parent":1827,"menu_order":0,"comment_status":"closed","ping_status":"closed","template":"","meta":[],"acf":[],"_links":{"self":[{"href":"https:\/\/cmbsas-caba.infd.edu.ar\/sitio\/wp-json\/wp\/v2\/pages\/1837"}],"collection":[{"href":"https:\/\/cmbsas-caba.infd.edu.ar\/sitio\/wp-json\/wp\/v2\/pages"}],"about":[{"href":"https:\/\/cmbsas-caba.infd.edu.ar\/sitio\/wp-json\/wp\/v2\/types\/page"}],"author":[{"embeddable":true,"href":"https:\/\/cmbsas-caba.infd.edu.ar\/sitio\/wp-json\/wp\/v2\/users\/309"}],"replies":[{"embeddable":true,"href":"https:\/\/cmbsas-caba.infd.edu.ar\/sitio\/wp-json\/wp\/v2\/comments?post=1837"}],"version-history":[{"count":2,"href":"https:\/\/cmbsas-caba.infd.edu.ar\/sitio\/wp-json\/wp\/v2\/pages\/1837\/revisions"}],"predecessor-version":[{"id":4880,"href":"https:\/\/cmbsas-caba.infd.edu.ar\/sitio\/wp-json\/wp\/v2\/pages\/1837\/revisions\/4880"}],"up":[{"embeddable":true,"href":"https:\/\/cmbsas-caba.infd.edu.ar\/sitio\/wp-json\/wp\/v2\/pages\/1827"}],"wp:attachment":[{"href":"https:\/\/cmbsas-caba.infd.edu.ar\/sitio\/wp-json\/wp\/v2\/media?parent=1837"}],"curies":[{"name":"wp","href":"https:\/\/api.w.org\/{rel}","templated":true}]}}