{"id":1944,"date":"2020-05-31T10:28:28","date_gmt":"2020-05-31T13:28:28","guid":{"rendered":"https:\/\/cmbsas-caba.infd.edu.ar\/sitio\/?page_id=1944"},"modified":"2020-05-31T10:28:34","modified_gmt":"2020-05-31T13:28:34","slug":"encuentro-de-ensambles-de-percusion","status":"publish","type":"page","link":"https:\/\/cmbsas-caba.infd.edu.ar\/sitio\/encuentro-de-ensambles-de-percusion\/","title":{"rendered":"Encuentro de Ensambles de Percusi\u00f3n"},"content":{"rendered":"<h4>Encuentro de Ensambles de Percusi\u00f3n<\/h4>\n<p>Creado en el 2003 a propuesta de su directora Marina Calzado Linage. Est\u00e1 integrado por alumnos de todos los niveles del Conservatorio Superior de Musica de la Ciudad de Buenos Aires Astor Piazzolla constituyendo un espacio de formaci\u00f3n profesional de estos j\u00f3venes percusionistas. Ha contado con la participaci\u00f3n como directores invitados de Fabi\u00e1n Bermann , Dar\u00edo Ingignoli y Alfredo Corral. Se ha presentado en prestigiosas salas de nuestra ciudad: Teatro Col\u00f3n, Biblioteca Nacional, Legislatura de Buenos Aires , Auditorio del Conservatorio de Bs As , Colegio Nacional de Buenos Aires y Facultad de Medicina , entre otras. Particip\u00f3 del Dia de la Percusi\u00f3n organizado por Percusive Art Society ( 2004) y en el 1\u00ba Encuentro de Percusi\u00f3n organizado por la U.N.L.A (2008).<\/p>\n<p>+ info:\u00a0<a href=\"http:\/\/percusionbaires.blogspot.com\/\">http:\/\/percusionbaires.blogspot.com\/<\/a><\/p>\n<p><a href=\"https:\/\/www.facebook.com\/percusionbuenosaires\/\">Facebook del Encuentro<\/a><\/p>\n<p>&nbsp;<\/p>\n","protected":false},"excerpt":{"rendered":"<p>Encuentro de Ensambles de Percusi\u00f3n Creado en el 2003 a propuesta de su directora Marina Calzado Linage. Est\u00e1 integrado por alumnos de todos los niveles del Conservatorio Superior de Musica de la Ciudad de Buenos Aires Astor Piazzolla constituyendo un espacio de formaci\u00f3n profesional de estos j\u00f3venes percusionistas. Ha contado con la participaci\u00f3n como directores &#8230; <a title=\"Encuentro de Ensambles de Percusi\u00f3n\" class=\"read-more\" href=\"https:\/\/cmbsas-caba.infd.edu.ar\/sitio\/encuentro-de-ensambles-de-percusion\/\" aria-label=\"More on Encuentro de Ensambles de Percusi\u00f3n\">[+]<\/a><\/p>\n","protected":false},"author":309,"featured_media":0,"parent":0,"menu_order":0,"comment_status":"closed","ping_status":"closed","template":"","meta":[],"acf":[],"_links":{"self":[{"href":"https:\/\/cmbsas-caba.infd.edu.ar\/sitio\/wp-json\/wp\/v2\/pages\/1944"}],"collection":[{"href":"https:\/\/cmbsas-caba.infd.edu.ar\/sitio\/wp-json\/wp\/v2\/pages"}],"about":[{"href":"https:\/\/cmbsas-caba.infd.edu.ar\/sitio\/wp-json\/wp\/v2\/types\/page"}],"author":[{"embeddable":true,"href":"https:\/\/cmbsas-caba.infd.edu.ar\/sitio\/wp-json\/wp\/v2\/users\/309"}],"replies":[{"embeddable":true,"href":"https:\/\/cmbsas-caba.infd.edu.ar\/sitio\/wp-json\/wp\/v2\/comments?post=1944"}],"version-history":[{"count":1,"href":"https:\/\/cmbsas-caba.infd.edu.ar\/sitio\/wp-json\/wp\/v2\/pages\/1944\/revisions"}],"predecessor-version":[{"id":1945,"href":"https:\/\/cmbsas-caba.infd.edu.ar\/sitio\/wp-json\/wp\/v2\/pages\/1944\/revisions\/1945"}],"wp:attachment":[{"href":"https:\/\/cmbsas-caba.infd.edu.ar\/sitio\/wp-json\/wp\/v2\/media?parent=1944"}],"curies":[{"name":"wp","href":"https:\/\/api.w.org\/{rel}","templated":true}]}}