{"id":1947,"date":"2020-05-31T10:30:24","date_gmt":"2020-05-31T13:30:24","guid":{"rendered":"https:\/\/cmbsas-caba.infd.edu.ar\/sitio\/?page_id=1947"},"modified":"2024-04-19T11:13:24","modified_gmt":"2024-04-19T14:13:24","slug":"carreras","status":"publish","type":"page","link":"https:\/\/cmbsas-caba.infd.edu.ar\/sitio\/oferta-academica\/carreras\/","title":{"rendered":"Carreras"},"content":{"rendered":"\n<p class=\"has-medium-font-size\">Ofrecemos una formaci\u00f3n integral y profesional en todos los niveles, desde inicial para ni\u00f1os\/as hasta posgrado, abarcando una amplia variedad de instrumentos: Piano, Guitarra, Percusi\u00f3n, Bandone\u00f3n, Viol\u00edn, Viola, Violoncello, Contrabajo, Flauta Traversa, Flauta Dulce, Arpa, Clarinete, Oboe, Trompeta, Tromb\u00f3n, Fagot, Saxo y Corno. <em><strong>Todas nuestras carreras son de car\u00e1cter p\u00fablico y no arancelado.<\/strong><\/em><\/p>\n\n\n\n<h4 class=\"wp-block-heading\">Nuestras Carreras<\/h4>\n\n\n\n<ul>\n<li class=\"has-medium-font-size\"><a href=\"https:\/\/cmbsas-caba.infd.edu.ar\/sitio\/oferta-academica\/nivel-inicial-ninos\/\">Nivel Inicial (Ni\u00f1os)<\/a><\/li>\n\n\n\n<li class=\"has-medium-font-size\"><a href=\"https:\/\/cmbsas-caba.infd.edu.ar\/sitio\/nivel-medio-trayecto-artistico-profesional\/\">Nivel Medio (Trayecto Art\u00edstico Profesional)<\/a><\/li>\n\n\n\n<li class=\"has-medium-font-size\"><a href=\"https:\/\/cmbsas-caba.infd.edu.ar\/sitio\/nivel-superior-4\/\">Nivel Superior (Profesorados y Tecnicaturas)<\/a><\/li>\n\n\n\n<li class=\"has-medium-font-size\"><a href=\"https:\/\/cmbsas-caba.infd.edu.ar\/sitio\/postitulo\/\">Post\u00edtulo<\/a><\/li>\n<\/ul>\n","protected":false},"excerpt":{"rendered":"<p>Ofrecemos una formaci\u00f3n integral y profesional en todos los niveles, desde inicial para ni\u00f1os\/as hasta posgrado, abarcando una amplia variedad de instrumentos: Piano, Guitarra, Percusi\u00f3n, Bandone\u00f3n, Viol\u00edn, Viola, Violoncello, Contrabajo, Flauta Traversa, Flauta Dulce, Arpa, Clarinete, Oboe, Trompeta, Tromb\u00f3n, Fagot, Saxo y Corno. Todas nuestras carreras son de car\u00e1cter p\u00fablico y no arancelado. Nuestras Carreras<\/p>\n","protected":false},"author":309,"featured_media":0,"parent":1855,"menu_order":0,"comment_status":"closed","ping_status":"closed","template":"","meta":[],"acf":[],"_links":{"self":[{"href":"https:\/\/cmbsas-caba.infd.edu.ar\/sitio\/wp-json\/wp\/v2\/pages\/1947"}],"collection":[{"href":"https:\/\/cmbsas-caba.infd.edu.ar\/sitio\/wp-json\/wp\/v2\/pages"}],"about":[{"href":"https:\/\/cmbsas-caba.infd.edu.ar\/sitio\/wp-json\/wp\/v2\/types\/page"}],"author":[{"embeddable":true,"href":"https:\/\/cmbsas-caba.infd.edu.ar\/sitio\/wp-json\/wp\/v2\/users\/309"}],"replies":[{"embeddable":true,"href":"https:\/\/cmbsas-caba.infd.edu.ar\/sitio\/wp-json\/wp\/v2\/comments?post=1947"}],"version-history":[{"count":3,"href":"https:\/\/cmbsas-caba.infd.edu.ar\/sitio\/wp-json\/wp\/v2\/pages\/1947\/revisions"}],"predecessor-version":[{"id":5201,"href":"https:\/\/cmbsas-caba.infd.edu.ar\/sitio\/wp-json\/wp\/v2\/pages\/1947\/revisions\/5201"}],"up":[{"embeddable":true,"href":"https:\/\/cmbsas-caba.infd.edu.ar\/sitio\/wp-json\/wp\/v2\/pages\/1855"}],"wp:attachment":[{"href":"https:\/\/cmbsas-caba.infd.edu.ar\/sitio\/wp-json\/wp\/v2\/media?parent=1947"}],"curies":[{"name":"wp","href":"https:\/\/api.w.org\/{rel}","templated":true}]}}