{"id":1952,"date":"2020-05-31T10:52:51","date_gmt":"2020-05-31T13:52:51","guid":{"rendered":"https:\/\/cmbsas-caba.infd.edu.ar\/sitio\/?page_id=1952"},"modified":"2024-02-20T19:13:31","modified_gmt":"2024-02-20T22:13:31","slug":"orquesta-escuela","status":"publish","type":"page","link":"https:\/\/cmbsas-caba.infd.edu.ar\/sitio\/extension\/ensambles-del-piazzolla\/orquesta-escuela\/","title":{"rendered":"Orquesta Sinf\u00f3nica"},"content":{"rendered":"<h4>Dir. Edgar Ferrer<\/h4>\n<p class=\"has-text-align-center\" style=\"text-align: left;\"><strong>INCRIPCI\u00d3N COMPLETANDO EL&nbsp;<a href=\"https:\/\/conservatoriopiazzolla.ar\/\" target=\"_blank\" rel=\"noreferrer noopener\" data-type=\"URL\" data-id=\"https:\/\/conservatoriopiazzolla.ar\/\">SIGUIENTE FORMULARIO<\/a><\/strong><\/p>\n<p class=\"has-text-align-center\" style=\"text-align: left;\">Dudas: extension_piazzolla@buenosaires.gob.ar<\/p>\n<p><img decoding=\"async\" loading=\"lazy\" class=\"alignnone wp-image-2020 size-medium\" src=\"https:\/\/cmbsas-caba.infd.edu.ar\/sitio\/wp-content\/uploads\/2020\/06\/IMG_2499-1-1000x667.jpg\" alt=\"\" width=\"1000\" height=\"667\" srcset=\"https:\/\/cmbsas-caba.infd.edu.ar\/sitio\/wp-content\/uploads\/2020\/06\/IMG_2499-1-1000x667.jpg 1000w, https:\/\/cmbsas-caba.infd.edu.ar\/sitio\/wp-content\/uploads\/2020\/06\/IMG_2499-1-768x512.jpg 768w, https:\/\/cmbsas-caba.infd.edu.ar\/sitio\/wp-content\/uploads\/2020\/06\/IMG_2499-1-1900x1267.jpg 1900w\" sizes=\"(max-width: 1000px) 100vw, 1000px\" \/><\/p>\n<p>Creada en 2003 y dirigida desde entonces por el Maestro Edgar Ferrer, estren\u00f3 10 obras de compositores argentinos contempor\u00e1neos. En sus numerosas presentaciones cont\u00f3 con destacados solistas como Walter Ujald\u00f3n (guitarra), Alfredo Corral (piano), Claudio Barile (flauta), Pablo Mainetti (bandone\u00f3n), Hilda Herrera (piano), Ricardo Fiorio (bandone\u00f3n), Sebasti\u00e1n Zambrana (guitarra), Ana Rosa Rodr\u00edguez (flauta) y Marisol Otero (canto) entre otros. La Orquesta involucra aproximadamente a cuarenta m\u00fasicos entre docentes y alumnos. Los integrantes hacen una experiencia de orquesta y se integran en diversos conjuntos de m\u00fasica de c\u00e1mara. Adem\u00e1s, los alumnos se encargan de las orquestaciones, arreglos, copister\u00eda y archivo. Estas caracter\u00edsticas de participaci\u00f3n y corresponsabilidad, la transforman en una iniciativa \u00fanica en su g\u00e9nero.<\/p>\n<h4><a href=\"https:\/\/www.youtube.com\/watch?v=OL20QEkI7HM&amp;list=PLgLCKDm2kQgSvNrp9BvJ1OxzSFbSiPZaC&amp;ab_channel=ConservatoriodeM%C3%BAsicaAstorPiazzolla\"><strong>Youtube<\/strong><\/a><\/h4>\n","protected":false},"excerpt":{"rendered":"<p>Dir. Edgar Ferrer INCRIPCI\u00d3N COMPLETANDO EL&nbsp;SIGUIENTE FORMULARIO Dudas: extension_piazzolla@buenosaires.gob.ar Creada en 2003 y dirigida desde entonces por el Maestro Edgar Ferrer, estren\u00f3 10 obras de compositores argentinos contempor\u00e1neos. En sus numerosas presentaciones cont\u00f3 con destacados solistas como Walter Ujald\u00f3n (guitarra), Alfredo Corral (piano), Claudio Barile (flauta), Pablo Mainetti (bandone\u00f3n), Hilda Herrera (piano), Ricardo Fiorio (bandone\u00f3n), &#8230; <a title=\"Orquesta Sinf\u00f3nica\" class=\"read-more\" href=\"https:\/\/cmbsas-caba.infd.edu.ar\/sitio\/extension\/ensambles-del-piazzolla\/orquesta-escuela\/\" aria-label=\"More on Orquesta Sinf\u00f3nica\">[+]<\/a><\/p>\n","protected":false},"author":309,"featured_media":0,"parent":1787,"menu_order":0,"comment_status":"closed","ping_status":"closed","template":"","meta":[],"acf":[],"_links":{"self":[{"href":"https:\/\/cmbsas-caba.infd.edu.ar\/sitio\/wp-json\/wp\/v2\/pages\/1952"}],"collection":[{"href":"https:\/\/cmbsas-caba.infd.edu.ar\/sitio\/wp-json\/wp\/v2\/pages"}],"about":[{"href":"https:\/\/cmbsas-caba.infd.edu.ar\/sitio\/wp-json\/wp\/v2\/types\/page"}],"author":[{"embeddable":true,"href":"https:\/\/cmbsas-caba.infd.edu.ar\/sitio\/wp-json\/wp\/v2\/users\/309"}],"replies":[{"embeddable":true,"href":"https:\/\/cmbsas-caba.infd.edu.ar\/sitio\/wp-json\/wp\/v2\/comments?post=1952"}],"version-history":[{"count":7,"href":"https:\/\/cmbsas-caba.infd.edu.ar\/sitio\/wp-json\/wp\/v2\/pages\/1952\/revisions"}],"predecessor-version":[{"id":4935,"href":"https:\/\/cmbsas-caba.infd.edu.ar\/sitio\/wp-json\/wp\/v2\/pages\/1952\/revisions\/4935"}],"up":[{"embeddable":true,"href":"https:\/\/cmbsas-caba.infd.edu.ar\/sitio\/wp-json\/wp\/v2\/pages\/1787"}],"wp:attachment":[{"href":"https:\/\/cmbsas-caba.infd.edu.ar\/sitio\/wp-json\/wp\/v2\/media?parent=1952"}],"curies":[{"name":"wp","href":"https:\/\/api.w.org\/{rel}","templated":true}]}}