{"id":2079,"date":"2020-08-24T17:22:19","date_gmt":"2020-08-24T20:22:19","guid":{"rendered":"https:\/\/cmbsas-caba.infd.edu.ar\/sitio\/?page_id=2079"},"modified":"2020-09-23T16:56:38","modified_gmt":"2020-09-23T19:56:38","slug":"programa-2o-jornadas-de-musica-y-genero","status":"publish","type":"page","link":"https:\/\/cmbsas-caba.infd.edu.ar\/sitio\/programa-2o-jornadas-de-musica-y-genero\/","title":{"rendered":"Programa (2\u00ba Jornadas de M\u00fasica y G\u00e9nero)"},"content":{"rendered":"<p style=\"text-align: center;\"><span style=\"color: #800080;\"><strong>2 de Septiembre<\/strong><\/span><\/p>\n<p><strong><u>16 hs<\/u><\/strong><\/p>\n<p>Apertura institucional:<\/p>\n<p>Directora: Lic. Alicia De Couve<\/p>\n<p>Vicedirectores\u00a0 Prof. Jos\u00e9 Mar\u00eda Brusco, Lic. Marina Calzado Linage<\/p>\n<p>&#8211;<\/p>\n<p>Dra. Silvia Mart\u00ednez (Universitat Aut\u00f3noma de Barcelona, Espa\u00f1a):<\/p>\n<p>Introducci\u00f3n a la problem\u00e1tica y la perspectiva de g\u00e9nero en el marco europeo, el mundo anglosaj\u00f3n y la pen\u00ednsula ib\u00e9rica.<\/p>\n<p>Musicolog\u00eda en Latinoam\u00e9rica 1:<\/p>\n<p>Dra. Marita Fornaro (Coordinadora del Centro de Investigaci\u00f3n y docente de la Universidad de la Rep\u00fablica, Uruguay) \u201cMucho para una mujer: Mar\u00eda Eugenia Vaz Ferreira, poeta y compositora en el Uruguay del 900\u201d, Dra. M\u00f3nica Vermes (Universida de Federal do Espiritu Santo, Brasil): \u00abM\u00fasica, Pianos y Mujeres en la Belle \u00c9poque de Rio de Janeiro\u00bb. Dra. Silvia Glocer (IAE-FFyL, UBA, mygla, Argentina): \u201cLa m\u00fasica, la mujer y la revista Fray Mocho\u201d.<\/p>\n<p>Moderadora: Adriana Cerletti &#8211; Silvia Lobato<\/p>\n<p><strong><u>18hs<\/u><\/strong><\/p>\n<p>Compositoras, creaci\u00f3n y emancipaci\u00f3n:<\/p>\n<p>Eva Lopszyc (Foro Argentino de Compositoras) \u2014Nelly Gomez (Foro Argentino de Compositoras-Asociaci\u00f3n Argentina de Compositores)\u00a0 \u2013 Florencia Sirena (Uni\u00f3n Argentina de Compositoras de M\u00fasica) &#8211;\u00a0 Silvina Wainzenbaum (Uni\u00f3n Argentina de Compositoras de M\u00fasica) &#8211; Patricia Martinez. Coordina: Estela Telerman<\/p>\n<p><strong><u>20 hs<\/u><\/strong><\/p>\n<p>\u201cHablando de mujeres en la radio\u201d:<\/p>\n<p>Margariza Pollini (Hacedoras de m\u00fasica-\u00a0 RNC)- Margarita Zelarrayan (Cl\u00e1sica en La- RNC)- Aitana Kasulin (Mujeres de la m\u00fasica DAMUS)- Silvia Fernandez ( Mujerarteradio) &#8211; Mikki Lusardi (Radio Nacional Rock)<\/p>\n<p>Coordina : Patricia Casa\u00f1as<\/p>\n<h4><a href=\"https:\/\/cmbsas-caba.infd.edu.ar\/sitio\/02-09-ii-jornadas-de-musica-y-genero\/\"><strong>\u00a0+informaci\u00f3n sobre expositoras\/es<\/strong><\/a><\/h4>\n<p style=\"text-align: center;\"><span style=\"color: #800080;\"><strong>9 de septiembre<\/strong><\/span><\/p>\n<p><strong><u>16hs<\/u><\/strong><\/p>\n<p>Musicolog\u00eda en Latinoam\u00e9rica 2<\/p>\n<p>Dra. Eliana Monteiro da Silva (USP -\u201cSonora &#8211; m\u00fasicas y feminismos\u201d, mygla, Brasil): \u201cDe la alemana Clara Schumann (1819-1896) a las compositoras latinoamericanas de los siglos XX y XXI: una mirada hacia las mujeres en la m\u00fasica cl\u00e1sica occidental\u201d. Dra. Daniela Fugellie (Dir. Universidad Alberto Hurtado, Chile, mygla): \u201c\u00bfEspacios de emancipaci\u00f3n? Compositoras y mujeres int\u00e9rpretes de m\u00fasica contempor\u00e1nea durante la dictadura militar chilena\u201d. Dra Lorena Valdebenito (Dir. Pedagog\u00eda en M\u00fasica de la Universidad Alberto Hurtado, Chile, mygla): \u00abConstrucci\u00f3n de discursos sobre Violeta Parra como figura de la m\u00fasica en Chile\u201d.<\/p>\n<p>Modera:\u00a0 Adriana Cerletti &#8211; Rosa Chalkho<\/p>\n<p><strong><u>18hs<\/u><\/strong><\/p>\n<p>\u201cMujeres en instituciones educativas: del rol docente a la gesti\u00f3n\u00bb:<\/p>\n<p>Ada Risetto( Dir. Ed Artistica Educaci\u00f3n CABA), Cristina Vazquez (UNA) Alicia De Couve\u00a0 (Piazzolla), Alejandra Pustilnik ( DGEART),\u00a0 Andrea Zanfranceschi (J.J. Castro )<\/p>\n<p>Coordina: Paula Barrag\u00e1n<\/p>\n<p><strong><u>20h<\/u><\/strong><\/p>\n<p>\u201cLlevar la batuta: ayer, hoy y ma\u00f1ana\u201d<\/p>\n<p>Ligia Amadio (Orquesta Filarm\u00f3nica de Bogot\u00e1) &#8211; Anal\u00eda Miranda\u00a0 (Compa\u00f1\u00eda sinf\u00f3nico-coral ERIN)- Natalia Salinas \u2013 Marta Luna (ARTIS)- Yeny Delgado (Directora asistente de la Orquesta Sinf\u00f3nica de Salta)\u00a0 Coordina : Clara Parodi<\/p>\n<h4><a href=\"https:\/\/cmbsas-caba.infd.edu.ar\/sitio\/09-09-ii-jornadas-de-musica-y-genero\/\"><strong>\u00a0+informaci\u00f3n sobre expositoras\/es<\/strong><\/a><\/h4>\n<p style=\"text-align: center;\"><span style=\"color: #800080;\"><strong>16 de Septiembre<\/strong><\/span><\/p>\n<p><strong><u>16h <\/u><\/strong><\/p>\n<p>Etnomusicolog\u00eda y Folclore:<\/p>\n<p>Lic. Gimena Pacheco (Instituto de Ciencias Antropol\u00f3gicas, secci\u00f3n Etnohistoria, FFyL, UBA, mygla, Argentina) \u201cM\u00fasica folcl\u00f3rica e identidades etnico-nacionales\u201d. DraAdilPodhajcer (Equipo de Antropolog\u00eda del Cuerpo y la Perfomance, UBA, Red Latinoamericana de Mujeres Sikuris, mygla, Argentina) y Mag. Alejandra Vega (UNA\/Red Latinoamericana de Mujeres Sikuris, Argentina) \u201cDe la praxis a la etnoteor\u00eda. Agencia, pensamiento comunitario y Buen Vivir en los grupos femeninos de m\u00fasica sikuri en Argentina\u201d.<\/p>\n<p>Dra. Silvina Arg\u00fcello (UNC, Codirectora del Proyecto Consolidar de Secyt, mygla, Argentina) \u201cRosita Melo y el vals criollo Desde el alma\u201d. Prof. Natalia Guigou (Secci\u00f3n Etnohistoria-ICA-FFyL-UBA, mygla, Argentina): \u00abPablo del Cerro, una notable creadora. Una aproximaci\u00f3n a la vida y obra de Nenette Pepin Fitzpatrick\u201d.<\/p>\n<p>Modera: Adriana Cerletti &#8211; Marina Carrillo<\/p>\n<p><strong><u>18h<\/u><\/strong><\/p>\n<p>\u201cHacedoras: una mirada a la tarea de la producci\u00f3n audiovisual \u201c<\/p>\n<p>Eugenia Maneyro, Yanina Mora, Milagros Zavalia, Analia ( Margo) Bazan , Constanza Sanchez. Coordina: Vanesa Del Barco<\/p>\n<p><strong><u>20h<\/u><\/strong><\/p>\n<p>\u201cMujeres en escena\u201d<\/p>\n<p>Marisa Hurtado ( contrabajo ) , Eleonora Ferreyra (Bandone\u00f3n ), Carolina Cohen (percusi\u00f3n) Ingrid Bay (Trombon), Mavi Diaz (cantante , Radio Nacional Folkl\u00f3rica) &#8211; Roxana Villavicencio<\/p>\n<p>Coordina Elena Buchbinder<\/p>\n<h4><a href=\"https:\/\/cmbsas-caba.infd.edu.ar\/sitio\/16-09-ii-jornadas-de-musica-y-genero\/\"><strong>\u00a0+informaci\u00f3n sobre expositoras\/es<\/strong><\/a><\/h4>\n<p style=\"text-align: center;\"><span style=\"color: #800080;\"><strong>23 de septiembre<\/strong><\/span><\/p>\n<p><strong><u>16 h<\/u><\/strong><\/p>\n<p>Tango:<\/p>\n<p>Mag. Mariana Tsiftsis (UNLP C\u00e1tedra Libre, mygla, Argentina) \u201cLas artistas que se presentaron y grabaron con Villoldo\u201d. Lic. Fernanda Suppicich (UNQ, mygla, Argentina): \u201cLa interpretaci\u00f3n en Rosita Quiroga: canto, imagen y mestizaje\u201d. Dra. Marina Ca\u00f1ardo (UBA, Dir. Museo Casa Carlos Gardel, Argentina) \u201cRosita Quiroga y la Compa\u00f1\u00eda Victor de las Comedias: el radioteatro antes de la radio\u201d. Mag. Paloma Martin (Dto. de M\u00fasica, Facultad de Artes, Universidad de Chile. Instituto de M\u00fasica, Facultad de Humanidades, Universidad Alberto Hurtado, Chile, mygla): \u201cTetradimensi\u00f3n creativa femenina en el tango\u201d.<\/p>\n<p>Moderadora: Paula Mesa<\/p>\n<p><strong><u>18h<\/u><\/strong><\/p>\n<p>\u201cDiversidad e inclusi\u00f3n \u201c<\/p>\n<p>Maria Castillo de Lima, Victoria Martinez Dauro , Fifi Real,\u00a0Glauber Resende<\/p>\n<p>Coordina: \u00a0Ariel Zimbaldo<\/p>\n<p><strong><u>20h<\/u><\/strong><\/p>\n<p>\u201cMujeres y gesti\u00f3n: reflexiones sobre el actual panorama de la producci\u00f3n art\u00edstica musical<\/p>\n<p>Juli Consigli\u00a0 (Virtuoso Records-Radio Nacional Cl\u00e1sica)-\u00a0 &#8211; Gabriela Levite (M\u00fasica Cl\u00e1sica BA)- Ana DAnna (Buenos Aires Lirica) &#8211; Patricia Pouchulu (La bella m\u00fasica)<\/p>\n<p>Coordina: Victoria Gandini<\/p>\n<h4><a href=\"https:\/\/cmbsas-caba.infd.edu.ar\/sitio\/23-09-ii-jornadas-de-musica-y-genero\/\"><strong>\u00a0+informaci\u00f3n sobre expositoras\/es<\/strong><\/a><\/h4>\n<p style=\"text-align: center;\"><span style=\"color: #800080;\"><strong>30 de septiembre <\/strong><\/span><\/p>\n<p><strong><u>16h<\/u><\/strong><\/p>\n<p>Corporalidades y Artivismo<\/p>\n<div>\n<div>Dra. Lorena Verzero (UBA\/CONICET, Argentina)\u00a0 \u00abCorporalidades interrumpidas: Experiencias pol\u00edtico-afectivas para la (post)pandemia\u00bb. Equipo Red de y desde los cuerpos<\/div>\n<div>coordinado por Dra. Silvia Citro (UBA\/CONICET, Argentina): \u201cPasajes del NiUnaMenos, abordajes desde la performance-investigaci\u00f3n\u201d; en representaci\u00f3n: Lic. Cynthia Pinski y Lic. Victoria Polti. Lic. Gabriela Ramos \u201cM\u00fasica y educaci\u00f3n sexual: aliadas en la sororidad\u201d (Coordinadora del Centro Tantosha especializado en ESI, UCES, UNLujan, mygla, Argentina)<\/div>\n<\/div>\n<p>Moderadora: Lilia Sanchez<\/p>\n<p><strong><u>18 h<\/u><\/strong><\/p>\n<p>Una mirada federal: realidades y luchas en cada rinc\u00f3n<\/p>\n<p>Paula Rivera (Vicepresidenta del Instituto Nacional de la M\u00fasica, INAMU) \u2013 Nancy Pedro (Coordinadora de la Regi\u00f3n NOA del Instituto Nacional de la M\u00fasica, INAMU) Carolina Haick\u00a0(m\u00fasica, docente, presidente de Asoc. Civil M\u00fasica de Mujeres de Santiago del Estero) \u2013 Claudia Fabiana Barraza (Red de Mujeres m\u00fasicas y disidencias &#8211; Jujuy), Teresa Parodi (cantautora, ex\u00a0Ministra de Cultura de la Naci\u00f3n)<\/p>\n<p>Coordina Maria Ines Velazquez<\/p>\n<p><strong><u>20hs<\/u><\/strong><\/p>\n<p>Mujeres, m\u00fasica y espacios de poder<\/p>\n<p>Andrea Merenzon( Radio Nacional Cl\u00e1sica ) &#8211; Diana Canela\u00a0 (Filarm\u00f3nica -Teatro Col\u00f3n )- Denise Timmerman ( Mozarteum Argentino ) \u2013 Mar\u00eda Jaunarena ( Dir. Ejecutiva Juventus Lyrica ) Coordina:\u00a0 Marina Calzado Linage<\/p>\n<h4><a href=\"https:\/\/cmbsas-caba.infd.edu.ar\/sitio\/30-09-ii-jornadas-de-musica-y-genero\/\"><strong>\u00a0+informaci\u00f3n sobre expositoras\/es<\/strong><\/a><\/h4>\n","protected":false},"excerpt":{"rendered":"<p>2 de Septiembre 16 hs Apertura institucional: Directora: Lic. Alicia De Couve Vicedirectores\u00a0 Prof. Jos\u00e9 Mar\u00eda Brusco, Lic. Marina Calzado Linage &#8211; Dra. Silvia Mart\u00ednez (Universitat Aut\u00f3noma de Barcelona, Espa\u00f1a): Introducci\u00f3n a la problem\u00e1tica y la perspectiva de g\u00e9nero en el marco europeo, el mundo anglosaj\u00f3n y la pen\u00ednsula ib\u00e9rica. Musicolog\u00eda en Latinoam\u00e9rica 1: Dra. &#8230; <a title=\"Programa (2\u00ba Jornadas de M\u00fasica y G\u00e9nero)\" class=\"read-more\" href=\"https:\/\/cmbsas-caba.infd.edu.ar\/sitio\/programa-2o-jornadas-de-musica-y-genero\/\" aria-label=\"More on Programa (2\u00ba Jornadas de M\u00fasica y G\u00e9nero)\">[+]<\/a><\/p>\n","protected":false},"author":309,"featured_media":0,"parent":0,"menu_order":0,"comment_status":"closed","ping_status":"closed","template":"","meta":[],"acf":[],"_links":{"self":[{"href":"https:\/\/cmbsas-caba.infd.edu.ar\/sitio\/wp-json\/wp\/v2\/pages\/2079"}],"collection":[{"href":"https:\/\/cmbsas-caba.infd.edu.ar\/sitio\/wp-json\/wp\/v2\/pages"}],"about":[{"href":"https:\/\/cmbsas-caba.infd.edu.ar\/sitio\/wp-json\/wp\/v2\/types\/page"}],"author":[{"embeddable":true,"href":"https:\/\/cmbsas-caba.infd.edu.ar\/sitio\/wp-json\/wp\/v2\/users\/309"}],"replies":[{"embeddable":true,"href":"https:\/\/cmbsas-caba.infd.edu.ar\/sitio\/wp-json\/wp\/v2\/comments?post=2079"}],"version-history":[{"count":29,"href":"https:\/\/cmbsas-caba.infd.edu.ar\/sitio\/wp-json\/wp\/v2\/pages\/2079\/revisions"}],"predecessor-version":[{"id":2306,"href":"https:\/\/cmbsas-caba.infd.edu.ar\/sitio\/wp-json\/wp\/v2\/pages\/2079\/revisions\/2306"}],"wp:attachment":[{"href":"https:\/\/cmbsas-caba.infd.edu.ar\/sitio\/wp-json\/wp\/v2\/media?parent=2079"}],"curies":[{"name":"wp","href":"https:\/\/api.w.org\/{rel}","templated":true}]}}