{"id":2307,"date":"2020-09-25T12:05:35","date_gmt":"2020-09-25T15:05:35","guid":{"rendered":"https:\/\/cmbsas-caba.infd.edu.ar\/sitio\/?page_id=2307"},"modified":"2020-09-30T09:02:56","modified_gmt":"2020-09-30T12:02:56","slug":"jornadas-de-produccion-musical-2020","status":"publish","type":"page","link":"https:\/\/cmbsas-caba.infd.edu.ar\/sitio\/jornadas-de-produccion-musical-2020\/","title":{"rendered":"IV Jornadas de Producci\u00f3n Musical"},"content":{"rendered":"<h3>Del 1 al 8 de Octubre<\/h3>\n<p>Estas jornadas intentan generar redes entre nuestrxs estudiantes y profesionales de nuestro medio art\u00edstico y t\u00e9cnico ampliando a toda la comunidad del conservatorio y p\u00fablico interesado en general. En circunstancias tan particulares como las que nos toca vivir este a\u00f1o, se nos vuelve imprescindible acercarnos y desde la virtualidad en la que nos vemos inmersos generar espacios de encuentro que nos incentiven, nos ayuden a repensarnos y buscar mejorar en todos los aspectos posibles. Nuestra carrera de Producci\u00f3n Musical Art\u00edstica viene llevando adelante estos encuentros en a\u00f1os anteriores de manera presencial con resultados muy satisfactorios.\u00a0 Estas circunstancias\u00a0 nos llevan a la virtualidad, a generar otras maneras de comunicaci\u00f3n y mostrar todo lo interesante que sucede en nuestra instituci\u00f3n. A su vez la participaci\u00f3n activa de nuestrxs estudiantes en los a\u00f1os previos (algo fundamental para llevarlas a cabo) esta vez ser\u00e1 doblemente apreciada, no solamente por el incentivo que les genera hacerlo sino tambi\u00e9n para seguir acrecentando el sentido de pertenencia a nuestra comunidad. Por supuesto abrir el espacio para que personas reconocidas que activamente trabajan en el medio les brindar\u00e1 a nuestrxs estudiantes un panorama de \u201cprimera mano\u201d de como es el entorno laboral, las distintas ramas en las cuales especializarse y sobre todo conocer la experiencia real para la que se est\u00e1n preparando.<\/p>\n<p><strong>Objetivos:<\/strong><br \/>\n&#8211; Conocer profesionales reconocidos como referentes en sus campos de especializaci\u00f3n.<br \/>\n&#8211; Compartir experiencias para enriquecer el recorrido acad\u00e9mico de lxs estudiantes.<br \/>\n&#8211; Generar en lxs estudiantes motivaci\u00f3n, valorado doblemente en la situaci\u00f3n social actual.<br \/>\n&#8211; Abrir la instituci\u00f3n hacia el afuera y tejer redes.<br \/>\n&#8211; Mostrar producciones de nuestro alumnado.<br \/>\n&#8211; Generar espacios donde lxs estudiantes se profesionalicen gracias a las ponencias de profesionales del medio.<br \/>\n&#8211; Afianzar lazos en nuestra comunidad educativa entre lxs estudiantes de las distintas carreras.<\/p>\n<p>Las actividades se realizar\u00e1n via zoom y se transmitir\u00e1n por las redes sociales de nuestro conservatorio.<\/p>\n<p>Contacto: conservatorio_piazzolla@buenosaires.gob.ar<\/p>\n<p>Inscripciones <a href=\"https:\/\/forms.gle\/MmX2qVapg39q7UXW7\"><strong>AQUI<\/strong><\/a><\/p>\n<h2 style=\"text-align: center;\"><a href=\"https:\/\/cmbsas-caba.infd.edu.ar\/sitio\/programa-jornadas-de-produccion-musical-2020\/\">VER PROGRAMACI\u00d3N<\/a><\/h2>\n","protected":false},"excerpt":{"rendered":"<p>Del 1 al 8 de Octubre Estas jornadas intentan generar redes entre nuestrxs estudiantes y profesionales de nuestro medio art\u00edstico y t\u00e9cnico ampliando a toda la comunidad del conservatorio y p\u00fablico interesado en general. En circunstancias tan particulares como las que nos toca vivir este a\u00f1o, se nos vuelve imprescindible acercarnos y desde la virtualidad &#8230; <a title=\"IV Jornadas de Producci\u00f3n Musical\" class=\"read-more\" href=\"https:\/\/cmbsas-caba.infd.edu.ar\/sitio\/jornadas-de-produccion-musical-2020\/\" aria-label=\"More on IV Jornadas de Producci\u00f3n Musical\">[+]<\/a><\/p>\n","protected":false},"author":309,"featured_media":0,"parent":0,"menu_order":0,"comment_status":"closed","ping_status":"closed","template":"","meta":[],"acf":[],"_links":{"self":[{"href":"https:\/\/cmbsas-caba.infd.edu.ar\/sitio\/wp-json\/wp\/v2\/pages\/2307"}],"collection":[{"href":"https:\/\/cmbsas-caba.infd.edu.ar\/sitio\/wp-json\/wp\/v2\/pages"}],"about":[{"href":"https:\/\/cmbsas-caba.infd.edu.ar\/sitio\/wp-json\/wp\/v2\/types\/page"}],"author":[{"embeddable":true,"href":"https:\/\/cmbsas-caba.infd.edu.ar\/sitio\/wp-json\/wp\/v2\/users\/309"}],"replies":[{"embeddable":true,"href":"https:\/\/cmbsas-caba.infd.edu.ar\/sitio\/wp-json\/wp\/v2\/comments?post=2307"}],"version-history":[{"count":10,"href":"https:\/\/cmbsas-caba.infd.edu.ar\/sitio\/wp-json\/wp\/v2\/pages\/2307\/revisions"}],"predecessor-version":[{"id":2348,"href":"https:\/\/cmbsas-caba.infd.edu.ar\/sitio\/wp-json\/wp\/v2\/pages\/2307\/revisions\/2348"}],"wp:attachment":[{"href":"https:\/\/cmbsas-caba.infd.edu.ar\/sitio\/wp-json\/wp\/v2\/media?parent=2307"}],"curies":[{"name":"wp","href":"https:\/\/api.w.org\/{rel}","templated":true}]}}