{"id":2359,"date":"2020-10-16T17:59:21","date_gmt":"2020-10-16T20:59:21","guid":{"rendered":"https:\/\/cmbsas-caba.infd.edu.ar\/sitio\/?page_id=2359"},"modified":"2024-10-24T00:00:49","modified_gmt":"2024-10-24T03:00:49","slug":"encuentro-de-ensambles-de-percusion-2","status":"publish","type":"page","link":"https:\/\/cmbsas-caba.infd.edu.ar\/sitio\/extension\/festivales\/encuentro-de-ensambles-de-percusion-2\/","title":{"rendered":"Encuentro de Ensambles de Percusi\u00f3n"},"content":{"rendered":"<p><strong>Del 24 al 26 de octubre de 2024, la ciudad de Buenos Aires se llenar\u00e1 de ritmo con el 12\u00ba Encuentro de Ensambles de Percusi\u00f3n<\/strong>. Este evento, de entrada libre y gratuita, brindar\u00e1 conciertos, masterclasses y talleres que celebran la diversidad de la percusi\u00f3n en la m\u00fasica acad\u00e9mica y popular.<\/p>\n<p>El Conservatorio Astor Piazzolla ser\u00e1 el epicentro de un encuentro \u00fanico donde convergen ensambles de percusi\u00f3n de la m\u00fasica acad\u00e9mica y popular, con la participaci\u00f3n de los principales representantes de todos los g\u00e9neros musicales. Adem\u00e1s de los conciertos y clases magistrales, el evento culminar\u00e1 en un cierre en el auditorio principal de la Facultad de Derecho de la UBA.<\/p>\n<p><strong>Este evento, organizado por el Conservatorio Superior de M\u00fasica Astor Piazzolla y dirigido por Marina Calzado Linage, contar\u00e1 con la presencia de Pipi Piazzolla, Dami\u00e1n Carrasco, Franco Rapetti, Ensambles del Falla, UNA y Timbaty Escuela Samba.<\/strong><\/p>\n<p>Los Encuentros de Ensambles de Percusi\u00f3n tienen como objetivo promover el conocimiento, la colaboraci\u00f3n y el contacto entre profesionales, estudiantes, docentes e instituciones que se dedican a la percusi\u00f3n en sus diversas manifestaciones. Estos encuentros fueron pioneros en esta tarea formativa e informativa y se han convertido en un evento esencial para la comunidad de percusionistas de todo el pa\u00eds.<\/p>\n<p>Todas las actividades, a excepci\u00f3n del concierto de cierre, se realizar\u00e1n en la sede del Conservatorio Superior de M\u00fasica Astor Piazzolla, una instituci\u00f3n p\u00fablica y gratuita de la Ciudad de Buenos Aires.<\/p>\n<p><strong>Ubicaci\u00f3n<\/strong>: Conservatorio Astor Piazzolla, Sarmiento 3401, CABA.<\/p>\n<hr \/>\n<h4 style=\"text-align: center;\"><strong>Programaci\u00f3n:<\/strong><\/h4>\n<p><b>Jueves 24<\/b><\/p>\n<ul>\n<li style=\"font-weight: 400;\" aria-level=\"1\"><b>17:00 h<\/b><span style=\"font-weight: 400;\"> &#8211; Concierto ensamble de percusi\u00f3n de la UNA<\/span><\/li>\n<li style=\"font-weight: 400;\" aria-level=\"1\"><b>18:00 h<\/b><span style=\"font-weight: 400;\"> &#8211; Masterclass Dami\u00e1n Carrasco: \u00abEl arte de las escobillas en el Jazz\u00bb<\/span><\/li>\n<li style=\"font-weight: 400;\" aria-level=\"1\"><b>19:00 h<\/b><span style=\"font-weight: 400;\"><span style=\"font-weight: 400;\"> &#8211; Concierto de Ensamble de Percusi\u00f3n \u00abRub\u00e9n Lobo\u00bb del Conservatorio Manuel de Falla (folklore-tango)<\/span><\/span><\/li>\n<\/ul>\n<p><b>Viernes 25<\/b><\/p>\n<ul>\n<li style=\"font-weight: 400;\" aria-level=\"1\"><b>11:00 h <\/b><span style=\"font-weight: 400;\">&#8211; Masterclass Pipi Piazzolla: \u00abInformaci\u00f3n fundamental para el baterista\u00bb<\/span><\/li>\n<li style=\"font-weight: 400;\" aria-level=\"1\"><b>18.30h<\/b><span style=\"font-weight: 400;\">: &#8211; Quique Gentile: \u201cDrumming de Campo &#8211; Alejandro Korn\u201d<\/span><\/li>\n<li style=\"font-weight: 400;\" aria-level=\"1\"><b>19:30 h <\/b><span style=\"font-weight: 400;\">&#8211; Franco Rapetti: Taller de repertorio orquestal\u00a0<\/span><\/li>\n<li style=\"font-weight: 400;\" aria-level=\"1\"><b>20:30 h<\/b><span style=\"font-weight: 400;\"><span style=\"font-weight: 400;\"> &#8211; Timbaty Escuela Samba<\/span><\/span><\/li>\n<\/ul>\n<p><b>S\u00e1bado 26<\/b><\/p>\n<ul>\n<li aria-level=\"1\"><b>18:00 h &#8211; Cierre<\/b><\/li>\n<\/ul>\n<ul>\n<li style=\"list-style-type: none;\">\n<ul>\n<li style=\"font-weight: 400;\" aria-level=\"2\"><span style=\"font-weight: 400;\">Ensamble de percusi\u00f3n de la UNA (Dir. Marina Calzado Linage)<\/span><\/li>\n<li style=\"font-weight: 400;\" aria-level=\"2\"><span style=\"font-weight: 400;\">Concierto de los Ensambles de Percusi\u00f3n del Piazzolla y del UNA (Dir. Marina Calzado Linage) junto a coros del Piazzolla (Prof. Pablo Clari\u00e1)<\/span><\/li>\n<\/ul>\n<\/li>\n<\/ul>\n<hr \/>\n<h5><strong>Acerca del Ensamble de Percusi\u00f3n del Conservatorio Astor Piazzolla<\/strong><\/h5>\n<p>El Ensamble de Percusi\u00f3n del Conservatorio Astor Piazzolla fue creado en 2003 a propuesta de su directora Marina Calzado Linage. Est\u00e1 integrado por alumnos de todos los niveles del Conservatorio, constituyendo un espacio de formaci\u00f3n profesional para estos j\u00f3venes percusionistas.<\/p>\n<p>Ha contado con la participaci\u00f3n como directores invitados de Fabi\u00e1n Bermann, Lucio Bruno Videla, Dar\u00edo Ingignoli, Hern\u00e1n S\u00e1nchez Arteaga, Alfredo Corral, Gustavo Codina, Carlos Calleja, Diego Lurbe, Miguel Pesce, Camilo Santoestefano, C\u00e9sar Bustamante y Salvatore Caputo.<\/p>\n<p>Se ha presentado en prestigiosas salas de la ciudad como el Teatro Col\u00f3n, Biblioteca Nacional, Legislatura de Buenos Aires, Colegio Nacional de Buenos Aires, Facultad de Derecho UBA, Centro Nacional de M\u00fasica, Facultad de Medicina UBA, Teatro 25 de Mayo, Usina del Arte, CCK y Teatro Gran Rex, entre otras.<\/p>\n<p>Particip\u00f3 en el D\u00eda de la Percusi\u00f3n organizado por Percussive Art Society, en el 1\u00ba Encuentro de Percusi\u00f3n &#8211; UNLA, en el 1\u00ba, 2\u00ba, 3\u00ba, 4\u00ba y 5\u00ba Encuentro Internacional de Ensambles de Percusi\u00f3n del Conservatorio \u00abAstor Piazzolla\u00bb, en el X Festival de Percusi\u00f3n \u00abArte a Palos\u00bb, y en la Noche de los Museos de la Ciudad de Buenos Aires (2010, 2013, 2014, 2016). Adem\u00e1s, se present\u00f3 en el Ciclo de \u00abConciertos del Mediod\u00eda\u00bb del Mozarteum Argentino, junto con la Agrupaci\u00f3n Coral Lag\u00fan Onak, interpretando <em>Carmina Burana<\/em> de Carl Orff. Tambi\u00e9n particip\u00f3 en el estreno argentino de <em>The Desert Music<\/em> de Steve Reich junto a la agrupaci\u00f3n coral Musicaquantica bajo la direcci\u00f3n de Camilo Santoestefano.<\/p>\n<p>Particip\u00f3 en el CD de la \u00f3pera argentina <em>Chasca<\/em> de Enrique Mario Casella (sello Tradici\u00f3n) y en el estreno latinoamericano de la \u00f3pera <em>Pulgarcito<\/em> de H. Henze junto al Coro de Ni\u00f1os del Teatro Col\u00f3n bajo la direcci\u00f3n de C\u00e9sar Bustamante.<\/p>\n<p>Direcci\u00f3n: Marina Calzado Linage<\/p>\n<h2 style=\"text-align: center;\"><\/h2>\n","protected":false},"excerpt":{"rendered":"<p>Del 24 al 26 de octubre de 2024, la ciudad de Buenos Aires se llenar\u00e1 de ritmo con el 12\u00ba Encuentro de Ensambles de Percusi\u00f3n. Este evento, de entrada libre y gratuita, brindar\u00e1 conciertos, masterclasses y talleres que celebran la diversidad de la percusi\u00f3n en la m\u00fasica acad\u00e9mica y popular. El Conservatorio Astor Piazzolla ser\u00e1 &#8230; <a title=\"Encuentro de Ensambles de Percusi\u00f3n\" class=\"read-more\" href=\"https:\/\/cmbsas-caba.infd.edu.ar\/sitio\/extension\/festivales\/encuentro-de-ensambles-de-percusion-2\/\" aria-label=\"More on Encuentro de Ensambles de Percusi\u00f3n\">[+]<\/a><\/p>\n","protected":false},"author":309,"featured_media":0,"parent":1797,"menu_order":0,"comment_status":"closed","ping_status":"closed","template":"","meta":[],"acf":[],"_links":{"self":[{"href":"https:\/\/cmbsas-caba.infd.edu.ar\/sitio\/wp-json\/wp\/v2\/pages\/2359"}],"collection":[{"href":"https:\/\/cmbsas-caba.infd.edu.ar\/sitio\/wp-json\/wp\/v2\/pages"}],"about":[{"href":"https:\/\/cmbsas-caba.infd.edu.ar\/sitio\/wp-json\/wp\/v2\/types\/page"}],"author":[{"embeddable":true,"href":"https:\/\/cmbsas-caba.infd.edu.ar\/sitio\/wp-json\/wp\/v2\/users\/309"}],"replies":[{"embeddable":true,"href":"https:\/\/cmbsas-caba.infd.edu.ar\/sitio\/wp-json\/wp\/v2\/comments?post=2359"}],"version-history":[{"count":10,"href":"https:\/\/cmbsas-caba.infd.edu.ar\/sitio\/wp-json\/wp\/v2\/pages\/2359\/revisions"}],"predecessor-version":[{"id":5709,"href":"https:\/\/cmbsas-caba.infd.edu.ar\/sitio\/wp-json\/wp\/v2\/pages\/2359\/revisions\/5709"}],"up":[{"embeddable":true,"href":"https:\/\/cmbsas-caba.infd.edu.ar\/sitio\/wp-json\/wp\/v2\/pages\/1797"}],"wp:attachment":[{"href":"https:\/\/cmbsas-caba.infd.edu.ar\/sitio\/wp-json\/wp\/v2\/media?parent=2359"}],"curies":[{"name":"wp","href":"https:\/\/api.w.org\/{rel}","templated":true}]}}