{"id":2361,"date":"2020-10-16T18:01:47","date_gmt":"2020-10-16T21:01:47","guid":{"rendered":"https:\/\/cmbsas-caba.infd.edu.ar\/sitio\/?page_id=2361"},"modified":"2020-10-24T18:11:18","modified_gmt":"2020-10-24T21:11:18","slug":"programa-9oencuentro-ensambles-de-percusion","status":"publish","type":"page","link":"https:\/\/cmbsas-caba.infd.edu.ar\/sitio\/programa-9oencuentro-ensambles-de-percusion\/","title":{"rendered":"Programa 9\u00baEncuentro Ensambles de Percusion"},"content":{"rendered":"<h3><span style=\"color: #333399;\"><strong>24 de Octubre<\/strong><\/span><\/h3>\n<p>12h \u2013 Apertura institucional \u2013 Mesa: Percusi\u00f3n en pandemia Ernesto Sassi Parrile , Daniela Cervetto. Modera : Mariano Palomba<br \/>\n14h \u2013 Entrevista- Tony Miceli (EE.UU)<br \/>\n16h \u2013Masterclass Miguel Alberghini\u201cPercusi\u00f3n con objetos, jugando con los timbres\u00bb<br \/>\n18h &#8211; Tomi Sainz \u2013 Entrevista + masterclass (Argentina)<br \/>\n19h \u2013 Ser rudimental<\/p>\n<h4><a href=\"https:\/\/cmbsas-caba.infd.edu.ar\/sitio\/24-10\/\"><strong>\u00a0+ info sobre expositores y grupos<\/strong><\/a><\/h4>\n<h3><span style=\"color: #333399;\"><strong>25 de Octubre<\/strong><\/span><\/h3>\n<p>13h &#8211; Programa\u00bbCon bombos y platillos\u00bb por Radio Nacional Cl\u00e1sica<br \/>\n14h &#8211; Masterclass Matthew Lau (Hong Kong) \u00abDefiniendo tu identidad y carrera musical\u00bb<br \/>\n16h &#8211; Entrevista \u2013\u2013 Franco Rappetti (Argentina) por Ignacio Corrales<br \/>\n18h &#8211; Entrevista \u2013 Andrea Alvarez (Argentina) por Marina Calzado Linage<br \/>\n19 &#8211;\u00a0<span style=\"font-weight: 400;\">Ensamble de Percusi\u00f3n folcl\u00f3rica del Conservatorio\u201c Manuel de Falla\u201d Dir. Mariano Gomez- Jorge Orlando \/\/\u00a0<\/span><span style=\"font-weight: 400;\">Virtus ensamble &#8211;\u00a0 EMBA Quilmes.\u00a0 Dir.\u00a0 Lic. Mar\u00eda Eugenia Romera y Prof. Juan Ringer<\/span><\/p>\n<h4><a href=\"https:\/\/cmbsas-caba.infd.edu.ar\/sitio\/25-10\/\"><strong>\u00a0+ info sobre expositores y grupos<\/strong><\/a><\/h4>\n<h3><span style=\"color: #333399;\"><strong>26 de Octubre<\/strong><\/span><\/h3>\n<p>12h &#8211; Entrevista Sergio Graziosi<br \/>\n14h &#8211; Masterclass Nick Werth \u00abpads y software\u00bb<br \/>\n16h &#8211; Daniela Cervetto &#8211; Master Class Pandeiro: T\u00e9cnica, Estilos y Ritmos Brasileiros.<br \/>\n18h &#8211; Entrevista &#8211; Andrea Venet( EEUU)<br \/>\n19h &#8211;\u00a0Ensamble de IUPA \u2013Roca, Rio Negro . Dir. Angel Frette &#8211; Fabi\u00e1n Poblete<\/p>\n<h4><a href=\"https:\/\/cmbsas-caba.infd.edu.ar\/sitio\/26-10\/\"><strong>\u00a0+ info sobre expositores y grupos<\/strong><\/a><\/h4>\n<h3><span style=\"color: #333399;\"><strong>27 de Octubre<\/strong><\/span><\/h3>\n<p>12h &#8211; Entrevista Marina Calzado Linage por Pauline Roberts y Mailen Eliges<br \/>\n14h &#8211; Masterclass Sebasti\u00e1n Hoyos: \u201cT\u00e9cnica Rudimental Aplicada al Tambor\u201d.<br \/>\n16h &#8211; Entrevista Lucho Pellegrini por\u00a0Mailen Eliges<br \/>\n18h &#8211;\u00a0Masterclass Mariano Gomez- Folklore argentino del NOA<br \/>\n19h &#8211;\u00a0Tcha Degaa da \u2013 Percusi\u00f3n Rudimental \u2013 Dir. Nacho Pilnik<\/p>\n<h4><a href=\"https:\/\/cmbsas-caba.infd.edu.ar\/sitio\/27-10\/\"><strong>\u00a0+ info sobre expositores y grupos<\/strong><\/a><\/h4>\n<h3><span style=\"color: #333399;\"><strong>28 de Octubre<\/strong><\/span><\/h3>\n<p>12h &#8211; Entrevista Giulliana Merello\u00a0por Mailen Eliges<br \/>\n14h &#8211; Entrevista Pedro \u00bb el Perro\u00bb Rodr\u00edguez (La Delio Valdez)<br \/>\n16h &#8211; Entrevista Ricardo Bologna (Brasil) por Ignacio Corrales<br \/>\n18h &#8211; Recital por streaming Red de Vibrafonistas &#8211; 442<br \/>\n19h\u00a0 E<span style=\"font-weight: 400;\">nsamble de percusi\u00f3n del ISSA ( Dir. Arauco Yepes) \/\u00a0<\/span><span style=\"font-weight: 400;\">Ensamble de Percusi\u00f3n F\u00e9lix T. Garz\u00f3n (C\u00f3rdoba).\u00a0\u00a0<\/span><span style=\"font-weight: 400;\">Dir.\u00a0 Roxana Villavicencio<\/span><\/p>\n<h4><a href=\"https:\/\/cmbsas-caba.infd.edu.ar\/sitio\/28-10\/\"><strong>\u00a0+ info sobre expositores y grupos<\/strong><\/a><\/h4>\n<h3><span style=\"color: #333399;\"><strong>29 de Octubre<\/strong><\/span><\/h3>\n<p>12h &#8211; Entrevista Eduardo Gianesella (Brasil) por Ariel Gonzalez<br \/>\n14h &#8211; Cl\u00ednica \u00abPercusi\u00f3n corporal para todes\u00bb Ignacio Corrales y Alan Del Osso<br \/>\n16h &#8211; Entrevista Pipi Piazzolla (Argentina) por Marina Calzado Linage<br \/>\n18h &#8211; Entrevista Tihda Vongkoth (EEUU)\u00a0por Pauline Roberts<br \/>\n19h &#8211;\u00a0Ensamble de percusi\u00f3n del Conservatorio Provincial de m\u00fasica \u201c Gilardo Gilardi \u201c- Dir. Pablo Rivas.<\/p>\n<h4><a href=\"https:\/\/cmbsas-caba.infd.edu.ar\/sitio\/29-10\/\"><strong>\u00a0+ info sobre expositores y grupos<\/strong><\/a><\/h4>\n<h3><span style=\"color: #333399;\"><strong>30 de Octubre<\/strong><\/span><\/h3>\n<p>12h- Bombas! Bombo con platillo para mujeres y disidencias &#8211; Flor Ruva y Julia Brusse<br \/>\n14h &#8211; Adam Tan \u2013 master sobre redes<br \/>\n16h &#8211; Entrevista m\u00e1s vivo &#8211; Pao Fassi y las malevas del tambor\u00a0 por\u00a0 Miguel Alberghini<br \/>\n18h &#8211; Entrevista- Ney Rosauro (Brasil) por Marina Calzado Linage<br \/>\n<span style=\"font-weight: 400;\">19h \u2013 <\/span><span style=\"font-weight: 400;\">Ensamble de Percusi\u00f3n de la Orquesta de Instrumentos aut\u00f3ctonos y nuevas tecnolog\u00edas \u2013 UNTREF \u2013 Dir. Alejandro Iglesias Rossi<\/span><\/p>\n<h4><a href=\"https:\/\/cmbsas-caba.infd.edu.ar\/sitio\/30-10\/\"><strong>\u00a0+ info sobre expositores y grupos<\/strong><\/a><\/h4>\n<h3><span style=\"color: #333399;\"><strong>31 de Octubre<\/strong><\/span><\/h3>\n<p>12h &#8211; Entrevista Carlos Passeggi<br \/>\n14h &#8211; Masterclass Pato Hernandez \u00abMIND SET: 80% de tu \u00e9xito\u00bb. Modera Ariel Gonzalez<br \/>\n16h &#8211; Entrevista Vivi Pozzeb\u00f3n\u00a0 por Marina Calzado Linage<br \/>\n18h &#8211; Entrevista Santiago Vazquez\u00a0por Marina Calzado Linage<br \/>\n19h &#8211;\u00a0 Ensamble de Percusi\u00f3n del Conservatorio Sup. De M\u00fasica de la ciudad de Buenos AiresA \u00ab\u00c1stor Piazzolla\u201d &#8211; Parque Centenario &#8211; Dir Marina Calzado Linage<\/p>\n<h4><a href=\"https:\/\/cmbsas-caba.infd.edu.ar\/sitio\/31-10\/\"><strong>\u00a0+ info sobre expositores y grupos<\/strong><\/a><\/h4>\n<p>&nbsp;<\/p>\n<p><strong>Durante toda la semana tips de maestres de:\u00a0\u00a0 Nacho Pilnik, Jorge Orlando, Foque Gomez,Alex Leys, Antonio Trappanotto, Silvana Colagiovani,Julian Rulo, Marcelo Fernandez, Sergio Mileo, Ignacio Colafrancesco, Caro Cohen, Sergio Chicho Bazan, Marcos Cabezas, Daniela Cervetto, entre otros.<\/strong><\/p>\n<p>&nbsp;<\/p>\n","protected":false},"excerpt":{"rendered":"<p>24 de Octubre 12h \u2013 Apertura institucional \u2013 Mesa: Percusi\u00f3n en pandemia Ernesto Sassi Parrile , Daniela Cervetto. Modera : Mariano Palomba 14h \u2013 Entrevista- Tony Miceli (EE.UU) 16h \u2013Masterclass Miguel Alberghini\u201cPercusi\u00f3n con objetos, jugando con los timbres\u00bb 18h &#8211; Tomi Sainz \u2013 Entrevista + masterclass (Argentina) 19h \u2013 Ser rudimental \u00a0+ info sobre expositores &#8230; <a title=\"Programa 9\u00baEncuentro Ensambles de Percusion\" class=\"read-more\" href=\"https:\/\/cmbsas-caba.infd.edu.ar\/sitio\/programa-9oencuentro-ensambles-de-percusion\/\" aria-label=\"More on Programa 9\u00baEncuentro Ensambles de Percusion\">[+]<\/a><\/p>\n","protected":false},"author":309,"featured_media":0,"parent":0,"menu_order":0,"comment_status":"closed","ping_status":"closed","template":"","meta":[],"acf":[],"_links":{"self":[{"href":"https:\/\/cmbsas-caba.infd.edu.ar\/sitio\/wp-json\/wp\/v2\/pages\/2361"}],"collection":[{"href":"https:\/\/cmbsas-caba.infd.edu.ar\/sitio\/wp-json\/wp\/v2\/pages"}],"about":[{"href":"https:\/\/cmbsas-caba.infd.edu.ar\/sitio\/wp-json\/wp\/v2\/types\/page"}],"author":[{"embeddable":true,"href":"https:\/\/cmbsas-caba.infd.edu.ar\/sitio\/wp-json\/wp\/v2\/users\/309"}],"replies":[{"embeddable":true,"href":"https:\/\/cmbsas-caba.infd.edu.ar\/sitio\/wp-json\/wp\/v2\/comments?post=2361"}],"version-history":[{"count":11,"href":"https:\/\/cmbsas-caba.infd.edu.ar\/sitio\/wp-json\/wp\/v2\/pages\/2361\/revisions"}],"predecessor-version":[{"id":2471,"href":"https:\/\/cmbsas-caba.infd.edu.ar\/sitio\/wp-json\/wp\/v2\/pages\/2361\/revisions\/2471"}],"wp:attachment":[{"href":"https:\/\/cmbsas-caba.infd.edu.ar\/sitio\/wp-json\/wp\/v2\/media?parent=2361"}],"curies":[{"name":"wp","href":"https:\/\/api.w.org\/{rel}","templated":true}]}}