{"id":2365,"date":"2020-10-20T14:55:41","date_gmt":"2020-10-20T17:55:41","guid":{"rendered":"https:\/\/cmbsas-caba.infd.edu.ar\/sitio\/?page_id=2365"},"modified":"2020-10-24T15:17:47","modified_gmt":"2020-10-24T18:17:47","slug":"24-10","status":"publish","type":"page","link":"https:\/\/cmbsas-caba.infd.edu.ar\/sitio\/24-10\/","title":{"rendered":"24-10"},"content":{"rendered":"<h3><strong>12h Apertura y mesa de percusi\u00f3n en pandemia<\/strong><\/h3>\n<h3>Oscar Albrieu &#8211; Arauco Yepes &#8211; Marcos Cabezaz &#8211; Juan Denari &#8211; Ezequiel Calzado &#8211; Ernesto Sassi Parrile -Daniela Cervetto<\/h3>\n<h3>Modera : Mariano Palomba<\/h3>\n<h3><strong>14h <\/strong><\/h3>\n<h3>Tony Miceli (EE.UU)<\/h3>\n<p><img decoding=\"async\" loading=\"lazy\" class=\"alignnone size-thumbnail wp-image-2443\" src=\"https:\/\/cmbsas-caba.infd.edu.ar\/sitio\/wp-content\/uploads\/2020\/10\/Tony-Miceli-e1603224912513-500x500.jpg\" alt=\"\" width=\"500\" height=\"500\" \/><\/p>\n<p>El vibrafonista de jazz de renombre internacional Tony Miceli se ha establecido como una de las voces principales en el instrumento mazo, ganando corazones y mentes donde quiera que toque. Sin embargo, sus logros van mucho m\u00e1s all\u00e1. Miceli, una codiciado artista de grabaci\u00f3n, es un educador inspirado que imparte clases magistrales de vibr\u00e1fono en todo el mundo, enriqueciendo a los estudiantes de Irlanda, Alemania, Corea del Sur e Italia, por ejemplo, con un concierto final de acompa\u00f1amiento. Miceli promueve el instrumento a trav\u00e9s de su creaci\u00f3n, vibesworkshop.com, un lugar de encuentro virtual y una herramienta de ense\u00f1anza para unos 4000 estudiantes y miembros profesionales. Tambi\u00e9n es el co-creador del World Vibes Congress, una reuni\u00f3n formal de instrumentistas que comparten el deseo de concientizar al p\u00fablico sobre el vibr\u00e1fono. Vale la pena se\u00f1alar que Miceli es parte del Team Omega, un grupo de instrumentistas de \u00e9lite que incluye solo a otros tres: los cabezas de cartel David Friedman, Joe Locke y Stefon Harris. En All About Jazz, Victor Schermer lo describe como \u201c&#8230; un vibrafonista de asombroso virtuosismo, resiliencia musical, e inventiva. Su vibra tocando es nada menos que fenomenal.\u00bb<\/p>\n<h3><strong>16h<\/strong><\/h3>\n<p><strong>Masterclass Miguel Alberghini \u00abPercusi\u00f3n con objetos, jugando con los timbres\u00bb<\/strong><\/p>\n<h3><strong>18h<\/strong><\/h3>\n<h3>Tomi Sainz\u00a0 (Argentina)<\/h3>\n<p><img decoding=\"async\" loading=\"lazy\" class=\"alignnone size-thumbnail wp-image-2403\" src=\"https:\/\/cmbsas-caba.infd.edu.ar\/sitio\/wp-content\/uploads\/2020\/10\/foto-flayer-Tomas-Sainz-500x500.jpeg\" alt=\"\" width=\"500\" height=\"500\" \/><\/p>\n<p>Joven m\u00fasico y productor de gran trayectoria. Su relaci\u00f3n con la m\u00fasica comienza entre los 2 y 3 a\u00f1os, tocando principalmente la bater\u00eda y guitarra. Su primera grabaci\u00f3n<br \/>\nprofesional fue a los 11 a\u00f1os. A los 19 a\u00f1os empez\u00f3 a tocar con Javier Malosetti, con quien grab\u00f3 4 discos. Adem\u00e1s haber tenido sus proyectos Huevo y Rom\u00e1n, form\u00f3 parte del grupo del saxofonista Ramiro Flores El Jard\u00edn de Ordo\u00f1ez, toc\u00f3 con Louta, Wayne Krantz, Wos entre otros. Produjo discos de Huevo (Premio Gardel Mejor Banda Nueva de Rock 2018), el single Polvo (Ca7riel). Actualmente integra un d\u00fao con el baterista Pablo Gonzalez, la banda de Acru,\u00a0 dos grupos de Javier Malosetti y se encuentra produciendo m\u00fasica.<\/p>\n<p>&nbsp;<\/p>\n<h3><strong>19h Ser Rudimental<\/strong><\/h3>\n<p><img decoding=\"async\" loading=\"lazy\" class=\"alignnone size-thumbnail wp-image-2439\" src=\"https:\/\/cmbsas-caba.infd.edu.ar\/sitio\/wp-content\/uploads\/2020\/10\/foto-prensa-500x500.png\" alt=\"\" width=\"500\" height=\"500\" \/><\/p>\n","protected":false},"excerpt":{"rendered":"<p>12h Apertura y mesa de percusi\u00f3n en pandemia Oscar Albrieu &#8211; Arauco Yepes &#8211; Marcos Cabezaz &#8211; Juan Denari &#8211; Ezequiel Calzado &#8211; Ernesto Sassi Parrile -Daniela Cervetto Modera : Mariano Palomba 14h Tony Miceli (EE.UU) El vibrafonista de jazz de renombre internacional Tony Miceli se ha establecido como una de las voces principales en &#8230; <a title=\"24-10\" class=\"read-more\" href=\"https:\/\/cmbsas-caba.infd.edu.ar\/sitio\/24-10\/\" aria-label=\"More on 24-10\">[+]<\/a><\/p>\n","protected":false},"author":309,"featured_media":0,"parent":0,"menu_order":0,"comment_status":"closed","ping_status":"closed","template":"","meta":[],"acf":[],"_links":{"self":[{"href":"https:\/\/cmbsas-caba.infd.edu.ar\/sitio\/wp-json\/wp\/v2\/pages\/2365"}],"collection":[{"href":"https:\/\/cmbsas-caba.infd.edu.ar\/sitio\/wp-json\/wp\/v2\/pages"}],"about":[{"href":"https:\/\/cmbsas-caba.infd.edu.ar\/sitio\/wp-json\/wp\/v2\/types\/page"}],"author":[{"embeddable":true,"href":"https:\/\/cmbsas-caba.infd.edu.ar\/sitio\/wp-json\/wp\/v2\/users\/309"}],"replies":[{"embeddable":true,"href":"https:\/\/cmbsas-caba.infd.edu.ar\/sitio\/wp-json\/wp\/v2\/comments?post=2365"}],"version-history":[{"count":10,"href":"https:\/\/cmbsas-caba.infd.edu.ar\/sitio\/wp-json\/wp\/v2\/pages\/2365\/revisions"}],"predecessor-version":[{"id":2468,"href":"https:\/\/cmbsas-caba.infd.edu.ar\/sitio\/wp-json\/wp\/v2\/pages\/2365\/revisions\/2468"}],"wp:attachment":[{"href":"https:\/\/cmbsas-caba.infd.edu.ar\/sitio\/wp-json\/wp\/v2\/media?parent=2365"}],"curies":[{"name":"wp","href":"https:\/\/api.w.org\/{rel}","templated":true}]}}