{"id":2368,"date":"2020-10-20T15:01:16","date_gmt":"2020-10-20T18:01:16","guid":{"rendered":"https:\/\/cmbsas-caba.infd.edu.ar\/sitio\/?page_id=2368"},"modified":"2020-10-24T20:45:16","modified_gmt":"2020-10-24T23:45:16","slug":"25-10","status":"publish","type":"page","link":"https:\/\/cmbsas-caba.infd.edu.ar\/sitio\/25-10\/","title":{"rendered":"25-10"},"content":{"rendered":"<h3>14h<\/h3>\n<h3>Matthew Lau (Hong Kong)<\/h3>\n<p><img decoding=\"async\" loading=\"lazy\" class=\"alignnone size-thumbnail wp-image-2397\" src=\"https:\/\/cmbsas-caba.infd.edu.ar\/sitio\/wp-content\/uploads\/2020\/10\/mattew-baja-500x500.png\" alt=\"\" width=\"500\" height=\"500\" \/><\/p>\n<p>Nacido en Hon Kong, el Dr. Lau obtuvo su doctorado en artes musicales en percusi\u00f3n contempor\u00e1nea de Stony Brook University, tiene un master en m\u00fasica de New York University<br \/>\ny obtuvo su licenciatura de Hon Kong Baptist University. El percusionista Dr. Matthew Lau realiza una amplia variedad de repertorio, dedic\u00e1ndose a un fuerte inter\u00e9s en la m\u00fasica de percusi\u00f3n contempor\u00e1nea. El dr. Lau hace m\u00fasica en todo el mundo, conciertos y masterclasses. Y en su recorrido por el mundo, ya visito en a\u00f1os anteriores Buenos Aires trabajando conjuntamente con integrantes del ensamble de percusi\u00f3n del conservatorio Astor Piazzolla, haci\u00e9ndolo un amigo de la casa. Fue finalista en categor\u00eda vibr\u00e1fono de la sociedad de artes de percusi\u00f3n de Italia en 2016. Su objetivo es expandir el repertorio de percusi\u00f3n cada vez mayor empujando los limites<br \/>\nexistentes.<\/p>\n<h3>16h<\/h3>\n<h3>Franco Rappetti (Argentina) por Ignacio Corrales<\/h3>\n<p><img decoding=\"async\" loading=\"lazy\" class=\"alignnone size-thumbnail wp-image-2428\" src=\"https:\/\/cmbsas-caba.infd.edu.ar\/sitio\/wp-content\/uploads\/2020\/10\/Foto-Oman-c-timps-500x500.jpg\" alt=\"\" width=\"500\" height=\"500\" srcset=\"https:\/\/cmbsas-caba.infd.edu.ar\/sitio\/wp-content\/uploads\/2020\/10\/Foto-Oman-c-timps-500x500.jpg 500w, https:\/\/cmbsas-caba.infd.edu.ar\/sitio\/wp-content\/uploads\/2020\/10\/Foto-Oman-c-timps.jpg 720w\" sizes=\"(max-width: 500px) 100vw, 500px\" \/><\/p>\n<p>Nacido en la ciudad de Bah\u00eda Blanca en 1988, comenz\u00f3 sus estudios musicales a la edad de 9 a\u00f1os en el Conservatorio Provincial de M\u00fasica de esa ciudad, teniendo al profesor Hugo Calvo como docente en la c\u00e1tedra de percusi\u00f3n. Durante sus a\u00f1os de estudio integr\u00f3 paralelamente distintos ensambles musicales como la Orquesta del Conservatorio de M\u00fasica, Ensamble de Percusi\u00f3n del Conservatorio de M\u00fasica y la Joven Orquesta del Club Argentino (Bah\u00eda Blanca). En el a\u00f1o 2008 comienza sus estudios de timbal con el profesor Ariel Manti\u00f1an y posteriormente ha tomado clases particulares en Hamburgo con JesperTjaerbyKorneliusen (Orquesta Filarm\u00f3nica Estatal de Hamburgo), \u00c1msterdam con Nick Woud(Royal ConcertgebouwOrchestra), Paris con PhilippePoncet (Opera Nacional de Paris) y Munich con Raymond Curfs (Orquesta Sinf\u00f3nica de la Radio de Baviera) Ha participado activamente en Masterclasses de timbales y percusi\u00f3n con los siguientes profesores: WielandWelzel (Orquesta Filarm\u00f3nica de Berl\u00edn &#8211; Alemania), Oliver Mills (Orquesta Filarm\u00f3nica de Dresden \u2013 Alemania), AlexejBr\u00f6ese(Orquesta Filarm\u00f3nica de Dresden \u2013 Alemania), Alexander Radziewski (Orquesta Sinf\u00f3nica de Hamburgo \u2013 Alemania), JesperTjaerbyKorneliusen (Orquesta Filarm\u00f3nica Estatal de Hamburgo) y Gerardo Salazar (Orquesta Sinf\u00f3nica de Chile) Ha participado en numerosos conciertos de m\u00fasica de c\u00e1mara en Buenos Aires, Rosario, Santa Fe y Bah\u00eda Blanca abordando repertorio para ensamble de percusi\u00f3n y acompa\u00f1ando otros instrumentos solistas. Asimismo abord\u00f3 repertorio solista de timbales realizando, por ejemplo, el estreno mundial de la obra \u201cLos unos en uno y el uno\u201d para timbal solista del compositor argentino Pablo RubinoLindner en el a\u00f1o 2017. A partir del a\u00f1o 2009 hasta la fecha ha realizado participaciones en calidad de refuerzo con las Orquestas Sinf\u00f3nicas de Bah\u00eda Blanca y Entre R\u00edos, Bandas Municipales de las ciudades de Santa Fe y Rafaela, compa\u00f1\u00edas de Opera Buenos Aires Lyrica y Juventus Lyrica,\u00a0 y la Orquesta Estable del Teatro Colon, formando parte del estreno iberoamericano de la \u00f3pera \u201cDie Soldaten\u201d del compositor alem\u00e1n BerndAloisZimmermann. En Diciembre de 2009 obtuvo el cargo de Solista de Timbal de la Orquesta Sinf\u00f3nica Provincial de Santa Fe, puesto que ocup\u00f3 hasta agosto de 2016. En Julio de 2016 obtiene por concurso de antecedentes y oposici\u00f3n el cargo de Solista de Timbal de la Orquesta Estable del\u00a0 Teatro Colon. Ha sido invitado a participar como jurado de concursos en las Orquestas Sinf\u00f3nicas de Santa Fe, Rosario y la Orquesta Sinf\u00f3nica del SODRE en Montevideo (Uruguay). En cuanto a su actividad como docente, desde el a\u00f1o 2008 al 2010 se desempe\u00f1\u00f3 como profesor de la c\u00e1tedra de percusi\u00f3n del Conservatorio de M\u00fasica de su ciudad, establecimiento del que egres\u00f3 con el t\u00edtulo de Profesor de Percusi\u00f3n en el a\u00f1o 2009.Asimismo, a partir del a\u00f1o 2011 ingresa como profesor en la Escuela de M\u00fasica N\u00ba 9901 de la ciudad de Santa Fe y desde el 2013 hasta el 2016 se desempe\u00f1a como profesor de la c\u00e1tedra de Percusi\u00f3n de la Escuela de M\u00fasica \u201cRemo Pignoni\u201d de la ciudad de Rafaela (Santa Fe) En el a\u00f1o 2018 fue convocado para dar cursos de repertorio de Timbal en el Conservatorio Astor Piazzolla de la ciudad de Buenos Aires. Actualmente ocupa el puesto de Solista de Timbal en la Orquesta Estable del Teatro Colon y, a partir de Abril de 2017, se encuentra a cargo de la c\u00e1tedra de Timbal en el Instituto Superior de Arte del Teatro Colon.<\/p>\n<h3><\/h3>\n<h3>18h<\/h3>\n<h3>Andrea Alvarez (Argentina) por Marina Calzado Linage<\/h3>\n<p><img decoding=\"async\" loading=\"lazy\" class=\"alignnone size-thumbnail wp-image-2430\" src=\"https:\/\/cmbsas-caba.infd.edu.ar\/sitio\/wp-content\/uploads\/2020\/10\/Andrea-Alvarez-1-Diego-Fioravanti-2000-500x500.jpg\" alt=\"\" width=\"500\" height=\"500\" \/><\/p>\n<p>Baterista, cantante y compositora argentina de reconocida trayectoria en su pa\u00eds por haber tocado y grabado como sesionista junto a las m\u00e1s importantes figuras de la m\u00fasica popular Argentina (Soda Stereo, Divididos, Charly Garc\u00eda, Attaque 77, Los Rodr\u00edguez, entre muchos otros) e internacional (Tito Puente, Celia Cruz). Desde el a\u00f1o 2001 comienza su carrera solista, que ya lleva cuatro discos: Andrea Alvarez-2001; Dormis?-2006; Doble A-2008, realizado junto al productor Jim Diamond; e \u201cY Lo Dejamos Venir\u201d, producido por Andrea Alvarez y Lonnie Hillyer, recientemente nominado \u201cMejor Album de Rock\u201d por los Latin Grammys). En 2011, se convierte en la primera artista en llevar a cabo una realizaci\u00f3n audiovisual de primera calidad con la finalidad de distribuirla de manera libre y gratuita. \u201cDoble A en vivo en Estudio ION\u201d El a\u00f1o 2013 la encuentra promoviendo unos videos de bajo y bater\u00eda que realiza para Youtube junto a Lonnie Hillyer \u201cLonnie Hillyer\u00b4s Grooves\u00bb. En 2015 y de manera independiente edita su cuarto disco <strong>\u201cY Lo Dejamos Venir\u201d<\/strong> junto a su banda (Lonnie Hillyer\u00a0 en bajo y Tom\u00e1s Brugu\u00e9s en guitarra) producido art\u00edsticamente por Andrea junto a Lonnie Hillyer.\u00a0<strong>Este Disco es nominado en los Latin Grammys 2016 como \u201cMejor Album de Rock\u201d\u00a0<\/strong>Andrea contin\u00faa con sus actividades paralelas, convocada como como invitada de importantes proyectos como el de Richard Coleman, Miss Bolivia, Shows de La Roca Industrial junto a integrantes de La Renga, Almafuerte, Vox Dei, ANIMAL entre otros. Embajadora en Argentina del concurso internacional de bateristas mujeres \u201cHit Like A Girl\u201d. Fue galardonada por la F<strong>undaci\u00f3n Konex <\/strong>con el Premio <strong>Konex<\/strong> diploma al m\u00e9rito en el rubro \u201cMejor Artista femenina de rock de la d\u00e9cada\u201d. El 2016, adem\u00e1s, la encuentra formando parte del jurado del popular programa de televisi\u00f3n \u201c<strong>Rock del Pais\u201d<\/strong> conducido por <strong>Bebe Contepomi<\/strong>,\u00a0 transmitido por el canal TN (Todo Noticias) , tocando como baterista estable de la banda de la popular actriz y cantante <strong>Natalia Oreiro<\/strong>y sacando un nuevo EP llamado \u201cPorque Si\u201d con cuatro temas con sus respectivos videos disponible en todas las tiendas on line. El 2017 la encuentra siendo baterista del reconocido artista <strong>Draco Rosa<\/strong> ( lo acompa\u00f1\u00f3 en sus conciertos como Rock Al Parque en Colombia y en el Coliseo de Puerto Rico ) y a punto de editar un single digital \u201cVamos Viendo Adonde Est\u00e1 La Libertad\u201d desde su sello \u201cDobleA Digital Records\u201d 2018 : Comprometida desde siempre con el feminismo y tomando postura permanentemente ante el tema de la mujer en la sociedad Andrea emprende este a\u00f1o la realizaci\u00f3n del documental <strong>\u201c Las chicas est\u00e1n bien\u201d<\/strong> junto al documentalista <strong>Augusto Monk<\/strong>.\u00a0<strong>Este documental fue beneficiado por un subsidio del INAMU.\u00a0<\/strong><strong>Actualmente Andrea se encuentra produciendo lo que ser\u00e1 su quinto disco solista junto a su banda (Lonnie Hillyer en bajo y Tom\u00e1s Brugu\u00e9s en guitarra)<\/strong><\/p>\n<h3>19h<\/h3>\n<h3>Ensamble de Percusi\u00f3n folcl\u00f3rica del Conservatorio Sup. De Musica \u201c Manuel de Falla\u201d Dir. Mariano Gomez- Jorge Orlando<\/h3>\n<h3><img decoding=\"async\" loading=\"lazy\" class=\"alignnone wp-image-2448 size-medium\" src=\"https:\/\/cmbsas-caba.infd.edu.ar\/sitio\/wp-content\/uploads\/2020\/10\/Falla-1000x563.jpeg\" alt=\"\" width=\"1000\" height=\"563\" srcset=\"https:\/\/cmbsas-caba.infd.edu.ar\/sitio\/wp-content\/uploads\/2020\/10\/Falla-1000x563.jpeg 1000w, https:\/\/cmbsas-caba.infd.edu.ar\/sitio\/wp-content\/uploads\/2020\/10\/Falla-768x432.jpeg 768w, https:\/\/cmbsas-caba.infd.edu.ar\/sitio\/wp-content\/uploads\/2020\/10\/Falla.jpeg 1280w\" sizes=\"(max-width: 1000px) 100vw, 1000px\" \/><\/h3>\n<p><span style=\"font-weight: 400;\">El ensamble de m\u00fasica folcl\u00f3rica del Conservatori Superior de m\u00fasica<\/span><span style=\"font-weight: 400;\"> Manuel de Falla fue creado en el a\u00f1o 2018 por sus directores Jorge Orlando , Mariano G\u00f3mez y la participaci\u00f3n en piano acompa\u00f1ante de Leopoldo Deza . En el a\u00f1o 2019 comienzan sus presentaciones en diversos auditorios del \u00e1mbito acad\u00e9mico ,actualmente esta conformado por mas de 10 integrantes, cuenta con un amplio repertorio en el que se destacan composiciones y arreglos\u00a0 propios como cl\u00e1sicos de nuestro\u00a0 folklore y tango , entre las que se encuentran \u201cRecuerdos de Ypacarai \u201c, \u201cZamba de los yuyos \u201c , \u201cDel tiempo guapo\u201d etc .<\/span><\/p>\n<h3>Virtus ensamble &#8211; Graduados y Estudiantes de la C\u00e1tedra de Percusi\u00f3n de la EMBA Quilmes. Direcci\u00f3n Lic. Mar\u00eda Eugenia Romera y Prof. Juan Ringer<\/h3>\n<p>&nbsp;<\/p>\n","protected":false},"excerpt":{"rendered":"<p>14h Matthew Lau (Hong Kong) Nacido en Hon Kong, el Dr. Lau obtuvo su doctorado en artes musicales en percusi\u00f3n contempor\u00e1nea de Stony Brook University, tiene un master en m\u00fasica de New York University y obtuvo su licenciatura de Hon Kong Baptist University. El percusionista Dr. Matthew Lau realiza una amplia variedad de repertorio, dedic\u00e1ndose &#8230; <a title=\"25-10\" class=\"read-more\" href=\"https:\/\/cmbsas-caba.infd.edu.ar\/sitio\/25-10\/\" aria-label=\"More on 25-10\">[+]<\/a><\/p>\n","protected":false},"author":309,"featured_media":0,"parent":0,"menu_order":0,"comment_status":"closed","ping_status":"closed","template":"","meta":[],"acf":[],"_links":{"self":[{"href":"https:\/\/cmbsas-caba.infd.edu.ar\/sitio\/wp-json\/wp\/v2\/pages\/2368"}],"collection":[{"href":"https:\/\/cmbsas-caba.infd.edu.ar\/sitio\/wp-json\/wp\/v2\/pages"}],"about":[{"href":"https:\/\/cmbsas-caba.infd.edu.ar\/sitio\/wp-json\/wp\/v2\/types\/page"}],"author":[{"embeddable":true,"href":"https:\/\/cmbsas-caba.infd.edu.ar\/sitio\/wp-json\/wp\/v2\/users\/309"}],"replies":[{"embeddable":true,"href":"https:\/\/cmbsas-caba.infd.edu.ar\/sitio\/wp-json\/wp\/v2\/comments?post=2368"}],"version-history":[{"count":9,"href":"https:\/\/cmbsas-caba.infd.edu.ar\/sitio\/wp-json\/wp\/v2\/pages\/2368\/revisions"}],"predecessor-version":[{"id":2472,"href":"https:\/\/cmbsas-caba.infd.edu.ar\/sitio\/wp-json\/wp\/v2\/pages\/2368\/revisions\/2472"}],"wp:attachment":[{"href":"https:\/\/cmbsas-caba.infd.edu.ar\/sitio\/wp-json\/wp\/v2\/media?parent=2368"}],"curies":[{"name":"wp","href":"https:\/\/api.w.org\/{rel}","templated":true}]}}