{"id":2372,"date":"2020-10-20T15:04:17","date_gmt":"2020-10-20T18:04:17","guid":{"rendered":"https:\/\/cmbsas-caba.infd.edu.ar\/sitio\/?page_id=2372"},"modified":"2020-10-24T14:32:47","modified_gmt":"2020-10-24T17:32:47","slug":"26-10","status":"publish","type":"page","link":"https:\/\/cmbsas-caba.infd.edu.ar\/sitio\/26-10\/","title":{"rendered":"26-10"},"content":{"rendered":"<h3>12h<\/h3>\n<h3>Sergio Graziosi \u2013 Rock en las congas<\/h3>\n<p><img decoding=\"async\" loading=\"lazy\" class=\"alignnone size-thumbnail wp-image-2433\" src=\"https:\/\/cmbsas-caba.infd.edu.ar\/sitio\/wp-content\/uploads\/2020\/10\/Graziosi-500x500.jpg\" alt=\"\" width=\"500\" height=\"500\" \/><\/p>\n<p>Nacido en Ramos Mejia, es director y mentor del percuba y percupea (primeros festivales de percusi\u00f3n de AMBA) creador de la marca de palos e instrumentos de percusi\u00f3n checo,<br \/>\ncomparti\u00f3 proyectos y grabaciones con m\u00fasicos hist\u00f3ricos como Alejandro Medina, Pajarito Zaguri, Claudio Marciello entre otros. Junto al poeta Hector Celano participo de manifestaciones culturales en Cuba. Desde hace una d\u00e9cada lleva adelante su grupo Kalimax (ensamble de dos percusionistas con un guitarrista midi). Es esndorser internacional de meinl y local de Evans y Sonor.<\/p>\n<p>&nbsp;<\/p>\n<h3>14h<\/h3>\n<h3>Nick Werth<\/h3>\n<p><img decoding=\"async\" loading=\"lazy\" class=\"alignnone size-thumbnail wp-image-2451\" src=\"https:\/\/cmbsas-caba.infd.edu.ar\/sitio\/wp-content\/uploads\/2020\/10\/Werth-500x500.jpg\" alt=\"\" width=\"500\" height=\"500\" \/><\/p>\n<p><span style=\"font-weight: 400;\">Gradudado en Percusion Performance en la Universidad de Texas.\u00a0<\/span><span style=\"font-weight: 400;\">Miembro original de la banda Gohst Note, Nick Werth toca beats inspirados en el hip hop en su proyecto solista, Galaxe. Lo que lo hace \u00fanico, es que crea los beats en vivo usando el malletpad (instrumento de percusi\u00f3n disparador de sonidos midi).\u00a0<\/span><span style=\"font-weight: 400;\">\u00c9l vive en el noreste pac\u00edfico de EEUU, donde Galaxe se inspira por sonidos de la naturaleza, expansi\u00f3n, y el infinito, con tintes de J Dilla y Flying Lotus.<\/span><\/p>\n<h3>16h<\/h3>\n<h3>Daniela Cervetto<\/h3>\n<p><img decoding=\"async\" loading=\"lazy\" class=\"alignnone size-thumbnail wp-image-2436\" src=\"https:\/\/cmbsas-caba.infd.edu.ar\/sitio\/wp-content\/uploads\/2020\/10\/Cervetto-1-500x500.jpg\" alt=\"\" width=\"500\" height=\"500\" \/><\/p>\n<p>Nacida en Buenos Aires formada en el conservatorio Alberto Ginastera se recibe de profesora de m\u00fasica en especialidad percusi\u00f3n y en 2010 se gradua de licenciada en artes \u2013 m\u00fasica<br \/>\nespecialidad percusi\u00f3n de la universidad estadual de campinas- Sao Paulo, Brasil. Tambi\u00e9n realizo cursos y clases con Rafael Toledo, Bruno Bertolino, Celso Silva y Marcus Thadeu. Grabo varios cd como configuracoes, nuevos universos sonoros y duo paticumpa. Se presento en reconocidos lugares de nuestro pa\u00eds como el teatro colon, la usina del arte y Centro Cultural Kirchner. Forma parte del duo percusi\u00f3n y saxo con Carolina Cervetto. Con el que realizo varios conciertos en sao paulo, Paris, La Plata y Buenos Aires.<\/p>\n<h3>18h<\/h3>\n<h3>Andrea Venet (EE.UU)<\/h3>\n<p><img decoding=\"async\" loading=\"lazy\" class=\"alignnone size-thumbnail wp-image-2437\" src=\"https:\/\/cmbsas-caba.infd.edu.ar\/sitio\/wp-content\/uploads\/2020\/10\/Venet_Headshot-cloud-SM-500x500.jpeg\" alt=\"\" width=\"500\" height=\"500\" \/><\/p>\n<p>La Dra. Andrea Venet es percusionista, educadora y compositora en g\u00e9neros contempor\u00e1neos y cl\u00e1sicos, ejerce como profesora en la Universidad de North Florida, como solista<br \/>\ninternacional, m\u00fasica de c\u00e1mara y cl\u00ednica, se mantiene activa en Europa, Japon y Trinidad. Como solista, sus apariciones recientes m\u00e1s destacadas incluyen el Steve Weiss Mallet Festival (Barnes Foundation, Philadelphia), el Celebrate Marimba Festival y en la residencia del Prairie Music Residency Brass Band (Canada). Adem\u00e1s, tuvo performances junto a Valerie Naranjo, Ivan Trevino, el Lawson Ensemble, Project Trio, y el Eastman Percussion Ensemble Su duo, escape ten, permanece en la escena tocando con artistas internacionales. La investigaci\u00f3n de Andrea incluye pedagog\u00eda, improvisaci\u00f3n cl\u00e1sica y practicas perfom\u00e1ticas barrocas hist\u00f3ricamente informadas de Bach en la marimba. Las composiciones y los arreglos de Andrea se pueden encontrar en su pagina web www.andreavenet.com<\/p>\n<h3>19h<\/h3>\n<p><strong>Ensamble de IUPA \u2013Roca, Rio Negro . Dir. Angel Frette<\/strong><\/p>\n<p><img decoding=\"async\" loading=\"lazy\" class=\"alignnone size-medium wp-image-2452\" src=\"https:\/\/cmbsas-caba.infd.edu.ar\/sitio\/wp-content\/uploads\/2020\/10\/IUPA-1000x563.jpeg\" alt=\"\" width=\"1000\" height=\"563\" srcset=\"https:\/\/cmbsas-caba.infd.edu.ar\/sitio\/wp-content\/uploads\/2020\/10\/IUPA-1000x563.jpeg 1000w, https:\/\/cmbsas-caba.infd.edu.ar\/sitio\/wp-content\/uploads\/2020\/10\/IUPA-768x432.jpeg 768w, https:\/\/cmbsas-caba.infd.edu.ar\/sitio\/wp-content\/uploads\/2020\/10\/IUPA.jpeg 1024w\" sizes=\"(max-width: 1000px) 100vw, 1000px\" \/><\/p>\n","protected":false},"excerpt":{"rendered":"<p>12h Sergio Graziosi \u2013 Rock en las congas Nacido en Ramos Mejia, es director y mentor del percuba y percupea (primeros festivales de percusi\u00f3n de AMBA) creador de la marca de palos e instrumentos de percusi\u00f3n checo, comparti\u00f3 proyectos y grabaciones con m\u00fasicos hist\u00f3ricos como Alejandro Medina, Pajarito Zaguri, Claudio Marciello entre otros. Junto al &#8230; <a title=\"26-10\" class=\"read-more\" href=\"https:\/\/cmbsas-caba.infd.edu.ar\/sitio\/26-10\/\" aria-label=\"More on 26-10\">[+]<\/a><\/p>\n","protected":false},"author":309,"featured_media":0,"parent":0,"menu_order":0,"comment_status":"closed","ping_status":"closed","template":"","meta":[],"acf":[],"_links":{"self":[{"href":"https:\/\/cmbsas-caba.infd.edu.ar\/sitio\/wp-json\/wp\/v2\/pages\/2372"}],"collection":[{"href":"https:\/\/cmbsas-caba.infd.edu.ar\/sitio\/wp-json\/wp\/v2\/pages"}],"about":[{"href":"https:\/\/cmbsas-caba.infd.edu.ar\/sitio\/wp-json\/wp\/v2\/types\/page"}],"author":[{"embeddable":true,"href":"https:\/\/cmbsas-caba.infd.edu.ar\/sitio\/wp-json\/wp\/v2\/users\/309"}],"replies":[{"embeddable":true,"href":"https:\/\/cmbsas-caba.infd.edu.ar\/sitio\/wp-json\/wp\/v2\/comments?post=2372"}],"version-history":[{"count":5,"href":"https:\/\/cmbsas-caba.infd.edu.ar\/sitio\/wp-json\/wp\/v2\/pages\/2372\/revisions"}],"predecessor-version":[{"id":2453,"href":"https:\/\/cmbsas-caba.infd.edu.ar\/sitio\/wp-json\/wp\/v2\/pages\/2372\/revisions\/2453"}],"wp:attachment":[{"href":"https:\/\/cmbsas-caba.infd.edu.ar\/sitio\/wp-json\/wp\/v2\/media?parent=2372"}],"curies":[{"name":"wp","href":"https:\/\/api.w.org\/{rel}","templated":true}]}}