{"id":2376,"date":"2020-10-20T15:13:35","date_gmt":"2020-10-20T18:13:35","guid":{"rendered":"https:\/\/cmbsas-caba.infd.edu.ar\/sitio\/?page_id=2376"},"modified":"2020-10-24T14:48:43","modified_gmt":"2020-10-24T17:48:43","slug":"28-10","status":"publish","type":"page","link":"https:\/\/cmbsas-caba.infd.edu.ar\/sitio\/28-10\/","title":{"rendered":"28-10"},"content":{"rendered":"<h3>12h &#8211;<\/h3>\n<h3>Giulliana Merello<\/h3>\n<figure id=\"attachment_2409\" aria-describedby=\"caption-attachment-2409\" style=\"width: 490px\" class=\"wp-caption alignnone\"><img decoding=\"async\" loading=\"lazy\" class=\"wp-image-2409 size-thumbnail\" src=\"https:\/\/cmbsas-caba.infd.edu.ar\/sitio\/wp-content\/uploads\/2020\/10\/Merello-500x500.jpg\" alt=\"\" width=\"500\" height=\"500\" \/><figcaption id=\"caption-attachment-2409\" class=\"wp-caption-text\">The Buika Band performs at the Robert N. Miner Auditorium in San Francisco, California on February 17, 2019. (Photo by Chris Tuite)<\/figcaption><\/figure>\n<p>Baterista Argentina viviendo en New York. Desde que ten\u00eda 13 a\u00f1os supe que solo quer\u00eda hacer m\u00fasica y tocar la bater\u00eda. Nunca fui acad\u00e9mica, Una iglesia evangelista en el barrio de villa crespo me abri\u00f3 las puertas porque me asomaba a ver su bater\u00eda todos los d\u00edas detr\u00e1s del vidrio. empec\u00e9 a estudiar con muchos profesores de Buenos Aires. Toqu\u00e9 con muchas bandas, empec\u00e9 a salir de gira a otras ciudades, otros pa\u00edses Grabe varios discos, con Botafogo Don vilanova, con Rinaldo Rafanelli, Machy Madco y tambi\u00e9n me met\u00ed en el ambiente del folklore donde grabe con Cuti y Roberto Carabajal Grabe tambi\u00e9n con Ciro Fogliatta.\u00a0 Con Ciro, Aldana y Luciana armamos una banda tributo a ellos. Ahi nacio Top Queens.\u00a0 Gracias a que fueron tan repercutivos los shows de 11 mujeres en el escenario, me llega un email del mismo cantante de Tower of Power con la propuesta de irnos de gira con el, pero cuestiones ajenas no se pudo hacer pero pudimos producir un show en argentina donde trabajar fue una masterclass de una semana con Larry Braggs y Phil Redmond. Luego tuve mi primer Tour por Estados Unidos, hicimos 1 mes y pico de gira, 38 shows, eran todos los d\u00edas en una ciudad diferente. Me fui de gira a Jap\u00f3n en el 2018 con Computer Magic, Hicimos teatros en, Osaka, Kyoto y Tokio.\u00a0 En Junio del 2018 en la banda de Concha Buika, giramos por varias partes del mundo. A mediados de 2019 forme a las Top Queens version NY pero esta vez con un 80% de composiciones m\u00edas En el 2020 y Rob Trujillo el director de Karol me llama para hacer un performance para Universal Music Group en los Pre grammys.\u00a0 En Febrero tocamos en Argentina hicimos un show en Mayo Para Bud Light Seltzer Sessions.\u00a0 Ahora armamos un proyecto llamado Level Up con mi partnership Bacque Recording y Sus Vasquez En adicional, as a prolific artist, cuento con un apoyo de Vic Firth, Zildjian y 64audio In ears Monitors.<\/p>\n<h3>14h &#8211;<\/h3>\n<h3>Entrevista Pedro \u00bb el Perro\u00bb Rodriguez (La Delio Valdez)<\/h3>\n<p>&nbsp;<\/p>\n<h3>16h<\/h3>\n<h3>Ricardo Bologna (Brasil)<\/h3>\n<p><img decoding=\"async\" loading=\"lazy\" class=\"alignnone size-thumbnail wp-image-2440\" src=\"https:\/\/cmbsas-caba.infd.edu.ar\/sitio\/wp-content\/uploads\/2020\/10\/Ricardo-Bologna-500x500.jpg\" alt=\"\" width=\"500\" height=\"500\" \/><\/p>\n<p><span style=\"font-weight: 400;\">Timbalista principal en la orquesta sinf\u00f3nica de San Pablo (Osesp) y jefe de C\u00e1tedra de percusi\u00f3n de la universidad de San Pablo (USP).\u00a0<\/span><span style=\"font-weight: 400;\">Director Musical de la Orquesta juvenil de San Pablo (de 2008 a 2012).\u00a0<\/span><span style=\"font-weight: 400;\">Director principal de la Orquesta de la Universidad de San Pablo (OSUSP) 2012 a 2014.\u00a0\u00a0<\/span><span style=\"font-weight: 400;\">Como director dirigio orquestas de Brasil y orquestas internacionales: Orquesta del Conservatorio de Ginebra, Orquesta filarmonica de Minas Gerais, Orquesta sinfonica de Sao Bernardo do Campo, Orquesta joven del estado de San Pablo, Coro de Camara de Curitiba, Orquesta de Camara de Curitiba, Ensamble de Vientos del Estado de San Pablo, Orquesta de Camara de las Amazonas, Orquesta sinf\u00f3nica de Parana, Camerata Aberta (ensamble de musica contemporanea), Orquesta sinfonicad de Campi\u00f1as and OSESP (Orquesta sinfonica del estado de San Pablo). Grabo 3 discos con la OSUSP en 2012 y 2013.\u00a0<\/span><span style=\"font-weight: 400;\">Condujo tambi\u00e9n el estreno brasilero (despu\u00e9s de 61 a\u00f1os) de la obra \u201cEl martillo sin due\u00f1o\u201d del compositor Pierre Boulez en el a\u00f1o 2016.\u00a0\u00a0<\/span><span style=\"font-weight: 400;\">En 2002 fund\u00f3 el grupo \u201cPercorso Ensemble\u201d, un ensamble de musica contemporanea que interpreta musica de los siglos 20 y 21. En 2007, Percorso lanz\u00f3 su primer disco \u201cBERIO +\u201d donde interpretan musica de Luciano Berio. En 2009, lanzan su segundo disco \u201cMusica Plural\u201d donde interpretan musica de jovenes compositores brasileros. En 2012, sacan su disco \u201cLigeti +\u201d donde interpretan la primer version brasilera del \u201cConcierto de Camara\u201d de Ligeti. Recientemente, Percorso colaboro con la Compa\u00f1ia de Danza de San Pablo para interpretar el estre de \u201cLas Estaciones\u201d del premiado coreografo Edouard Lock, con m\u00fasica de Gavin Bryars.\u00a0\u00a0<\/span><span style=\"font-weight: 400;\">Ricardo tambi\u00e9n trabaja con el percusionista Eduardo Leandro con el Duo Contexto desde el a\u00f1o 1989, con el que gano el VI Pr\u00eamio Eldorado de M\u00fasica (1991) y premio en el Festival de Musica de Camara de Dusseldorf (1996). Desde 1993 hasta el 2000, fue residente del CIP (International Percussion Centre) en Ginebra. Participaron de Conciertos, Masterclass y tours en Europa, Estados Unidos y Jap\u00f3n. Tambi\u00e9n, participaron en diversas oportunidades en el Festival Internacional de Campos de Jordao (Brasil), Suita marimba festival (Japon), entre otros. En 2019 estrenan su primer disco, compuesto por m\u00fasica de compositores brasileros y en el 2010, sacan su segundo disco con m\u00fasica de la compositora y flautista Verena Bosshart.\u00a0<\/span><span style=\"font-weight: 400;\">Trabajo como solista con muchas orquestas de Brasil.\u00a0<\/span><span style=\"font-weight: 400;\">Fue percusionista de la \u201cOrchestre de la Suisse Romande\u201d y del \u201cEnsemble Contrechamps\u201d, ambos en Suiza.\u00a0\u00a0<\/span><span style=\"font-weight: 400;\">Su mentor en direccion es el profesor Kenneth Kiesler.\u00a0<\/span><span style=\"font-weight: 400;\">Licenciatura en la Universidad Estatal Paulista (Paulista), Master en Universidad de Musica de Ginebra (primer premio al virtuosismo), Doctorado en la universidad estatal de Campi\u00f1as (Unicamp) y Diploma de Artista del Conservatorio de Rotterdam.\u00a0\u00a0<\/span><span style=\"font-weight: 400;\">Sus principales maestros fueron John Boudler, William Blank, Yves Brustaux y Robert van Sice.<\/span><\/p>\n<h3>18h<\/h3>\n<h3>Red de Vibrafonistas &#8211; 442<\/h3>\n<p><img decoding=\"async\" loading=\"lazy\" class=\"alignnone wp-image-2412 size-thumbnail\" src=\"https:\/\/cmbsas-caba.infd.edu.ar\/sitio\/wp-content\/uploads\/2020\/10\/ger-verd-500x500.jpg\" alt=\"\" width=\"500\" height=\"500\" \/><\/p>\n<p>Gerardo Verdun es m\u00fasico, compositor, percusionista y docente nacido en la ciudad de Rosario y radicado en General Roca, Rio Negro. sus estudios musicales como percusionista fueron en la escuela nacional de m\u00fasica de rosario, de la cual egresa como maestro nacional de m\u00fasica especializado en bater\u00eda y percusi\u00f3n en el a\u00f1o 2004. Participa en diversas agrupaciones, tanto en el \u00e1mbito acad\u00e9mico (orquesta sinf\u00f3nica de Rosario, orquesta sinf\u00f3nica y ensamble de percusi\u00f3n de la Universidad Nacional de Rosario) como en el popular. En este \u00faltimo en numerosas agrupaciones musicales, participando en conciertos, encuentros y festivales as\u00ed como tambi\u00e9n en numerosas grabaciones discogr\u00e1ficas: Gerardo Verd\u00fan Tr\u00edo, orquesta folcl\u00f3rica de San Lorenzo, nostra turma, GV3 Electrotango, entre otras. Ha incursionado en los instrumentos de placas principalmente en la marimba y el vibr\u00e1fono, interpretando m\u00fasica popular argentina, americana y acad\u00e9mica. Actualmente se encuentra desarrollando diferentes proyectos, tanto en el \u00e1mbito docente como en el musical donde realiza sus composiciones, a ra\u00edz de la pandemia y el confinamiento trabajando en la organizaci\u00f3n y difusi\u00f3n de int\u00e9rpretes del mundo de la percusi\u00f3n de teclados a trav\u00e9s de \u00abConciertos en casa\u00bb de la red \u00abA442 internacional de vibrafonistas y marimbistas\u00bb; que emite su programa por streaming todos los s\u00e1bados por facebook live.<\/p>\n<h3>19h<\/h3>\n<h3>Ensamble de percusi\u00f3n del Instituto Santa Ana (Dir. Arauco Yepes)<\/h3>\n<h3>\nEnsamble de Percusi\u00f3n F\u00e9lix T. Garz\u00f3n (C\u00f3rdoba). Dir. Roxana Villavicencio<\/h3>\n<p><img decoding=\"async\" loading=\"lazy\" class=\"alignnone wp-image-2458 size-medium\" src=\"https:\/\/cmbsas-caba.infd.edu.ar\/sitio\/wp-content\/uploads\/2020\/10\/FOTO-Ensamble-de-Percusi\u00f3n-F\u00e9lix-T.-Garz\u00f3n-1000x750.jpg\" alt=\"\" width=\"1000\" height=\"750\" srcset=\"https:\/\/cmbsas-caba.infd.edu.ar\/sitio\/wp-content\/uploads\/2020\/10\/FOTO-Ensamble-de-Percusi\u00f3n-F\u00e9lix-T.-Garz\u00f3n-1000x750.jpg 1000w, https:\/\/cmbsas-caba.infd.edu.ar\/sitio\/wp-content\/uploads\/2020\/10\/FOTO-Ensamble-de-Percusi\u00f3n-F\u00e9lix-T.-Garz\u00f3n-768x576.jpg 768w, https:\/\/cmbsas-caba.infd.edu.ar\/sitio\/wp-content\/uploads\/2020\/10\/FOTO-Ensamble-de-Percusi\u00f3n-F\u00e9lix-T.-Garz\u00f3n-1900x1425.jpg 1900w\" sizes=\"(max-width: 1000px) 100vw, 1000px\" \/><\/p>\n<p>El Ensamble de Percusi\u00f3n fue creado en el a\u00f1o 2009 por iniciativa de la Profesora Roxana Villavicencio, docente de la catedra de Percusi\u00f3n del Conservatorio Superior de m\u00fasica F\u00e9lix T. Garz\u00f3n.\u00a0Universidad Provincial de C\u00f3rdoba. Es un espacio de formaci\u00f3n profesional para los percusionista y est\u00e1 integrado por alumnos de\u00a0la C\u00e1tedra\u00a0de Percusi\u00f3n del Conservatorio. Desde\u00a0\u00a0el a\u00f1o 2009 a la actualidad el Ensamble ha realizado varios conciertos en\u00a0la Ciudad\u00a0de C\u00f3rdoba como as\u00ed tambi\u00e9n en el interior de la Provincia de C\u00f3rdoba.\u00a0 En el a\u00f1o 2009 actu\u00f3 en el II Festival Internacional de Percusi\u00f3n de C\u00f3rdoba.\u00a0 En el a\u00f1o 2010 actu\u00f3 en el III Festival Internacional de Percusi\u00f3n de C\u00f3rdoba.\u00a0 En el a\u00f1o 2012 actu\u00f3 en el V Festival Internacional de Percusi\u00f3n de C\u00f3rdoba\u00a0\u00a0y\u00a0\u00a0en el 3\u00ba Festival Internacional de Bateristas y Percusionistas en C\u00f3rdoba.\u00a0 En el a\u00f1o 2013 gan\u00f3 el primer premio en el concurso para Ensambles de Percusi\u00f3n, organizado por la Fundaci\u00f3n Cultural Patagonia en el marco del 11\u00ba Festival Internacional de Percusi\u00f3n.\u00a0 En el a\u00f1o 2014 actu\u00f3 en el 12\u00ba Festival Internacional de Percusi\u00f3n organizado por la Fundaci\u00f3n Cultural Patagonia de General Roca-Rio negro.<\/p>\n","protected":false},"excerpt":{"rendered":"<p>12h &#8211; Giulliana Merello Baterista Argentina viviendo en New York. Desde que ten\u00eda 13 a\u00f1os supe que solo quer\u00eda hacer m\u00fasica y tocar la bater\u00eda. Nunca fui acad\u00e9mica, Una iglesia evangelista en el barrio de villa crespo me abri\u00f3 las puertas porque me asomaba a ver su bater\u00eda todos los d\u00edas detr\u00e1s del vidrio. empec\u00e9 &#8230; <a title=\"28-10\" class=\"read-more\" href=\"https:\/\/cmbsas-caba.infd.edu.ar\/sitio\/28-10\/\" aria-label=\"More on 28-10\">[+]<\/a><\/p>\n","protected":false},"author":309,"featured_media":0,"parent":0,"menu_order":0,"comment_status":"closed","ping_status":"closed","template":"","meta":[],"acf":[],"_links":{"self":[{"href":"https:\/\/cmbsas-caba.infd.edu.ar\/sitio\/wp-json\/wp\/v2\/pages\/2376"}],"collection":[{"href":"https:\/\/cmbsas-caba.infd.edu.ar\/sitio\/wp-json\/wp\/v2\/pages"}],"about":[{"href":"https:\/\/cmbsas-caba.infd.edu.ar\/sitio\/wp-json\/wp\/v2\/types\/page"}],"author":[{"embeddable":true,"href":"https:\/\/cmbsas-caba.infd.edu.ar\/sitio\/wp-json\/wp\/v2\/users\/309"}],"replies":[{"embeddable":true,"href":"https:\/\/cmbsas-caba.infd.edu.ar\/sitio\/wp-json\/wp\/v2\/comments?post=2376"}],"version-history":[{"count":6,"href":"https:\/\/cmbsas-caba.infd.edu.ar\/sitio\/wp-json\/wp\/v2\/pages\/2376\/revisions"}],"predecessor-version":[{"id":2459,"href":"https:\/\/cmbsas-caba.infd.edu.ar\/sitio\/wp-json\/wp\/v2\/pages\/2376\/revisions\/2459"}],"wp:attachment":[{"href":"https:\/\/cmbsas-caba.infd.edu.ar\/sitio\/wp-json\/wp\/v2\/media?parent=2376"}],"curies":[{"name":"wp","href":"https:\/\/api.w.org\/{rel}","templated":true}]}}