{"id":2381,"date":"2020-10-20T15:19:54","date_gmt":"2020-10-20T18:19:54","guid":{"rendered":"https:\/\/cmbsas-caba.infd.edu.ar\/sitio\/?page_id=2381"},"modified":"2020-10-24T20:46:24","modified_gmt":"2020-10-24T23:46:24","slug":"30-10","status":"publish","type":"page","link":"https:\/\/cmbsas-caba.infd.edu.ar\/sitio\/30-10\/","title":{"rendered":"30-10"},"content":{"rendered":"<h3>12h &#8211; Bombas! Bombo con platillo para mujeres y disidencias &#8211; Flor Ruva y Julia Brusse<\/h3>\n<p><img decoding=\"async\" loading=\"lazy\" class=\"alignnone wp-image-2419 size-full\" src=\"https:\/\/cmbsas-caba.infd.edu.ar\/sitio\/wp-content\/uploads\/2020\/10\/Bombas.jpg\" alt=\"\" width=\"820\" height=\"428\" srcset=\"https:\/\/cmbsas-caba.infd.edu.ar\/sitio\/wp-content\/uploads\/2020\/10\/Bombas.jpg 820w, https:\/\/cmbsas-caba.infd.edu.ar\/sitio\/wp-content\/uploads\/2020\/10\/Bombas-768x401.jpg 768w\" sizes=\"(max-width: 820px) 100vw, 820px\" \/><\/p>\n<p><span class=\"il\">Bombas<\/span>!\u00a0 Bombo con platillo para mujeres y disidencias<br \/>\nLa murga y el bombo con platillo son expresiones fundamentales de la cultura popular rioplatense, actualmente extendida en todo el pa\u00eds. Con m\u00e1s de cien a\u00f1os de historia, hoy es parte de nuestra cultura viva, con eje central en el Carnaval y con diversos desarrollos locales que han delineado las distintas identidades murgueras regionales. Los espacios de percusi\u00f3n de las murgas, tradicionalmente ocupados por varones, han resistido de diversas maneras la entrada de las mujeres y disidencias a sus filas. Las\u00a0<span class=\"il\">bombas<\/span>! comenzamos a encontrarnos para reconocernos, para aprender colectivamente, para visibilizarnos y fortalecernos.<\/p>\n<h3>14h &#8211; Adam Tan<\/h3>\n<p><img decoding=\"async\" loading=\"lazy\" class=\"alignnone size-thumbnail wp-image-2421\" src=\"https:\/\/cmbsas-caba.infd.edu.ar\/sitio\/wp-content\/uploads\/2020\/10\/Adam-500x500.jpg\" alt=\"\" width=\"500\" height=\"500\" \/><\/p>\n<p><span style=\"font-weight: 400;\">Adam Tan es marimbista, educador y compositor de Perth, Australia.\u00a0\u00a0<\/span><span style=\"font-weight: 400;\">Principalmente conocido por ser creador de contenido en Youtube para THE STUDIO, el es anfitri\u00f3n y productor de su show, el cual sube contenido semanalmente sobre varios t\u00f3picos de la percusi\u00f3n, tales como instrumentos, t\u00e9cnica y tutoriales. Como compositor, sus trabajos se encuentran en listas de repertorio de universidades, concursos y festivales a nivel internacional, incluyendo el UIL Texas Prescribed Music List (PML). Estas obras se distribuyen tanto digitalmente de forma independiente, como en formato f\u00edsico por Edition Svitzer en Dinamarca. El \u00e1lbum debut de Adam titulado Hope, muestra grabaciones de toda su m\u00fasica y est\u00e1 disponible mundialmente en todas las grandes plataformas digitales.\u00a0<\/span><span style=\"font-weight: 400;\">Adam ha actuado internacionalmente en Australia, Hong Kong, Jap\u00f3n, Malasia, Taiw\u00e1n y E.E.U.U. Adam es el fundador y director de Marimbafest Australia, una organizaci\u00f3n sin fines de lucro dedicada a promover las artes percusivas en Australia, que adem\u00e1s presenta su propio festival y concurso \u00abMarimbafest\u00bb.\u00a0 \u00a0A<\/span><span style=\"font-weight: 400;\">dam es tambi\u00e9n el co-director de the West Australian Youth Percussion Group (WAYPG)\u00a0 (en espa\u00f1ol, grupo juvenil de percusi\u00f3n del Este Australiano), un ensamble juvenil de la University of Western Australia (Universidad del Este Australiano).\u00a0\u00a0<\/span><span style=\"font-weight: 400;\">Adam es Maestro de M\u00fasica (Maestr\u00eda en percusi\u00f3n, investigaci\u00f3n) y licenciado con altas calificaciones de la Universidad del Este Australiano, Conservatorio de M\u00fasica.<\/span><\/p>\n<h3>16h &#8211; Pao Fassi y las malevas del tambor\u00a0 por Miguel Alberghini<\/h3>\n<p><img decoding=\"async\" loading=\"lazy\" class=\"alignnone size-thumbnail wp-image-2422\" src=\"https:\/\/cmbsas-caba.infd.edu.ar\/sitio\/wp-content\/uploads\/2020\/10\/Malevas-baja-500x500.png\" alt=\"\" width=\"500\" height=\"500\" \/><\/p>\n<p>Grupo nacido en 2016 Pao Fassi y las malevas del tambor, es un trio de percusionistas compuesto por Paola Fassi, Gisela Trica y Rita Resano, inspiradas en ritmos y sonidos de<br \/>\nAmerica Latina, proponen en sus composiciones una territorialidad particular, que interroga y desafia la nocion de limite y promueve el dialogo entre genero y gestos sonoros. En esta oportunidad tambi\u00e9n se presentara junto a Eliana Zarabozo en un nuevo proyecto de percusi\u00f3n.<\/p>\n<h3>18h &#8211; Ney Rosauro (Brasil) por Marina Calzado Linage<\/h3>\n<p><img decoding=\"async\" loading=\"lazy\" class=\"alignnone size-thumbnail wp-image-2423\" src=\"https:\/\/cmbsas-caba.infd.edu.ar\/sitio\/wp-content\/uploads\/2020\/10\/Ney_Rosauro_2009_8-500x500.jpg\" alt=\"\" width=\"500\" height=\"500\" \/><\/p>\n<div class=\"et_pb_column et_pb_column_1_2 et_pb_column_5 et_pb_css_mix_blend_mode_passthrough\">\n<div class=\"et_pb_module et_pb_text et_pb_text_6 et_pb_text_align_left et_pb_bg_layout_light\">\n<div class=\"et_pb_text_inner\">\n<p><span lang=\"ES\">Ney Rosauro es reconocido como uno de los percusionistas y compositores m\u00e1s originales y din\u00e1micos del presente.\u00a0<\/span><span lang=\"ES\">Nacido en R\u00edo de Janeiro (Brasil) el 24 de octubre de 1952, comenz\u00f3 estudiando Percusi\u00f3n en 1977 con Luiz Anuncia\u00e7\u00e3o, Percusionista de la Orquesta Sinf\u00f3nica Brasileira en R\u00edo de Janeiro<\/span>.\u00a0<span lang=\"ES\">El se\u00f1or Rosauro estudi\u00f3 Composici\u00f3n y Direcci\u00f3n Orquestal en la Universidad de Brasilia (Brasil). Entonces obtuvo la Maestr\u00eda en Percusi\u00f3n\u00a0de la Escuela Superior de M\u00fasica de W\u00fcrzburgo (Alemania) bajo la direcci\u00f3n del Profesor Siegfried Fink<\/span>.\u00a0<span lang=\"ES\">Complet\u00f3 su Doctorado en la Universidad de Miami (USA) bajo la supervisi\u00f3n de Fred Wickstrom<\/span>.\u00a0<span lang=\"ES\">Entre 1975 y 1987 fue profesor de Percusi\u00f3n en la Escuela de M\u00fasica de Brasilia y timbalero de la Orquesta del Teatro Nacional de Brasilia (Brasil)<\/span>.\u00a0<span lang=\"ES\">Entre\u00a01987 y 2000 sirvi\u00f3 como director del Departamento de Percusi\u00f3n de la Universidad Federal de Santa Mar\u00eda, RS en Brasil. Desde el 2000 hasta el 2009 fue director de los Estudios de Percusi\u00f3n de la Universidad de Miami (Florida, USA)<\/span>. Como compositor, ha publicado m\u00e1s de 100 piezas para percusi\u00f3n as\u00ed como varios m\u00e9todos. Sus composiciones son muy populares en todo el mundo y han sido grabadas por artistas aclamados internacionalmente como Evelyn Glennie y la Orquesta Sinf\u00f3nica de Londres. Su\u00a0<em>Concierto para Marimba y Orquesta<\/em>\u00a0es el mas popular marimba concierto de todo los tiempos\u00a0\u00a0y\u00a0ha sido interpretado por m\u00e1s de 3000 orquestas diferentes de todo el mundo.\u00a0<span lang=\"ES\">Sus once discos en solitario han recibido la ovaci\u00f3n de la cr\u00edtica y han sido aclamados por los\u00a0 percusionistas y amantes de la m\u00fasica en general<\/span>.\u00a0<span lang=\"ES\">Ney Rosauro ha aparecido\u00a0 como solista en conciertos, y como solista con Orquestas en m\u00e1s de 45 paises diferentes, incluyendo los m\u00e1s prestigiosos Festivales Internacionales de Percusi\u00f3n<\/span>.\u00a0<span lang=\"ES\">El Dr. Rosauro es un artista de Yamaha, Sabian, MalletWorks y Contemporanea, y toca exclusivamente con baquetas Vic Firth<\/span>.<\/p>\n<\/div>\n<\/div>\n<\/div>\n<h3>19h &#8211; Ensamble de Percusi\u00f3n de la Orquesta de Instrumentos aut\u00f3ctonos y nuevas tecnolog\u00edas \u2013 UNTREF \u2013 Dir. Alejandro Iglesias Rossi<\/h3>\n<p>La Orquesta de Instrumentos Aut\u00f3ctonos y Nuevas Tecnolog\u00edas con sede en la <a href=\"https:\/\/es.wikipedia.org\/wiki\/Universidad_Nacional_de_Tres_de_Febrero\">Universidad Nacional de Tres de Febrero<\/a> fue fundada en el a\u00f1o 2004 por el compositor, director, investigador y educador argentino <a href=\"https:\/\/es.wikipedia.org\/wiki\/Alejandro_Iglesias_Rossi\">Alejandro Iglesias Rossi<\/a> y la educadora, eutonista, music\u00f3loga, iconografa y directora de Artes Esc\u00e9nicas y Visuales Susana Ferreres. Desde el momento de su creaci\u00f3n la Orquesta ha realizado un trabajo interdisciplinario que abarca las \u00e1reas de investigaci\u00f3n en el \u00e1rea de composici\u00f3n, interpretaci\u00f3n, luter\u00eda y creaci\u00f3n de m\u00e1scaras, buscando as\u00ed reunir las diferentes \u00e1reas del conocimiento relacionadas con la m\u00fasica.\u00a0La orquesta parte de la concepci\u00f3n de otorgar a los instrumentos nativos de Am\u00e9rica la misma \u00abdignidad ontol\u00f3gica\u00bb que a los instrumentos heredados de la tradici\u00f3n europea y los desarrollados por la tecnolog\u00eda digital. Asimismo, busca salvar la brecha, la compartimentaci\u00f3n (heredada de una cierta concepci\u00f3n tard\u00eda en la historia de la m\u00fasica), entre el compositor y el int\u00e9rprete. Por ello, todos los integrantes son a la vez creadores y ejecutantes de sus propias obras, constructores de muchos de los instrumentos que interpretan y de las m\u00e1scaras que se utilizan en los conciertos.\u00a0La Orquesta ha sido integrada a lo largo de su trayectoria por profesores y alumnos de la <a href=\"https:\/\/web.archive.org\/web\/20120126055409\/http:\/\/www.untref.edu.ar\/posgrados\/maestriaencreacionmusicalnuevastecnologiasyartestradicionales\">Maestr\u00eda en Creaci\u00f3n Musical, Nuevas Tecnolog\u00edas y Artes Tradicionales<\/a>, de la Ingenier\u00eda de Sonido, de la <a href=\"https:\/\/web.archive.org\/web\/20120701060646\/http:\/\/www.untref.edu.ar\/carrerasdegrado\/arteselectronicas\">Licenciatura en Artes Electr\u00f3nicas<\/a> y de la <a href=\"http:\/\/www.untref.edu.ar\/carrera\/musica-autoctona-clasica-y-popular-de-america\">Licenciatura en M\u00fasica Aut\u00f3ctona, Cl\u00e1sica y Popular de Am\u00e9rica<\/a>.<\/p>\n","protected":false},"excerpt":{"rendered":"<p>12h &#8211; Bombas! Bombo con platillo para mujeres y disidencias &#8211; Flor Ruva y Julia Brusse Bombas!\u00a0 Bombo con platillo para mujeres y disidencias La murga y el bombo con platillo son expresiones fundamentales de la cultura popular rioplatense, actualmente extendida en todo el pa\u00eds. Con m\u00e1s de cien a\u00f1os de historia, hoy es parte &#8230; <a title=\"30-10\" class=\"read-more\" href=\"https:\/\/cmbsas-caba.infd.edu.ar\/sitio\/30-10\/\" aria-label=\"More on 30-10\">[+]<\/a><\/p>\n","protected":false},"author":309,"featured_media":0,"parent":0,"menu_order":0,"comment_status":"closed","ping_status":"closed","template":"","meta":[],"acf":[],"_links":{"self":[{"href":"https:\/\/cmbsas-caba.infd.edu.ar\/sitio\/wp-json\/wp\/v2\/pages\/2381"}],"collection":[{"href":"https:\/\/cmbsas-caba.infd.edu.ar\/sitio\/wp-json\/wp\/v2\/pages"}],"about":[{"href":"https:\/\/cmbsas-caba.infd.edu.ar\/sitio\/wp-json\/wp\/v2\/types\/page"}],"author":[{"embeddable":true,"href":"https:\/\/cmbsas-caba.infd.edu.ar\/sitio\/wp-json\/wp\/v2\/users\/309"}],"replies":[{"embeddable":true,"href":"https:\/\/cmbsas-caba.infd.edu.ar\/sitio\/wp-json\/wp\/v2\/comments?post=2381"}],"version-history":[{"count":6,"href":"https:\/\/cmbsas-caba.infd.edu.ar\/sitio\/wp-json\/wp\/v2\/pages\/2381\/revisions"}],"predecessor-version":[{"id":2473,"href":"https:\/\/cmbsas-caba.infd.edu.ar\/sitio\/wp-json\/wp\/v2\/pages\/2381\/revisions\/2473"}],"wp:attachment":[{"href":"https:\/\/cmbsas-caba.infd.edu.ar\/sitio\/wp-json\/wp\/v2\/media?parent=2381"}],"curies":[{"name":"wp","href":"https:\/\/api.w.org\/{rel}","templated":true}]}}