{"id":2385,"date":"2020-10-20T15:22:15","date_gmt":"2020-10-20T18:22:15","guid":{"rendered":"https:\/\/cmbsas-caba.infd.edu.ar\/sitio\/?page_id=2385"},"modified":"2020-10-24T20:48:42","modified_gmt":"2020-10-24T23:48:42","slug":"31-10","status":"publish","type":"page","link":"https:\/\/cmbsas-caba.infd.edu.ar\/sitio\/31-10\/","title":{"rendered":"31-10"},"content":{"rendered":"<p><strong>12h &#8211; Carlos Passeggi<\/strong><\/p>\n<p><img decoding=\"async\" loading=\"lazy\" class=\"alignnone size-thumbnail wp-image-2464\" src=\"https:\/\/cmbsas-caba.infd.edu.ar\/sitio\/wp-content\/uploads\/2020\/10\/carlos-passeggi-BN-2015-500x500.jpg\" alt=\"\" width=\"500\" height=\"500\" \/><\/p>\n<p>Es egresado del Instituto Superior de M\u00fasica de la Universidad Nacional del Litoral de Argentina y del conservatorio Manuel de Falla de la ciudad de Buenos Aires, Argentina. El Editorial holand\u00e9s Dutch Music Partners public\u00f3 m\u00e1s de 40 composiciones suyas para percusi\u00f3n y los Cds \u201cDifferent Paths\u201d (2004) y \u201cTouched-Tocado\u201d (2011), con grabaciones de 28 de sus obras. Sus composiciones han sido estrenadas y\/o interpretadas por solistas o ensambles de percusi\u00f3n de Argentina, Chile, Colombia, Estados Unidos, Alemania, Espa\u00f1a, Portugal, B\u00e9lgica, Holanda, Polonia, Rusia y por \u00e9l mismo. Ha participado en diferentes proyectos musicales como percusionista, compositor y t\u00e9cnico de grabaci\u00f3n: \u201cPsycho\u201d 2 Cds, 2 giras, \u201cR\u00edo\u201d 2 Cds, \u201cTengo pa`l Truco\u201d 3 Cds, 3giras latinoamericanas y 3 europeas, \u201cKurup\u00edes D\u00fao\u201d 1 Cds, 2 giras latinoamericanas y 2 Europeas. En 2019 recibi\u00f3 una beca del Fondo Nacional de las Artes de Argentina para terminar la producci\u00f3n y presentar el el espect\u00e1culo &amp;quot;El TocaRuidos&amp;quot; para solista de percusi\u00f3n ac\u00fastica, electr\u00f3nica, voces y proyecciones. Fue profesor en el Liceo de M\u00fasica de Santa Fe hasta 1997 y en el Conservatorio de M\u00fasica de Lincoln desde 1997. Desde 2010 es miembro y organizador en la sede de Lincoln pcia de Buenos Aires, del Festival Internacional de M\u00fasica Sonamos Latinoam\u00e9rica. Ha participado de, giras, conciertos, clases abiertas y cl\u00ednicas, como solista o con los diferentes proyectos mencionados en universidades, conservatorios, escuelas de m\u00fasica y festivales de Colombia, Chile, Per\u00fa, Brasil, Francia, Holanda, B\u00e9lgica y Espa\u00f1a, entre los m\u00e1s importantes. Ha compuesto m\u00fasica para radio y televisi\u00f3n.<\/p>\n<p><strong>14h &#8211; Pato Hernandez. Modera Ariel Gonzalez<\/strong><\/p>\n<p><img decoding=\"async\" loading=\"lazy\" class=\"alignnone size-thumbnail wp-image-2465\" src=\"https:\/\/cmbsas-caba.infd.edu.ar\/sitio\/wp-content\/uploads\/2020\/10\/Patricio-Hernandez-500x500.jpg\" alt=\"\" width=\"500\" height=\"500\" srcset=\"https:\/\/cmbsas-caba.infd.edu.ar\/sitio\/wp-content\/uploads\/2020\/10\/Patricio-Hernandez-500x500.jpg 500w, https:\/\/cmbsas-caba.infd.edu.ar\/sitio\/wp-content\/uploads\/2020\/10\/Patricio-Hernandez.jpg 720w\" sizes=\"(max-width: 500px) 100vw, 500px\" \/><\/p>\n<p><strong>16h &#8211; Vivi Pozzeb\u00f3n (Argentina) por Marina Calzado Linage<\/strong><\/p>\n<p>Vivi Pozzeb\u00f3n es cantante y es una de las referentes femeninas de la percusi\u00f3n en Argentina.Se proyecta como uno de los exponentes m\u00e1s importantes de la nueva m\u00fasica de este pa\u00eds, mezclando de manera particular m\u00fasica de ra\u00edz Argentina, Afroamericana y del Caribe en un recorrido sonoro que va del comp\u00e1s tradicional a la potencia del pulso urbano. Durante 12 a\u00f1os form\u00f3 parte del grupo De Boca en Boca. Con tres discos en su haber el primero, M\u00fasica de Mundos, marc\u00f3 un verdadero e inesperado hito en el panorama musical de mediados de los \u00b490 en Argentina. Fue la mejor formaci\u00f3n vocal femenina basada en m\u00fasica \u00e9tnica que pari\u00f3 nuestro pa\u00eds, liderando la avanzada del mal\u00f3n de grupos f\u00e9minos de percusi\u00f3n y canto que sobrevinieron luego en estas pampas. El Misterio de las Voces B\u00falgaras, Zap Mama, Miriam Makeba, Bobby Mc Ferrin yTot\u00f3 La Momposina fueron algunos de sus referentes en el arte del canto y sus t\u00edmbricas. Compartieron escenario con artistas como Cecilia Todd (Venezuela), Hermeto Pascoal (Brasil), Eva Quartet (cantantes de El Misterio de las Voces B\u00falgaras), Jairo (Argentina) y Rub\u00e9n Blades (Panam\u00e1), con quien tambi\u00e9n colaboraron en su disco Mundo, ganador del Grammy 2003 como mejor Album de M\u00fasica del Mundo. Hoy transita su etapa solista y ya edit\u00f3 dos discos Tamboorbeat(2009) y su esperado Madre Baile (2011).<\/p>\n<p><strong>18h &#8211; Santiago Vazquez\u00a0por Marina Calzado Linage<\/strong><\/p>\n<p><span style=\"font-weight: 400;\">Es m\u00fasico, multi-instrumentista, compositor, director, productor,\u00a0<\/span><span style=\"font-weight: 400;\">investigador r\u00edtmico, y generador de proyectos culturales. Estudi\u00f3\u00a0<\/span><span style=\"font-weight: 400;\">bater\u00eda, percusi\u00f3n, piano, guitarra, mbira, composici\u00f3n, armon\u00eda y\u00a0<\/span><span style=\"font-weight: 400;\">contrapunto en forma privada en Argentina, Espa\u00f1a, EEUU y otros\u00a0<\/span><span style=\"font-weight: 400;\">pa\u00edses.\u00a0<\/span><span style=\"font-weight: 400;\">Recibi\u00f3 una beca del California Institute of the Arts para estudios de\u00a0<\/span><span style=\"font-weight: 400;\">Composici\u00f3n y World Music, donde estudi\u00f3 composici\u00f3n, armon\u00eda y\u00a0<\/span><span style=\"font-weight: 400;\">contrapunto, orquestaci\u00f3n, direcci\u00f3n orquestal, tabla hind\u00fa, gamelan\u00a0<\/span><span style=\"font-weight: 400;\">de Java y de Bali, tambores koreanos, etc.\u00a0<\/span><span style=\"font-weight: 400;\">ha tocado y grabado como baterista y percusionista con gran cantidad\u00a0<\/span><span style=\"font-weight: 400;\">de grupos y artistas, como Luis Salinas, N\u00e9stor Marconi, Juana Molina,\u00a0<\/span><span style=\"font-weight: 400;\">Mono Fontana, Dino Saluzzi, Alejandro Lerner, Roberto Goyeneche, Lito\u00a0<\/span><span style=\"font-weight: 400;\">Vitale, y Pedro Aznar, entre muchos otros.\u00a0<\/span><span style=\"font-weight: 400;\">Ide\u00f3, fund\u00f3 y dirigi\u00f3, entre otros, los grupos La Bomba de Tiempo,\u00a0<\/span><span style=\"font-weight: 400;\">Puente Celeste, La Grande, Colectivo Eterof\u00f3nico, Ser\u00e1 una Noche, el\u00a0<\/span><span style=\"font-weight: 400;\">Grupo de Mbiras de Buenos Aires, El Tempo (Tokyo) y PAN.\u00a0<\/span><span style=\"font-weight: 400;\">Introdujo y divulg\u00f3 la mbira y su m\u00fasica tradicional, por primera vez\u00a0<\/span><span style=\"font-weight: 400;\">en Argentina . Cre\u00f3 y desarroll\u00f3 el lenguaje de Ritmo con Se\u00f1as, para\u00a0<\/span><span style=\"font-weight: 400;\">dirigir improvisaci\u00f3n r\u00edtmica y composici\u00f3n en tiempo real, y lo puso e<\/span><span style=\"font-weight: 400;\">n practica con sus grupos La Bomba de Tiempo, La Grande, y PAN.\u00a0<\/span><span style=\"font-weight: 400;\">Fund\u00f3 y dirige el CERPS (Centro de Estudios de Ritmo y Percusi\u00f3n con\u00a0<\/span><span style=\"font-weight: 400;\">Se\u00f1as), Ha escrito y editado con la Editorial Atl\u00e1ntida el Manual de\u00a0<\/span><span style=\"font-weight: 400;\">Ritmo y Percusi\u00f3n con Se\u00f1as, Fund\u00f3 y preside la ARPS (Asociaci\u00f3n de\u00a0<\/span><span style=\"font-weight: 400;\">Ritmo y Percusi\u00f3n con Se\u00f1as\u00a0<\/span><span style=\"font-weight: 400;\">En su discograf\u00eda podemos destacar sus cuatro discos solistas hasta la\u00a0<\/span><span style=\"font-weight: 400;\">fecha: ;Santiago Vazquez ; Puente Celeste;; Raamon;Mbira y Pampa;\u00a0<\/span><span style=\"font-weight: 400;\">entre muchos otros\u00a0<\/span><span style=\"font-weight: 400;\">Ha recibido entre otros los premios Clar\u00edn Revelaci\u00f3n en el rubro Jazz\u00a0<\/span><span style=\"font-weight: 400;\">por su primer disco solista Santiago Vazquez &amp;amp; Puente Celeste ; Konex\u00a0<\/span><span style=\"font-weight: 400;\">con Puente Celeste como uno de los 5 artistas de jazz mas destacados\u00a0<\/span><span style=\"font-weight: 400;\">de la d\u00e9cada; ; Clar\u00edn Revelaci\u00f3n de Folklore por el disco de Puente\u00a0<\/span><span style=\"font-weight: 400;\">Celeste Canciones a\u00f1o 2012; Konex por su grupo La Bomba de Tiempo como\u00a0<\/span><span style=\"font-weight: 400;\">uno de los artistas de m\u00fasica de fusi\u00f3n de la d\u00e9cada.\u00a0<\/span><span style=\"font-weight: 400;\">En 2019 fue declarado Personalidad Destacada de la Cultura por la\u00a0<\/span><span style=\"font-weight: 400;\">Legislatura de la Ciudad de Buenos Aires.<\/span><\/p>\n<p>&nbsp;<\/p>\n<p><strong>19h &#8211; Ensamble de Percusi\u00f3n del Conservatorio Sup. De M\u00fasica de la ciudad de Buenos Aires\u201d Astor Piazzolla\u201d \u2013 Parque Centenario \u2013 nov 2019<\/strong><\/p>\n<p><img decoding=\"async\" loading=\"lazy\" class=\"alignnone size-thumbnail wp-image-2393\" src=\"https:\/\/cmbsas-caba.infd.edu.ar\/sitio\/wp-content\/uploads\/2020\/10\/65187584_2369694986422337_7640490474460938240_o-500x500.jpg\" alt=\"\" width=\"500\" height=\"500\" \/><\/p>\n<p>Creado en el 2003 a propuesta de su directora Marina Calzado Linage. Est\u00e1 integrado por alumnos de todos los niveles del Conservatorio de M\u00fasica de la Ciudad de Buenos Aires \u201cAstor Piazzolla\u201d constituyendo un espacio de formaci\u00f3n profesional de estos j\u00f3venes percusionistas. Ha contado con la participaci\u00f3n como directores invitados de Fabi\u00e1n Bermann, Lucio Bruno Videla, Dar\u00edo Ingignoli, Hernan S\u00e1nchez Arteaga, Alfredo Corral, Gustavo Codina, Carlos Calleja, Diego Lurbe, Miguel Pesce , Camilo Santoestefano , Cesar Bustamante y Salvatore Caputo.<br \/>\nSe ha presentado en prestigiosas salas de nuestra ciudad: Teatro Col\u00f3n, Biblioteca Nacional, Legislatura de Buenos Aires, Colegio Nacional de Buenos Aires, Facultad de Derecho UBA, Centro Nacional de M\u00fasica, Facultad de Medicina UBA, Teatro 25 de mayo, Usina del Arte, CCK y Teatro Gran Rex, entre otras.<br \/>\nParticip\u00f3 del Dia de la Percusi\u00f3n organizado por Percusive Art Society, del 1\u00ba Encuentro de Percusi\u00f3n -UNLA, del 1\u00ba, 2\u00ba, 3\u00ba , 4\u00ba y 5 \u00ba Encuentro Internacional de Ensambles de Percusi\u00f3n del Conservatorio \u201cAstor Piazzolla\u201d, del X Festival de Percusi\u00f3n \u201cArte a Palos\u201d, de la Noche de los Museos de la Ciudad De Bs As- 2010 2013 , 2014 y 2016 . Asimismo se ha presentado en el Ciclo de \u201cConciertos del Mediod\u00eda \u201cdel Mozarteum Argentino junto con la Agrupaci\u00f3n Coral Lag\u00fan Onak interpretando Carmina Burana de Carl Orff y en el estreno argentino de The Desert Music de Steve Reich junto a la agrupaci\u00f3n coral Musica Quantica bajo la direcci\u00f3n de Camilo Santoestefano.Ha participado de CD de la opera argentina\u201cChasca\u201d de Enrique Mario Casella , sello Tradicion. Particip\u00f3 del estreno latinoamericano de la \u00f3pera \u201cPulgarcito \u201cde H. Henze junto al Coro de Ni\u00f1os del Teatro Col\u00f3n bajo la direcci\u00f3n de Cesar Bustamante.<\/p>\n","protected":false},"excerpt":{"rendered":"<p>12h &#8211; Carlos Passeggi Es egresado del Instituto Superior de M\u00fasica de la Universidad Nacional del Litoral de Argentina y del conservatorio Manuel de Falla de la ciudad de Buenos Aires, Argentina. El Editorial holand\u00e9s Dutch Music Partners public\u00f3 m\u00e1s de 40 composiciones suyas para percusi\u00f3n y los Cds \u201cDifferent Paths\u201d (2004) y \u201cTouched-Tocado\u201d (2011), &#8230; <a title=\"31-10\" class=\"read-more\" href=\"https:\/\/cmbsas-caba.infd.edu.ar\/sitio\/31-10\/\" aria-label=\"More on 31-10\">[+]<\/a><\/p>\n","protected":false},"author":309,"featured_media":0,"parent":0,"menu_order":0,"comment_status":"closed","ping_status":"closed","template":"","meta":[],"acf":[],"_links":{"self":[{"href":"https:\/\/cmbsas-caba.infd.edu.ar\/sitio\/wp-json\/wp\/v2\/pages\/2385"}],"collection":[{"href":"https:\/\/cmbsas-caba.infd.edu.ar\/sitio\/wp-json\/wp\/v2\/pages"}],"about":[{"href":"https:\/\/cmbsas-caba.infd.edu.ar\/sitio\/wp-json\/wp\/v2\/types\/page"}],"author":[{"embeddable":true,"href":"https:\/\/cmbsas-caba.infd.edu.ar\/sitio\/wp-json\/wp\/v2\/users\/309"}],"replies":[{"embeddable":true,"href":"https:\/\/cmbsas-caba.infd.edu.ar\/sitio\/wp-json\/wp\/v2\/comments?post=2385"}],"version-history":[{"count":6,"href":"https:\/\/cmbsas-caba.infd.edu.ar\/sitio\/wp-json\/wp\/v2\/pages\/2385\/revisions"}],"predecessor-version":[{"id":2474,"href":"https:\/\/cmbsas-caba.infd.edu.ar\/sitio\/wp-json\/wp\/v2\/pages\/2385\/revisions\/2474"}],"wp:attachment":[{"href":"https:\/\/cmbsas-caba.infd.edu.ar\/sitio\/wp-json\/wp\/v2\/media?parent=2385"}],"curies":[{"name":"wp","href":"https:\/\/api.w.org\/{rel}","templated":true}]}}