{"id":2635,"date":"2021-05-05T15:18:23","date_gmt":"2021-05-05T18:18:23","guid":{"rendered":"https:\/\/cmbsas-caba.infd.edu.ar\/sitio\/?page_id=2635"},"modified":"2026-04-22T13:57:01","modified_gmt":"2026-04-22T16:57:01","slug":"coberturas-de-catedra","status":"publish","type":"page","link":"https:\/\/cmbsas-caba.infd.edu.ar\/sitio\/docentes\/coberturas-de-catedra\/","title":{"rendered":"Cobertura de horas c\u00e1tedra\/cargos"},"content":{"rendered":"<p>1. <a href=\"https:\/\/cmbsas-caba.infd.edu.ar\/sitio\/wp-content\/uploads\/2026\/04\/Instructivo-para-la-presentacion-a-cobertura-de-horas-catedra-2026.pdf\" target=\"_blank\" rel=\"noopener\">Instructivo para la presentaci\u00f3n a cobertura de horas-c\u00e1tedra\/cargos<\/a><\/p>\n<p>2. <a href=\"https:\/\/cmbsas-caba.infd.edu.ar\/sitio\/wp-content\/uploads\/2026\/04\/Formulario-de-inscripcion-coberturas_.docx\">Formulario de inscripci\u00f3n<\/a><\/p>\n<p>2. bis. <a href=\"https:\/\/cmbsas-caba.infd.edu.ar\/sitio\/wp-content\/uploads\/2026\/04\/Formulario-de-inscripcion-coberturas-preceptor_.docx\" target=\"_blank\" rel=\"noopener\">Formulario de inscripci\u00f3n para Preceptor\/Bedel\u00eda<\/a><\/p>\n<p><a href=\"https:\/\/cmbsas-caba.infd.edu.ar\/sitio\/wp-content\/uploads\/2022\/12\/Grilla-de-evaluacion-1.pdf\">3. Grilla de evaluaci\u00f3n<\/a><\/p>\n<p>4. <a href=\"https:\/\/cmbsas-caba.infd.edu.ar\/sitio\/wp-content\/uploads\/2021\/04\/Modelo-proyecto-pedag\u00f3gico.pdf\" target=\"_blank\" rel=\"noopener\">Propuesta proyecto pedag\u00f3gico<\/a><\/p>\n<h4><a href=\"https:\/\/cmbsas-caba.infd.edu.ar\/sitio\/category\/noticias\/institucionales\/\">VER COBERTURAS ACTUALES AQU\u00cd<\/a><\/h4>\n<h3>\u00a0<\/h3>\n\n\n<p><\/p>\n\n\n","protected":false},"excerpt":{"rendered":"<p>1. Instructivo para la presentaci\u00f3n a cobertura de horas-c\u00e1tedra\/cargos 2. Formulario de inscripci\u00f3n 2. bis. Formulario de inscripci\u00f3n para Preceptor\/Bedel\u00eda 3. Grilla de evaluaci\u00f3n 4. Propuesta proyecto pedag\u00f3gico VER COBERTURAS ACTUALES AQU\u00cd \u00a0<\/p>\n","protected":false},"author":583,"featured_media":0,"parent":1497,"menu_order":0,"comment_status":"closed","ping_status":"closed","template":"","meta":[],"acf":[],"_links":{"self":[{"href":"https:\/\/cmbsas-caba.infd.edu.ar\/sitio\/wp-json\/wp\/v2\/pages\/2635"}],"collection":[{"href":"https:\/\/cmbsas-caba.infd.edu.ar\/sitio\/wp-json\/wp\/v2\/pages"}],"about":[{"href":"https:\/\/cmbsas-caba.infd.edu.ar\/sitio\/wp-json\/wp\/v2\/types\/page"}],"author":[{"embeddable":true,"href":"https:\/\/cmbsas-caba.infd.edu.ar\/sitio\/wp-json\/wp\/v2\/users\/583"}],"replies":[{"embeddable":true,"href":"https:\/\/cmbsas-caba.infd.edu.ar\/sitio\/wp-json\/wp\/v2\/comments?post=2635"}],"version-history":[{"count":52,"href":"https:\/\/cmbsas-caba.infd.edu.ar\/sitio\/wp-json\/wp\/v2\/pages\/2635\/revisions"}],"predecessor-version":[{"id":8894,"href":"https:\/\/cmbsas-caba.infd.edu.ar\/sitio\/wp-json\/wp\/v2\/pages\/2635\/revisions\/8894"}],"up":[{"embeddable":true,"href":"https:\/\/cmbsas-caba.infd.edu.ar\/sitio\/wp-json\/wp\/v2\/pages\/1497"}],"wp:attachment":[{"href":"https:\/\/cmbsas-caba.infd.edu.ar\/sitio\/wp-json\/wp\/v2\/media?parent=2635"}],"curies":[{"name":"wp","href":"https:\/\/api.w.org\/{rel}","templated":true}]}}