{"id":2650,"date":"2021-05-14T19:36:27","date_gmt":"2021-05-14T22:36:27","guid":{"rendered":"https:\/\/cmbsas-caba.infd.edu.ar\/sitio\/?page_id=2650"},"modified":"2024-02-17T14:51:54","modified_gmt":"2024-02-17T17:51:54","slug":"concurso-regente-turno-tarde","status":"publish","type":"page","link":"https:\/\/cmbsas-caba.infd.edu.ar\/sitio\/docentes\/concurso-regente-turno-tarde\/","title":{"rendered":"Concursos vicedirecciones y secretar\u00eda acad\u00e9mica"},"content":{"rendered":"<div><\/div>\n<div>\n<div class=\"x_elementToProof x_ContentPasted0\">Por Resol 2022-5919-GCABA-MCGC se convoca a concurso para cubrir la vacancia de DOS (2) cargos de Vicedirecci\u00f3n y UN (1) cargo de Secretar\u00eda Acad\u00e9mica en el Conservatorio Superior de M\u00fasica de la Ciudad de Buenos Aires \u201cAstor Piazzolla\u201d perteneciente a la Direcci\u00f3n General de Ense\u00f1anza Art\u00edstica de la Subsecretar\u00eda de Pol\u00edticas Culturales y Nuevas Audiencias del Ministerio de Cultura;<\/div>\n<div class=\"x_elementToProof x_ContentPasted0\"><\/div>\n<div class=\"x_elementToProof x_ContentPasted0\" dir=\"auto\">El cronograma del mismo es:<\/div>\n<div class=\"x_elementToProof x_ContentPasted0\" dir=\"auto\"><\/div>\n<div class=\"x_elementToProof x_ContentPasted0\">\n<table class=\"x_MsoTableGrid x_ContentPasted5\" width=\"765\">\n<tbody class=\"x_ContentPasted5\">\n<tr class=\"x_ContentPasted5\">\n<td class=\"x_ContentPasted5\" valign=\"top\" width=\"186\">\n<p class=\"x_MsoNormal\"><span class=\"x_ContentPasted5\">Fechas &nbsp;<\/span><\/p>\n<\/td>\n<td class=\"x_ContentPasted5\" valign=\"top\" width=\"130\">\n<p class=\"x_MsoNormal\"><span class=\"x_ContentPasted5\">D\u00edas &nbsp;<\/span><\/p>\n<\/td>\n<td class=\"x_ContentPasted5\" valign=\"top\" width=\"449\">\n<p class=\"x_MsoNormal\"><span class=\"x_ContentPasted5\">Acciones &nbsp;<\/span><\/p>\n<\/td>\n<\/tr>\n<tr class=\"x_ContentPasted5\">\n<td class=\"x_ContentPasted5\" valign=\"top\" width=\"186\">\n<p class=\"x_MsoNormal\"><span class=\"x_ContentPasted5\">Del 16\/9 al 29\/9&nbsp;\u2002\u2002\u2002\u2002\u2002\u2002\u2002\u2002\u2002\u2002\u2002\u2002\u2002\u2002\u2002\u2002\u2002<\/span><\/p>\n<\/td>\n<td class=\"x_ContentPasted5\" valign=\"top\" width=\"130\">\n<p class=\"x_MsoNormal\"><span class=\"x_ContentPasted5\">10 d\u00edas h\u00e1biles&nbsp;\u2002\u2002\u2002\u2002\u2002\u2002&nbsp;<\/span><\/p>\n<\/td>\n<td class=\"x_ContentPasted5\" valign=\"top\" width=\"449\">\n<p class=\"x_MsoNormal\"><span class=\"x_ContentPasted5\">Difusi\u00f3n del llamado a Concurso.<\/span><\/p>\n<p class=\"x_MsoNormal\">\n<\/td>\n<\/tr>\n<tr class=\"x_ContentPasted5\">\n<td class=\"x_ContentPasted5\" valign=\"top\" width=\"186\">\n<p class=\"x_MsoNormal\"><span class=\"x_ContentPasted5\">Del 30\/9 al 31\/10&nbsp;<\/span><\/p>\n<\/td>\n<td class=\"x_ContentPasted5\" valign=\"top\" width=\"130\">\n<p class=\"x_MsoNormal\"><span class=\"x_ContentPasted5\">20 d\u00edas h\u00e1biles&nbsp;<\/span><\/p>\n<\/td>\n<td class=\"x_ContentPasted5\" valign=\"top\" width=\"449\">\n<p class=\"x_MsoNormal\"><span class=\"x_ContentPasted5\">Per\u00edodo de Inscripci\u00f3n de aspirantes al concurso.<\/span><\/p>\n<p class=\"x_MsoNormal\">\n<\/td>\n<\/tr>\n<tr class=\"x_ContentPasted5\">\n<td class=\"x_ContentPasted5\" valign=\"top\" width=\"186\">\n<p class=\"x_MsoNormal\"><span class=\"x_ContentPasted5\">Del 01\/11 al 07\/11&nbsp;<\/span><\/p>\n<\/td>\n<td class=\"x_ContentPasted5\" valign=\"top\" width=\"130\">\n<p class=\"x_MsoNormal\"><span class=\"x_ContentPasted5\">5 d\u00edas h\u00e1biles&nbsp;<\/span><\/p>\n<\/td>\n<td class=\"x_ContentPasted5\" valign=\"top\" width=\"449\">\n<p class=\"x_MsoNormal\"><span class=\"x_ContentPasted5\">DGEART designar\u00e1 jurados<\/span><\/p>\n<\/td>\n<\/tr>\n<\/tbody>\n<\/table>\n<p class=\"x_MsoNormal\"><i><span class=\"x_ContentPasted5\">Si hubiera menos de tres inscripciones la DGEART podr\u00e1 prorrogar la inscripci\u00f3n&nbsp;<\/span><\/i><\/p>\n<table class=\"x_MsoTableGrid x_ContentPasted5\" width=\"765\">\n<tbody class=\"x_ContentPasted5\">\n<tr class=\"x_ContentPasted5\">\n<td class=\"x_ContentPasted5\" valign=\"top\" width=\"186\">\n<p class=\"x_MsoNormal\"><span class=\"x_ContentPasted5\">Del 08\/11 al 12\/11&nbsp;<\/span><\/p>\n<\/td>\n<td class=\"x_ContentPasted5\" valign=\"top\" width=\"130\">\n<p class=\"x_MsoNormal\"><span class=\"x_ContentPasted5\">5 d\u00edas&nbsp;<\/span><\/p>\n<\/td>\n<td class=\"x_ContentPasted5\" valign=\"top\" width=\"449\">\n<p class=\"x_MsoNormal\"><span class=\"x_ContentPasted5\">DGEART, comunica los aspirantes inscriptos, encomend\u00e1ndose la publicaci\u00f3n por todos los medios disponibles<\/span><\/p>\n<\/td>\n<\/tr>\n<tr class=\"x_ContentPasted5\">\n<td class=\"x_ContentPasted5\" valign=\"top\" width=\"186\">\n<p class=\"x_MsoNormal\"><span class=\"x_ContentPasted5\">Del 14\/11 al 28\/11&nbsp;<\/span><\/p>\n<\/td>\n<td class=\"x_ContentPasted5\" valign=\"top\" width=\"130\">\n<p class=\"x_MsoNormal\"><span class=\"x_ContentPasted5\">10 d\u00edas h\u00e1biles&nbsp;<\/span><\/p>\n<\/td>\n<td class=\"x_ContentPasted5\" valign=\"top\" width=\"449\">\n<p class=\"x_MsoNormal\"><span class=\"x_ContentPasted5\">Per\u00edodo para presentar objeciones a los aspirantes inscriptos.<\/span><\/p>\n<p class=\"x_MsoNormal\">\n<\/td>\n<\/tr>\n<\/tbody>\n<\/table>\n<p class=\"x_MsoNormal\"><i><span class=\"x_ContentPasted5\">De no haber impugnaciones se contin\u00faa con el cronograma&nbsp;<\/span><\/i><\/p>\n<table class=\"x_MsoTableGrid x_ContentPasted5\" width=\"765\">\n<tbody class=\"x_ContentPasted5\">\n<tr class=\"x_ContentPasted5\">\n<td class=\"x_ContentPasted5\" valign=\"top\" width=\"186\">\n<p class=\"x_MsoNormal\"><span class=\"x_ContentPasted5\">Del 29\/11 al 05\/12&nbsp;<\/span><\/p>\n<\/td>\n<td class=\"x_ContentPasted5\" valign=\"top\" width=\"130\">\n<p class=\"x_MsoNormal\"><span class=\"x_ContentPasted5\">5 d\u00edas h\u00e1biles&nbsp;<\/span><\/p>\n<\/td>\n<td class=\"x_ContentPasted5\" valign=\"top\" width=\"449\">\n<p class=\"x_MsoNormal\"><span class=\"x_ContentPasted5\">DGEART da vista al&nbsp;aspirante de la impugnaci\u00f3n presentada.<\/span><\/p>\n<p class=\"x_MsoNormal\">\n<\/td>\n<\/tr>\n<tr class=\"x_ContentPasted5\">\n<td class=\"x_ContentPasted5\" valign=\"top\" width=\"186\">\n<p class=\"x_MsoNormal\"><span class=\"x_ContentPasted5\">Del 06\/12 al 15\/12&nbsp;<\/span><\/p>\n<\/td>\n<td class=\"x_ContentPasted5\" valign=\"top\" width=\"130\">\n<p class=\"x_MsoNormal\"><span class=\"x_ContentPasted5\">10 d\u00edas&nbsp;<\/span><\/p>\n<\/td>\n<td class=\"x_ContentPasted5\" valign=\"top\" width=\"449\">\n<p class=\"x_MsoNormal\"><span class=\"x_ContentPasted5\">Presentaci\u00f3n de descargo del&nbsp;aspirante impugnado.<\/span><\/p>\n<p class=\"x_MsoNormal\">\n<\/td>\n<\/tr>\n<tr class=\"x_ContentPasted5\">\n<td class=\"x_ContentPasted5\" valign=\"top\" width=\"186\">\n<p class=\"x_MsoNormal\"><span class=\"x_ContentPasted5\">Del 16\/12 al 22 \/12\/22<\/span><\/p>\n<\/td>\n<td class=\"x_ContentPasted5\" valign=\"top\" width=\"130\">\n<p class=\"x_MsoNormal\"><span class=\"x_ContentPasted5\">5 d\u00edas h\u00e1biles&nbsp;<\/span><\/p>\n<\/td>\n<td class=\"x_ContentPasted5\" valign=\"top\" width=\"449\">\n<p class=\"x_MsoNormal\"><span class=\"x_ContentPasted5\">DGEART emite Disposici\u00f3n&nbsp;respecto de las impugnaciones presentadas. Los interesados podr\u00e1n recurrir la decisi\u00f3n<\/span><\/p>\n<\/td>\n<\/tr>\n<tr class=\"x_ContentPasted5\">\n<td class=\"x_ContentPasted5\" valign=\"top\" width=\"186\">\n<p class=\"x_MsoNormal\"><span class=\"x_ContentPasted5\">Del 23\/12 al 09\/02\/23&nbsp;<\/span><\/p>\n<\/td>\n<td class=\"x_ContentPasted5\" valign=\"top\" width=\"130\">\n<p class=\"x_MsoNormal\"><span class=\"x_ContentPasted5\">5 d\u00edas h\u00e1biles&nbsp;<\/span><\/p>\n<\/td>\n<td class=\"x_ContentPasted5\" valign=\"top\" width=\"449\">\n<p class=\"x_MsoNormal\"><span class=\"x_ContentPasted5\">Notificaci\u00f3n a los aspirantes&nbsp;de la conformaci\u00f3n del Jurado y publicaci\u00f3n en canales de comunicaci\u00f3n e informaci\u00f3n&nbsp;de la DGEART y del Conservatorio junto a la n\u00f3mina de aspirantes<\/span><\/p>\n<\/td>\n<\/tr>\n<tr class=\"x_ContentPasted5\">\n<td class=\"x_ContentPasted5\" valign=\"top\" width=\"186\">\n<p class=\"x_MsoNormal\"><span class=\"x_ContentPasted5\">Del 10\/02 al 12\/02&nbsp;&nbsp;<\/span><\/p>\n<\/td>\n<td class=\"x_ContentPasted5\" valign=\"top\" width=\"130\">\n<p class=\"x_MsoNormal\"><span class=\"x_ContentPasted5\">3 d\u00edas corridos&nbsp;&nbsp;<\/span><\/p>\n<\/td>\n<td class=\"x_ContentPasted5\" valign=\"top\" width=\"449\">\n<p class=\"x_MsoNormal\"><span class=\"x_ContentPasted5\">Per\u00edodo para que los&nbsp;aspirantes puedan presentar recusaci\u00f3n de miembros del jurado; o excusaci\u00f3n de los&nbsp;miembros del Jurado.<\/span><\/p>\n<p class=\"x_MsoNormal\"><span class=\"x_ContentPasted5\"><br class=\"x_ContentPasted5\" aria-hidden=\"true\"><br class=\"x_ContentPasted5\" aria-hidden=\"true\"><\/span><\/p>\n<\/td>\n<\/tr>\n<\/tbody>\n<\/table>\n<p class=\"x_MsoNormal\">\n<p class=\"x_MsoNormal\"><i><span class=\"x_ContentPasted5\">De no haber impugnaciones se contin\u00faa con el cronograma&nbsp;<\/span><\/i><\/p>\n<p class=\"x_MsoNormal\">\n<table class=\"x_MsoTableGrid x_ContentPasted5\" width=\"765\">\n<tbody class=\"x_ContentPasted5\">\n<tr class=\"x_ContentPasted5\">\n<td class=\"x_ContentPasted5\" valign=\"top\" width=\"186\">\n<p class=\"x_MsoNormal\"><span class=\"x_ContentPasted5\">Del 13\/02 al 14\/03&nbsp;<\/span><\/p>\n<\/td>\n<td class=\"x_ContentPasted5\" valign=\"top\" width=\"118\">\n<p class=\"x_MsoNormal\"><span class=\"x_ContentPasted5\">20 d\u00edas H\u00e1biles&nbsp;<\/span><\/p>\n<\/td>\n<td class=\"x_ContentPasted5\" valign=\"top\" width=\"461\">\n<p class=\"x_MsoNormal\"><span class=\"x_ContentPasted5\">DGEART pone a disposici\u00f3n&nbsp;de los miembros del Jurado, antecedentes y documentaci\u00f3n de los Aspirantes. Per\u00edodo&nbsp;para que el Jurado se expida. Podr\u00e1 ampliarse por un plazo de 7 d\u00edas. Incluye la&nbsp;realizaci\u00f3n de coloquio con cada uno de los aspirantes. La fecha deber\u00e1 ser publicada 5&nbsp;d\u00edas h\u00e1biles previos al coloquio p\u00fablico y 4 d\u00edas antes deber\u00e1 realizarse el sorteo del&nbsp;orden de presentaci\u00f3n.<\/span><\/p>\n<\/td>\n<\/tr>\n<tr class=\"x_ContentPasted5\">\n<td class=\"x_ContentPasted5\" valign=\"top\" width=\"186\">\n<p class=\"x_MsoNormal\"><span class=\"x_ContentPasted5\">Del 15\/03 al 17\/03&nbsp;<\/span><\/p>\n<\/td>\n<td class=\"x_ContentPasted5\" valign=\"top\" width=\"118\">\n<p class=\"x_MsoNormal\"><span class=\"x_ContentPasted5\">3 d\u00edas&nbsp;<\/span><\/p>\n<\/td>\n<td class=\"x_ContentPasted5\" valign=\"top\" width=\"461\">\n<p class=\"x_MsoNormal\"><span class=\"x_ContentPasted5\">Notificaci\u00f3n a los aspirantes&nbsp;del dictamen del Jurado.<\/span><\/p>\n<\/td>\n<\/tr>\n<tr class=\"x_ContentPasted5\">\n<td class=\"x_ContentPasted5\" valign=\"top\" width=\"186\">\n<p class=\"x_MsoNormal\"><span class=\"x_ContentPasted5\">Del 20\/03 al 27\/03&nbsp;<\/span><\/p>\n<\/td>\n<td class=\"x_ContentPasted5\" valign=\"top\" width=\"118\">\n<p class=\"x_MsoNormal\"><span class=\"x_ContentPasted5\">5 d\u00edas h\u00e1biles&nbsp;<\/span><\/p>\n<\/td>\n<td class=\"x_ContentPasted5\" valign=\"top\" width=\"461\">\n<p class=\"x_MsoNormal\"><span class=\"x_ContentPasted5\">Per\u00edodo para presentar&nbsp;impugnaciones por parte de los aspirantes.<\/span><\/p>\n<p class=\"x_MsoNormal\">\n<\/td>\n<\/tr>\n<tr class=\"x_ContentPasted5\">\n<td class=\"x_ContentPasted5\" valign=\"top\" width=\"186\">\n<p class=\"x_MsoNormal\"><span class=\"x_ContentPasted5\">Del 28\/03 al 30\/03&nbsp;&nbsp;<\/span><\/p>\n<\/td>\n<td class=\"x_ContentPasted5\" valign=\"top\" width=\"118\">\n<p class=\"x_MsoNormal\"><span class=\"x_ContentPasted5\">3 D\u00edas h\u00e1biles&nbsp;&nbsp;<\/span><\/p>\n<\/td>\n<td class=\"x_ContentPasted5\" valign=\"top\" width=\"461\">\n<p class=\"x_MsoNormal\"><span class=\"x_ContentPasted5\">Per\u00edodo para que el Jurado se&nbsp;expida respecto de impugnaciones presentadas.<\/span><\/p>\n<p class=\"x_MsoNormal\">\n<\/td>\n<\/tr>\n<tr class=\"x_ContentPasted5\">\n<td class=\"x_ContentPasted5\" valign=\"top\" width=\"186\">\n<p class=\"x_MsoNormal\"><span class=\"x_ContentPasted5\">Del 31\/03 al 9\/04&nbsp;&nbsp;<\/span><\/p>\n<\/td>\n<td class=\"x_ContentPasted5\" valign=\"top\" width=\"118\">\n<p class=\"x_MsoNormal\"><span class=\"x_ContentPasted5\">10 d\u00edas&nbsp;&nbsp;<\/span><\/p>\n<\/td>\n<td class=\"x_ContentPasted5\" valign=\"top\" width=\"461\">\n<p class=\"x_MsoNormal\"><span class=\"x_ContentPasted5\">DGEART solicita&nbsp;ampliaci\u00f3n de dictamen y se expide respecto de las impugnaciones&nbsp;<\/span><\/p>\n<\/td>\n<\/tr>\n<tr class=\"x_ContentPasted5\">\n<td class=\"x_ContentPasted5\" valign=\"top\" width=\"186\">\n<p class=\"x_MsoNormal\"><span class=\"x_ContentPasted5\">Del 10\/04 al 21\/04&nbsp;&nbsp;<\/span><\/p>\n<\/td>\n<td class=\"x_ContentPasted5\" valign=\"top\" width=\"118\">\n<p class=\"x_MsoNormal\"><span class=\"x_ContentPasted5\">10 d\u00edas h\u00e1biles&nbsp;&nbsp;<\/span><\/p>\n<\/td>\n<td class=\"x_ContentPasted5\" valign=\"top\" width=\"461\">\n<p class=\"x_MsoNormal\"><span class=\"x_ContentPasted5\">Per\u00edodo para recusaci\u00f3n por los&nbsp;aspirantes respecto de informe DGEART.<\/span><\/p>\n<p class=\"x_MsoNormal\">\n<\/td>\n<\/tr>\n<\/tbody>\n<\/table>\n<p class=\"x_MsoNormal\"><span class=\"x_ContentPasted5\">Designaci\u00f3n de las&nbsp;autoridades por resoluci\u00f3n del MCGCBA.<\/span><\/p>\n<p><a href=\"https:\/\/cmbsas-caba.infd.edu.ar\/sitio\/wp-content\/uploads\/2022\/12\/Ficha-Inscripcion-Concurso_Piazzolla_2022-VICES-Y-SECR.-ACAD.pdf\">Ficha de inscripci\u00f3n<\/a><\/p>\n<\/div>\n<div><\/div>\n<\/div>\n<div><a href=\"https:\/\/cmbsas-caba.infd.edu.ar\/sitio\/wp-content\/uploads\/2022\/12\/Grilla-de-Evaluacion-Concurso-Piazzolla_2022-VICES-Y-SECR.-ACAD-1.pdf\">Grilla de evaluaci\u00f3n<\/a><\/div>\n<div>\n<div class=\"x_elementToProof x_ContentPasted0\"><\/div>\n<div class=\"x_ContentPasted1 x_elementToProof\"><\/div>\n<\/div>\n<div><\/div>\n","protected":false},"excerpt":{"rendered":"<p>Por Resol 2022-5919-GCABA-MCGC se convoca a concurso para cubrir la vacancia de DOS (2) cargos de Vicedirecci\u00f3n y UN (1) cargo de Secretar\u00eda Acad\u00e9mica en el Conservatorio Superior de M\u00fasica de la Ciudad de Buenos Aires \u201cAstor Piazzolla\u201d perteneciente a la Direcci\u00f3n General de Ense\u00f1anza Art\u00edstica de la Subsecretar\u00eda de Pol\u00edticas Culturales y Nuevas Audiencias &#8230; <a title=\"Concursos vicedirecciones y secretar\u00eda acad\u00e9mica\" class=\"read-more\" href=\"https:\/\/cmbsas-caba.infd.edu.ar\/sitio\/docentes\/concurso-regente-turno-tarde\/\" aria-label=\"More on Concursos vicedirecciones y secretar\u00eda acad\u00e9mica\">[+]<\/a><\/p>\n","protected":false},"author":309,"featured_media":0,"parent":1497,"menu_order":0,"comment_status":"closed","ping_status":"closed","template":"","meta":[],"acf":[],"_links":{"self":[{"href":"https:\/\/cmbsas-caba.infd.edu.ar\/sitio\/wp-json\/wp\/v2\/pages\/2650"}],"collection":[{"href":"https:\/\/cmbsas-caba.infd.edu.ar\/sitio\/wp-json\/wp\/v2\/pages"}],"about":[{"href":"https:\/\/cmbsas-caba.infd.edu.ar\/sitio\/wp-json\/wp\/v2\/types\/page"}],"author":[{"embeddable":true,"href":"https:\/\/cmbsas-caba.infd.edu.ar\/sitio\/wp-json\/wp\/v2\/users\/309"}],"replies":[{"embeddable":true,"href":"https:\/\/cmbsas-caba.infd.edu.ar\/sitio\/wp-json\/wp\/v2\/comments?post=2650"}],"version-history":[{"count":5,"href":"https:\/\/cmbsas-caba.infd.edu.ar\/sitio\/wp-json\/wp\/v2\/pages\/2650\/revisions"}],"predecessor-version":[{"id":4876,"href":"https:\/\/cmbsas-caba.infd.edu.ar\/sitio\/wp-json\/wp\/v2\/pages\/2650\/revisions\/4876"}],"up":[{"embeddable":true,"href":"https:\/\/cmbsas-caba.infd.edu.ar\/sitio\/wp-json\/wp\/v2\/pages\/1497"}],"wp:attachment":[{"href":"https:\/\/cmbsas-caba.infd.edu.ar\/sitio\/wp-json\/wp\/v2\/media?parent=2650"}],"curies":[{"name":"wp","href":"https:\/\/api.w.org\/{rel}","templated":true}]}}