{"id":2681,"date":"2021-07-02T16:51:53","date_gmt":"2021-07-02T19:51:53","guid":{"rendered":"https:\/\/cmbsas-caba.infd.edu.ar\/sitio\/?page_id=2681"},"modified":"2024-02-20T19:13:06","modified_gmt":"2024-02-20T22:13:06","slug":"concurso-de-composicion","status":"publish","type":"page","link":"https:\/\/cmbsas-caba.infd.edu.ar\/sitio\/extension\/concurso-de-composicion\/","title":{"rendered":"Concurso de composici\u00f3n"},"content":{"rendered":"<p><b>CONSERVATORIO SUPERIOR DE M\u00daSICA DE LA CIUDAD DE BUENOS AIRES \u201cASTOR PIAZZOLLA\u201d<\/b><\/p>\n<p><b>CONCURSO DE COMPOSICI\u00d3N 2021<\/b><\/p>\n<p><b>\u201cCien a\u00f1os de \u00c1stor\u201d<\/b><\/p>\n<p><span style=\"font-weight: 400;\">En el centenario del nacimiento de \u00c1stor Piazzolla el Conservatorio Superior de M\u00fasica \u201cAstor Piazzolla\u201d convoca a compositores y compositoras argentinos o residentes en nuestro pa\u00eds al Concurso de Composici\u00f3n \u201cCien a\u00f1os de \u00c1stor\u201d, en homenaje al centenario del nacimiento del Maestro.<\/span><\/p>\n<p><span style=\"font-weight: 400;\">Este concurso involucra la participaci\u00f3n de las carreras de Composici\u00f3n con Medios Mixtos y Producci\u00f3n Art\u00edstica Musical y los ensambles institucionales de nuestro conservatorio. Los estudiantes de la antes mencionada carrera llevaran a cabo el registro de audio del concierto del concurso.<\/span><\/p>\n<p><span style=\"font-weight: 400;\">El concurso cuenta con el apoyo de Radio Nacional Cl\u00e1sica. La producci\u00f3n general y operativa la realizar\u00e1 el \u00e1rea de extensi\u00f3n del Conservatorio.&nbsp;<\/span><\/p>\n<p><span style=\"font-weight: 400;\">Con motivo del centenario del nacimiento de \u00c1stor Piazzolla, este concurso busca:<\/span><\/p>\n<ul>\n<li style=\"font-weight: 400;\" aria-level=\"1\"><span style=\"font-weight: 400;\">Homenajear al gran maestro que dio nombre a nuestra instituci\u00f3n<\/span><\/li>\n<li style=\"font-weight: 400;\" aria-level=\"1\"><span style=\"font-weight: 400;\">Fomentar el trabajo y la tarea art\u00edstica de compositores y compositoras de todo nuestro pa\u00eds.<\/span><\/li>\n<li style=\"font-weight: 400;\" aria-level=\"1\"><span style=\"font-weight: 400;\">Propiciar acciones art\u00edstico musicales de los actores institucionales involucrados<\/span><\/li>\n<li style=\"font-weight: 400;\" aria-level=\"1\"><span style=\"font-weight: 400;\">Visibilizar a nuestra instituci\u00f3n y establecer lazos con otras instituciones y entidades tanto art\u00edsticas como educativas.<\/span><\/li>\n<\/ul>\n<p><b>El concurso<\/b><\/p>\n<p><span style=\"font-weight: 400;\">CONDICIONES GENERALES<\/span><\/p>\n<p><span style=\"font-weight: 400;\">Se proponen cuatro categor\u00edas, a elecci\u00f3n:<\/span><\/p>\n<ol>\n<li><span style=\"font-weight: 400;\">a) Ensamble de guitarras&nbsp;<\/span><\/li>\n<li><span style=\"font-weight: 400;\">b) Consort de flautas dulces<\/span><\/li>\n<li><span style=\"font-weight: 400;\">c) Coro mixto<\/span><\/li>\n<li><span style=\"font-weight: 400;\">d) Ensamble de percusi\u00f3n&nbsp;<\/span><\/li>\n<\/ol>\n<p><span style=\"font-weight: 400;\">En todos los casos se podr\u00e1 optar por la inclusi\u00f3n de medios electr\u00f3nicos.<\/span><\/p>\n<p><span style=\"font-weight: 400;\">La duraci\u00f3n de la obra debe estar comprendida entre los 5\u2019 y 7\u2019.&nbsp;<\/span><\/p>\n<p><span style=\"font-weight: 400;\">Los compositores y compositoras podr\u00e1n presentar una obra en hasta dos categor\u00edas, como m\u00e1ximo.<\/span><\/p>\n<p><span style=\"font-weight: 400;\">JURADO<\/span><\/p>\n<p><span style=\"font-weight: 400;\">El jurado lo conforman las compositoras Eva Lopzyc y Sandra Gonz\u00e1lez, los compositores Ramiro Mansilla Pons, Mat\u00edas Giuliani, Lautaro Vieyra y Marcelo Delgado, y los directores de los ensambles involucrados en las categor\u00edas del concurso&nbsp; (Profesores Miguel Pesce, Nubia Bado, Nicol\u00e1s Hoyos, Marina Calzado Linage).<\/span><\/p>\n<p><span style=\"font-weight: 400;\">PREMIO<\/span><\/p>\n<p><span style=\"font-weight: 400;\">De entre todas las obras presentadas, el jurado seleccionar\u00e1 dos por cada categor\u00eda, que ser\u00e1n ensayadas y estrenadas en concierto p\u00fablico, en el transcurso de 202<\/span><span style=\"font-weight: 400;\">1<\/span><span style=\"font-weight: 400;\">. El concierto ser\u00e1 grabado y filmado.&nbsp;<\/span><\/p>\n<p><span style=\"font-weight: 400;\">El concurso no otorga remuneraciones econ\u00f3micas.<\/span><\/p>\n<p><span style=\"font-weight: 400;\">DETALLE DE LAS PRESENTACIONES<\/span><\/p>\n<p><span style=\"font-weight: 400;\">Las obras deber\u00e1n ser enviadas a: extension_piazzolla@buenosaires.gob.ar<\/span><\/p>\n<p><span style=\"font-weight: 400;\">En el asunto del mail deber\u00e1 constar: CONCURSO DE COMPOSICI\u00d3N \u201cCien a\u00f1os de Astor\u201d.<\/span><\/p>\n<p><span style=\"font-weight: 400;\">En el cuerpo del mail se deber\u00e1 indicar: 1) nombre de la obra 2) seud\u00f3nimo del\/a autor\/a, 3) nombre y apellidos completos, 4) DNI y 5) tel\u00e9fono de contacto.<\/span><\/p>\n<p><span style=\"font-weight: 400;\">Las obras deber\u00e1n <\/span><b>presentarse en formato digital (pdf),<\/b><span style=\"font-weight: 400;\"> y deber\u00e1n estar escritas utilizando alguno de los programas de edici\u00f3n habituales <\/span><b>(Finale, Sibelius, etc.)<\/b><span style=\"font-weight: 400;\"> o, en caso de no contar con el mismo, <\/span><b>con una graf\u00eda perfectamente legible<\/b><span style=\"font-weight: 400;\">. En caso de utilizarse electr\u00f3nica, se deber\u00e1 entregar el\/los archivo\/os de audio de los sonidos electr\u00f3nicos en <\/span><b>formato mp3<\/b><span style=\"font-weight: 400;\">. Si los archivos tienen un peso menor a 25MB deber\u00e1n ser enviados adjuntados al email, si tienen un peso mayor a 25MB deber\u00e1n ser enviados via WE TRANSFER. El archivo correspondiente a la partitura-y los sonidos electr\u00f3nicos si los hubiere-deber\u00e1n estar identificados con un seud\u00f3nimo, sin ning\u00fan otro dato que permita inferir la verdadera identidad del compositor (Seud\u00f3nimo\/ Obra \/ Ensamble para el cual se haya escrito la obra)<\/span><\/p>\n<p><span style=\"font-weight: 400;\">Los autores de las obras seleccionadas se comprometen a entregar el material de ensayo impreso, los archivos de audio de los sonidos electr\u00f3nicos en formato .wav, m\u00e1s una copia anillada del score general, dentro de los siete d\u00edas h\u00e1biles siguientes a la comunicaci\u00f3n del resultado de la selecci\u00f3n, en el Conservatorio Superior de M\u00fasica de la Ciudad de Buenos Aires \u201cAstor Piazzolla\u201d, Sarmiento 3401.<\/span><\/p>\n<p><span style=\"font-weight: 400;\">El jurado recibir\u00e1 solamente los archivos correspondientes a las partituras enviadas. Luego de tomada una decisi\u00f3n al respecto, se proceder\u00e1 a identificar a los compositores seleccionados y comunicarse con ellos. El veredicto final se comunicar\u00e1, a su vez, a todos los participantes, por mail.<\/span><\/p>\n<p><b>El plazo m\u00e1ximo de entrega queda establecido para el 30 de noviembre de 2021<\/b><\/p>\n<h5><a href=\"https:\/\/cmbsas-caba.infd.edu.ar\/sitio\/wp-content\/uploads\/2021\/07\/ANEXO-COMPOSICION.pdf\">ANEXO (org\u00e1nicos) CONCURSO DE COMPOSICI\u00d3N 2021<\/a><\/h5>\n","protected":false},"excerpt":{"rendered":"<p>CONSERVATORIO SUPERIOR DE M\u00daSICA DE LA CIUDAD DE BUENOS AIRES \u201cASTOR PIAZZOLLA\u201d CONCURSO DE COMPOSICI\u00d3N 2021 \u201cCien a\u00f1os de \u00c1stor\u201d En el centenario del nacimiento de \u00c1stor Piazzolla el Conservatorio Superior de M\u00fasica \u201cAstor Piazzolla\u201d convoca a compositores y compositoras argentinos o residentes en nuestro pa\u00eds al Concurso de Composici\u00f3n \u201cCien a\u00f1os de \u00c1stor\u201d, en &#8230; <a title=\"Concurso de composici\u00f3n\" class=\"read-more\" href=\"https:\/\/cmbsas-caba.infd.edu.ar\/sitio\/extension\/concurso-de-composicion\/\" aria-label=\"More on Concurso de composici\u00f3n\">[+]<\/a><\/p>\n","protected":false},"author":309,"featured_media":0,"parent":1806,"menu_order":0,"comment_status":"closed","ping_status":"closed","template":"","meta":[],"acf":[],"_links":{"self":[{"href":"https:\/\/cmbsas-caba.infd.edu.ar\/sitio\/wp-json\/wp\/v2\/pages\/2681"}],"collection":[{"href":"https:\/\/cmbsas-caba.infd.edu.ar\/sitio\/wp-json\/wp\/v2\/pages"}],"about":[{"href":"https:\/\/cmbsas-caba.infd.edu.ar\/sitio\/wp-json\/wp\/v2\/types\/page"}],"author":[{"embeddable":true,"href":"https:\/\/cmbsas-caba.infd.edu.ar\/sitio\/wp-json\/wp\/v2\/users\/309"}],"replies":[{"embeddable":true,"href":"https:\/\/cmbsas-caba.infd.edu.ar\/sitio\/wp-json\/wp\/v2\/comments?post=2681"}],"version-history":[{"count":8,"href":"https:\/\/cmbsas-caba.infd.edu.ar\/sitio\/wp-json\/wp\/v2\/pages\/2681\/revisions"}],"predecessor-version":[{"id":4934,"href":"https:\/\/cmbsas-caba.infd.edu.ar\/sitio\/wp-json\/wp\/v2\/pages\/2681\/revisions\/4934"}],"up":[{"embeddable":true,"href":"https:\/\/cmbsas-caba.infd.edu.ar\/sitio\/wp-json\/wp\/v2\/pages\/1806"}],"wp:attachment":[{"href":"https:\/\/cmbsas-caba.infd.edu.ar\/sitio\/wp-json\/wp\/v2\/media?parent=2681"}],"curies":[{"name":"wp","href":"https:\/\/api.w.org\/{rel}","templated":true}]}}