{"id":286,"date":"2016-10-31T13:17:59","date_gmt":"2016-10-31T16:17:59","guid":{"rendered":"https:\/\/cmbsas-caba.infd.edu.ar\/sitio\/?page_id=286"},"modified":"2026-03-31T12:02:35","modified_gmt":"2026-03-31T15:02:35","slug":"inicio","status":"publish","type":"page","link":"https:\/\/cmbsas-caba.infd.edu.ar\/sitio\/","title":{"rendered":"Bienvenidos al Piazzolla"},"content":{"rendered":"\n<div class=\"wp-block-columns alignwide is-layout-flex wp-container-2\" style=\"margin-bottom:0\">\n<div class=\"wp-block-column is-layout-flow\">\n<p class=\"has-large-font-size\"><strong>Noticias del Piazzolla<\/strong><\/p>\n<\/div>\n<\/div>\n\n\n<ul class=\"wp-block-latest-posts__list is-grid columns-3 has-dates alignwide wp-block-latest-posts\"><li><div class=\"wp-block-latest-posts__featured-image\"><img width=\"800\" height=\"1000\" src=\"https:\/\/cmbsas-caba.infd.edu.ar\/sitio\/wp-content\/uploads\/2026\/04\/Placas-Varias-1080-x-1350-px-2026-04-15T205251.535-800x1000.jpg\" class=\"attachment-medium size-medium wp-post-image\" alt=\"Guitarra (Nivel Superior)\" decoding=\"async\" loading=\"lazy\" style=\"\" srcset=\"https:\/\/cmbsas-caba.infd.edu.ar\/sitio\/wp-content\/uploads\/2026\/04\/Placas-Varias-1080-x-1350-px-2026-04-15T205251.535-800x1000.jpg 800w, https:\/\/cmbsas-caba.infd.edu.ar\/sitio\/wp-content\/uploads\/2026\/04\/Placas-Varias-1080-x-1350-px-2026-04-15T205251.535-768x960.jpg 768w, https:\/\/cmbsas-caba.infd.edu.ar\/sitio\/wp-content\/uploads\/2026\/04\/Placas-Varias-1080-x-1350-px-2026-04-15T205251.535.jpg 1080w\" sizes=\"(max-width: 800px) 100vw, 800px\" \/><\/div><a class=\"wp-block-latest-posts__post-title\" href=\"https:\/\/cmbsas-caba.infd.edu.ar\/sitio\/15-4-2026-guitarra-nivel-superior\/\">15\/4\/2026 \u2013\u00a0Guitarra (nivel superior)<\/a><time datetime=\"2026-04-15T20:56:12-03:00\" class=\"wp-block-latest-posts__post-date\">15 abril, 2026<\/time><\/li>\n<li><div class=\"wp-block-latest-posts__featured-image\"><img width=\"800\" height=\"1000\" src=\"https:\/\/cmbsas-caba.infd.edu.ar\/sitio\/wp-content\/uploads\/2026\/04\/Placas-Varias-1080-x-1350-px-2026-04-14T201351.384-800x1000.jpg\" class=\"attachment-medium size-medium wp-post-image\" alt=\"\" decoding=\"async\" loading=\"lazy\" style=\"\" srcset=\"https:\/\/cmbsas-caba.infd.edu.ar\/sitio\/wp-content\/uploads\/2026\/04\/Placas-Varias-1080-x-1350-px-2026-04-14T201351.384-800x1000.jpg 800w, https:\/\/cmbsas-caba.infd.edu.ar\/sitio\/wp-content\/uploads\/2026\/04\/Placas-Varias-1080-x-1350-px-2026-04-14T201351.384-768x960.jpg 768w, https:\/\/cmbsas-caba.infd.edu.ar\/sitio\/wp-content\/uploads\/2026\/04\/Placas-Varias-1080-x-1350-px-2026-04-14T201351.384.jpg 1080w\" sizes=\"(max-width: 800px) 100vw, 800px\" \/><\/div><a class=\"wp-block-latest-posts__post-title\" href=\"https:\/\/cmbsas-caba.infd.edu.ar\/sitio\/14-4-2026-historia-general-de-la-musica-ii-nivel-medio\/\">14\/4\/2026 \u2013 Historia General de la M\u00fasica II (nivel medio)<\/a><time datetime=\"2026-04-14T20:17:41-03:00\" class=\"wp-block-latest-posts__post-date\">14 abril, 2026<\/time><\/li>\n<li><div class=\"wp-block-latest-posts__featured-image\"><img width=\"800\" height=\"1000\" src=\"https:\/\/cmbsas-caba.infd.edu.ar\/sitio\/wp-content\/uploads\/2026\/04\/Placas-Varias-1080-x-1350-px-2026-04-14T200812.563-800x1000.jpg\" class=\"attachment-medium size-medium wp-post-image\" alt=\"14\/4\/2026 - Historia General de la M\u00fasica I (nivel medio)\" decoding=\"async\" loading=\"lazy\" style=\"\" srcset=\"https:\/\/cmbsas-caba.infd.edu.ar\/sitio\/wp-content\/uploads\/2026\/04\/Placas-Varias-1080-x-1350-px-2026-04-14T200812.563-800x1000.jpg 800w, https:\/\/cmbsas-caba.infd.edu.ar\/sitio\/wp-content\/uploads\/2026\/04\/Placas-Varias-1080-x-1350-px-2026-04-14T200812.563-768x960.jpg 768w, https:\/\/cmbsas-caba.infd.edu.ar\/sitio\/wp-content\/uploads\/2026\/04\/Placas-Varias-1080-x-1350-px-2026-04-14T200812.563.jpg 1080w\" sizes=\"(max-width: 800px) 100vw, 800px\" \/><\/div><a class=\"wp-block-latest-posts__post-title\" href=\"https:\/\/cmbsas-caba.infd.edu.ar\/sitio\/14-4-2026-historia-general-de-la-musica-i-nivel-medio\/\">14\/4\/2026 &#8211; Historia General de la M\u00fasica I (nivel medio)<\/a><time datetime=\"2026-04-14T20:12:47-03:00\" class=\"wp-block-latest-posts__post-date\">14 abril, 2026<\/time><\/li>\n<\/ul>\n\n\n<div class=\"wp-block-buttons is-content-justification-center is-layout-flex wp-container-3\">\n<div class=\"wp-block-button has-custom-font-size has-medium-font-size\"><a class=\"wp-block-button__link has-background has-text-align-center wp-element-button\" href=\"https:\/\/cmbsas-caba.infd.edu.ar\/sitio\/category\/noticias\/\" style=\"background-color:#9160d1\">Le\u00e9 m\u00e1s&#8230;<\/a><\/div>\n<\/div>\n\n\n\n<hr class=\"wp-block-separator alignwide has-alpha-channel-opacity\"\/>\n\n\n\n<figure class=\"wp-block-image alignwide size-full\"><img decoding=\"async\" loading=\"lazy\" width=\"1536\" height=\"240\" src=\"https:\/\/cmbsas-caba.infd.edu.ar\/sitio\/wp-content\/uploads\/2025\/06\/banner_piazzolla.gif\" alt=\"\" class=\"wp-image-7008\"\/><\/figure>\n\n\n\n<p class=\"has-text-align-center has-large-font-size\"><strong>Nuestra oferta acad\u00e9mica<\/strong><\/p>\n\n\n\n<p style=\"font-size:23px\">El <strong>Conservatorio Superior de M\u00fasica \u00c1stor Piazzolla<\/strong> es una instituci\u00f3n p\u00fablica y gratuita de la Ciudad de Buenos Aires que ofrece formaci\u00f3n musical integral en todos los niveles. Su propuesta acad\u00e9mica se distingue por una mirada actual, inclusiva y abierta a la diversidad de lenguajes, y por un fuerte compromiso con la creaci\u00f3n, la producci\u00f3n art\u00edstica y el v\u00ednculo con la comunidad.<\/p>\n\n\n\n<div class=\"wp-block-columns alignwide is-layout-flex wp-container-12\" style=\"margin-bottom:0\">\n<div class=\"wp-block-column has-text-color has-background has-link-color wp-elements-c0d56ee967ed7f860751ba3548ba2955 is-layout-flow\" style=\"color:#000000;background-color:#edeaf7;padding-top:2em;padding-right:2em;padding-bottom:2em;padding-left:2em\">\n<h2 class=\"wp-block-heading\" id=\"single\" style=\"font-size:30px\">Para ni\u00f1os\/as desde los 10 a\u00f1os sin conocimientos previos<\/h2>\n\n\n\n<p class=\"has-medium-font-size\"><strong>NIvel Inicial<\/strong><\/p>\n\n\n\n<div class=\"wp-block-buttons is-horizontal is-content-justification-center is-layout-flex wp-container-4\">\n<div class=\"wp-block-button has-custom-width wp-block-button__width-100\"><a class=\"wp-block-button__link has-white-color has-text-color has-background no-border-radius wp-element-button\" href=\"https:\/\/cmbsas-caba.infd.edu.ar\/sitio\/oferta-academica\/carreras\/nivel-inicial-ninos\/\" style=\"background-color:#000000\" target=\"_blank\" rel=\"noreferrer noopener\">M\u00e1s informaci\u00f3n<\/a><\/div>\n<\/div>\n<\/div>\n\n\n\n<div class=\"wp-block-column has-text-color has-background has-link-color wp-elements-a5e678f84f3d097fbb8a77c6b0b2ef08 is-layout-flow\" style=\"color:#000000;background-color:#f3dbf3;padding-top:2em;padding-right:2em;padding-bottom:2em;padding-left:2em\">\n<h2 class=\"wp-block-heading\" id=\"family\" style=\"font-size:30px\">Para adolescentes y adultos sin conocimientos previos<\/h2>\n\n\n\n<p style=\"font-size:19px;line-height:1.5\"><strong>Nivel Medio<\/strong><\/p>\n\n\n\n<div class=\"wp-block-buttons is-horizontal is-content-justification-center is-layout-flex wp-container-6\">\n<div class=\"wp-block-button has-custom-width wp-block-button__width-100 is-style-fill\"><a class=\"wp-block-button__link has-white-color has-text-color has-background no-border-radius wp-element-button\" href=\"https:\/\/cmbsas-caba.infd.edu.ar\/sitio\/oferta-academica\/ingresantes\/ingresantes-nivel-medio-trayecto-artistico-profesional\/\" style=\"background-color:#000000\" target=\"_blank\" rel=\"noreferrer noopener\">M\u00e1s informaci\u00f3n<\/a><\/div>\n<\/div>\n<\/div>\n\n\n\n<div class=\"wp-block-column has-text-color has-background has-link-color wp-elements-13bc500cd29dabe9e0ab16ddce55a7b6 is-layout-flow\" style=\"color:#000000;background-color:#d8c5e9;padding-top:2em;padding-right:2em;padding-bottom:2em;padding-left:2em\">\n<h2 class=\"wp-block-heading\" id=\"patron\" style=\"font-size:30px\">Para adolescentes y adultos con conocimientos previos<\/h2>\n\n\n\n<p style=\"font-size:19px\"><strong>Nivel superior, tecnicaturas y profesorados.<\/strong><\/p>\n\n\n\n<div class=\"wp-block-buttons is-horizontal is-content-justification-center is-layout-flex wp-container-8\">\n<div class=\"wp-block-button has-custom-width wp-block-button__width-100\"><a class=\"wp-block-button__link has-white-color has-text-color has-background no-border-radius wp-element-button\" href=\"https:\/\/cmbsas-caba.infd.edu.ar\/sitio\/oferta-academica\/ingresantes\/ingresantes-nivel-superior-profesorados-y-tecnicaturas\/\" style=\"background-color:#000000\">M\u00e1s informaci\u00f3n<\/a><\/div>\n<\/div>\n<\/div>\n\n\n\n<div class=\"wp-block-column has-text-color has-background has-link-color wp-elements-6ba1829ae72c27ff60016919fa5ca561 is-layout-flow\" style=\"color:#000000;background-color:#d08bd0;padding-top:2em;padding-right:2em;padding-bottom:2em;padding-left:2em\">\n<h2 class=\"wp-block-heading\" id=\"patron\" style=\"font-size:30px\"><strong>Para adolescentes y adultos con t\u00edtulo de profesor\/a<\/strong><\/h2>\n\n\n\n<p style=\"font-size:19px\"><strong>Post\u00edtulo&nbsp;en <\/strong><a href=\"https:\/\/cmbsas-caba.infd.edu.ar\/sitio\/oferta-academica\/postitulo\/especializacion-superior-en-ensenanza-de-la-musica-para-la-educacion-especial\/\"><strong>Educaci\u00f3n<\/strong> <strong>Especial<\/strong><\/a>.<\/p>\n\n\n\n<div class=\"wp-block-buttons is-horizontal is-content-justification-center is-layout-flex wp-container-10\">\n<div class=\"wp-block-button has-custom-width wp-block-button__width-100\"><a class=\"wp-block-button__link has-white-color has-text-color has-background no-border-radius wp-element-button\" href=\"https:\/\/cmbsas-caba.infd.edu.ar\/sitio\/oferta-academica\/carreras\/postitulo\/especializacion-superior-en-ensenanza-de-la-musica-para-la-educacion-especial\/\" style=\"background-color:#000000\" target=\"_blank\" rel=\"noreferrer noopener\">M\u00e1s informaci\u00f3n<\/a><\/div>\n<\/div>\n<\/div>\n<\/div>\n\n\n\n<hr class=\"wp-block-separator alignwide has-alpha-channel-opacity\"\/>\n\n\n\n<div class=\"wp-block-media-text alignwide is-stacked-on-mobile\" style=\"grid-template-columns:30% auto\"><figure class=\"wp-block-media-text__media\"><img decoding=\"async\" loading=\"lazy\" width=\"1080\" height=\"1080\" src=\"https:\/\/cmbsas-caba.infd.edu.ar\/sitio\/wp-content\/uploads\/2025\/06\/WhatsApp-Image-2025-06-08-at-1.08.05-PM.jpeg\" alt=\"\" class=\"wp-image-6497 size-full\" srcset=\"https:\/\/cmbsas-caba.infd.edu.ar\/sitio\/wp-content\/uploads\/2025\/06\/WhatsApp-Image-2025-06-08-at-1.08.05-PM.jpeg 1080w, https:\/\/cmbsas-caba.infd.edu.ar\/sitio\/wp-content\/uploads\/2025\/06\/WhatsApp-Image-2025-06-08-at-1.08.05-PM-1000x1000.jpeg 1000w, https:\/\/cmbsas-caba.infd.edu.ar\/sitio\/wp-content\/uploads\/2025\/06\/WhatsApp-Image-2025-06-08-at-1.08.05-PM-500x500.jpeg 500w, https:\/\/cmbsas-caba.infd.edu.ar\/sitio\/wp-content\/uploads\/2025\/06\/WhatsApp-Image-2025-06-08-at-1.08.05-PM-768x768.jpeg 768w\" sizes=\"(max-width: 1080px) 100vw, 1080px\" \/><\/figure><div class=\"wp-block-media-text__content\">\n<div style=\"height:10px\" aria-hidden=\"true\" class=\"wp-block-spacer\"><\/div>\n\n\n\n<p style=\"font-size:30px\"><strong>Consult\u00e1 aqu\u00ed las ausencias docentes<\/strong><\/p>\n\n\n\n<p>Hemos implementado una nueva secci\u00f3n donde se publicar\u00e1n las ausencias docentes, para facilitar la organizaci\u00f3n de los\/as estudiantes y evitar traslados innecesarios al Conservatorio en caso de no contar con clases.<br>Podr\u00e1n consultar esta informaci\u00f3n en el siguiente enlace:<\/p>\n\n\n\n<div class=\"wp-block-buttons is-layout-flex\">\n<div class=\"wp-block-button\"><a class=\"wp-block-button__link has-background wp-element-button\" href=\"https:\/\/cmbsas-caba.infd.edu.ar\/sitio\/institucional\/novedades-y-licencias-de-docentes\/\" style=\"background-color:#9362d1\">Ausencias de docentes<\/a><\/div>\n\n\n<\/div>\n<\/div><\/div>\n\n\n\n<hr class=\"wp-block-separator alignwide has-alpha-channel-opacity\"\/>\n\n\n\n<div class=\"wp-block-media-text alignwide has-media-on-the-right is-stacked-on-mobile\" style=\"grid-template-columns:auto 30%\"><div class=\"wp-block-media-text__content\">\n<div style=\"height:10px\" aria-hidden=\"true\" class=\"wp-block-spacer\"><\/div>\n\n\n\n<p style=\"font-size:30px\"><strong>Calendario acad\u00e9mico<\/strong><\/p>\n\n\n\n<p>Para que puedan organizarse, les dejamos el&nbsp;<strong>calendario acad\u00e9mico<\/strong>&nbsp;con todas las fechas importantes del ciclo lectivo:<\/p>\n\n\n\n<div class=\"wp-block-buttons is-layout-flex\">\n<div class=\"wp-block-button\"><a class=\"wp-block-button__link has-background wp-element-button\" href=\"https:\/\/cmbsas-caba.infd.edu.ar\/sitio\/calendario-academico\/\" style=\"background-color:#905ecd\">Calendario Acad\u00e9mico 2026<\/a><\/div>\n\n\n<\/div>\n<\/div><figure class=\"wp-block-media-text__media\"><img decoding=\"async\" loading=\"lazy\" width=\"375\" height=\"375\" src=\"https:\/\/cmbsas-caba.infd.edu.ar\/sitio\/wp-content\/uploads\/2025\/06\/calendario_1.jpg\" alt=\"\" class=\"wp-image-6434 size-full\"\/><\/figure><\/div>\n\n\n\n<div style=\"height:10px\" aria-hidden=\"true\" class=\"wp-block-spacer\"><\/div>\n\n\n\n<hr class=\"wp-block-separator alignwide has-alpha-channel-opacity\"\/>\n\n\n\n<h3 class=\"wp-block-heading alignwide has-text-align-center\">Ensambles, talleres y cursos de extensi\u00f3n<\/h3>\n\n\n\n<p>No te pierdas los cursos y ensambles gratuitos del \u00e1rea de extensi\u00f3n del Conservatorio. Abiertos a toda la comunidad, ofrecemos una oportunidad \u00fanica para explorar el mundo de la m\u00fasica de forma gratuita. Pod\u00e9s ver las opciones para vos aqu\u00ed<\/p>\n\n\n\n<div class=\"wp-block-buttons is-content-justification-center is-layout-flex wp-container-15\">\n<div class=\"wp-block-button\"><a class=\"wp-block-button__link has-background wp-element-button\" href=\"https:\/\/conservatoriopiazzolla.ar\" style=\"background-color:#852baf\">Reserva tu vacante aqu\u00ed<\/a><\/div>\n\n\n\n<div class=\"wp-block-button is-style-fill\"><a class=\"wp-block-button__link has-background wp-element-button\" href=\"https:\/\/cmbsas-caba.infd.edu.ar\/sitio\/extension\/cursos-talleres-y-clinicas\/\" style=\"background-color:#852baf\" target=\"_blank\" rel=\"noreferrer noopener\">Todos los cursos y ensambles de extensi\u00f3n<\/a><\/div>\n<\/div>\n\n\n\n<figure class=\"wp-block-image alignwide size-full\"><img decoding=\"async\" loading=\"lazy\" width=\"1536\" height=\"240\" src=\"https:\/\/cmbsas-caba.infd.edu.ar\/sitio\/wp-content\/uploads\/2025\/06\/banner_piazzolla.gif\" alt=\"\" class=\"wp-image-7008\"\/><\/figure>\n\n\n\n<div class=\"wp-block-group alignfull has-background is-layout-constrained\" style=\"background:linear-gradient(135deg,rgb(111,5,156) 0%,rgb(202,165,236) 100%)\"><div class=\"wp-block-group__inner-container\">\n<div class=\"wp-block-group is-layout-constrained\"><div class=\"wp-block-group__inner-container\">\n<p class=\"has-text-align-center has-base-3-color has-text-color has-medium-font-size\">Ofrecemos una formaci\u00f3n integral y profesional en todos los niveles, desde inicial para ni\u00f1os\/as hasta posgrado, abarcando una amplia variedad de instrumentos: piano, guitarra, percusi\u00f3n, bandone\u00f3n, viol\u00edn, viola, violoncello, contrabajo, flauta traversa, flauta dulce, arpa, clarinete, oboe, trompeta, tromb\u00f3n, fagot, saxo y corno.<br><em><strong>Todas nuestras carreras son de car\u00e1cter p\u00fablico y no arancelado.<\/strong><\/em><\/p>\n<\/div><\/div>\n<\/div><\/div>\n\n\n\n<p class=\"has-text-align-center has-large-font-size\"><strong>Enlaces destacados<\/strong><\/p>\n\n\n\n<div class=\"wp-block-buttons has-custom-font-size has-medium-font-size is-content-justification-center is-layout-flex wp-container-18\">\n<div class=\"wp-block-button\"><a class=\"wp-block-button__link has-background wp-element-button\" href=\"https:\/\/cmbsas-caba.infd.edu.ar\/sitio\/calendario-academico\/\" style=\"background-color:#905ece\" target=\"_blank\" rel=\"noreferrer noopener\">Calendario acad\u00e9mico 2026<\/a><\/div>\n\n\n\n<div class=\"wp-block-button\"><a class=\"wp-block-button__link has-background wp-element-button\" href=\"https:\/\/cmbsas-caba.infd.edu.ar\/sitio\/oferta-academica\/carreras\/\" style=\"background-color:#905ece\" target=\"_blank\" rel=\"noreferrer noopener\">Nuestras Carreras<\/a><\/div>\n\n\n\n<div class=\"wp-block-button\"><a class=\"wp-block-button__link has-background has-text-align-center wp-element-button\" href=\"https:\/\/cmbsas-caba.infd.edu.ar\/sitio\/extension\/conciertos\/\" style=\"background-color:#905ece\" target=\"_blank\" rel=\"noreferrer noopener\">Conciertos<\/a><\/div>\n\n\n<\/div>\n\n\n\n<hr class=\"wp-block-separator has-alpha-channel-opacity\"\/>\n\n\n\n<p class=\"has-text-align-center has-large-font-size\"><strong>Contacto<\/strong><\/p>\n\n\n\n<p class=\"has-text-align-center\"><strong>Direcci\u00f3n:<\/strong><br>Sarmiento 3401, Ciudad Aut\u00f3noma de Buenos Aires, Argentina<\/p>\n\n\n\n<p class=\"has-text-align-center\"><strong>D\u00edas y horarios de atenci\u00f3n:<\/strong><\/p>\n\n\n\n<p class=\"has-text-align-center\"><strong>Lunes a viernes<\/strong>&nbsp;| 8 a 22 h<br><strong>S\u00e1bados<\/strong>&nbsp;| 10 a 18 h<br><br>Sarmiento 3401, CABA.<\/p>\n\n\n\n<p class=\"has-text-align-center\">&#x1f4e9;&nbsp;<strong>Consultas:<br><\/strong><br> conservatorio_piazzolla@buenosaires.gob.ar<br>estudiantes_piazzolla@buenosaires.gob.ar<\/p>\n\n\n\n<hr class=\"wp-block-separator has-alpha-channel-opacity\"\/>\n\n\n\n<p class=\"has-text-align-center has-large-font-size\"><strong>Seguinos en nuestras redes:<\/strong><\/p>\n\n\n\n<ul class=\"wp-block-social-links aligncenter has-visible-labels is-style-pill-shape is-layout-flex\"><li class=\"wp-social-link wp-social-link-instagram wp-block-social-link\"><a rel=\" noopener nofollow\" target=\"_blank\" href=\"https:\/\/www.instagram.com\/conserpiazzolla\/?hl=en\" class=\"wp-block-social-link-anchor\"><svg width=\"24\" height=\"24\" viewBox=\"0 0 24 24\" version=\"1.1\" xmlns=\"http:\/\/www.w3.org\/2000\/svg\" aria-hidden=\"true\" focusable=\"false\"><path d=\"M12,4.622c2.403,0,2.688,0.009,3.637,0.052c0.877,0.04,1.354,0.187,1.671,0.31c0.42,0.163,0.72,0.358,1.035,0.673 c0.315,0.315,0.51,0.615,0.673,1.035c0.123,0.317,0.27,0.794,0.31,1.671c0.043,0.949,0.052,1.234,0.052,3.637 s-0.009,2.688-0.052,3.637c-0.04,0.877-0.187,1.354-0.31,1.671c-0.163,0.42-0.358,0.72-0.673,1.035 c-0.315,0.315-0.615,0.51-1.035,0.673c-0.317,0.123-0.794,0.27-1.671,0.31c-0.949,0.043-1.233,0.052-3.637,0.052 s-2.688-0.009-3.637-0.052c-0.877-0.04-1.354-0.187-1.671-0.31c-0.42-0.163-0.72-0.358-1.035-0.673 c-0.315-0.315-0.51-0.615-0.673-1.035c-0.123-0.317-0.27-0.794-0.31-1.671C4.631,14.688,4.622,14.403,4.622,12 s0.009-2.688,0.052-3.637c0.04-0.877,0.187-1.354,0.31-1.671c0.163-0.42,0.358-0.72,0.673-1.035 c0.315-0.315,0.615-0.51,1.035-0.673c0.317-0.123,0.794-0.27,1.671-0.31C9.312,4.631,9.597,4.622,12,4.622 M12,3 C9.556,3,9.249,3.01,8.289,3.054C7.331,3.098,6.677,3.25,6.105,3.472C5.513,3.702,5.011,4.01,4.511,4.511 c-0.5,0.5-0.808,1.002-1.038,1.594C3.25,6.677,3.098,7.331,3.054,8.289C3.01,9.249,3,9.556,3,12c0,2.444,0.01,2.751,0.054,3.711 c0.044,0.958,0.196,1.612,0.418,2.185c0.23,0.592,0.538,1.094,1.038,1.594c0.5,0.5,1.002,0.808,1.594,1.038 c0.572,0.222,1.227,0.375,2.185,0.418C9.249,20.99,9.556,21,12,21s2.751-0.01,3.711-0.054c0.958-0.044,1.612-0.196,2.185-0.418 c0.592-0.23,1.094-0.538,1.594-1.038c0.5-0.5,0.808-1.002,1.038-1.594c0.222-0.572,0.375-1.227,0.418-2.185 C20.99,14.751,21,14.444,21,12s-0.01-2.751-0.054-3.711c-0.044-0.958-0.196-1.612-0.418-2.185c-0.23-0.592-0.538-1.094-1.038-1.594 c-0.5-0.5-1.002-0.808-1.594-1.038c-0.572-0.222-1.227-0.375-2.185-0.418C14.751,3.01,14.444,3,12,3L12,3z M12,7.378 c-2.552,0-4.622,2.069-4.622,4.622S9.448,16.622,12,16.622s4.622-2.069,4.622-4.622S14.552,7.378,12,7.378z M12,15 c-1.657,0-3-1.343-3-3s1.343-3,3-3s3,1.343,3,3S13.657,15,12,15z M16.804,6.116c-0.596,0-1.08,0.484-1.08,1.08 s0.484,1.08,1.08,1.08c0.596,0,1.08-0.484,1.08-1.08S17.401,6.116,16.804,6.116z\"><\/path><\/svg><span class=\"wp-block-social-link-label\">Instagram<\/span><\/a><\/li>\n\n<li class=\"wp-social-link wp-social-link-youtube wp-block-social-link\"><a rel=\" noopener nofollow\" target=\"_blank\" href=\"https:\/\/www.youtube.com\/channel\/UCn5uu8oG0GhGQ2-RdcCkeeA\" class=\"wp-block-social-link-anchor\"><svg width=\"24\" height=\"24\" viewBox=\"0 0 24 24\" version=\"1.1\" xmlns=\"http:\/\/www.w3.org\/2000\/svg\" aria-hidden=\"true\" focusable=\"false\"><path d=\"M21.8,8.001c0,0-0.195-1.378-0.795-1.985c-0.76-0.797-1.613-0.801-2.004-0.847c-2.799-0.202-6.997-0.202-6.997-0.202 h-0.009c0,0-4.198,0-6.997,0.202C4.608,5.216,3.756,5.22,2.995,6.016C2.395,6.623,2.2,8.001,2.2,8.001S2,9.62,2,11.238v1.517 c0,1.618,0.2,3.237,0.2,3.237s0.195,1.378,0.795,1.985c0.761,0.797,1.76,0.771,2.205,0.855c1.6,0.153,6.8,0.201,6.8,0.201 s4.203-0.006,7.001-0.209c0.391-0.047,1.243-0.051,2.004-0.847c0.6-0.607,0.795-1.985,0.795-1.985s0.2-1.618,0.2-3.237v-1.517 C22,9.62,21.8,8.001,21.8,8.001z M9.935,14.594l-0.001-5.62l5.404,2.82L9.935,14.594z\"><\/path><\/svg><span class=\"wp-block-social-link-label\">YouTube<\/span><\/a><\/li>\n\n<li class=\"wp-social-link wp-social-link-facebook wp-block-social-link\"><a rel=\" noopener nofollow\" target=\"_blank\" href=\"https:\/\/www.facebook.com\/conservatorioastorpiazzolla\/?locale=es_LA\" class=\"wp-block-social-link-anchor\"><svg width=\"24\" height=\"24\" viewBox=\"0 0 24 24\" version=\"1.1\" xmlns=\"http:\/\/www.w3.org\/2000\/svg\" aria-hidden=\"true\" focusable=\"false\"><path d=\"M12 2C6.5 2 2 6.5 2 12c0 5 3.7 9.1 8.4 9.9v-7H7.9V12h2.5V9.8c0-2.5 1.5-3.9 3.8-3.9 1.1 0 2.2.2 2.2.2v2.5h-1.3c-1.2 0-1.6.8-1.6 1.6V12h2.8l-.4 2.9h-2.3v7C18.3 21.1 22 17 22 12c0-5.5-4.5-10-10-10z\"><\/path><\/svg><span class=\"wp-block-social-link-label\">Facebook<\/span><\/a><\/li><\/ul>\n\n\n<div class=\"wp-block-image\">\n<figure class=\"aligncenter size-medium is-resized\"><a href=\"https:\/\/buenosaires.gob.ar\/cultura\/ensenanza-artistica\/conservatorio-superior-de-musica-astor-piazzolla\"><img decoding=\"async\" loading=\"lazy\" src=\"https:\/\/cmbsas-caba.infd.edu.ar\/sitio\/wp-content\/uploads\/2025\/07\/WhatsApp-Image-2025-07-18-at-12.41.14-PM1-1000x1000.jpeg\" alt=\"\" class=\"wp-image-7456\" width=\"150\" height=\"150\" srcset=\"https:\/\/cmbsas-caba.infd.edu.ar\/sitio\/wp-content\/uploads\/2025\/07\/WhatsApp-Image-2025-07-18-at-12.41.14-PM1-1000x1000.jpeg 1000w, https:\/\/cmbsas-caba.infd.edu.ar\/sitio\/wp-content\/uploads\/2025\/07\/WhatsApp-Image-2025-07-18-at-12.41.14-PM1-500x500.jpeg 500w, https:\/\/cmbsas-caba.infd.edu.ar\/sitio\/wp-content\/uploads\/2025\/07\/WhatsApp-Image-2025-07-18-at-12.41.14-PM1-768x768.jpeg 768w, https:\/\/cmbsas-caba.infd.edu.ar\/sitio\/wp-content\/uploads\/2025\/07\/WhatsApp-Image-2025-07-18-at-12.41.14-PM1-1536x1536.jpeg 1536w, https:\/\/cmbsas-caba.infd.edu.ar\/sitio\/wp-content\/uploads\/2025\/07\/WhatsApp-Image-2025-07-18-at-12.41.14-PM1.jpeg 1600w\" sizes=\"(max-width: 150px) 100vw, 150px\" \/><\/a><\/figure><\/div>\n\n\n<div class=\"wp-block-columns is-layout-flex wp-container-20\"><\/div>\n","protected":false},"excerpt":{"rendered":"<p>Noticias del Piazzolla Nuestra oferta acad\u00e9mica El Conservatorio Superior de M\u00fasica \u00c1stor Piazzolla es una instituci\u00f3n p\u00fablica y gratuita de la Ciudad de Buenos Aires que ofrece formaci\u00f3n musical integral en todos los niveles. Su propuesta acad\u00e9mica se distingue por una mirada actual, inclusiva y abierta a la diversidad de lenguajes, y por un fuerte &#8230; <a title=\"Bienvenidos al Piazzolla\" class=\"read-more\" href=\"https:\/\/cmbsas-caba.infd.edu.ar\/sitio\/\" aria-label=\"More on Bienvenidos al Piazzolla\">[+]<\/a><\/p>\n","protected":false},"author":3699,"featured_media":0,"parent":0,"menu_order":0,"comment_status":"closed","ping_status":"closed","template":"","meta":[],"acf":[],"_links":{"self":[{"href":"https:\/\/cmbsas-caba.infd.edu.ar\/sitio\/wp-json\/wp\/v2\/pages\/286"}],"collection":[{"href":"https:\/\/cmbsas-caba.infd.edu.ar\/sitio\/wp-json\/wp\/v2\/pages"}],"about":[{"href":"https:\/\/cmbsas-caba.infd.edu.ar\/sitio\/wp-json\/wp\/v2\/types\/page"}],"author":[{"embeddable":true,"href":"https:\/\/cmbsas-caba.infd.edu.ar\/sitio\/wp-json\/wp\/v2\/users\/3699"}],"replies":[{"embeddable":true,"href":"https:\/\/cmbsas-caba.infd.edu.ar\/sitio\/wp-json\/wp\/v2\/comments?post=286"}],"version-history":[{"count":464,"href":"https:\/\/cmbsas-caba.infd.edu.ar\/sitio\/wp-json\/wp\/v2\/pages\/286\/revisions"}],"predecessor-version":[{"id":8727,"href":"https:\/\/cmbsas-caba.infd.edu.ar\/sitio\/wp-json\/wp\/v2\/pages\/286\/revisions\/8727"}],"wp:attachment":[{"href":"https:\/\/cmbsas-caba.infd.edu.ar\/sitio\/wp-json\/wp\/v2\/media?parent=286"}],"curies":[{"name":"wp","href":"https:\/\/api.w.org\/{rel}","templated":true}]}}