{"id":318,"date":"2016-10-31T14:20:44","date_gmt":"2016-10-31T17:20:44","guid":{"rendered":"https:\/\/cmbsas-caba.infd.edu.ar\/sitio\/?page_id=318"},"modified":"2024-02-17T14:32:39","modified_gmt":"2024-02-17T17:32:39","slug":"contacto","status":"publish","type":"page","link":"https:\/\/cmbsas-caba.infd.edu.ar\/sitio\/contacto\/","title":{"rendered":"Contacto"},"content":{"rendered":"<h4><b>Tel\u00e9fono<\/b><span style=\"font-weight: 400;\">\u00a0 <\/span><\/h4>\n<h5><span style=\"font-weight: 400;\">4865-9001\/9002\/9005<\/span><\/h5>\n<h4><b>Email\u00a0<\/b><\/h4>\n<p>General:\u00a0<a href=\"mailto:conservatorio_piazzolla@buenosaires.gob.ar\">conservatorio_piazzolla@buenosaires.gob.ar<\/a><\/p>\n<p>Docentes: <a href=\"mailto:secretaria_piazzolla@buenosaires.gob.ar\">secretaria_piazzolla@buenosaires.gob.ar<\/a><\/p>\n<p>Secretar\u00eda acad\u00e9mica: <a href=\"mailto:academicapiazzolla@gmail.com\">academica_piazzolla@buenosaires.gob.ar<\/a><\/p>\n<p>Regencias<\/p>\n<p>Turno ma\u00f1ana (8 a 13h): <a href=\"mailto:regenciaTM_piazzolla@buenosaires.gob.ar\">regenciaTM_piazzolla@buenosaires.gob.ar<\/a><\/p>\n<p>Turno tarde (13 a 18h):\u00a0\u00a0<a href=\"mailto:regenciaTT_piazzolla@buenosaires.gob.ar\">regenciaTT_piazzolla@buenosaires.gob.ar<\/a><\/p>\n<p>Turno noche (18 a 23h): <a href=\"mailto:regenciaTN_piazzolla@buenosaires.gob.ar\">regenciaTN_piazzolla@buenosaires.gob.ar<\/a><\/p>\n<p>S\u00e1bados: <a href=\"mailto:regenciaSA_piazzolla@buenosaires.gob.ar\">regenciaSA_piazzolla@buenosaires.gob.ar<\/a><\/p>\n<p>Alumnos:\u00a0<a href=\"mailto:estudiantes_piazzolla@buenosaires.gob.ar\"><span style=\"font-weight: 400;\">estudiantes_piazzolla@buenosaires.gob.ar<\/span><\/a><\/p>\n<p><span style=\"font-weight: 400;\">Equivalencias:\u00a0<\/span><a href=\"mailto:equivalencias_piazzolla@buenosaires.gob.ar\" target=\"_blank\" rel=\"noopener noreferrer\" data-auth=\"NotApplicable\" data-linkindex=\"0\">equivalencias_piazzolla@buenosaires.gob.ar<\/a><\/p>\n<p>Inicial ni\u00f1os: <a href=\"mailto:nivelinicial_piazzolla@buenosaires.gob.ar\">nivelinicial_piazzolla@buenosaires.gob.ar<\/a><\/p>\n<p><span style=\"font-weight: 400;\">Extensi\u00f3n: <\/span><a href=\"mailto:extension_piazzolla@buenosaires.gob.ar\"><span style=\"font-weight: 400;\">extension_piazzolla@buenosaires.gob.ar<\/span><\/a><\/p>\n<p>Biblioteca: <a href=\"mailto:biblioteca_piazzolla@buenosaires.gob.ar\">biblioteca_piazzolla@buenosaires.gob.ar<\/a><\/p>\n<p>T\u00edtulos: <a href=\"mailto:titulos_piazzolla@buenosaires.gob.ar\" target=\"_blank\" rel=\"noopener noreferrer\" data-auth=\"NotApplicable\" data-linkindex=\"0\">titulos_piazzolla@buenosaires.gob.ar<\/a><\/p>\n\n\n<p>Equipo interdisciplinario: <a href=\"mailto:einterpiazzolla@gmail.com\" target=\"_blank\" rel=\"noreferrer noopener\">einterpiazzolla@gmail.com<\/a><\/p>\n","protected":false},"excerpt":{"rendered":"<p>Tel\u00e9fono\u00a0 4865-9001\/9002\/9005 Email\u00a0 General:\u00a0conservatorio_piazzolla@buenosaires.gob.ar Docentes: secretaria_piazzolla@buenosaires.gob.ar Secretar\u00eda acad\u00e9mica: academica_piazzolla@buenosaires.gob.ar Regencias Turno ma\u00f1ana (8 a 13h): regenciaTM_piazzolla@buenosaires.gob.ar Turno tarde (13 a 18h):\u00a0\u00a0regenciaTT_piazzolla@buenosaires.gob.ar Turno noche (18 a 23h): regenciaTN_piazzolla@buenosaires.gob.ar S\u00e1bados: regenciaSA_piazzolla@buenosaires.gob.ar Alumnos:\u00a0estudiantes_piazzolla@buenosaires.gob.ar Equivalencias:\u00a0equivalencias_piazzolla@buenosaires.gob.ar Inicial ni\u00f1os: nivelinicial_piazzolla@buenosaires.gob.ar Extensi\u00f3n: extension_piazzolla@buenosaires.gob.ar Biblioteca: biblioteca_piazzolla@buenosaires.gob.ar T\u00edtulos: titulos_piazzolla@buenosaires.gob.ar Equipo interdisciplinario: einterpiazzolla@gmail.com<\/p>\n","protected":false},"author":1,"featured_media":0,"parent":0,"menu_order":0,"comment_status":"closed","ping_status":"closed","template":"","meta":[],"acf":[],"_links":{"self":[{"href":"https:\/\/cmbsas-caba.infd.edu.ar\/sitio\/wp-json\/wp\/v2\/pages\/318"}],"collection":[{"href":"https:\/\/cmbsas-caba.infd.edu.ar\/sitio\/wp-json\/wp\/v2\/pages"}],"about":[{"href":"https:\/\/cmbsas-caba.infd.edu.ar\/sitio\/wp-json\/wp\/v2\/types\/page"}],"author":[{"embeddable":true,"href":"https:\/\/cmbsas-caba.infd.edu.ar\/sitio\/wp-json\/wp\/v2\/users\/1"}],"replies":[{"embeddable":true,"href":"https:\/\/cmbsas-caba.infd.edu.ar\/sitio\/wp-json\/wp\/v2\/comments?post=318"}],"version-history":[{"count":25,"href":"https:\/\/cmbsas-caba.infd.edu.ar\/sitio\/wp-json\/wp\/v2\/pages\/318\/revisions"}],"predecessor-version":[{"id":4861,"href":"https:\/\/cmbsas-caba.infd.edu.ar\/sitio\/wp-json\/wp\/v2\/pages\/318\/revisions\/4861"}],"wp:attachment":[{"href":"https:\/\/cmbsas-caba.infd.edu.ar\/sitio\/wp-json\/wp\/v2\/media?parent=318"}],"curies":[{"name":"wp","href":"https:\/\/api.w.org\/{rel}","templated":true}]}}