{"id":3287,"date":"2022-04-08T13:29:14","date_gmt":"2022-04-08T16:29:14","guid":{"rendered":"https:\/\/cmbsas-caba.infd.edu.ar\/sitio\/?page_id=3287"},"modified":"2025-08-26T13:45:23","modified_gmt":"2025-08-26T16:45:23","slug":"tecnicaturas-2022","status":"publish","type":"page","link":"https:\/\/cmbsas-caba.infd.edu.ar\/sitio\/oferta-academica\/carreras\/nivel-superior-4\/tecnicaturas-2022\/","title":{"rendered":"Tecnicaturas"},"content":{"rendered":"\n<p><a href=\"https:\/\/cmbsas-caba.infd.edu.ar\/sitio\/ingresantes\/ingresantes-nivel-superior-profesorados-y-tecnicaturas\/\">Ingreso a Nivel Superior<\/a><\/p>\n\n\n\n<h4 class=\"wp-block-heading\">Tecnicatura Superior Instrumento<\/h4>\n\n\n\n<p>Duraci\u00f3n: 3 a\u00f1os<\/p>\n\n\n\n<p><a href=\"https:\/\/cmbsas-caba.infd.edu.ar\/sitio\/wp-content\/uploads\/2025\/08\/Tecnicaturas-Superiores-Camara-e-Instrumento-Ravioles-Hojas-de-calculo-de-Google.pdf\" data-type=\"URL\" data-id=\"https:\/\/cmbsas-caba.infd.edu.ar\/sitio\/wp-content\/uploads\/2025\/08\/Tecnicaturas-Superiores-Camara-e-Instrumento-Ravioles-Hojas-de-calculo-de-Google.pdf\" target=\"_blank\" rel=\"noreferrer noopener\">Plan de estudios<br><\/a><a rel=\"noreferrer noopener\" href=\"https:\/\/cmbsas-caba.infd.edu.ar\/sitio\/wp-content\/uploads\/2025\/08\/IF-2025-14014825-GCABA-DGEART-Instrumento-Tecnicatura.pdf\" target=\"_blank\">PCI<\/a><\/p>\n\n\n\n<h4 class=\"wp-block-heading\">Tecnicatura Superior en M\u00fasica de C\u00e1mara <\/h4>\n\n\n\n<p>Duraci\u00f3n: 3 a\u00f1os<\/p>\n\n\n\n<p><a rel=\"noreferrer noopener\" href=\"https:\/\/cmbsas-caba.infd.edu.ar\/sitio\/wp-content\/uploads\/2025\/08\/ravioles-camara.pdf\" data-type=\"URL\" data-id=\"https:\/\/cmbsas-caba.infd.edu.ar\/sitio\/wp-content\/uploads\/2025\/08\/ravioles-camara.pdf\" target=\"_blank\">Plan de estudios<br><\/a><a href=\"https:\/\/cmbsas-caba.infd.edu.ar\/sitio\/wp-content\/uploads\/2025\/08\/IF-2025-14014821-GCABA-DGEART-Camara-Tecnicatura.pdf\" data-type=\"URL\" data-id=\"https:\/\/cmbsas-caba.infd.edu.ar\/sitio\/wp-content\/uploads\/2025\/08\/IF-2025-14014821-GCABA-DGEART-Camara-Tecnicatura.pdf\" target=\"_blank\" rel=\"noreferrer noopener\">PCI<\/a><\/p>\n\n\n\n<h4 class=\"wp-block-heading\"><strong>Tecnicatura Superior en M\u00fasica con Orientaci\u00f3n en Producci\u00f3n Musical Art\u00edstica<\/strong><\/h4>\n\n\n\n<p><strong>Duraci\u00f3n: <\/strong>3 a\u00f1os<\/p>\n\n\n\n<ul>\n<li><a rel=\"noreferrer noopener\" href=\"https:\/\/cmbsas-caba.infd.edu.ar\/sitio\/wp-content\/uploads\/2022\/04\/Medios-Mixtos-1.pdf\" data-type=\"URL\" data-id=\"https:\/\/cmbsas-caba.infd.edu.ar\/sitio\/wp-content\/uploads\/2022\/04\/Medios-Mixtos-1.pdf\" target=\"_blank\">Plan de estudios y comparativo con el profesorado<\/a><\/li>\n\n\n\n<li><a href=\"https:\/\/cmbsas-caba.infd.edu.ar\/sitio\/wp-content\/uploads\/2022\/04\/horariosTecnicaturaComposicion-1.xlsx\" data-type=\"URL\" data-id=\"https:\/\/cmbsas-caba.infd.edu.ar\/sitio\/wp-content\/uploads\/2022\/04\/horariosTecnicaturaComposicion-1.xlsx\">Horarios y modalidad de las asignaturas<\/a><\/li>\n\n\n\n<li><a href=\"https:\/\/cmbsas-caba.infd.edu.ar\/sitio\/wp-content\/uploads\/2022\/04\/Tecnicatura-en-Produccion-Musical-Artistica-1.pdf\" data-type=\"URL\" data-id=\"https:\/\/cmbsas-caba.infd.edu.ar\/sitio\/wp-content\/uploads\/2022\/04\/Tecnicatura-en-Produccion-Musical-Artistica-1.pdf\" target=\"_blank\" rel=\"noreferrer noopener\">PCI<\/a><\/li>\n<\/ul>\n\n\n\n<h4 class=\"wp-block-heading\"><strong>Tecnicatura Superior en M\u00fasica con Orientaci\u00f3n en Composici\u00f3n con Medios Mixtos<\/strong><\/h4>\n\n\n\n<p><strong>Duraci\u00f3n: <\/strong>3 a\u00f1os<\/p>\n\n\n\n<ul>\n<li><a rel=\"noreferrer noopener\" href=\"https:\/\/cmbsas-caba.infd.edu.ar\/sitio\/wp-content\/uploads\/2022\/04\/Produccion-1.pdf\" data-type=\"URL\" data-id=\"https:\/\/cmbsas-caba.infd.edu.ar\/sitio\/wp-content\/uploads\/2022\/04\/Produccion-1.pdf\" target=\"_blank\">Plan de estudios y comparativo con el profesorado<\/a><\/li>\n\n\n\n<li><a href=\"https:\/\/cmbsas-caba.infd.edu.ar\/sitio\/wp-content\/uploads\/2022\/04\/horariosTecnicaturaProduccion.xlsx\" data-type=\"URL\" data-id=\"https:\/\/cmbsas-caba.infd.edu.ar\/sitio\/wp-content\/uploads\/2022\/04\/horariosTecnicaturaProduccion.xlsx\">Horarios y modalidad de las asignaturas<\/a><\/li>\n\n\n\n<li><a href=\"https:\/\/cmbsas-caba.infd.edu.ar\/sitio\/wp-content\/uploads\/2022\/04\/Tecnicatura-en-Composicion-con-Medios-Mixtos-1-1.pdf\" data-type=\"URL\" data-id=\"https:\/\/cmbsas-caba.infd.edu.ar\/sitio\/wp-content\/uploads\/2022\/04\/Tecnicatura-en-Composicion-con-Medios-Mixtos-1-1.pdf\" target=\"_blank\" rel=\"noreferrer noopener\">PCI<\/a><\/li>\n<\/ul>\n\n\n\n<p><\/p>\n\n\n\n<p><\/p>\n\n\n\n<h4 class=\"wp-block-heading\">Requisitos para ingreso<\/h4>\n\n\n\n<ul>\n<li>Si sos de Nivel Superior solicit\u00e1 la inscripci\u00f3n y matriculate a las asignaturas <strong><a href=\"https:\/\/dgeart.com\/loginciudad.php\" data-type=\"URL\" data-id=\"https:\/\/dgeart.com\/loginciudad.php\">ACA<\/a><\/strong><\/li>\n\n\n\n<li>Si sos estudiante de Nivel Medio consulta tu situaci\u00f3n acad\u00e9mica escribiendo a academica_piazzolla@buenosaires.gob.ar .<\/li>\n\n\n\n<li>Si no perteneces a la instituci\u00f3n: 1) Poseer t\u00edtulo de estudios completos de Nivel secundario o equivalente 2) tener conocimientos de lenguaje musical (<a rel=\"noreferrer noopener\" href=\"https:\/\/cmbsas-caba.infd.edu.ar\/sitio\/nivel-medio\/upload\/Programa_TyP_4_-_2014.pdf\" data-type=\"URL\" data-id=\"https:\/\/cmbsas-caba.infd.edu.ar\/sitio\/nivel-medio\/upload\/Programa_TyP_4_-_2014.pdf\" target=\"_blank\">mira el programa aqu\u00ed<\/a>) y de Computaci\u00f3n aplicada a la m\u00fasica III (<a rel=\"noreferrer noopener\" href=\"https:\/\/cmbsas-caba.infd.edu.ar\/sitio\/nivel-medio\/upload\/PROGRAMA_COMPUTACION_TERCER_ANO.pdf\" data-type=\"URL\" data-id=\"https:\/\/cmbsas-caba.infd.edu.ar\/sitio\/nivel-medio\/upload\/PROGRAMA_COMPUTACION_TERCER_ANO.pdf\" target=\"_blank\">mira el programa aqu\u00ed<\/a>) y de instrumento II (<a href=\"https:\/\/cmbsas-caba.infd.edu.ar\/sitio\/nivel-medio\/\" data-type=\"URL\" data-id=\"https:\/\/cmbsas-caba.infd.edu.ar\/sitio\/nivel-medio\/\">mir\u00e1 el del instrumento correspondiente programa aqu\u00ed<\/a>) y debes escribir a academica_piazzolla@buenosaires.gob.ar.<br><\/li>\n<\/ul>\n","protected":false},"excerpt":{"rendered":"<p>Ingreso a Nivel Superior Tecnicatura Superior Instrumento Duraci\u00f3n: 3 a\u00f1os Plan de estudiosPCI Tecnicatura Superior en M\u00fasica de C\u00e1mara Duraci\u00f3n: 3 a\u00f1os Plan de estudiosPCI Tecnicatura Superior en M\u00fasica con Orientaci\u00f3n en Producci\u00f3n Musical Art\u00edstica Duraci\u00f3n: 3 a\u00f1os Tecnicatura Superior en M\u00fasica con Orientaci\u00f3n en Composici\u00f3n con Medios Mixtos Duraci\u00f3n: 3 a\u00f1os Requisitos para ingreso<\/p>\n","protected":false},"author":309,"featured_media":0,"parent":4768,"menu_order":0,"comment_status":"closed","ping_status":"closed","template":"","meta":[],"acf":[],"_links":{"self":[{"href":"https:\/\/cmbsas-caba.infd.edu.ar\/sitio\/wp-json\/wp\/v2\/pages\/3287"}],"collection":[{"href":"https:\/\/cmbsas-caba.infd.edu.ar\/sitio\/wp-json\/wp\/v2\/pages"}],"about":[{"href":"https:\/\/cmbsas-caba.infd.edu.ar\/sitio\/wp-json\/wp\/v2\/types\/page"}],"author":[{"embeddable":true,"href":"https:\/\/cmbsas-caba.infd.edu.ar\/sitio\/wp-json\/wp\/v2\/users\/309"}],"replies":[{"embeddable":true,"href":"https:\/\/cmbsas-caba.infd.edu.ar\/sitio\/wp-json\/wp\/v2\/comments?post=3287"}],"version-history":[{"count":32,"href":"https:\/\/cmbsas-caba.infd.edu.ar\/sitio\/wp-json\/wp\/v2\/pages\/3287\/revisions"}],"predecessor-version":[{"id":7692,"href":"https:\/\/cmbsas-caba.infd.edu.ar\/sitio\/wp-json\/wp\/v2\/pages\/3287\/revisions\/7692"}],"up":[{"embeddable":true,"href":"https:\/\/cmbsas-caba.infd.edu.ar\/sitio\/wp-json\/wp\/v2\/pages\/4768"}],"wp:attachment":[{"href":"https:\/\/cmbsas-caba.infd.edu.ar\/sitio\/wp-json\/wp\/v2\/media?parent=3287"}],"curies":[{"name":"wp","href":"https:\/\/api.w.org\/{rel}","templated":true}]}}