{"id":3491,"date":"2022-11-01T15:13:46","date_gmt":"2022-11-01T18:13:46","guid":{"rendered":"https:\/\/cmbsas-caba.infd.edu.ar\/sitio\/?page_id=3491"},"modified":"2026-04-07T10:01:41","modified_gmt":"2026-04-07T13:01:41","slug":"ingresantes","status":"publish","type":"page","link":"https:\/\/cmbsas-caba.infd.edu.ar\/sitio\/oferta-academica\/ingresantes\/","title":{"rendered":"Conservatorio Astor Piazzolla"},"content":{"rendered":"\n<div class=\"wp-block-columns is-layout-flex wp-container-9\">\n<div class=\"wp-block-column is-layout-flow\">\n<div class=\"wp-duotone-094850-941fbf66-3 wp-block-cover\" style=\"margin-top:0;padding-top:48px;padding-right:48px;padding-bottom:48px;padding-left:48px;min-height:66vh\"><span aria-hidden=\"true\" class=\"wp-block-cover__background has-background-dim-30 has-background-dim\"><\/span><img decoding=\"async\" loading=\"lazy\" width=\"2560\" height=\"1280\" class=\"wp-block-cover__image-background wp-image-6424\" alt=\"\" src=\"https:\/\/cmbsas-caba.infd.edu.ar\/sitio\/wp-content\/uploads\/2025\/06\/4-scaled.jpg\" data-object-fit=\"cover\" srcset=\"https:\/\/cmbsas-caba.infd.edu.ar\/sitio\/wp-content\/uploads\/2025\/06\/4-scaled.jpg 2560w, https:\/\/cmbsas-caba.infd.edu.ar\/sitio\/wp-content\/uploads\/2025\/06\/4-1000x500.jpg 1000w, https:\/\/cmbsas-caba.infd.edu.ar\/sitio\/wp-content\/uploads\/2025\/06\/4-1900x950.jpg 1900w, https:\/\/cmbsas-caba.infd.edu.ar\/sitio\/wp-content\/uploads\/2025\/06\/4-768x384.jpg 768w, https:\/\/cmbsas-caba.infd.edu.ar\/sitio\/wp-content\/uploads\/2025\/06\/4-1536x768.jpg 1536w, https:\/\/cmbsas-caba.infd.edu.ar\/sitio\/wp-content\/uploads\/2025\/06\/4-2048x1024.jpg 2048w\" sizes=\"(max-width: 2560px) 100vw, 2560px\" \/><div class=\"wp-block-cover__inner-container\">\n<div class=\"wp-block-group is-content-justification-left is-layout-constrained wp-container-1\"><div class=\"wp-block-group__inner-container\">\n<h2 class=\"wp-block-heading has-text-align-left has-white-color has-text-color\" style=\"font-size:40px;font-style:normal;font-weight:700;letter-spacing:0px;line-height:1;text-transform:uppercase\">info de las carreras<\/h2>\n<\/div><\/div>\n\n\n\n<div class=\"wp-block-buttons is-content-justification-center is-nowrap is-layout-flex wp-container-2\">\n<div class=\"wp-block-button is-style-fill\"><a class=\"wp-block-button__link has-white-color has-text-color has-background has-text-align-center wp-element-button\" href=\"#carreras\" style=\"background-color:#bc4ecc\">M\u00e1s info aqu\u00ed<\/a><\/div>\n<\/div>\n<\/div><\/div>\n<\/div>\n\n\n\n<div class=\"wp-block-column is-layout-flow\">\n<div class=\"wp-duotone-094850-941fbf66-7 wp-block-cover\" style=\"margin-top:0;padding-top:48px;padding-right:48px;padding-bottom:48px;padding-left:48px;min-height:66vh\"><span aria-hidden=\"true\" class=\"wp-block-cover__background has-background-dim-30 has-background-dim\"><\/span><img decoding=\"async\" loading=\"lazy\" width=\"2560\" height=\"1280\" class=\"wp-block-cover__image-background wp-image-6425\" alt=\"\" src=\"https:\/\/cmbsas-caba.infd.edu.ar\/sitio\/wp-content\/uploads\/2025\/06\/5-scaled.jpg\" data-object-fit=\"cover\" srcset=\"https:\/\/cmbsas-caba.infd.edu.ar\/sitio\/wp-content\/uploads\/2025\/06\/5-scaled.jpg 2560w, https:\/\/cmbsas-caba.infd.edu.ar\/sitio\/wp-content\/uploads\/2025\/06\/5-1000x500.jpg 1000w, https:\/\/cmbsas-caba.infd.edu.ar\/sitio\/wp-content\/uploads\/2025\/06\/5-1900x950.jpg 1900w, https:\/\/cmbsas-caba.infd.edu.ar\/sitio\/wp-content\/uploads\/2025\/06\/5-768x384.jpg 768w, https:\/\/cmbsas-caba.infd.edu.ar\/sitio\/wp-content\/uploads\/2025\/06\/5-1536x768.jpg 1536w, https:\/\/cmbsas-caba.infd.edu.ar\/sitio\/wp-content\/uploads\/2025\/06\/5-2048x1024.jpg 2048w\" sizes=\"(max-width: 2560px) 100vw, 2560px\" \/><div class=\"wp-block-cover__inner-container\">\n<div class=\"wp-block-group is-content-justification-left is-layout-constrained wp-container-5\"><div class=\"wp-block-group__inner-container\">\n<h2 class=\"wp-block-heading has-text-align-left has-white-color has-text-color\" style=\"font-size:40px;font-style:normal;font-weight:700;letter-spacing:0px;line-height:1;text-transform:uppercase\">INFO DE INSCRIPCIONES<\/h2>\n<\/div><\/div>\n\n\n\n<div class=\"wp-block-buttons is-content-justification-center is-nowrap is-layout-flex wp-container-6\">\n<div class=\"wp-block-button is-style-fill\"><a class=\"wp-block-button__link has-white-color has-text-color has-background has-text-align-center wp-element-button\" href=\"#inscripciones\" style=\"background-color:#be58cb\">M\u00e1s info aqu\u00ed<\/a><\/div>\n<\/div>\n<\/div><\/div>\n<\/div>\n<\/div>\n\n\n\n<p class=\"has-large-font-size\"><strong>Informaci\u00f3n general<\/strong><\/p>\n\n\n\n<blockquote class=\"wp-block-quote\">\n<p><strong>Nuestra instituci\u00f3n es p\u00fablica y gratuita y nuestras carreras son presenciales. <\/strong>No hay l\u00edmite de edad para comenzar en el Conservatorio, ya sea con o sin conocimientos.<strong> El nivel inicial es para ni\u00f1os\/as a partir de los 10 a\u00f1os (5to grado).&nbsp; Adolescentes y adultos comienzan directamente en el nivel medio <\/strong>(donde tampoco es obligatorio tener conocimientos).<\/p>\n<\/blockquote>\n\n\n\n<div class=\"wp-block-columns is-layout-flex wp-container-12\">\n<div class=\"wp-block-column is-layout-flow\">\n<h4 class=\"wp-block-heading\">Formaci\u00f3n integral y profesional<\/h4>\n\n\n\n<p>Nuestro Conservatorio brinda formaci\u00f3n integral y profesional en la m\u00fasica en todos los niveles desde el inicial para ni\u00f1os\/as hasta el posgrado, y tambi\u00e9n formaci\u00f3n de nivel terciario.<\/p>\n<\/div>\n\n\n\n<div class=\"wp-block-column is-layout-flow\">\n<h4 class=\"wp-block-heading\"><strong>Todos los instrumentos<\/strong><\/h4>\n\n\n\n<p>Piano, guitarra, percusi\u00f3n, bandone\u00f3n, viol\u00edn, viola, violoncello, contrabajo, flauta traversa y flauta dulce, arpa, clarinete, oboe, trompeta, tromb\u00f3n, fagot, saxo y corno. Todas nuestras carreras son de car\u00e1cter p\u00fablico y gratuito.<\/p>\n<\/div>\n<\/div>\n\n\n\n<div class=\"wp-block-columns is-layout-flex wp-container-15\">\n<div class=\"wp-block-column is-layout-flow\">\n<h4 class=\"wp-block-heading\">Turnos de cursada<\/h4>\n\n\n\n<ul>\n<li>Ma\u00f1ana (de 8 a 13h)<\/li>\n\n\n\n<li>Tarde (de 13 a 18h)<\/li>\n\n\n\n<li>Noche (de 18 a 23h)<\/li>\n\n\n\n<li>Tambi\u00e9n los d\u00edas s\u00e1bados<\/li>\n<\/ul>\n<\/div>\n\n\n\n<div class=\"wp-block-column is-layout-flow\">\n<h4 class=\"wp-block-heading\"><strong>Todas las edades<\/strong><\/h4>\n\n\n\n<p>Ni\u00f1os\/as desde los 10 a\u00f1os, adolescentes y adultos.&nbsp;No hay l\u00edmite de edad para comenzar en el Conservatorio, ya sea con o sin conocimientos. El nivel inicial es para el Plan ni\u00f1os\/as; en cambio adolescentes y adultos comienzan en el nivel medio (no es necesario tener conocimientos). No hay examen para ingresar salvo que la persona quiera acreditar conocimientos o pedir equivalencias si viene de otra instituci\u00f3n.<\/p>\n<\/div>\n<\/div>\n\n\n\n<hr class=\"wp-block-separator has-alpha-channel-opacity\"\/>\n\n\n\n<h1 class=\"wp-block-heading\" id=\"carreras\"><strong>Carreras<\/strong><\/h1>\n\n\n\n<p>Ofrecemos una formaci\u00f3n integral y profesional en todos los niveles, desde inicial para ni\u00f1os\/as hasta posgrado, abarcando una amplia variedad de instrumentos: Piano, Guitarra, Percusi\u00f3n, Bandone\u00f3n, Viol\u00edn, Viola, Violoncello, Contrabajo, Flauta Traversa, Flauta Dulce, Arpa, Clarinete, Oboe, Trompeta, Tromb\u00f3n, Fagot, Saxo y Corno. <strong><em>Todas nuestras carreras son de car\u00e1cter p\u00fablico y no arancelado.<\/em><\/strong><\/p>\n\n\n\n<ul>\n<li><a href=\"https:\/\/cmbsas-caba.infd.edu.ar\/sitio\/oferta-academica\/nivel-inicial-ninos\/\" target=\"_blank\" rel=\"noreferrer noopener\">Nivel Inicial (Ni\u00f1os)<\/a><\/li>\n\n\n\n<li><a href=\"https:\/\/cmbsas-caba.infd.edu.ar\/sitio\/nivel-medio-trayecto-artistico-profesional\/\">Nivel Medio (Trayecto Art\u00edstico Profesional)<\/a><\/li>\n\n\n\n<li><a href=\"https:\/\/cmbsas-caba.infd.edu.ar\/sitio\/nivel-superior-4\/\">Nivel Superior (Profesorados y Tecnicaturas)<\/a><\/li>\n\n\n\n<li><a href=\"https:\/\/cmbsas-caba.infd.edu.ar\/sitio\/postitulo\/\">Post\u00edtulo<\/a><\/li>\n<\/ul>\n\n\n\n<div class=\"wp-block-columns is-layout-flex wp-container-24\" style=\"margin-bottom:0\">\n<div class=\"wp-block-column has-text-color has-background has-link-color wp-elements-0d62a7f5de27a384b6e35bf23145cb66 is-layout-flow\" style=\"color:#000000;background-color:#ffe7f9;padding-top:2em;padding-right:2em;padding-bottom:2em;padding-left:2em\">\n<h2 class=\"wp-block-heading\" id=\"single\" style=\"font-size:35px\"><strong><strong>Nivel Inicial<\/strong><\/strong><\/h2>\n\n\n\n<p class=\"has-normal-font-size\" style=\"line-height:1.5\"><strong>Para ni\u00f1os y ni\u00f1as sin conocimientos previos<\/strong><\/p>\n\n\n\n<div class=\"wp-block-buttons is-horizontal is-content-justification-center is-layout-flex wp-container-16\">\n<div class=\"wp-block-button\"><a class=\"wp-block-button__link has-white-color has-text-color has-background no-border-radius wp-element-button\" href=\"https:\/\/cmbsas-caba.infd.edu.ar\/sitio\/oferta-academica\/ingresantes\/ingresantes-nivel-inicial-ninos-as\/\" style=\"background-color:#000000\">Mas info aqu\u00ed<\/a><\/div>\n<\/div>\n<\/div>\n\n\n\n<div class=\"wp-block-column has-text-color has-background has-link-color wp-elements-ba9b1ca7ce872290286631c9295ae94b is-layout-flow\" style=\"color:#000000;background-color:#f6d0ed;padding-top:2em;padding-right:2em;padding-bottom:2em;padding-left:2em\">\n<h2 class=\"wp-block-heading\" id=\"family\" style=\"font-size:35px\"><strong><strong>Nivel Medio<\/strong><\/strong><\/h2>\n\n\n\n<p class=\"has-normal-font-size\" style=\"line-height:1.5\"><strong>Para adolescentes y adultos sin conocimientos previos<\/strong><\/p>\n\n\n\n<div class=\"wp-block-buttons is-horizontal is-content-justification-center is-layout-flex wp-container-18\">\n<div class=\"wp-block-button\"><a class=\"wp-block-button__link has-white-color has-text-color has-background no-border-radius wp-element-button\" href=\"https:\/\/cmbsas-caba.infd.edu.ar\/sitio\/oferta-academica\/ingresantes\/ingresantes-nivel-medio-trayecto-artistico-profesional\/\" style=\"background-color:#000000\">Mas info aqu\u00ed<\/a><\/div>\n<\/div>\n<\/div>\n\n\n\n<div class=\"wp-block-column has-text-color has-background has-link-color wp-elements-22b352c97c7493c638b2e132a74e7ffd is-layout-flow\" style=\"color:#000000;background-color:#d391c4;padding-top:2em;padding-right:2em;padding-bottom:2em;padding-left:2em\">\n<h2 class=\"wp-block-heading\" id=\"patron\" style=\"font-size:35px\"><strong><strong>Nivel superior<\/strong><\/strong><\/h2>\n\n\n\n<p class=\"has-normal-font-size\"><strong><strong>Para adolescentes y adultos con conocimientos previos<\/strong><\/strong><\/p>\n\n\n\n<div class=\"wp-block-buttons is-horizontal is-content-justification-center is-layout-flex wp-container-20\">\n<div class=\"wp-block-button has-custom-width wp-block-button__width-100\"><a class=\"wp-block-button__link has-white-color has-text-color has-background no-border-radius wp-element-button\" href=\"https:\/\/cmbsas-caba.infd.edu.ar\/sitio\/oferta-academica\/ingresantes\/ingresantes-nivel-superior-profesorados-y-tecnicaturas\/\" style=\"background-color:#000000\">Mas info aqu\u00ed<\/a><\/div>\n<\/div>\n<\/div>\n\n\n\n<div class=\"wp-block-column has-text-color has-background has-link-color wp-elements-36963ea5a362423b83da59518c948511 is-layout-flow\" style=\"color:#000000;background-color:#c169ad;padding-top:2em;padding-right:2em;padding-bottom:2em;padding-left:2em\">\n<h2 class=\"wp-block-heading\" id=\"patron\" style=\"font-size:35px\"><strong><strong>Post\u00edtulo<\/strong><\/strong><\/h2>\n\n\n\n<p class=\"has-normal-font-size\"><strong>Para adolescentes y adultos con t\u00edtulo de profesor\/a<\/strong><\/p>\n\n\n\n<div class=\"wp-block-buttons is-horizontal is-content-justification-center is-layout-flex wp-container-22\">\n<div class=\"wp-block-button has-custom-width wp-block-button__width-100\"><a class=\"wp-block-button__link has-white-color has-text-color has-background no-border-radius wp-element-button\" href=\"https:\/\/cmbsas-caba.infd.edu.ar\/sitio\/oferta-academica\/ingresantes\/ingresantes-a-postitulos\/\" style=\"background-color:#000000\">Mas info aqu\u00ed<\/a><\/div>\n<\/div>\n<\/div>\n<\/div>\n\n\n\n<hr class=\"wp-block-separator has-alpha-channel-opacity\"\/>\n\n\n\n<h1 class=\"wp-block-heading has-large-font-size\" id=\"inscripciones\">Inscripciones<\/h1>\n\n\n\n<p>Nuestro Conservatorio considera a los \u00abIngresantes\u00bb como a todos aquellos que quieren ingresar <span style=\"text-decoration: underline;\">por primera vez<\/span> este a\u00f1o en nuestra instituci\u00f3n. Si alguna vez ya te anotaste, el proceso ser\u00eda diferente.<br><br><strong>\u25ba Inscripci\u00f3n para el ciclo lectivo 2026.<br><\/strong><br><a rel=\"noreferrer noopener\" href=\"https:\/\/cmbsas-caba.infd.edu.ar\/sitio\/ingresantes-nivel-inicial-ninos-as\/\" target=\"_blank\">Ingreso a Nivel Inicial Ni\u00f1os\/as<\/a><\/p>\n\n\n\n<p><a href=\"https:\/\/cmbsas-caba.infd.edu.ar\/sitio\/ingresantes-nivel-medio-trayecto-artistico-profesional\/\" target=\"_blank\" rel=\"noreferrer noopener\">Ingreso a Nivel Medio (Trayecto Art\u00edstico Profesional)<\/a><\/p>\n\n\n\n<p><a href=\"https:\/\/cmbsas-caba.infd.edu.ar\/sitio\/ingresantes-nivel-superior-profesorados-y-tecnicaturas\/\" target=\"_blank\" rel=\"noreferrer noopener\">Ingreso a Nivel Superior (Profesorados y Tecnicaturas)<\/a><\/p>\n\n\n\n<hr class=\"wp-block-separator has-alpha-channel-opacity\"\/>\n\n\n\n<p><a href=\"https:\/\/cmbsas-caba.infd.edu.ar\/sitio\/oferta-academica\/ingresantes\/ingresantes-preguntas-frecuentes\/\" data-type=\"URL\" data-id=\"https:\/\/cmbsas-caba.infd.edu.ar\/sitio\/oferta-academica\/ingresantes\/ingresantes-preguntas-frecuentes\/\" target=\"_blank\" rel=\"noreferrer noopener\">Preguntas Frecuentes<\/a><\/p>\n","protected":false},"excerpt":{"rendered":"<p>Informaci\u00f3n general Nuestra instituci\u00f3n es p\u00fablica y gratuita y nuestras carreras son presenciales. No hay l\u00edmite de edad para comenzar en el Conservatorio, ya sea con o sin conocimientos. El nivel inicial es para ni\u00f1os\/as a partir de los 10 a\u00f1os (5to grado).&nbsp; Adolescentes y adultos comienzan directamente en el nivel medio (donde tampoco es &#8230; <a title=\"Conservatorio Astor Piazzolla\" class=\"read-more\" href=\"https:\/\/cmbsas-caba.infd.edu.ar\/sitio\/oferta-academica\/ingresantes\/\" aria-label=\"More on Conservatorio Astor Piazzolla\">[+]<\/a><\/p>\n","protected":false},"author":309,"featured_media":0,"parent":1855,"menu_order":0,"comment_status":"closed","ping_status":"closed","template":"","meta":[],"acf":[],"_links":{"self":[{"href":"https:\/\/cmbsas-caba.infd.edu.ar\/sitio\/wp-json\/wp\/v2\/pages\/3491"}],"collection":[{"href":"https:\/\/cmbsas-caba.infd.edu.ar\/sitio\/wp-json\/wp\/v2\/pages"}],"about":[{"href":"https:\/\/cmbsas-caba.infd.edu.ar\/sitio\/wp-json\/wp\/v2\/types\/page"}],"author":[{"embeddable":true,"href":"https:\/\/cmbsas-caba.infd.edu.ar\/sitio\/wp-json\/wp\/v2\/users\/309"}],"replies":[{"embeddable":true,"href":"https:\/\/cmbsas-caba.infd.edu.ar\/sitio\/wp-json\/wp\/v2\/comments?post=3491"}],"version-history":[{"count":80,"href":"https:\/\/cmbsas-caba.infd.edu.ar\/sitio\/wp-json\/wp\/v2\/pages\/3491\/revisions"}],"predecessor-version":[{"id":8772,"href":"https:\/\/cmbsas-caba.infd.edu.ar\/sitio\/wp-json\/wp\/v2\/pages\/3491\/revisions\/8772"}],"up":[{"embeddable":true,"href":"https:\/\/cmbsas-caba.infd.edu.ar\/sitio\/wp-json\/wp\/v2\/pages\/1855"}],"wp:attachment":[{"href":"https:\/\/cmbsas-caba.infd.edu.ar\/sitio\/wp-json\/wp\/v2\/media?parent=3491"}],"curies":[{"name":"wp","href":"https:\/\/api.w.org\/{rel}","templated":true}]}}