{"id":4474,"date":"2023-11-24T14:28:35","date_gmt":"2023-11-24T17:28:35","guid":{"rendered":"https:\/\/cmbsas-caba.infd.edu.ar\/sitio\/?page_id=4474"},"modified":"2025-10-01T21:08:08","modified_gmt":"2025-10-02T00:08:08","slug":"programas-nivel-medio","status":"publish","type":"page","link":"https:\/\/cmbsas-caba.infd.edu.ar\/sitio\/oferta-academica\/carreras\/nivel-medio-trayecto-artistico-profesional\/programas-nivel-medio\/","title":{"rendered":"Programas Nivel Medio"},"content":{"rendered":"\n<h4 class=\"wp-block-heading\">Instrumento<\/h4>\n\n\n\n<ul>\n<li><a href=\"https:\/\/cmbsas-caba.infd.edu.ar\/sitio\/wp-content\/uploads\/2024\/02\/Nivel-Medio-ARPA-I-II-III-y-IV-SADE.pdf\" data-type=\"URL\" data-id=\"https:\/\/cmbsas-caba.infd.edu.ar\/sitio\/wp-content\/uploads\/2024\/02\/Nivel-Medio-ARPA-I-II-III-y-IV-SADE.pdf\" target=\"_blank\" rel=\"noreferrer noopener\">Arpa <\/a><\/li>\n\n\n\n<li><a href=\"https:\/\/cmbsas-caba.infd.edu.ar\/sitio\/wp-content\/uploads\/2024\/11\/Nivel-Medio-SAXOFON-I-II-III-y-IV-pdf.docx.pdf\" data-type=\"URL\" data-id=\"https:\/\/cmbsas-caba.infd.edu.ar\/sitio\/wp-content\/uploads\/2024\/11\/Nivel-Medio-SAXOFON-I-II-III-y-IV-pdf.docx.pdf\">Saxo<\/a><\/li>\n\n\n\n<li><a rel=\"noreferrer noopener\" href=\"https:\/\/cmbsas-caba.infd.edu.ar\/sitio\/wp-content\/uploads\/2023\/11\/Nivel-Medio-OBOE-I-II-III-y-IV.docx.pdf\" data-type=\"URL\" data-id=\"https:\/\/cmbsas-caba.infd.edu.ar\/sitio\/wp-content\/uploads\/2023\/11\/Nivel-Medio-OBOE-I-II-III-y-IV.docx.pdf\" target=\"_blank\">Oboe<\/a><\/li>\n\n\n\n<li><a rel=\"noreferrer noopener\" href=\"https:\/\/cmbsas-caba.infd.edu.ar\/sitio\/wp-content\/uploads\/2023\/11\/Nivel-Medio_Percusion.pdf\" data-type=\"URL\" data-id=\"https:\/\/cmbsas-caba.infd.edu.ar\/sitio\/wp-content\/uploads\/2023\/11\/Nivel-Medio_Percusion.pdf\" target=\"_blank\">Percusi\u00f3n<\/a><\/li>\n\n\n\n<li><a rel=\"noreferrer noopener\" href=\"https:\/\/cmbsas-caba.infd.edu.ar\/sitio\/wp-content\/uploads\/2023\/11\/Nivel-Medio-FLAUTA-DULCE-I-II-III-y-IV.pdf\" data-type=\"URL\" data-id=\"https:\/\/cmbsas-caba.infd.edu.ar\/sitio\/wp-content\/uploads\/2023\/11\/Nivel-Medio-FLAUTA-DULCE-I-II-III-y-IV.pdf\" target=\"_blank\">Flauta Dulce<\/a><\/li>\n\n\n\n<li><a rel=\"noreferrer noopener\" href=\"https:\/\/cmbsas-caba.infd.edu.ar\/sitio\/wp-content\/uploads\/2023\/11\/Nivel-Medio-FLAUTA-TRAVERSA-I-II-III-y-IV.docx.pdf\" data-type=\"URL\" data-id=\"https:\/\/cmbsas-caba.infd.edu.ar\/sitio\/wp-content\/uploads\/2023\/11\/Nivel-Medio-FLAUTA-TRAVERSA-I-II-III-y-IV.docx.pdf\" target=\"_blank\">Flauta Traversa<\/a><\/li>\n\n\n\n<li><a href=\"https:\/\/cmbsas-caba.infd.edu.ar\/sitio\/wp-content\/uploads\/2024\/08\/Nivel-Medio-GUITARRA-I-a-IV-SADE.pdf\" data-type=\"URL\" data-id=\"https:\/\/cmbsas-caba.infd.edu.ar\/sitio\/wp-content\/uploads\/2024\/08\/Nivel-Medio-GUITARRA-I-a-IV-SADE.pdf\" target=\"_blank\" rel=\"noreferrer noopener\">Guitarra<\/a><\/li>\n\n\n\n<li><a rel=\"noreferrer noopener\" href=\"https:\/\/cmbsas-caba.infd.edu.ar\/sitio\/wp-content\/uploads\/2023\/11\/Nivel-Medio-CONTRABAJO-I-II-III-Y-IV-.docx.pdf\" data-type=\"URL\" data-id=\"https:\/\/cmbsas-caba.infd.edu.ar\/sitio\/wp-content\/uploads\/2023\/11\/Nivel-Medio-CONTRABAJO-I-II-III-Y-IV-.docx.pdf\" target=\"_blank\">Contrabajo<\/a><\/li>\n\n\n\n<li><a rel=\"noreferrer noopener\" href=\"https:\/\/cmbsas-caba.infd.edu.ar\/sitio\/wp-content\/uploads\/2023\/11\/Nivel-Medio-FAGOT-I-II-III-y-IV.docx.pdf\" data-type=\"URL\" data-id=\"https:\/\/cmbsas-caba.infd.edu.ar\/sitio\/wp-content\/uploads\/2023\/11\/Nivel-Medio-FAGOT-I-II-III-y-IV.docx.pdf\" target=\"_blank\">Fagot <\/a><\/li>\n\n\n\n<li><a href=\"https:\/\/cmbsas-caba.infd.edu.ar\/sitio\/wp-content\/uploads\/2024\/04\/Plan-2015-TROMBON-I-II-III-y-IV-SADE.pdf\" data-type=\"URL\" data-id=\"https:\/\/cmbsas-caba.infd.edu.ar\/sitio\/wp-content\/uploads\/2024\/04\/Plan-2015-TROMBON-I-II-III-y-IV-SADE.pdf\" target=\"_blank\" rel=\"noreferrer noopener\">Tromb\u00f3n<\/a><\/li>\n\n\n\n<li><a href=\"https:\/\/cmbsas-caba.infd.edu.ar\/sitio\/wp-content\/uploads\/2024\/06\/Nivel-Medio-TROMPA-I-a-IV-SADE.pdf\" data-type=\"URL\" data-id=\"https:\/\/cmbsas-caba.infd.edu.ar\/sitio\/wp-content\/uploads\/2024\/06\/Nivel-Medio-TROMPA-I-a-IV-SADE.pdf\" target=\"_blank\" rel=\"noreferrer noopener\">Trompa<\/a><\/li>\n\n\n\n<li><a rel=\"noreferrer noopener\" href=\"https:\/\/cmbsas-caba.infd.edu.ar\/sitio\/wp-content\/uploads\/2023\/11\/Nivel-Medio_Trompeta.pdf\" data-type=\"URL\" data-id=\"https:\/\/cmbsas-caba.infd.edu.ar\/sitio\/wp-content\/uploads\/2023\/11\/Nivel-Medio_Trompeta.pdf\" target=\"_blank\">Trompeta<\/a><\/li>\n\n\n\n<li><a rel=\"noreferrer noopener\" href=\"https:\/\/cmbsas-caba.infd.edu.ar\/sitio\/wp-content\/uploads\/2023\/11\/Nivel-Medio-VIOLA-I-II-III-Y-IV-v2.docx.pdf\" data-type=\"URL\" data-id=\"https:\/\/cmbsas-caba.infd.edu.ar\/sitio\/wp-content\/uploads\/2023\/11\/Nivel-Medio-VIOLA-I-II-III-Y-IV-v2.docx.pdf\" target=\"_blank\">Viola<\/a><\/li>\n\n\n\n<li><a rel=\"noreferrer noopener\" href=\"https:\/\/cmbsas-caba.infd.edu.ar\/sitio\/wp-content\/uploads\/2023\/11\/Nivel-Medio-VIOLIN-I-II-III-Y-IV-v2-.docx.pdf\" data-type=\"URL\" data-id=\"https:\/\/cmbsas-caba.infd.edu.ar\/sitio\/wp-content\/uploads\/2023\/11\/Nivel-Medio-VIOLIN-I-II-III-Y-IV-v2-.docx.pdf\" target=\"_blank\">Viol\u00edn<\/a><\/li>\n\n\n\n<li><a rel=\"noreferrer noopener\" href=\"https:\/\/cmbsas-caba.infd.edu.ar\/sitio\/wp-content\/uploads\/2023\/11\/Nivel-Medio-VIOLONCELLO-I-II-III-Y-IV.docx.pdf\" data-type=\"URL\" data-id=\"https:\/\/cmbsas-caba.infd.edu.ar\/sitio\/wp-content\/uploads\/2023\/11\/Nivel-Medio-VIOLONCELLO-I-II-III-Y-IV.docx.pdf\" target=\"_blank\">Violoncello<\/a><\/li>\n\n\n\n<li><a rel=\"noreferrer noopener\" href=\"https:\/\/cmbsas-caba.infd.edu.ar\/sitio\/wp-content\/uploads\/2023\/11\/Nivel-Medio-BANDONEON-I-II-III-y-IV.docx.pdf\" data-type=\"URL\" data-id=\"https:\/\/cmbsas-caba.infd.edu.ar\/sitio\/wp-content\/uploads\/2023\/11\/Nivel-Medio-BANDONEON-I-II-III-y-IV.docx.pdf\" target=\"_blank\">Bandone\u00f3n<\/a><\/li>\n\n\n\n<li><a rel=\"noreferrer noopener\" href=\"https:\/\/cmbsas-caba.infd.edu.ar\/sitio\/wp-content\/uploads\/2023\/11\/Nivel-Medio_Clarinete.pdf\" data-type=\"URL\" data-id=\"https:\/\/cmbsas-caba.infd.edu.ar\/sitio\/wp-content\/uploads\/2023\/11\/Nivel-Medio_Guitarra.pdf\" target=\"_blank\">Clarinete<\/a><\/li>\n\n\n\n<li><a href=\"https:\/\/cmbsas-caba.infd.edu.ar\/sitio\/wp-content\/uploads\/2024\/04\/Nivel-Medio-PIANO-I-a-IV-SADE.pdf\" data-type=\"URL\" data-id=\"https:\/\/cmbsas-caba.infd.edu.ar\/sitio\/wp-content\/uploads\/2024\/04\/Nivel-Medio-PIANO-I-a-IV-SADE.pdf\" target=\"_blank\" rel=\"noreferrer noopener\">Piano<\/a><\/li>\n<\/ul>\n\n\n\n<h4 class=\"wp-block-heading\">Materias comunes a todas las orientaciones<\/h4>\n\n\n\n<ul>\n<li><a href=\"https:\/\/cmbsas-caba.infd.edu.ar\/sitio\/wp-content\/uploads\/2025\/10\/Programa-Apreciacion-musical-1.docx-1.pdf\" data-type=\"URL\" data-id=\"https:\/\/cmbsas-caba.infd.edu.ar\/sitio\/wp-content\/uploads\/2025\/10\/Programa-Apreciacion-musical-1.docx-1.pdf\" target=\"_blank\" rel=\"noreferrer noopener\">Apreciaci\u00f3n Musical I<\/a><\/li>\n\n\n\n<li><a href=\"https:\/\/cmbsas-caba.infd.edu.ar\/sitio\/wp-content\/uploads\/2025\/10\/Programa-Apreciacion-musical-2.docx-1.pdf\" data-type=\"URL\" data-id=\"https:\/\/cmbsas-caba.infd.edu.ar\/sitio\/wp-content\/uploads\/2025\/10\/Programa-Apreciacion-musical-2.docx-1.pdf\" target=\"_blank\" rel=\"noreferrer noopener\">Apreciaci\u00f3n Musical II<\/a><\/li>\n\n\n\n<li><a href=\"https:\/\/cmbsas-caba.infd.edu.ar\/sitio\/wp-content\/uploads\/2025\/10\/Programa-Apreciacion-musical-3.docx-1.pdf\" data-type=\"URL\" data-id=\"https:\/\/cmbsas-caba.infd.edu.ar\/sitio\/wp-content\/uploads\/2025\/10\/Programa-Apreciacion-musical-3.docx-1.pdf\" target=\"_blank\" rel=\"noreferrer noopener\">Apreciaci\u00f3n Musical III<\/a><\/li>\n\n\n\n<li><a href=\"https:\/\/cmbsas-caba.infd.edu.ar\/sitio\/wp-content\/uploads\/2025\/10\/Programa-Apreciacion-musical-4.docx-1.pdf\" data-type=\"URL\" data-id=\"https:\/\/cmbsas-caba.infd.edu.ar\/sitio\/wp-content\/uploads\/2025\/10\/Programa-Apreciacion-musical-4.docx-1.pdf\" target=\"_blank\" rel=\"noreferrer noopener\">Apreciaci\u00f3n musical IV<\/a> <\/li>\n\n\n\n<li><a rel=\"noreferrer noopener\" href=\"https:\/\/cmbsas-caba.infd.edu.ar\/sitio\/wp-content\/uploads\/2023\/11\/Nivel-Medio-COMPUTACION-APLICADA-A-LA-MUSICA-I.docx.pdf\" data-type=\"URL\" data-id=\"https:\/\/cmbsas-caba.infd.edu.ar\/sitio\/wp-content\/uploads\/2023\/11\/Nivel-Medio-COMPUTACION-APLICADA-A-LA-MUSICA-I.docx.pdf\" target=\"_blank\">Computaci\u00f3n Aplicada A La M\u00fasica I<\/a><\/li>\n\n\n\n<li><a rel=\"noreferrer noopener\" href=\"https:\/\/cmbsas-caba.infd.edu.ar\/sitio\/wp-content\/uploads\/2023\/11\/Nivel-Medio-COMPUTACION-APLICADA-A-LA-MUSICA-II.pdf\" data-type=\"URL\" data-id=\"https:\/\/cmbsas-caba.infd.edu.ar\/sitio\/wp-content\/uploads\/2023\/11\/Nivel-Medio-COMPUTACION-APLICADA-A-LA-MUSICA-II.pdf\" target=\"_blank\">Computaci\u00f3n Aplicada A La M\u00fasica II<\/a><\/li>\n\n\n\n<li><a rel=\"noreferrer noopener\" href=\"https:\/\/cmbsas-caba.infd.edu.ar\/sitio\/wp-content\/uploads\/2023\/11\/Nivel-Medio-COMPUTACION-APLICADA-A-LA-MUSICA-III.docx.pdf\" data-type=\"URL\" data-id=\"https:\/\/cmbsas-caba.infd.edu.ar\/sitio\/wp-content\/uploads\/2023\/11\/Nivel-Medio-COMPUTACION-APLICADA-A-LA-MUSICA-III.docx.pdf\" target=\"_blank\">Computaci\u00f3n Aplicada A La M\u00fasica III<\/a><\/li>\n\n\n\n<li><a rel=\"noreferrer noopener\" href=\"https:\/\/cmbsas-caba.infd.edu.ar\/sitio\/wp-content\/uploads\/2023\/11\/Nivel-Medio-HISTORIA-GENERAL-DE-LA-MUSICA-I.docx.pdf\" data-type=\"URL\" data-id=\"https:\/\/cmbsas-caba.infd.edu.ar\/sitio\/wp-content\/uploads\/2023\/11\/Nivel-Medio-HISTORIA-GENERAL-DE-LA-MUSICA-I.docx.pdf\" target=\"_blank\">Historia General De La M\u00fasica I<\/a><\/li>\n\n\n\n<li><a rel=\"noreferrer noopener\" href=\"https:\/\/cmbsas-caba.infd.edu.ar\/sitio\/wp-content\/uploads\/2023\/11\/Nivel-Medio-HISTORIA-GENERAL-DE-LA-MUSICA-II.docx.pdf\" data-type=\"URL\" data-id=\"https:\/\/cmbsas-caba.infd.edu.ar\/sitio\/wp-content\/uploads\/2023\/11\/Nivel-Medio-HISTORIA-GENERAL-DE-LA-MUSICA-II.docx.pdf\" target=\"_blank\">Historia General De La M\u00fasica II<\/a><\/li>\n\n\n\n<li><a rel=\"noreferrer noopener\" href=\"https:\/\/cmbsas-caba.infd.edu.ar\/sitio\/wp-content\/uploads\/2023\/11\/Nivel-Medio-MUSICA-DE-CAMARA.docx.pdf\" data-type=\"URL\" data-id=\"https:\/\/cmbsas-caba.infd.edu.ar\/sitio\/wp-content\/uploads\/2023\/11\/Nivel-Medio-MUSICA-DE-CAMARA.docx.pdf\" target=\"_blank\">M\u00fasica De C\u00e1mara<\/a><\/li>\n\n\n\n<li><a rel=\"noreferrer noopener\" href=\"https:\/\/cmbsas-caba.infd.edu.ar\/sitio\/wp-content\/uploads\/2023\/11\/Nivel-Medio-PRACTICA-CORAL-I.docx.pdf\" data-type=\"URL\" data-id=\"https:\/\/cmbsas-caba.infd.edu.ar\/sitio\/wp-content\/uploads\/2023\/11\/Nivel-Medio-PRACTICA-CORAL-I.docx.pdf\" target=\"_blank\">Pr\u00e1ctica Coral I<\/a><\/li>\n\n\n\n<li><a rel=\"noreferrer noopener\" href=\"https:\/\/cmbsas-caba.infd.edu.ar\/sitio\/wp-content\/uploads\/2023\/11\/Nivel-Medio-PRACTICA-CORAL-II.docx.pdf\" data-type=\"URL\" data-id=\"https:\/\/cmbsas-caba.infd.edu.ar\/sitio\/wp-content\/uploads\/2023\/11\/Nivel-Medio-PRACTICA-CORAL-II.docx.pdf\" target=\"_blank\">Pr\u00e1ctica Coral II<\/a><\/li>\n\n\n\n<li><a rel=\"noreferrer noopener\" href=\"https:\/\/cmbsas-caba.infd.edu.ar\/sitio\/wp-content\/uploads\/2023\/11\/Nivel-Medio-PRACTICA-CORAL-III.docx.pdf\" data-type=\"URL\" data-id=\"https:\/\/cmbsas-caba.infd.edu.ar\/sitio\/wp-content\/uploads\/2023\/11\/Nivel-Medio-PRACTICA-CORAL-III.docx.pdf\" target=\"_blank\">Pr\u00e1ctica Coral III<\/a><\/li>\n\n\n\n<li><a rel=\"noreferrer noopener\" href=\"https:\/\/cmbsas-caba.infd.edu.ar\/sitio\/wp-content\/uploads\/2023\/11\/Nivel-Medio-PRACTICA-CORAL-IV-E-INTRODUCCION-A-LA-DIRECCION.docx.pdf\" data-type=\"URL\" data-id=\"https:\/\/cmbsas-caba.infd.edu.ar\/sitio\/wp-content\/uploads\/2023\/11\/Nivel-Medio-PRACTICA-CORAL-IV-E-INTRODUCCION-A-LA-DIRECCION.docx.pdf\" target=\"_blank\">Pr\u00e1ctica Coral IV E Introducci\u00f3n A La Direcci\u00f3n<\/a><\/li>\n\n\n\n<li><a href=\"https:\/\/cmbsas-caba.infd.edu.ar\/sitio\/wp-content\/uploads\/2024\/08\/Nivel-Medio-TEORIA-Y-PRACTICA-DE-LA-MUSICA-I-SADE-v2.pdf\" data-type=\"URL\" data-id=\"https:\/\/cmbsas-caba.infd.edu.ar\/sitio\/wp-content\/uploads\/2024\/08\/Nivel-Medio-TEORIA-Y-PRACTICA-DE-LA-MUSICA-I-SADE-v2.pdf\" target=\"_blank\" rel=\"noreferrer noopener\">Teor\u00eda Y Pr\u00e1ctica De La M\u00fasica I<\/a><\/li>\n\n\n\n<li><a href=\"https:\/\/cmbsas-caba.infd.edu.ar\/sitio\/wp-content\/uploads\/2024\/08\/Nivel-Medio-TEORIA-Y-PRACTICA-DE-LA-MUSICA-II-SADE-v2.pdf\" data-type=\"URL\" data-id=\"https:\/\/cmbsas-caba.infd.edu.ar\/sitio\/wp-content\/uploads\/2024\/08\/Nivel-Medio-TEORIA-Y-PRACTICA-DE-LA-MUSICA-II-SADE-v2.pdf\" target=\"_blank\" rel=\"noreferrer noopener\">Teor\u00eda Y Pr\u00e1ctica De La M\u00fasica II<\/a><\/li>\n\n\n\n<li><a href=\"https:\/\/cmbsas-caba.infd.edu.ar\/sitio\/wp-content\/uploads\/2024\/08\/Nivel-Medio-TEORIA-Y-PRACTICA-DE-LA-MUSICA-III-SADE-v2.pdf\" data-type=\"URL\" data-id=\"https:\/\/cmbsas-caba.infd.edu.ar\/sitio\/wp-content\/uploads\/2024\/08\/Nivel-Medio-TEORIA-Y-PRACTICA-DE-LA-MUSICA-III-SADE-v2.pdf\" target=\"_blank\" rel=\"noreferrer noopener\">Teor\u00eda Y Pr\u00e1ctica De La M\u00fasica III<\/a><\/li>\n\n\n\n<li><a href=\"https:\/\/cmbsas-caba.infd.edu.ar\/sitio\/wp-content\/uploads\/2024\/08\/Nivel-Medio-TEORIA-Y-PRACTICA-DE-LA-MUSICA-IV-SADE-v2.pdf\" data-type=\"URL\" data-id=\"https:\/\/cmbsas-caba.infd.edu.ar\/sitio\/wp-content\/uploads\/2024\/08\/Nivel-Medio-TEORIA-Y-PRACTICA-DE-LA-MUSICA-IV-SADE-v2.pdf\" target=\"_blank\" rel=\"noreferrer noopener\">Teor\u00eda Y Pr\u00e1ctica De La M\u00fasica IV<\/a><\/li>\n\n\n\n<li><a href=\"https:\/\/cmbsas-caba.infd.edu.ar\/sitio\/wp-content\/uploads\/2023\/12\/Nivel-Medio-PIANO-COMPLEMENTARIO-I-SADE.pdf\">Piano complementario I<\/a><\/li>\n\n\n\n<li><a href=\"https:\/\/cmbsas-caba.infd.edu.ar\/sitio\/wp-content\/uploads\/2023\/12\/Nivel-Medio-PIANO-COMPLEMENTARIO-II-SADE.pdf\">Piano complementario II<\/a><\/li>\n\n\n\n<li><a href=\"https:\/\/cmbsas-caba.infd.edu.ar\/sitio\/wp-content\/uploads\/2023\/12\/Nivel-Medio-PIANO-COMPLEMENTARIO-III-SADE.pdf\">Piano complementario III<\/a><\/li>\n<\/ul>\n\n\n","protected":false},"excerpt":{"rendered":"<p>Instrumento Materias comunes a todas las orientaciones<\/p>\n","protected":false},"author":309,"featured_media":0,"parent":1511,"menu_order":0,"comment_status":"closed","ping_status":"closed","template":"","meta":[],"acf":[],"_links":{"self":[{"href":"https:\/\/cmbsas-caba.infd.edu.ar\/sitio\/wp-json\/wp\/v2\/pages\/4474"}],"collection":[{"href":"https:\/\/cmbsas-caba.infd.edu.ar\/sitio\/wp-json\/wp\/v2\/pages"}],"about":[{"href":"https:\/\/cmbsas-caba.infd.edu.ar\/sitio\/wp-json\/wp\/v2\/types\/page"}],"author":[{"embeddable":true,"href":"https:\/\/cmbsas-caba.infd.edu.ar\/sitio\/wp-json\/wp\/v2\/users\/309"}],"replies":[{"embeddable":true,"href":"https:\/\/cmbsas-caba.infd.edu.ar\/sitio\/wp-json\/wp\/v2\/comments?post=4474"}],"version-history":[{"count":24,"href":"https:\/\/cmbsas-caba.infd.edu.ar\/sitio\/wp-json\/wp\/v2\/pages\/4474\/revisions"}],"predecessor-version":[{"id":8074,"href":"https:\/\/cmbsas-caba.infd.edu.ar\/sitio\/wp-json\/wp\/v2\/pages\/4474\/revisions\/8074"}],"up":[{"embeddable":true,"href":"https:\/\/cmbsas-caba.infd.edu.ar\/sitio\/wp-json\/wp\/v2\/pages\/1511"}],"wp:attachment":[{"href":"https:\/\/cmbsas-caba.infd.edu.ar\/sitio\/wp-json\/wp\/v2\/media?parent=4474"}],"curies":[{"name":"wp","href":"https:\/\/api.w.org\/{rel}","templated":true}]}}