{"id":4582,"date":"2023-12-07T11:30:19","date_gmt":"2023-12-07T14:30:19","guid":{"rendered":"https:\/\/cmbsas-caba.infd.edu.ar\/sitio\/?page_id=4582"},"modified":"2026-04-07T09:57:27","modified_gmt":"2026-04-07T12:57:27","slug":"nivel-inicial-ninos","status":"publish","type":"page","link":"https:\/\/cmbsas-caba.infd.edu.ar\/sitio\/oferta-academica\/carreras\/nivel-inicial-ninos\/","title":{"rendered":"Nivel Inicial\u00a0&#8211; Ni\u00f1os\/as a partir de 10 a\u00f1os sin conocimientos previos"},"content":{"rendered":"\n<div class=\"wp-block-columns is-layout-flex wp-container-11\">\n<div class=\"wp-block-column is-layout-flow\">\n<div class=\"wp-block-cover\" style=\"margin-top:0;padding-top:6vw;padding-right:6vw;padding-bottom:6vw;padding-left:6vw\"><span aria-hidden=\"true\" class=\"wp-block-cover__background has-background-dim-60 has-background-dim\" style=\"background-color:#27184a\"><\/span><img decoding=\"async\" loading=\"lazy\" width=\"2560\" height=\"1280\" class=\"wp-block-cover__image-background wp-image-6421\" alt=\"\" src=\"https:\/\/cmbsas-caba.infd.edu.ar\/sitio\/wp-content\/uploads\/2025\/06\/1-scaled.jpg\" data-object-fit=\"cover\" srcset=\"https:\/\/cmbsas-caba.infd.edu.ar\/sitio\/wp-content\/uploads\/2025\/06\/1-scaled.jpg 2560w, https:\/\/cmbsas-caba.infd.edu.ar\/sitio\/wp-content\/uploads\/2025\/06\/1-1000x500.jpg 1000w, https:\/\/cmbsas-caba.infd.edu.ar\/sitio\/wp-content\/uploads\/2025\/06\/1-1900x950.jpg 1900w, https:\/\/cmbsas-caba.infd.edu.ar\/sitio\/wp-content\/uploads\/2025\/06\/1-768x384.jpg 768w, https:\/\/cmbsas-caba.infd.edu.ar\/sitio\/wp-content\/uploads\/2025\/06\/1-1536x768.jpg 1536w, https:\/\/cmbsas-caba.infd.edu.ar\/sitio\/wp-content\/uploads\/2025\/06\/1-2048x1024.jpg 2048w\" sizes=\"(max-width: 2560px) 100vw, 2560px\" \/><div class=\"wp-block-cover__inner-container\">\n<h2 class=\"wp-block-heading alignwide has-text-align-left has-base-3-color has-text-color has-large-font-size\" style=\"font-style:normal;font-weight:500;line-height:0.9;text-transform:none\">Ingreso y matriculaci\u00f3n<\/h2>\n\n\n\n<div class=\"wp-block-group is-content-justification-center is-layout-flex wp-container-4\">\n<div class=\"wp-block-group alignwide wp-container-content-2 is-content-justification-left is-layout-constrained wp-container-3\"><div class=\"wp-block-group__inner-container\">\n<div class=\"wp-block-buttons is-content-justification-left is-nowrap is-layout-flex wp-container-1\">\n<div class=\"wp-block-button has-custom-font-size is-style-fill\" style=\"font-size:16px;font-style:normal;font-weight:600;letter-spacing:0px;text-transform:uppercase\"><a class=\"wp-block-button__link has-contrast-color has-blush-light-purple-gradient-background has-text-color has-background wp-element-button\" href=\"#matriculacion\" style=\"padding-top:24px;padding-right:48px;padding-bottom:24px;padding-left:48px\" target=\"_blank\" rel=\"noreferrer noopener\">M\u00e0s info aqu\u00ec<\/a><\/div>\n<\/div>\n<\/div><\/div>\n<\/div>\n<\/div><\/div>\n<\/div>\n\n\n\n<div class=\"wp-block-column is-layout-flow\">\n<div class=\"wp-block-cover\" style=\"margin-top:0;padding-top:6vw;padding-right:6vw;padding-bottom:6vw;padding-left:6vw\"><span aria-hidden=\"true\" class=\"wp-block-cover__background has-background-dim\" style=\"background-color:#2144ac\"><\/span><img decoding=\"async\" loading=\"lazy\" width=\"2560\" height=\"1280\" class=\"wp-block-cover__image-background wp-image-6423\" alt=\"\" src=\"https:\/\/cmbsas-caba.infd.edu.ar\/sitio\/wp-content\/uploads\/2025\/06\/3-scaled.jpg\" data-object-fit=\"cover\" srcset=\"https:\/\/cmbsas-caba.infd.edu.ar\/sitio\/wp-content\/uploads\/2025\/06\/3-scaled.jpg 2560w, https:\/\/cmbsas-caba.infd.edu.ar\/sitio\/wp-content\/uploads\/2025\/06\/3-1000x500.jpg 1000w, https:\/\/cmbsas-caba.infd.edu.ar\/sitio\/wp-content\/uploads\/2025\/06\/3-1900x950.jpg 1900w, https:\/\/cmbsas-caba.infd.edu.ar\/sitio\/wp-content\/uploads\/2025\/06\/3-768x384.jpg 768w, https:\/\/cmbsas-caba.infd.edu.ar\/sitio\/wp-content\/uploads\/2025\/06\/3-1536x768.jpg 1536w, https:\/\/cmbsas-caba.infd.edu.ar\/sitio\/wp-content\/uploads\/2025\/06\/3-2048x1024.jpg 2048w\" sizes=\"(max-width: 2560px) 100vw, 2560px\" \/><div class=\"wp-block-cover__inner-container\">\n<h2 class=\"wp-block-heading alignwide has-text-align-left has-base-3-color has-text-color has-large-font-size\" style=\"font-style:normal;font-weight:500;line-height:0.9;text-transform:none\">Programas e instrumentos<\/h2>\n\n\n\n<div class=\"wp-block-group is-content-justification-center is-layout-flex wp-container-9\">\n<div class=\"wp-block-group alignwide wp-container-content-7 is-content-justification-left is-layout-constrained wp-container-8\"><div class=\"wp-block-group__inner-container\">\n<div class=\"wp-block-buttons is-content-justification-left is-nowrap is-layout-flex wp-container-6\">\n<div class=\"wp-block-button has-custom-font-size is-style-fill\" style=\"font-size:16px;font-style:normal;font-weight:600;letter-spacing:0px;text-transform:uppercase\"><a class=\"wp-block-button__link has-contrast-color has-blush-light-purple-gradient-background has-text-color has-background wp-element-button\" href=\"#programas\" style=\"padding-top:24px;padding-right:48px;padding-bottom:24px;padding-left:48px\" target=\"_blank\" rel=\"noreferrer noopener\">M\u00e0s info aqu\u00ec<\/a><\/div>\n<\/div>\n<\/div><\/div>\n<\/div>\n<\/div><\/div>\n<\/div>\n<\/div>\n\n\n\n<p><\/p>\n\n\n\n<h1 class=\"wp-block-heading\"><strong>Ingreso a Nivel Inicial Ni\u00f1os\/as<\/strong><\/h1>\n\n\n\n<p>El Conservatorio le da la bienvenida a ni\u00f1os y ni\u00f1as desde la edad de 10 a\u00f1os (5to grado de primaria) a nuestro Nivel Inicial Ni\u00f1os\/as. Para este nivel no es necesario tener conocimientos previos.<\/p>\n\n\n\n<p><em>Nuestro Conservatorio considera a los \u00abIngresantes\u00bb como a todos aquellos que quieren ingresar <\/em><em>por primera vez<\/em><em> este a\u00f1o en nuestra instituci\u00f3n.<\/em><\/p>\n\n\n\n<h1 class=\"wp-block-heading has-large-font-size\" id=\"matriculacion\"><strong>Matriculaci\u00f3n 202<\/strong>6 &#8211; finaliz\u00f3 el 13\/3-<\/h1>\n\n\n\n<p>El primer paso para inscribirte es tener un un usuario en nuestra plataforma para Estudiantes, si no lo ten\u00e9s pod\u00e9s crearlo ingresando a <a href=\"https:\/\/conservatoriopiazzolla.ar\/\">siguiente formulari<\/a><a href=\"https:\/\/conservatoriopiazzolla.ar\/cgi-bin\/registracion.pl\">o<\/a>. Una vez completado el formulario, seg\u00fan la disponibilidad de vacantes en las distintas especialidades, ser\u00e1s inscripto\/a. Si ya te creaste un usuario anteriormente espera nuestra comunicaci\u00f3n por mail y nuestras redes sociales.<\/p>\n\n\n\n<p>\u25ba<strong> Nos comunicaremos por email durante el mes de Febrero<\/strong> para continuar con el proceso de inscripci\u00f3n (env\u00edo de documentaci\u00f3n) y matriculaci\u00f3n (elecci\u00f3n de d\u00edas y horarios de las materias).<\/p>\n\n\n\n<h4 class=\"wp-block-heading\"><strong>Documentaci\u00f3n necesaria<\/strong><\/h4>\n\n\n\n<ul>\n<li>DNI \/ Pasaporte (frente y dorso)<\/li>\n\n\n\n<li>DNI o Pasaporte (frente y dorso) del padre\/madre o tutor legal.<\/li>\n\n\n\n<li>Partida de Nacimiento<\/li>\n\n\n\n<li><a href=\"https:\/\/cmbsas-caba.infd.edu.ar\/sitio\/estudiantes\/tramites\/menores-de-edad\/\">Autorizaciones Menores de Edad<\/a><\/li>\n\n\n\n<li><a href=\"https:\/\/cmbsas-caba.infd.edu.ar\/sitio\/wp-content\/uploads\/2025\/02\/Ficha-de-Salud-de-menores-de-edad-1.pdf\">Ficha de Salud de menores de edad<\/a>.<\/li>\n<\/ul>\n\n\n\n<hr class=\"wp-block-separator has-alpha-channel-opacity\"\/>\n\n\n\n<h1 class=\"wp-block-heading\" id=\"programas\"><strong>Programas Nivel Inicial Ni\u00f1o\/as<\/strong><\/h1>\n\n\n\n<h4 class=\"wp-block-heading\"><strong>Audioperceptiva:<\/strong><\/h4>\n\n\n\n<p><a href=\"https:\/\/cmbsas-caba.infd.edu.ar\/sitio\/wp-content\/uploads\/2024\/09\/Audioperceptiva-I-y-II.pdf\">Audioperceptiva I y II<\/a><\/p>\n\n\n\n<p><a href=\"https:\/\/cmbsas-caba.infd.edu.ar\/sitio\/wp-content\/uploads\/2025\/03\/Programa-Coro-pre-inicial-inicial-1er-ano.pdf\">Coro<\/a><\/p>\n\n\n\n<h4 class=\"wp-block-heading\"><strong>Instrumentos:<\/strong><\/h4>\n\n\n\n<ul>\n<li><a href=\"https:\/\/cmbsas-caba.infd.edu.ar\/sitio\/wp-content\/uploads\/2019\/04\/Programa-1%C2%B0-A%C3%91O-PIANO-PREINICIAL.pdf\">Programa 1\u00b0 A\u00d1O PIANO \u2013 PREINICIAL<\/a><\/li>\n\n\n\n<li><a href=\"https:\/\/cmbsas-caba.infd.edu.ar\/sitio\/wp-content\/uploads\/2019\/04\/Programa-2%C2%B0-A%C3%91O-PIANO-PREINICIAL.pdf\">Programa 2\u00b0 A\u00d1O PIANO \u2013 PREINICIAL<\/a><\/li>\n\n\n\n<li><a href=\"https:\/\/cmbsas-caba.infd.edu.ar\/sitio\/wp-content\/uploads\/2019\/04\/Programa-1%C2%B0-A%C3%91O-PIANO-INICIAL.pdf\">Programa 1\u00b0 A\u00d1O PIANO \u2013 INICIAL<\/a><\/li>\n\n\n\n<li><a href=\"https:\/\/cmbsas-caba.infd.edu.ar\/sitio\/wp-content\/uploads\/2019\/04\/Programa-2%C2%B0-A%C3%91O-PIANO-INICIAL.pdf\">Programa 2\u00b0 A\u00d1O PIANO \u2013 INICIAL<\/a><\/li>\n\n\n\n<li><a href=\"https:\/\/cmbsas-caba.infd.edu.ar\/sitio\/wp-content\/uploads\/2025\/02\/Programa-Guitarra-Pre-inicial-1er-ano.pdf\">PROGRAMA 1\u00b0 A\u00d1O GUITARRA \u2013 PRE INICIAL<\/a><\/li>\n\n\n\n<li><a href=\"https:\/\/cmbsas-caba.infd.edu.ar\/sitio\/wp-content\/uploads\/2025\/02\/Programa-Guitarra-Pre-inicial-2do-ano.pdf\">PROGRAMA 2\u00b0 A\u00d1O GUITARRA \u2013 PRE INICIAL<\/a><\/li>\n\n\n\n<li><a href=\"https:\/\/cmbsas-caba.infd.edu.ar\/sitio\/wp-content\/uploads\/2025\/02\/Programa-Guitarra-Inicial-1er-ano.pdf\">PROGRAMA 1\u00b0 A\u00d1O GUITARRA \u2013 INICIAL<\/a><\/li>\n\n\n\n<li><a href=\"https:\/\/cmbsas-caba.infd.edu.ar\/sitio\/wp-content\/uploads\/2025\/02\/Programa-Guitarra-Inicial-2do-ano.pdf\">PROGRAMA 2\u00b0 A\u00d1O GUITARRA \u2013 INICIAL<\/a><\/li>\n\n\n\n<li><a href=\"https:\/\/cmbsas-caba.infd.edu.ar\/sitio\/wp-content\/uploads\/2025\/03\/Programa-Violoncello-Pre-inicial-Inicial.pdf\">Violonchelo<\/a><\/li>\n\n\n\n<li><a href=\"https:\/\/cmbsas-caba.infd.edu.ar\/sitio\/wp-content\/uploads\/2025\/03\/Programa-Clarinete-Pre-inicial-Inicial.pdf\">Clarinete<\/a><\/li>\n\n\n\n<li><a href=\"https:\/\/cmbsas-caba.infd.edu.ar\/sitio\/wp-content\/uploads\/2025\/03\/Programa-Contrabajo-Pre-inicial-Inicial.pdf\">Contrabajo<\/a><\/li>\n\n\n\n<li><a href=\"https:\/\/cmbsas-caba.infd.edu.ar\/sitio\/wp-content\/uploads\/2025\/03\/Programa-Corno-Pre-inicial-Inicial.pdf\">Corno<\/a><\/li>\n\n\n\n<li><a href=\"https:\/\/cmbsas-caba.infd.edu.ar\/sitio\/wp-content\/uploads\/2025\/03\/Programa-Fagot-Pre-inicial-Inicial.pdf\">Fagot<\/a><\/li>\n\n\n\n<li><a href=\"https:\/\/cmbsas-caba.infd.edu.ar\/sitio\/wp-content\/uploads\/2025\/03\/Programa-Flauta-dulce-soprano-Pre-inicial-Inicial.pdf\">Flauta dulce<\/a><\/li>\n\n\n\n<li><a href=\"https:\/\/cmbsas-caba.infd.edu.ar\/sitio\/wp-content\/uploads\/2025\/03\/Programa-Flauta-traversa-iniciacion-musical-1ro-y-2do-ano.pdf\">Flauta traversa<\/a><\/li>\n\n\n\n<li><a href=\"https:\/\/cmbsas-caba.infd.edu.ar\/sitio\/wp-content\/uploads\/2025\/03\/Programa-Oboe-Pre-inicial-Inicial.pdf\">Oboe<\/a><\/li>\n\n\n\n<li><a href=\"https:\/\/cmbsas-caba.infd.edu.ar\/sitio\/wp-content\/uploads\/2025\/03\/Programa-Percusion-Pre-inicial-Inicial.pdf\">Percusi\u00f3n<\/a><\/li>\n\n\n\n<li><a href=\"https:\/\/cmbsas-caba.infd.edu.ar\/sitio\/wp-content\/uploads\/2025\/03\/Programa-Saxo-Pre-inicial-Inicial.pdf\">Saxo<\/a><\/li>\n\n\n\n<li><a href=\"https:\/\/cmbsas-caba.infd.edu.ar\/sitio\/wp-content\/uploads\/2025\/03\/Programa-Trombon-Pre-inicial-Inicial.pdf\">Tromb\u00f3n<\/a><\/li>\n\n\n\n<li><a href=\"https:\/\/cmbsas-caba.infd.edu.ar\/sitio\/wp-content\/uploads\/2025\/03\/Programa-Trompeta-Pre-inicial-Inicial.pdf\">Trompeta<\/a><\/li>\n\n\n\n<li><a href=\"https:\/\/cmbsas-caba.infd.edu.ar\/sitio\/wp-content\/uploads\/2025\/03\/Programa-Viola-preinicial-inicial.pdf\">Viola<\/a><\/li>\n\n\n\n<li><a href=\"https:\/\/cmbsas-caba.infd.edu.ar\/sitio\/wp-content\/uploads\/2025\/03\/Programa-Violin-pre-inicial-Inicial.pdf\">Violin<\/a><\/li>\n<\/ul>\n\n\n\n<hr class=\"wp-block-separator has-alpha-channel-opacity\"\/>\n\n\n\n<p><a rel=\"noreferrer noopener\" href=\"https:\/\/cmbsas-caba.infd.edu.ar\/sitio\/oferta-academica\/ingresantes\/ingresantes-preguntas-frecuentes\/\" data-type=\"URL\" data-id=\"https:\/\/cmbsas-caba.infd.edu.ar\/sitio\/oferta-academica\/ingresantes\/ingresantes-preguntas-frecuentes\/\" target=\"_blank\">Preguntas Frecuentes<\/a><\/p>\n","protected":false},"excerpt":{"rendered":"<p>Ingreso a Nivel Inicial Ni\u00f1os\/as El Conservatorio le da la bienvenida a ni\u00f1os y ni\u00f1as desde la edad de 10 a\u00f1os (5to grado de primaria) a nuestro Nivel Inicial Ni\u00f1os\/as. Para este nivel no es necesario tener conocimientos previos. Nuestro Conservatorio considera a los \u00abIngresantes\u00bb como a todos aquellos que quieren ingresar por primera vez &#8230; <a title=\"Nivel Inicial\u00a0&#8211; Ni\u00f1os\/as a partir de 10 a\u00f1os sin conocimientos previos\" class=\"read-more\" href=\"https:\/\/cmbsas-caba.infd.edu.ar\/sitio\/oferta-academica\/carreras\/nivel-inicial-ninos\/\" aria-label=\"More on Nivel Inicial\u00a0&#8211; Ni\u00f1os\/as a partir de 10 a\u00f1os sin conocimientos previos\">[+]<\/a><\/p>\n","protected":false},"author":2742,"featured_media":0,"parent":1947,"menu_order":0,"comment_status":"closed","ping_status":"closed","template":"","meta":[],"acf":[],"_links":{"self":[{"href":"https:\/\/cmbsas-caba.infd.edu.ar\/sitio\/wp-json\/wp\/v2\/pages\/4582"}],"collection":[{"href":"https:\/\/cmbsas-caba.infd.edu.ar\/sitio\/wp-json\/wp\/v2\/pages"}],"about":[{"href":"https:\/\/cmbsas-caba.infd.edu.ar\/sitio\/wp-json\/wp\/v2\/types\/page"}],"author":[{"embeddable":true,"href":"https:\/\/cmbsas-caba.infd.edu.ar\/sitio\/wp-json\/wp\/v2\/users\/2742"}],"replies":[{"embeddable":true,"href":"https:\/\/cmbsas-caba.infd.edu.ar\/sitio\/wp-json\/wp\/v2\/comments?post=4582"}],"version-history":[{"count":15,"href":"https:\/\/cmbsas-caba.infd.edu.ar\/sitio\/wp-json\/wp\/v2\/pages\/4582\/revisions"}],"predecessor-version":[{"id":8770,"href":"https:\/\/cmbsas-caba.infd.edu.ar\/sitio\/wp-json\/wp\/v2\/pages\/4582\/revisions\/8770"}],"up":[{"embeddable":true,"href":"https:\/\/cmbsas-caba.infd.edu.ar\/sitio\/wp-json\/wp\/v2\/pages\/1947"}],"wp:attachment":[{"href":"https:\/\/cmbsas-caba.infd.edu.ar\/sitio\/wp-json\/wp\/v2\/media?parent=4582"}],"curies":[{"name":"wp","href":"https:\/\/api.w.org\/{rel}","templated":true}]}}