{"id":4689,"date":"2024-02-16T19:12:45","date_gmt":"2024-02-16T22:12:45","guid":{"rendered":"https:\/\/cmbsas-caba.infd.edu.ar\/sitio\/?page_id=4689"},"modified":"2025-10-31T10:21:20","modified_gmt":"2025-10-31T13:21:20","slug":"ingresantes-preguntas-frecuentes","status":"publish","type":"page","link":"https:\/\/cmbsas-caba.infd.edu.ar\/sitio\/oferta-academica\/ingresantes\/ingresantes-preguntas-frecuentes\/","title":{"rendered":"Preguntas Frecuentes para Ingresantes 2026"},"content":{"rendered":"\n<ul>\n<li class=\"has-medium-font-size\"><strong> <a href=\"#pasos\">Pasos para estudiar en el Piazzolla<\/a><\/strong><\/li>\n\n\n\n<li class=\"has-medium-font-size\"><strong><a href=\"#instrumentos\" target=\"_blank\" rel=\"noreferrer noopener\">\u00bfQu\u00e9 instrumentos puedo estudiar?<\/a><\/strong><\/li>\n\n\n\n<li class=\"has-medium-font-size\"><strong><a href=\"#canto\">\u00bfPuedo estudiar canto en el conservatorio?<\/a><\/strong><\/li>\n\n\n\n<li class=\"has-medium-font-size\"><strong><a href=\"#niveles\">\u00bfQu\u00e9 niveles hay en el conservatorio y cu\u00e1l es el apropiado para m\u00ed?<\/a><\/strong><\/li>\n\n\n\n<li class=\"has-medium-font-size\"><a href=\"#profesorados\">&nbsp;<\/a><strong><a href=\"#profesorados\">\u00bfQu\u00e9 profesorados puedo<\/a> <a href=\"#profesorados\">estudiar<\/a>?<\/strong><\/li>\n\n\n\n<li class=\"has-medium-font-size\"><strong>\u00bf<a href=\"#tecnicaturas\">Qu\u00e9 Tecnicaturas puedo estudiar?<\/a><\/strong><\/li>\n\n\n\n<li class=\"has-medium-font-size\">&nbsp;<strong><a href=\"#equivalencias\">Si ya<\/a> <a href=\"#equivalencias\">estudi\u00e9 m\u00fasica en otro lado, \u00bfpuedo presentar equivalencias?<\/a><\/strong><\/li>\n\n\n\n<li class=\"has-medium-font-size\"><strong><a href=\"#documentacion\">\u00bfQu\u00e9 documentaci\u00f3n se requiere para ingresar al conservatorio?<\/a><\/strong><\/li>\n\n\n\n<li class=\"has-medium-font-size\"><strong><a href=\"#programas\">\u00bfD\u00f3nde puedo consultar los programas de las materias?<\/a><\/strong><\/li>\n\n\n\n<li class=\"has-medium-font-size\"><strong><a href=\"#calendario\">\u00bfC\u00f3mo puedo ver todas las fechas del conservatorio?<\/a><\/strong><\/li>\n\n\n\n<li class=\"has-medium-font-size\"><strong><a href=\"#horarios\">\u00bfQu\u00e9 horarios tiene el conservatorio?<\/a><\/strong><br><\/li>\n<\/ul>\n\n\n\n<p class=\"has-text-align-left has-contrast-color has-text-color has-medium-font-size\" id=\"pasos\"><strong>Pasos para estudiar<\/strong> <strong>en el Piazzolla<\/strong><br>El primer paso para inscribirse es tener un usuario en nuestra plataforma para Estudiantes, si no lo ten\u00e9s pod\u00e9s crearlo ingresando al <a rel=\"noreferrer noopener\" href=\"https:\/\/conservatoriopiazzolla.ar\/cgi-bin\/registracion.pl\" target=\"_blank\">siguiente formulario<\/a>.<br><br><strong>ATENCI\u00d3N: LA INSCRIPCI\u00d3N ES S\u00d3LO PARA NUEVOS ESTUDIANTES.<br>ESTUDIANTES REGULARES O QUE YA SE HAYAN REGISTRADO, S\u00d3LO DEBER\u00c1N MATRICULARSE (ELECCI\u00d3N DE MATERIAS Y DE SUS D\u00cdAS Y HORARIOS).&nbsp;<\/strong><\/p>\n\n\n\n<p class=\"has-medium-font-size\" id=\"canto\"><strong>\u00bfQu\u00e9 instrumentos puedo estudiar?<\/strong><br>Acorde\u00f3n, arpa, bandone\u00f3n, clarinete, contrabajo, fagot, flauta dulce, flauta traversa, guitarra cl\u00e1sica, oboe, \u00f3rgano, percusi\u00f3n, piano, saxof\u00f3n, tromb\u00f3n, trompa, trompeta, tuba, viola, viol\u00edn, violonchelo.<br><strong><br>\u00bfPuedo estudiar canto en el conservatorio?<\/strong><br>No se dicta la carrera de canto en nuestra instituci\u00f3n.<\/p>\n\n\n\n<p class=\"has-medium-font-size\" id=\"niveles\"><strong>\u00bfQu\u00e9 niveles hay en el conservatorio y cu\u00e1l es el apropiado para m\u00ed?<\/strong><br>Esto depende de tu edad y tus conocimientos en m\u00fasica. Si sos ADULTO y no tenes conocimientos, TAMBI\u00c9N POD\u00c9S ESTUDIAR.<\/p>\n\n\n\n<ul>\n<li class=\"has-medium-font-size\">NIVEL INICIAL &#8211; PLAN NI\u00d1OS\/AS: Es para ni\u00f1os\/as desde 5to grado de la escuela primaria sin conocimientos previos.<\/li>\n\n\n\n<li class=\"has-medium-font-size\">NIVEL MEDIO (adolescentes y adultos sin conocimientos previos): Desde primer a\u00f1o de la escuela secundaria.<\/li>\n\n\n\n<li class=\"has-medium-font-size\">NIVEL SUPERIOR &#8211; PROFESORADOS: Es para quienes hayan terminado la escuela secundaria y realizado el nivel medio o bien se debe aprobar el ingreso libre a nivel superior (rindiendo las materias \u201cTeor\u00eda y Pr\u00e1ctica de la M\u00fasica IV\u201d e \u201cInstrumento IV\u201d, ambas de Nivel Medio)<\/li>\n\n\n\n<li class=\"has-medium-font-size\">NIVEL SUPERIOR &#8211; TECNICATURAS: Se requieren conocimientos en m\u00fasica. Se deben aprobar las siguientes materias del Nivel Medio: \u201cInstrumento II\u201d, \u201cComputaci\u00f3n Aplicada a la M\u00fasica III\u201d y \u201cTeor\u00eda y Pr\u00e1ctica de la M\u00fasica IV\u201d.<\/li>\n<\/ul>\n\n\n\n<p class=\"has-medium-font-size\" id=\"profesorados\">&nbsp;<strong>\u00bfQu\u00e9 profesorados puedo estudiar?<\/strong><br>Los Profesorados que ofrece el conservatorio corresponden al Nivel Superior, entre ellos se encuentran:<\/p>\n\n\n\n<ul>\n<li class=\"has-medium-font-size\">Profesorado en Instrumento<\/li>\n\n\n\n<li class=\"has-medium-font-size\">Profesorado en M\u00fasica de C\u00e1mara<\/li>\n\n\n\n<li class=\"has-medium-font-size\">Profesorado en Producci\u00f3n Musical<\/li>\n\n\n\n<li class=\"has-medium-font-size\">Profesorado en Composici\u00f3n con Medios Mixtos<\/li>\n<\/ul>\n\n\n\n<p class=\"has-medium-font-size\">Pod\u00e9s ver los planes de estudios de cada uno de ellos desde ac\u00e1:<br><a rel=\"noreferrer noopener\" href=\"https:\/\/cmbsas-caba.infd.edu.ar\/sitio\/nivel-superior-profesorados\/\" target=\"_blank\">https:\/\/cmbsas-caba.infd.edu.ar\/sitio\/nivel-superior-profesorados\/<\/a><\/p>\n\n\n\n<p class=\"has-medium-font-size\" id=\"tecnicaturas\"><strong>\u00bfQu\u00e9 Tecnicaturas puedo estudiar?<\/strong><br>Las Tecnicaturas que ofrece el conservatorio corresponden al Nivel Superior, entre ellas se encuentran:<\/p>\n\n\n\n<ul>\n<li class=\"has-medium-font-size\">Tecnicatura en Producci\u00f3n Musical<\/li>\n\n\n\n<li class=\"has-medium-font-size\">Tecnicatura en Composici\u00f3n con Medios Mixtos<\/li>\n\n\n\n<li class=\"has-medium-font-size\">T\u00e9cnico\/a Superior en Instrumento<\/li>\n\n\n\n<li class=\"has-medium-font-size\">T\u00e9cnico\/a Superior en M\u00fasica de C\u00e1mara<\/li>\n<\/ul>\n\n\n\n<p class=\"has-medium-font-size\">Pod\u00e9s ver los planes de estudios de cada una de ellas desde ac\u00e1:<br><a href=\"https:\/\/cmbsas-caba.infd.edu.ar\/sitio\/tecnicaturas-2022\/\" data-type=\"URL\" data-id=\"https:\/\/cmbsas-caba.infd.edu.ar\/sitio\/tecnicaturas-2022\/\" target=\"_blank\" rel=\"noreferrer noopener\">https:\/\/cmbsas-caba.infd.edu.ar\/sitio\/tecnicaturas-2022\/<\/a><\/p>\n\n\n\n<p class=\"has-medium-font-size\" id=\"equivalencias\">&nbsp;<strong>Si ya estudi\u00e9 m\u00fasica en otro lado, \u00bfpuedo presentar equivalencias?<\/strong><br>Si ya estudiaste en una instituci\u00f3n oficial pod\u00e9s pedir el ingreso por equivalencias, enviando un mail a equivalencias_piazzolla@buenosaires.gob.ar<\/p>\n\n\n\n<p class=\"has-medium-font-size\" id=\"documentacion\"><strong>\u00bfQu\u00e9 documentaci\u00f3n se requiere para ingresar al conservatorio?<\/strong><\/p>\n\n\n\n<ul>\n<li class=\"has-medium-font-size\"><em>Partida de Nacimiento<\/em><\/li>\n\n\n\n<li class=\"has-medium-font-size\"><em>DNI \/ Pasaporte (frente y dorso)<\/em><\/li>\n\n\n\n<li class=\"has-medium-font-size\"><em>Si es menor de edad: DNI o Pasaporte (frente y dorso) del padre\/madre o tutor legal.<\/em><\/li>\n\n\n\n<li class=\"has-medium-font-size\">Si termin\u00f3 la Educaci\u00f3n Secundaria: <em>T\u00edtulo Secundario <\/em>o<em> Certificado de T\u00edtulo en tr\u00e1mite.<\/em><\/li>\n\n\n\n<li class=\"has-medium-font-size\">Si a\u00fan no termin\u00f3 la Educaci\u00f3n Secundaria: <em>Certificado de alumno regular.<\/em><\/li>\n\n\n\n<li class=\"has-medium-font-size\"><em>Autorizaci\u00f3n para la publicaci\u00f3n de im\u00e1genes de estudiantes.<\/em><br><\/li>\n<\/ul>\n\n\n\n<p class=\"has-medium-font-size\" id=\"programas\"><strong>\u00bfD\u00f3nde puedo consultar los programas de las materias?<\/strong><br>Los programas de NIVEL MEDIO los pod\u00e9s consultar desde ac\u00e1:<br><a href=\"https:\/\/cmbsas-caba.infd.edu.ar\/sitio\/programas-nivel-medio\/\">https:\/\/cmbsas-caba.infd.edu.ar\/sitio\/programas-nivel-medio\/<\/a><\/p>\n\n\n\n<p class=\"has-medium-font-size\">Los programas de NIVEL SUPERIOR los pod\u00e9s consultar desde ac\u00e1:<br><a href=\"https:\/\/cmbsas-caba.infd.edu.ar\/sitio\/programas-nivel-superior\/\">https:\/\/cmbsas-caba.infd.edu.ar\/sitio\/programas-nivel-superior\/<\/a><\/p>\n\n\n\n<p class=\"has-medium-font-size\" id=\"calendario\"><strong>\u00bfC\u00f3mo puedo ver todas las fechas del conservatorio?<\/strong><br>Pod\u00e9s verlas en la agenda acad\u00e9mica del ciclo lectivo correspondiente:<br><a href=\"https:\/\/cmbsas-caba.infd.edu.ar\/sitio\/calendario-academico\/\" target=\"_blank\" rel=\"noreferrer noopener\">Calendario Acad\u00e9mico 2025 \u2013 Conservatorio Superior de M\u00fasica de la Ciudad de Buenos Aires \u00ab\u00c1stor Piazzolla\u00bb<\/a><\/p>\n\n\n\n<p class=\"has-medium-font-size\" id=\"horarios\"><strong>\u00bfQu\u00e9 horarios tiene el conservatorio?<\/strong><br>El conservatorio est\u00e1 abierto de lunes a viernes desde las 8:00 hasta las 22:40hs,dividido en tres turnos:<\/p>\n\n\n\n<ul>\n<li class=\"has-medium-font-size\">Turno Ma\u00f1ana de 8:00 a 13:00 hs<\/li>\n\n\n\n<li class=\"has-medium-font-size\">Tarde Tarde de 13:00 a 18:00hs<\/li>\n\n\n\n<li class=\"has-medium-font-size\">Turno Noche de 18:00 a 22:40hs<\/li>\n<\/ul>\n\n\n\n<p class=\"has-medium-font-size\">S\u00e1bados: Se encuentra abierto de 10:00 a 18:00 hs.<\/p>\n\n\n\n<hr class=\"wp-block-separator has-alpha-channel-opacity\"\/>\n\n\n\n<p class=\"has-medium-font-size\"><strong>\u00bfDudas?<br><\/strong>En caso de dudas comunicate por correo electr\u00f3nico a: <a href=\"mailto:conservatorio_piazzolla@buenosaires.gob.ar\">conservatorio_piazzolla@buenosaires.gob.ar<\/a><\/p>\n","protected":false},"excerpt":{"rendered":"<p>Pasos para estudiar en el PiazzollaEl primer paso para inscribirse es tener un usuario en nuestra plataforma para Estudiantes, si no lo ten\u00e9s pod\u00e9s crearlo ingresando al siguiente formulario. ATENCI\u00d3N: LA INSCRIPCI\u00d3N ES S\u00d3LO PARA NUEVOS ESTUDIANTES.ESTUDIANTES REGULARES O QUE YA SE HAYAN REGISTRADO, S\u00d3LO DEBER\u00c1N MATRICULARSE (ELECCI\u00d3N DE MATERIAS Y DE SUS D\u00cdAS Y &#8230; <a title=\"Preguntas Frecuentes para Ingresantes 2026\" class=\"read-more\" href=\"https:\/\/cmbsas-caba.infd.edu.ar\/sitio\/oferta-academica\/ingresantes\/ingresantes-preguntas-frecuentes\/\" aria-label=\"More on Preguntas Frecuentes para Ingresantes 2026\">[+]<\/a><\/p>\n","protected":false},"author":2817,"featured_media":0,"parent":3491,"menu_order":0,"comment_status":"closed","ping_status":"closed","template":"","meta":[],"acf":[],"_links":{"self":[{"href":"https:\/\/cmbsas-caba.infd.edu.ar\/sitio\/wp-json\/wp\/v2\/pages\/4689"}],"collection":[{"href":"https:\/\/cmbsas-caba.infd.edu.ar\/sitio\/wp-json\/wp\/v2\/pages"}],"about":[{"href":"https:\/\/cmbsas-caba.infd.edu.ar\/sitio\/wp-json\/wp\/v2\/types\/page"}],"author":[{"embeddable":true,"href":"https:\/\/cmbsas-caba.infd.edu.ar\/sitio\/wp-json\/wp\/v2\/users\/2817"}],"replies":[{"embeddable":true,"href":"https:\/\/cmbsas-caba.infd.edu.ar\/sitio\/wp-json\/wp\/v2\/comments?post=4689"}],"version-history":[{"count":16,"href":"https:\/\/cmbsas-caba.infd.edu.ar\/sitio\/wp-json\/wp\/v2\/pages\/4689\/revisions"}],"predecessor-version":[{"id":8239,"href":"https:\/\/cmbsas-caba.infd.edu.ar\/sitio\/wp-json\/wp\/v2\/pages\/4689\/revisions\/8239"}],"up":[{"embeddable":true,"href":"https:\/\/cmbsas-caba.infd.edu.ar\/sitio\/wp-json\/wp\/v2\/pages\/3491"}],"wp:attachment":[{"href":"https:\/\/cmbsas-caba.infd.edu.ar\/sitio\/wp-json\/wp\/v2\/media?parent=4689"}],"curies":[{"name":"wp","href":"https:\/\/api.w.org\/{rel}","templated":true}]}}