{"id":4692,"date":"2024-02-17T13:12:25","date_gmt":"2024-02-17T16:12:25","guid":{"rendered":"https:\/\/cmbsas-caba.infd.edu.ar\/sitio\/?page_id=4692"},"modified":"2026-03-14T16:56:14","modified_gmt":"2026-03-14T19:56:14","slug":"inscripcion-a-materias","status":"publish","type":"page","link":"https:\/\/cmbsas-caba.infd.edu.ar\/sitio\/estudiantes\/inscripcion-a-materias\/","title":{"rendered":"Inscripci\u00f3n a materias"},"content":{"rendered":"\n<p><\/p>\n\n\n\n<p class=\"has-medium-font-size\"><strong>Sobre fechas consult\u00e1 el calendario acad\u00e9mico: https:\/\/cmbsas-caba.infd.edu.ar\/sitio\/<a rel=\"noreferrer noopener\" href=\"https:\/\/cmbsas-caba.infd.edu.ar\/sitio\/calendario-academico\/\" target=\"_blank\">calendario-academico\/<\/a><\/strong><br><br>La inscripci\u00f3n a materias ser\u00e1 de forma online mediante el sistema <a rel=\"noreferrer noopener\" href=\"https:\/\/conservatoriopiazzolla.ar\/\" target=\"_blank\">https:\/\/conservatoriopiazzolla.ar\/<\/a>.<\/p>\n\n\n\n<p><br><br><a href=\"https:\/\/cmbsas-caba.infd.edu.ar\/sitio\/estudiantes\/inscripcion-a-materias\/preguntas-frecuentes-sobre-inscripcion\/\" data-type=\"URL\" data-id=\"https:\/\/cmbsas-caba.infd.edu.ar\/sitio\/estudiantes\/inscripcion-a-materias\/preguntas-frecuentes-sobre-inscripcion\/\" target=\"_blank\" rel=\"noreferrer noopener\">Preguntas Frecuentes sobre la inscripci\u00f3n a materias<\/a><\/p>\n\n\n\n<hr class=\"wp-block-separator has-alpha-channel-opacity\"\/>\n\n\n\n<p>M\u00e1s informaci\u00f3n en el <a href=\"https:\/\/cmbsas-caba.infd.edu.ar\/sitio\/calendario-academico\/\" target=\"_blank\" rel=\"noreferrer noopener\">Calendario Acad\u00e9mico<\/a><\/p>\n","protected":false},"excerpt":{"rendered":"<p>Sobre fechas consult\u00e1 el calendario acad\u00e9mico: https:\/\/cmbsas-caba.infd.edu.ar\/sitio\/calendario-academico\/ La inscripci\u00f3n a materias ser\u00e1 de forma online mediante el sistema https:\/\/conservatoriopiazzolla.ar\/. Preguntas Frecuentes sobre la inscripci\u00f3n a materias M\u00e1s informaci\u00f3n en el Calendario Acad\u00e9mico<\/p>\n","protected":false},"author":2817,"featured_media":0,"parent":1829,"menu_order":0,"comment_status":"closed","ping_status":"closed","template":"","meta":[],"acf":[],"_links":{"self":[{"href":"https:\/\/cmbsas-caba.infd.edu.ar\/sitio\/wp-json\/wp\/v2\/pages\/4692"}],"collection":[{"href":"https:\/\/cmbsas-caba.infd.edu.ar\/sitio\/wp-json\/wp\/v2\/pages"}],"about":[{"href":"https:\/\/cmbsas-caba.infd.edu.ar\/sitio\/wp-json\/wp\/v2\/types\/page"}],"author":[{"embeddable":true,"href":"https:\/\/cmbsas-caba.infd.edu.ar\/sitio\/wp-json\/wp\/v2\/users\/2817"}],"replies":[{"embeddable":true,"href":"https:\/\/cmbsas-caba.infd.edu.ar\/sitio\/wp-json\/wp\/v2\/comments?post=4692"}],"version-history":[{"count":25,"href":"https:\/\/cmbsas-caba.infd.edu.ar\/sitio\/wp-json\/wp\/v2\/pages\/4692\/revisions"}],"predecessor-version":[{"id":8627,"href":"https:\/\/cmbsas-caba.infd.edu.ar\/sitio\/wp-json\/wp\/v2\/pages\/4692\/revisions\/8627"}],"up":[{"embeddable":true,"href":"https:\/\/cmbsas-caba.infd.edu.ar\/sitio\/wp-json\/wp\/v2\/pages\/1829"}],"wp:attachment":[{"href":"https:\/\/cmbsas-caba.infd.edu.ar\/sitio\/wp-json\/wp\/v2\/media?parent=4692"}],"curies":[{"name":"wp","href":"https:\/\/api.w.org\/{rel}","templated":true}]}}