{"id":4701,"date":"2024-02-16T19:52:53","date_gmt":"2024-02-16T22:52:53","guid":{"rendered":"https:\/\/cmbsas-caba.infd.edu.ar\/sitio\/?page_id=4701"},"modified":"2026-03-21T18:12:14","modified_gmt":"2026-03-21T21:12:14","slug":"ingresantes-nivel-inicial-ninos-as","status":"publish","type":"page","link":"https:\/\/cmbsas-caba.infd.edu.ar\/sitio\/oferta-academica\/ingresantes\/ingresantes-nivel-inicial-ninos-as\/","title":{"rendered":"Nivel Inicial\u00a0&#8211; Ni\u00f1os\/as a partir de 10 sin conocimientos previos"},"content":{"rendered":"\n<div class=\"wp-block-columns is-layout-flex wp-container-1\"><\/div>\n\n\n\n<div class=\"wp-block-columns alignwide is-layout-flex wp-container-6\" style=\"margin-bottom:0\">\n<div class=\"wp-block-column has-text-color has-background has-link-color wp-elements-bab474adc5e6746d7ca2e68524a80ef3 is-layout-flow\" style=\"color:#000000;background-color:#d1b7e4;padding-top:2em;padding-right:2em;padding-bottom:2em;padding-left:2em\">\n<h2 class=\"wp-block-heading\" id=\"single\" style=\"font-size:40px\"><strong>Ingreso<\/strong><\/h2>\n\n\n\n<hr class=\"wp-block-separator has-text-color has-css-opacity has-background is-style-wide\" style=\"background-color:#000000;color:#000000\"\/>\n\n\n\n<div class=\"wp-block-buttons is-horizontal is-layout-flex\">\n<div class=\"wp-block-button has-custom-width wp-block-button__width-100\"><a class=\"wp-block-button__link has-white-color has-text-color has-background no-border-radius wp-element-button\" href=\"#matriculacion\" style=\"background-color:#000000\">M\u00e1s info aqu\u00ed<\/a><\/div>\n<\/div>\n<\/div>\n\n\n\n<div class=\"wp-block-column has-text-color has-background has-link-color wp-elements-c9588c7530ab7e351d86621183bb5f31 is-layout-flow\" style=\"color:#000000;background-color:#d1d1e1;padding-top:2em;padding-right:2em;padding-bottom:2em;padding-left:2em\">\n<h2 class=\"wp-block-heading\" id=\"family\" style=\"font-size:40px\"><strong>Programas<\/strong><\/h2>\n\n\n\n<hr class=\"wp-block-separator has-css-opacity is-style-wide\"\/>\n\n\n\n<div class=\"wp-block-buttons is-horizontal is-layout-flex wp-container-4\">\n<div class=\"wp-block-button has-custom-width wp-block-button__width-100 is-style-fill\"><a class=\"wp-block-button__link has-white-color has-text-color has-background no-border-radius wp-element-button\" href=\"#programas\" style=\"background-color:#000000\">M\u00e1s info aqu\u00ed<\/a><\/div>\n<\/div>\n<\/div>\n<\/div>\n\n\n\n<p><\/p>\n\n\n\n<h1 class=\"wp-block-heading\"><strong>Ingreso a Nivel Inicial Ni\u00f1os\/as<\/strong><\/h1>\n\n\n\n<p>El Conservatorio le da la bienvenida a ni\u00f1os y ni\u00f1as desde la edad de 10 a\u00f1os (5to grado de primaria) a nuestro Nivel Inicial Ni\u00f1os\/as. Para este nivel no es necesario tener conocimientos previos.<\/p>\n\n\n\n<p><em>Nuestro Conservatorio considera a los \u00abIngresantes\u00bb como a todos aquellos que quieren ingresar <\/em><em>por primera vez<\/em><em> este a\u00f1o en nuestra instituci\u00f3n.<\/em><\/p>\n\n\n\n<h1 class=\"wp-block-heading has-large-font-size\" id=\"matriculacion\"><strong>Matriculaci\u00f3n 202<\/strong>6<\/h1>\n\n\n\n<p>El primer paso para inscribirte es tener un un usuario en nuestra plataforma para Estudiantes, si no lo ten\u00e9s pod\u00e9s crearlo ingresando a <a href=\"https:\/\/conservatoriopiazzolla.ar\/\">siguiente formulari<\/a><a href=\"https:\/\/conservatoriopiazzolla.ar\/cgi-bin\/registracion.pl\">o<\/a>. Una vez completado el formulario, seg\u00fan la disponibilidad de vacantes en las distintas especialidades, ser\u00e1s inscripto\/a. Si ya te creaste un usuario anteriormente espera nuestra comunicaci\u00f3n por mail y nuestras redes sociales.<\/p>\n\n\n\n<p>\u25ba<strong> Nos comunicaremos por email durante el mes de Febrero<\/strong> para continuar con el proceso de inscripci\u00f3n (env\u00edo de documentaci\u00f3n) y matriculaci\u00f3n (elecci\u00f3n de d\u00edas y horarios de las materias).<\/p>\n\n\n\n<h4 class=\"wp-block-heading\"><strong>Documentaci\u00f3n necesaria<\/strong><\/h4>\n\n\n\n<ul>\n<li>DNI \/ Pasaporte (frente y dorso)<\/li>\n\n\n\n<li>DNI o Pasaporte (frente y dorso) del padre\/madre o tutor legal.<\/li>\n\n\n\n<li>Partida de Nacimiento<\/li>\n\n\n\n<li><a href=\"https:\/\/cmbsas-caba.infd.edu.ar\/sitio\/estudiantes\/tramites\/menores-de-edad\/\">Autorizaciones Menores de Edad<\/a><\/li>\n\n\n\n<li><a href=\"https:\/\/cmbsas-caba.infd.edu.ar\/sitio\/wp-content\/uploads\/2025\/02\/Ficha-de-Salud-de-menores-de-edad-1.pdf\">Ficha de Salud de menores de edad<\/a>.<\/li>\n<\/ul>\n\n\n\n<hr class=\"wp-block-separator has-alpha-channel-opacity\"\/>\n\n\n\n<h1 class=\"wp-block-heading\" id=\"programas\"><strong>Programas Nivel Inicial Ni\u00f1o\/as<\/strong><\/h1>\n\n\n\n<h4 class=\"wp-block-heading\"><strong>Audioperceptiva:<\/strong><\/h4>\n\n\n\n<p><a href=\"https:\/\/cmbsas-caba.infd.edu.ar\/sitio\/wp-content\/uploads\/2024\/09\/Audioperceptiva-I-y-II.pdf\">Audioperceptiva I y II<\/a><\/p>\n\n\n\n<h4 class=\"wp-block-heading\"><strong>Instrumentos:<\/strong><\/h4>\n\n\n\n<ul>\n<li><a href=\"https:\/\/cmbsas-caba.infd.edu.ar\/sitio\/wp-content\/uploads\/2019\/04\/Programa-1%C2%B0-A%C3%91O-PIANO-PREINICIAL.pdf\">Programa 1\u00b0 A\u00d1O PIANO \u2013 PREINICIAL<\/a><\/li>\n\n\n\n<li><a href=\"https:\/\/cmbsas-caba.infd.edu.ar\/sitio\/wp-content\/uploads\/2019\/04\/Programa-2%C2%B0-A%C3%91O-PIANO-PREINICIAL.pdf\">Programa 2\u00b0 A\u00d1O PIANO \u2013 PREINICIAL<\/a><\/li>\n\n\n\n<li><a href=\"https:\/\/cmbsas-caba.infd.edu.ar\/sitio\/wp-content\/uploads\/2019\/04\/Programa-1%C2%B0-A%C3%91O-PIANO-INICIAL.pdf\">Programa 1\u00b0 A\u00d1O PIANO \u2013 INICIAL<\/a><\/li>\n\n\n\n<li><a href=\"https:\/\/cmbsas-caba.infd.edu.ar\/sitio\/wp-content\/uploads\/2019\/04\/Programa-2%C2%B0-A%C3%91O-PIANO-INICIAL.pdf\">Programa 2\u00b0 A\u00d1O PIANO \u2013 INICIAL<\/a><\/li>\n\n\n\n<li><a href=\"https:\/\/cmbsas-caba.infd.edu.ar\/sitio\/wp-content\/uploads\/2025\/02\/Programa-Guitarra-Pre-inicial-1er-ano.pdf\">PROGRAMA 1\u00b0 A\u00d1O GUITARRA \u2013 PRE INICIAL<\/a><\/li>\n\n\n\n<li><a href=\"https:\/\/cmbsas-caba.infd.edu.ar\/sitio\/wp-content\/uploads\/2025\/02\/Programa-Guitarra-Pre-inicial-2do-ano.pdf\">PROGRAMA 2\u00b0 A\u00d1O GUITARRA \u2013 PRE INICIAL<\/a><\/li>\n\n\n\n<li><a href=\"https:\/\/cmbsas-caba.infd.edu.ar\/sitio\/wp-content\/uploads\/2025\/02\/Programa-Guitarra-Inicial-1er-ano.pdf\">PROGRAMA 1\u00b0 A\u00d1O GUITARRA \u2013 INICIAL<\/a><\/li>\n\n\n\n<li><a href=\"https:\/\/cmbsas-caba.infd.edu.ar\/sitio\/wp-content\/uploads\/2025\/02\/Programa-Guitarra-Inicial-2do-ano.pdf\">PROGRAMA 2\u00b0 A\u00d1O GUITARRA \u2013 INICIAL<\/a><\/li>\n\n\n\n<li><a href=\"https:\/\/cmbsas-caba.infd.edu.ar\/sitio\/wp-content\/uploads\/2025\/03\/Programa-Violoncello-Pre-inicial-Inicial.pdf\">Violonchelo<\/a><\/li>\n\n\n\n<li><a href=\"https:\/\/cmbsas-caba.infd.edu.ar\/sitio\/wp-content\/uploads\/2025\/03\/Programa-Clarinete-Pre-inicial-Inicial.pdf\">Clarinete<\/a><\/li>\n\n\n\n<li><a href=\"https:\/\/cmbsas-caba.infd.edu.ar\/sitio\/wp-content\/uploads\/2025\/03\/Programa-Contrabajo-Pre-inicial-Inicial.pdf\">Contrabajo<\/a><\/li>\n\n\n\n<li><a href=\"https:\/\/cmbsas-caba.infd.edu.ar\/sitio\/wp-content\/uploads\/2025\/03\/Programa-Corno-Pre-inicial-Inicial.pdf\">Corno<\/a><\/li>\n\n\n\n<li><a href=\"https:\/\/cmbsas-caba.infd.edu.ar\/sitio\/wp-content\/uploads\/2025\/03\/Programa-Fagot-Pre-inicial-Inicial.pdf\">Fagot<\/a><\/li>\n\n\n\n<li><a href=\"https:\/\/cmbsas-caba.infd.edu.ar\/sitio\/wp-content\/uploads\/2025\/03\/Programa-Flauta-dulce-soprano-Pre-inicial-Inicial.pdf\">Flauta dulce<\/a><\/li>\n\n\n\n<li><a href=\"https:\/\/cmbsas-caba.infd.edu.ar\/sitio\/wp-content\/uploads\/2025\/03\/Programa-Flauta-traversa-iniciacion-musical-1ro-y-2do-ano.pdf\">Flauta traversa<\/a><\/li>\n\n\n\n<li><a href=\"https:\/\/cmbsas-caba.infd.edu.ar\/sitio\/wp-content\/uploads\/2025\/03\/Programa-Oboe-Pre-inicial-Inicial.pdf\">Oboe<\/a><\/li>\n\n\n\n<li><a href=\"https:\/\/cmbsas-caba.infd.edu.ar\/sitio\/wp-content\/uploads\/2025\/03\/Programa-Percusion-Pre-inicial-Inicial.pdf\">Percusi\u00f3n<\/a><\/li>\n\n\n\n<li><a href=\"https:\/\/cmbsas-caba.infd.edu.ar\/sitio\/wp-content\/uploads\/2025\/03\/Programa-Saxo-Pre-inicial-Inicial.pdf\">Saxo<\/a><\/li>\n\n\n\n<li><a href=\"https:\/\/cmbsas-caba.infd.edu.ar\/sitio\/wp-content\/uploads\/2025\/03\/Programa-Trombon-Pre-inicial-Inicial.pdf\">Tromb\u00f3n<\/a><\/li>\n\n\n\n<li><a href=\"https:\/\/cmbsas-caba.infd.edu.ar\/sitio\/wp-content\/uploads\/2025\/03\/Programa-Trompeta-Pre-inicial-Inicial.pdf\">Trompeta<\/a><\/li>\n\n\n\n<li><a href=\"https:\/\/cmbsas-caba.infd.edu.ar\/sitio\/wp-content\/uploads\/2025\/03\/Programa-Viola-preinicial-inicial.pdf\">Viola<\/a><\/li>\n\n\n\n<li><a href=\"https:\/\/cmbsas-caba.infd.edu.ar\/sitio\/wp-content\/uploads\/2025\/03\/Programa-Violin-pre-inicial-Inicial.pdf\">Violin<\/a><\/li>\n<\/ul>\n\n\n\n<hr class=\"wp-block-separator has-alpha-channel-opacity\"\/>\n\n\n\n<p><a rel=\"noreferrer noopener\" href=\"https:\/\/cmbsas-caba.infd.edu.ar\/sitio\/oferta-academica\/ingresantes\/ingresantes-preguntas-frecuentes\/\" data-type=\"URL\" data-id=\"https:\/\/cmbsas-caba.infd.edu.ar\/sitio\/oferta-academica\/ingresantes\/ingresantes-preguntas-frecuentes\/\" target=\"_blank\">Preguntas Frecuentes<\/a><\/p>\n\n\n\n<p class=\"has-medium-font-size\"> a: conservatorio_piazzolla@buenosaires.gob.ar<\/p>\n","protected":false},"excerpt":{"rendered":"<p>Ingreso Programas Ingreso a Nivel Inicial Ni\u00f1os\/as El Conservatorio le da la bienvenida a ni\u00f1os y ni\u00f1as desde la edad de 10 a\u00f1os (5to grado de primaria) a nuestro Nivel Inicial Ni\u00f1os\/as. Para este nivel no es necesario tener conocimientos previos. Nuestro Conservatorio considera a los \u00abIngresantes\u00bb como a todos aquellos que quieren ingresar por &#8230; <a title=\"Nivel Inicial\u00a0&#8211; Ni\u00f1os\/as a partir de 10 sin conocimientos previos\" class=\"read-more\" href=\"https:\/\/cmbsas-caba.infd.edu.ar\/sitio\/oferta-academica\/ingresantes\/ingresantes-nivel-inicial-ninos-as\/\" aria-label=\"More on Nivel Inicial\u00a0&#8211; Ni\u00f1os\/as a partir de 10 sin conocimientos previos\">[+]<\/a><\/p>\n","protected":false},"author":2817,"featured_media":0,"parent":3491,"menu_order":0,"comment_status":"closed","ping_status":"closed","template":"","meta":[],"acf":[],"_links":{"self":[{"href":"https:\/\/cmbsas-caba.infd.edu.ar\/sitio\/wp-json\/wp\/v2\/pages\/4701"}],"collection":[{"href":"https:\/\/cmbsas-caba.infd.edu.ar\/sitio\/wp-json\/wp\/v2\/pages"}],"about":[{"href":"https:\/\/cmbsas-caba.infd.edu.ar\/sitio\/wp-json\/wp\/v2\/types\/page"}],"author":[{"embeddable":true,"href":"https:\/\/cmbsas-caba.infd.edu.ar\/sitio\/wp-json\/wp\/v2\/users\/2817"}],"replies":[{"embeddable":true,"href":"https:\/\/cmbsas-caba.infd.edu.ar\/sitio\/wp-json\/wp\/v2\/comments?post=4701"}],"version-history":[{"count":27,"href":"https:\/\/cmbsas-caba.infd.edu.ar\/sitio\/wp-json\/wp\/v2\/pages\/4701\/revisions"}],"predecessor-version":[{"id":8657,"href":"https:\/\/cmbsas-caba.infd.edu.ar\/sitio\/wp-json\/wp\/v2\/pages\/4701\/revisions\/8657"}],"up":[{"embeddable":true,"href":"https:\/\/cmbsas-caba.infd.edu.ar\/sitio\/wp-json\/wp\/v2\/pages\/3491"}],"wp:attachment":[{"href":"https:\/\/cmbsas-caba.infd.edu.ar\/sitio\/wp-json\/wp\/v2\/media?parent=4701"}],"curies":[{"name":"wp","href":"https:\/\/api.w.org\/{rel}","templated":true}]}}