{"id":4817,"date":"2024-02-17T13:32:27","date_gmt":"2024-02-17T16:32:27","guid":{"rendered":"https:\/\/cmbsas-caba.infd.edu.ar\/sitio\/?page_id=4817"},"modified":"2024-02-17T14:23:14","modified_gmt":"2024-02-17T17:23:14","slug":"proyecto-integrador-final-y-o-concierto-de-graduacion","status":"publish","type":"page","link":"https:\/\/cmbsas-caba.infd.edu.ar\/sitio\/estudiantes\/proyecto-integrador-final-y-o-concierto-de-graduacion\/","title":{"rendered":"Proyecto Integrador Final \/ Concierto de Graduaci\u00f3n"},"content":{"rendered":"\n<p class=\"has-medium-font-size\">Como cierre de la formaci\u00f3n profesional en el Conservatorio Superior de M\u00fasica de la Ciudad de Buenos Aires \u201c\u00c1stor Piazzolla\u201d, este espacio curricular propicia la elaboraci\u00f3n de un proyecto integrador en el que se articulen los saberes y capacidades adquiridos en el profesorado superior y, en especial, aquellos propios de la orientaci\u00f3n elegida.&nbsp;El enfoque del mismo podr\u00e1 ser perform\u00e1tico o no, requiriendo siempre un trabajo de car\u00e1cter anal\u00edtico y\/o investigativo de base.&nbsp;<\/p>\n\n\n\n<p>Este espacio curricular ser\u00e1 de trabajo principalmente aut\u00f3nomo con gu\u00eda de un profesor tutor elegido por el alumno. Supondr\u00e1 la presentaci\u00f3n p\u00fablica de acuerdo al tipo de proyecto elaborado teniendo en cuenta diversos \u00e1mbitos y audiencias posibles, su evaluaci\u00f3n final estar\u00e1 a cargo de un tribunal examinador.&nbsp;<\/p>\n\n\n\n<h5 class=\"wp-block-heading\"><strong>Metodolog\u00eda de elaboraci\u00f3n<\/strong><strong><\/strong><\/h5>\n\n\n\n<p>En su elaboraci\u00f3n se seguir\u00e1 un formato similar a los modelos abordados en la materia Metodolog\u00eda de la Investigaci\u00f3n contemplando T\u00edtulo y subt\u00edtulo, Fundamentaci\u00f3n de la tem\u00e1tica elegida,&nbsp; estado del arte,&nbsp; marco te\u00f3rico, metodolog\u00eda de abordaje, conclusiones y bibliograf\u00eda; pueden a\u00f1adirse otros apartados que por las caracter\u00edsticas del tema elegido se consideren necesarios.&nbsp;<\/p>\n\n\n\n<hr class=\"wp-block-separator has-alpha-channel-opacity\"\/>\n\n\n\n<p><a href=\"https:\/\/cmbsas-caba.infd.edu.ar\/sitio\/presentacion-de-proyecto-integrador-final-y-o-concierto-de-graduacion\/\">\u25ba Presentaci\u00f3n de Proyecto Integrador Final y\/o Concierto de Graduaci\u00f3n<\/a><\/p>\n","protected":false},"excerpt":{"rendered":"<p>Como cierre de la formaci\u00f3n profesional en el Conservatorio Superior de M\u00fasica de la Ciudad de Buenos Aires \u201c\u00c1stor Piazzolla\u201d, este espacio curricular propicia la elaboraci\u00f3n de un proyecto integrador en el que se articulen los saberes y capacidades adquiridos en el profesorado superior y, en especial, aquellos propios de la orientaci\u00f3n elegida.&nbsp;El enfoque del &#8230; <a title=\"Proyecto Integrador Final \/ Concierto de Graduaci\u00f3n\" class=\"read-more\" href=\"https:\/\/cmbsas-caba.infd.edu.ar\/sitio\/estudiantes\/proyecto-integrador-final-y-o-concierto-de-graduacion\/\" aria-label=\"More on Proyecto Integrador Final \/ Concierto de Graduaci\u00f3n\">[+]<\/a><\/p>\n","protected":false},"author":2817,"featured_media":0,"parent":1829,"menu_order":0,"comment_status":"closed","ping_status":"closed","template":"","meta":[],"acf":[],"_links":{"self":[{"href":"https:\/\/cmbsas-caba.infd.edu.ar\/sitio\/wp-json\/wp\/v2\/pages\/4817"}],"collection":[{"href":"https:\/\/cmbsas-caba.infd.edu.ar\/sitio\/wp-json\/wp\/v2\/pages"}],"about":[{"href":"https:\/\/cmbsas-caba.infd.edu.ar\/sitio\/wp-json\/wp\/v2\/types\/page"}],"author":[{"embeddable":true,"href":"https:\/\/cmbsas-caba.infd.edu.ar\/sitio\/wp-json\/wp\/v2\/users\/2817"}],"replies":[{"embeddable":true,"href":"https:\/\/cmbsas-caba.infd.edu.ar\/sitio\/wp-json\/wp\/v2\/comments?post=4817"}],"version-history":[{"count":3,"href":"https:\/\/cmbsas-caba.infd.edu.ar\/sitio\/wp-json\/wp\/v2\/pages\/4817\/revisions"}],"predecessor-version":[{"id":4854,"href":"https:\/\/cmbsas-caba.infd.edu.ar\/sitio\/wp-json\/wp\/v2\/pages\/4817\/revisions\/4854"}],"up":[{"embeddable":true,"href":"https:\/\/cmbsas-caba.infd.edu.ar\/sitio\/wp-json\/wp\/v2\/pages\/1829"}],"wp:attachment":[{"href":"https:\/\/cmbsas-caba.infd.edu.ar\/sitio\/wp-json\/wp\/v2\/media?parent=4817"}],"curies":[{"name":"wp","href":"https:\/\/api.w.org\/{rel}","templated":true}]}}