{"id":4818,"date":"2024-02-17T13:31:48","date_gmt":"2024-02-17T16:31:48","guid":{"rendered":"https:\/\/cmbsas-caba.infd.edu.ar\/sitio\/?page_id=4818"},"modified":"2024-03-11T13:33:27","modified_gmt":"2024-03-11T16:33:27","slug":"presentacion-de-proyecto-integrador-final-y-o-concierto-de-graduacion","status":"publish","type":"page","link":"https:\/\/cmbsas-caba.infd.edu.ar\/sitio\/estudiantes\/proyecto-integrador-final-y-o-concierto-de-graduacion\/presentacion-de-proyecto-integrador-final-y-o-concierto-de-graduacion\/","title":{"rendered":"Presentaci\u00f3n de Proyecto Integrador Final y\/o Concierto de Graduaci\u00f3n"},"content":{"rendered":"\n<h4 class=\"wp-block-heading\">Paso 1<\/h4>\n\n\n\n<p>En el caso de los ex\u00e1menes de cuarto a\u00f1o el\/la\/le estudiante debe escribir a\u00a0la regencia del turno correspondiente con copia a Dpto de Estudiantes <a href=\"mailto:estudiantes_piazzolla@buenosaires.gob.ar\">estudiantes_piazzolla@buenosaires.gob.ar<\/a>\u00a0y a los vicedirectores solicitando pedido de examen.<\/p>\n\n\n\n<p>En el caso de Proyecto Integrador Final, el\/la\/le estudiante debe escribir a las vicedirecciones, que le indicar\u00e1n los pasos a seguir.<\/p>\n\n\n\n<h4 class=\"wp-block-heading\"><strong>Paso 2<\/strong><\/h4>\n\n\n\n<p>Una vez aprobado el proyecto y verificada la situaci\u00f3n acad\u00e9mica; y si el estudiante desea realizar su defensa con p\u00fablico, deber\u00e1 solicitar a Dpto de Extensi\u00f3n\u00a0una fecha en la Sala Sinf\u00f3nica enviando la siguiente informaci\u00f3n a trav\u00e9s del siguiente\u00a0<a rel=\"noreferrer noopener\" href=\"https:\/\/forms.gle\/yu2Z4s4ywcNvBqyB6\" target=\"_blank\">formulario de Google<\/a><\/p>\n\n\n\n<ul>\n<li>Nombre completo<\/li>\n\n\n\n<li>Carrera<\/li>\n\n\n\n<li>Titulo del proyecto<\/li>\n\n\n\n<li>Tutor\/a\/e<\/li>\n\n\n\n<li>Foto para el armado del flyer para la difusi\u00f3n<\/li>\n\n\n\n<li>Requerimientos t\u00e9cnicos (proyector, equipo de sonido, micr\u00f3fono, etc.)<\/li>\n\n\n\n<li>Especificar si es solo proyecto o tambi\u00e9n concierto de graduaci\u00f3n<\/li>\n\n\n\n<li>Si es concierto de graduaci\u00f3n tambi\u00e9n deber\u00e1 indicar: programa a interpretar con nombre de obra, de autor y duraci\u00f3n de cada obra y deber\u00e1 enviar rider t\u00e9cnico de su presentaci\u00f3n<\/li>\n<\/ul>\n\n\n\n<p>Primero deber\u00e1 completar el formulario y luego escribir a extension_piazzolla@buenosaires.gob.ar para solicitar la fecha.<\/p>\n\n\n\n<p>(En caso de que el\/la\/le estudiante no pueda coordinar fecha con Dpto de Extension por falta de disponibilidad de sala u otros, el\/la\/le estudiante coordinara con Dpto de Estudiantes la fecha el mismo en un aula)<\/p>\n\n\n\n<h4 class=\"wp-block-heading\">Paso 3<\/h4>\n\n\n\n<p>Dpto de Extensi\u00f3n confirma fecha a estudiante, con copia a Dpto de Estudiantes y vicedirecciones.<\/p>\n\n\n\n<hr class=\"wp-block-separator has-alpha-channel-opacity\"\/>\n\n\n\n<p><a href=\"https:\/\/cmbsas-caba.infd.edu.ar\/sitio\/proyecto-integrador-final-y-o-concierto-de-graduacion\/\">\u25ba Informaci\u00f3n general sobre Proyecto Integrador Final y\/o Concierto de Graduaci\u00f3n<\/a><\/p>\n","protected":false},"excerpt":{"rendered":"<p>Paso 1 En el caso de los ex\u00e1menes de cuarto a\u00f1o el\/la\/le estudiante debe escribir a\u00a0la regencia del turno correspondiente con copia a Dpto de Estudiantes estudiantes_piazzolla@buenosaires.gob.ar\u00a0y a los vicedirectores solicitando pedido de examen. En el caso de Proyecto Integrador Final, el\/la\/le estudiante debe escribir a las vicedirecciones, que le indicar\u00e1n los pasos a seguir. &#8230; <a title=\"Presentaci\u00f3n de Proyecto Integrador Final y\/o Concierto de Graduaci\u00f3n\" class=\"read-more\" href=\"https:\/\/cmbsas-caba.infd.edu.ar\/sitio\/estudiantes\/proyecto-integrador-final-y-o-concierto-de-graduacion\/presentacion-de-proyecto-integrador-final-y-o-concierto-de-graduacion\/\" aria-label=\"More on Presentaci\u00f3n de Proyecto Integrador Final y\/o Concierto de Graduaci\u00f3n\">[+]<\/a><\/p>\n","protected":false},"author":2817,"featured_media":0,"parent":4817,"menu_order":0,"comment_status":"closed","ping_status":"closed","template":"","meta":[],"acf":[],"_links":{"self":[{"href":"https:\/\/cmbsas-caba.infd.edu.ar\/sitio\/wp-json\/wp\/v2\/pages\/4818"}],"collection":[{"href":"https:\/\/cmbsas-caba.infd.edu.ar\/sitio\/wp-json\/wp\/v2\/pages"}],"about":[{"href":"https:\/\/cmbsas-caba.infd.edu.ar\/sitio\/wp-json\/wp\/v2\/types\/page"}],"author":[{"embeddable":true,"href":"https:\/\/cmbsas-caba.infd.edu.ar\/sitio\/wp-json\/wp\/v2\/users\/2817"}],"replies":[{"embeddable":true,"href":"https:\/\/cmbsas-caba.infd.edu.ar\/sitio\/wp-json\/wp\/v2\/comments?post=4818"}],"version-history":[{"count":3,"href":"https:\/\/cmbsas-caba.infd.edu.ar\/sitio\/wp-json\/wp\/v2\/pages\/4818\/revisions"}],"predecessor-version":[{"id":5058,"href":"https:\/\/cmbsas-caba.infd.edu.ar\/sitio\/wp-json\/wp\/v2\/pages\/4818\/revisions\/5058"}],"up":[{"embeddable":true,"href":"https:\/\/cmbsas-caba.infd.edu.ar\/sitio\/wp-json\/wp\/v2\/pages\/4817"}],"wp:attachment":[{"href":"https:\/\/cmbsas-caba.infd.edu.ar\/sitio\/wp-json\/wp\/v2\/media?parent=4818"}],"curies":[{"name":"wp","href":"https:\/\/api.w.org\/{rel}","templated":true}]}}