{"id":5006,"date":"2024-02-28T13:21:36","date_gmt":"2024-02-28T16:21:36","guid":{"rendered":"https:\/\/cmbsas-caba.infd.edu.ar\/sitio\/?page_id=5006"},"modified":"2026-03-06T16:20:11","modified_gmt":"2026-03-06T19:20:11","slug":"ingresantes-a-postitulos","status":"publish","type":"page","link":"https:\/\/cmbsas-caba.infd.edu.ar\/sitio\/oferta-academica\/ingresantes\/ingresantes-a-postitulos\/","title":{"rendered":"Especializaci\u00f3n docente de nivel superior en Educaci\u00f3n Musical Inclusiva y Discapacidad"},"content":{"rendered":"\n<div class=\"wp-block-columns alignwide is-layout-flex wp-container-7\" style=\"margin-bottom:0\">\n<div class=\"wp-block-column has-text-color has-background has-link-color wp-elements-35ad1afca5280d257dd960b4787dcbf5 is-layout-flow\" style=\"color:#000000;background-color:#7575bf9e;padding-top:2em;padding-right:2em;padding-bottom:2em;padding-left:2em\">\n<h2 class=\"wp-block-heading\" id=\"family\" style=\"font-size:40px\"><strong>T\u00edtulo<\/strong><\/h2>\n\n\n\n<div class=\"wp-block-buttons is-horizontal is-content-justification-center is-layout-flex wp-container-1\">\n<div class=\"wp-block-button has-custom-width wp-block-button__width-100 is-style-fill\"><a class=\"wp-block-button__link has-white-color has-text-color has-background no-border-radius wp-element-button\" href=\"#titulo\" style=\"background-color:#000000\">M\u00e1s info<\/a><\/div>\n<\/div>\n<\/div>\n\n\n\n<div class=\"wp-block-column has-text-color has-background has-link-color wp-elements-2805004d105698ec77b99d346815b85f is-layout-flow\" style=\"color:#000000;background-color:#bc5edb7d;padding-top:2em;padding-right:2em;padding-bottom:2em;padding-left:2em\">\n<h2 class=\"wp-block-heading\" id=\"patron\" style=\"font-size:40px\"><strong>Estructura<\/strong><\/h2>\n\n\n\n<div class=\"wp-block-buttons is-horizontal is-content-justification-center is-layout-flex wp-container-3\">\n<div class=\"wp-block-button has-custom-width wp-block-button__width-100\"><a class=\"wp-block-button__link has-white-color has-text-color has-background no-border-radius wp-element-button\" href=\"#estructura\" style=\"background-color:#000000\">M\u00e1s info<\/a><\/div>\n<\/div>\n<\/div>\n\n\n\n<div class=\"wp-block-column has-text-color has-background has-link-color wp-elements-8913114eb1dc8b517539925d251e00ff is-layout-flow\" style=\"color:#000000;background-color:#ac7bb0bd;padding-top:2em;padding-right:2em;padding-bottom:2em;padding-left:2em\">\n<h2 class=\"wp-block-heading\" id=\"single\" style=\"font-size:40px\"><strong>Inscripci<\/strong>\u00f3n<\/h2>\n\n\n\n<div class=\"wp-block-buttons is-horizontal is-content-justification-center is-layout-flex wp-container-5\">\n<div class=\"wp-block-button has-custom-width wp-block-button__width-100\"><a class=\"wp-block-button__link has-white-color has-text-color has-background no-border-radius wp-element-button\" href=\"#inscripcion\" style=\"background-color:#000000\">M\u00e1s info<\/a><\/div>\n<\/div>\n<\/div>\n<\/div>\n\n\n\n<p><\/p>\n\n\n\n<hr class=\"wp-block-separator has-alpha-channel-opacity\"\/>\n\n\n\n<h2 class=\"wp-block-heading\" id=\"titulo\"><strong>T\u00edtulo que otorga<\/strong><\/h2>\n\n\n\n<p>Especialista Docente de Nivel Superior en Educaci\u00f3n Musical Inclusiva y Discapacidad<\/p>\n\n\n\n<p>La Especializaci\u00f3n Docente de Nivel Superior en Educaci\u00f3n Musical Inclusiva y Discapacidad busca aportar herramientas y conocimientos did\u00e1ctico-musicales desde una perspectiva de la educaci\u00f3n inclusiva que permita a los docentes en sus pr\u00e1cticas profesionales promover procesos de aprendizaje musical en todas las personas con o sin discapacidad que precisan ajustes razonables en el proceso de aprendizaje en los diferentes niveles y modalidades educativas seg\u00fan las posibilidades de cada persona. (Resol. N\u00b0117-CFE\/2010, Ley Nacional de Educaci\u00f3n 26.206, Convenci\u00f3n Internacional de los Derechos de las Personas con Discapacidad).<\/p>\n\n\n\n<p><strong>Carga horaria<\/strong><\/p>\n\n\n\n<p>El post\u00edtulo tiene una duraci\u00f3n total de 512 HR \/ 768 HC \/ 2 a\u00f1os de cursado bajo la opci\u00f3n pedag\u00f3gica presencial. <\/p>\n\n\n\n<p><strong>Opci\u00f3n pedag\u00f3gica<\/strong><\/p>\n\n\n\n<p>El 100% de las actividades son con presencialidad f\u00edsica.<\/p>\n\n\n\n<p><strong>Destinatarios\/as<\/strong><\/p>\n\n\n\n<p>Docentes de m\u00fasica de todos los niveles y modalidades que contempla el Sistema Educativo, tanto en la educaci\u00f3n formal como no formal, que deseen especializarse en la ense\u00f1anza de la m\u00fasica para personas con o sin discapacidad que precisan ajustes razonables en el proceso de aprendizaje.<\/p>\n\n\n\n<h3 class=\"wp-block-heading\">Criterio de admisi\u00f3n y requisitos de Ingreso:<\/h3>\n\n\n\n<p>Los aspirantes a ingresar a la Especializaci\u00f3n Docente de Nivel Superior en Educaci\u00f3n Musical Inclusiva y Discapacidad deber\u00e1n cumplir con alguno de los siguientes requisitos:<\/p>\n\n\n\n<ul>\n<li>T\u00edtulo docente de formaci\u00f3n inicial en M\u00fasica o Educaci\u00f3n Musical en todas las orientaciones<\/li>\n\n\n\n<li>T\u00edtulo de Licenciado en M\u00fasica, en Artes Musicales o a t\u00edtulos afines<\/li>\n\n\n\n<li>T\u00edtulo de Musicoterapeuta<\/li>\n\n\n\n<li>En caso de estudiantes extranjeros deber\u00e1n acreditar t\u00edtulo de profesor de m\u00fasica legalizado y convalidado por las autoridades pertinentes de nuestro pa\u00eds, de acuerdo a la normativa vigente<\/li>\n\n\n\n<li>En casos excepcionales de postulantes que se encuentren fuera de los t\u00e9rminos precedentes, podr\u00e1n ser admitidos siempre que demuestren, a trav\u00e9s de las evaluaciones y los requisitos que la instituci\u00f3n establezca de acuerdo a la normativa vigente.<\/li>\n<\/ul>\n\n\n\n<h4 class=\"wp-block-heading\">Objetivos del Post\u00edtulo<\/h4>\n\n\n\n<ul>\n<li>Actualizar conocimientos a partir de los \u00faltimos avances cient\u00edficos en el \u00e1mbito de la pr\u00e1ctica de la ense\u00f1anza musical inclusiva<\/li>\n\n\n\n<li>Profundizar conocimientos a partir de los \u00faltimos marcos normativos y enfoques sobre educaci\u00f3n inclusiva<\/li>\n\n\n\n<li>Ampliar las capacidades pedag\u00f3gico musicales para el dise\u00f1o, la implementaci\u00f3n y la evaluaci\u00f3n de proyectos educativo\u2013musicales en todos los niveles y modalidades educativas, en el \u00e1mbito de la educaci\u00f3n formal y no formal que contemplen las diversas necesidades de toda su poblaci\u00f3n<\/li>\n\n\n\n<li>Especializar las competencias did\u00e1ctico\u2013musicales para la docencia musical en presencia de poblaci\u00f3n con o sin discapacidad, con necesidad de apoyos y en la diversidad<\/li>\n\n\n\n<li>Analizar, evaluar y reflexionar sobre el modo en que las propias pr\u00e1cticas atienden a las caracter\u00edsticas diversas de los estudiantes<\/li>\n<\/ul>\n\n\n\n<h4 class=\"wp-block-heading\">R\u00e9gimen acad\u00e9mico<\/h4>\n\n\n\n<ul>\n<li>Carga horaria total: 512 HR \/ 768 HC \/ 2 a\u00f1os de cursado<\/li>\n\n\n\n<li>Frecuencia de cursada: semanal \/ 2 HR \/ 3 HC cada espacio curricular. La instancia \u201cImplementaci\u00f3n y evaluaci\u00f3n del Proyecto educativo\u201d que demanda 2 HR \/ 3 HC de cursada semanal m\u00e1s la carga horaria en la Instituci\u00f3n Asociada (2 HR \/ 3 HC)<\/li>\n\n\n\n<li>Organizaci\u00f3n temporal: cuatrimestral<\/li>\n<\/ul>\n\n\n\n<h4 class=\"wp-block-heading\" id=\"estructura\"><strong>Cronograma de cursada<\/strong><\/h4>\n\n\n\n<h2 class=\"wp-block-heading\">1\u00ba A\u00f1o<\/h2>\n\n\n\n<figure class=\"wp-block-table\"><table><thead><tr><th>A\u00f1o<\/th><th>Cuatrimestre<\/th><th>Carga horaria semanal<\/th><th>Unidad Curricular<\/th><\/tr><\/thead><tbody><tr><td>1\u00b0<\/td><td>1\u00b0<\/td><td>3 hs\/c<\/td><td>M\u00fasica, Lenguaje y Neurociencias<\/td><\/tr><tr><td>1\u00b0<\/td><td>1\u00b0<\/td><td>3 hs\/c<\/td><td>Fundamentos de la Educaci\u00f3n Inclusiva<\/td><\/tr><tr><td>1\u00b0<\/td><td>1\u00b0<\/td><td>3 hs\/c<\/td><td>Educaci\u00f3n Musical en la Diversidad<\/td><\/tr><tr><td>1\u00b0<\/td><td>1\u00b0<\/td><td>3 hs\/c<\/td><td>Sociedad, Diversidad y Discapacidad<\/td><\/tr><tr><td>1\u00b0<\/td><td>2\u00b0<\/td><td>3 hs\/c<\/td><td>Sonido, Gesto y Movimiento<\/td><\/tr><tr><td>1\u00b0<\/td><td>2\u00b0<\/td><td>3 hs\/c<\/td><td>Perspectivas de la Educaci\u00f3n Especial<\/td><\/tr><tr><td>1\u00b0<\/td><td>2\u00b0<\/td><td>3 hs\/c<\/td><td>M\u00fasica en la Educaci\u00f3n Especial<\/td><\/tr><tr><td>1\u00b0<\/td><td>2\u00b0<\/td><td>3 hs\/c<\/td><td>Perspectivas en Discapacidad y Derechos<\/td><\/tr><\/tbody><\/table><\/figure>\n\n\n\n<h2 class=\"wp-block-heading\">2\u00ba A\u00f1o<\/h2>\n\n\n\n<figure class=\"wp-block-table\"><table><thead><tr><th>A\u00f1o<\/th><th>Cuatrimestre<\/th><th>Carga horaria semanal<\/th><th>Unidad Curricular<\/th><\/tr><\/thead><tbody><tr><td>2\u00b0<\/td><td>1\u00b0<\/td><td>3 hs\/c<\/td><td>Dise\u00f1o del Proyecto Pedag\u00f3gico<\/td><\/tr><tr><td>2\u00b0<\/td><td>1\u00b0<\/td><td>3 hs\/c<\/td><td>Abordajes Did\u00e1ctico-Musicales para Personas con Discapacidad Motora y Trastornos del Desarrollo<\/td><\/tr><tr><td>2\u00b0<\/td><td>1\u00b0<\/td><td>3 hs\/c<\/td><td>Abordajes Did\u00e1ctico-Musicales para Personas con Discapacidad Visual<\/td><\/tr><tr><td>2\u00b0<\/td><td>1\u00b0<\/td><td>3 hs\/c<\/td><td>Abordajes Did\u00e1ctico-Musicales para Personas con Trastornos Emocionales y del Espectro Autista<\/td><\/tr><tr><td>2\u00b0<\/td><td>1\u00b0<\/td><td>3 hs\/c<\/td><td>Abordajes Did\u00e1ctico-Musicales para Personas con Discapacidad Auditiva y Problemas del Lenguaje<\/td><\/tr><tr><td>2\u00b0<\/td><td>2\u00b0<\/td><td>3 hs\/c<\/td><td>Improvisaci\u00f3n e Inclusi\u00f3n<\/td><\/tr><tr><td>2\u00b0<\/td><td>2\u00b0<\/td><td>3 hs\/c<\/td><td>Implementaci\u00f3n del Proyecto Pedag\u00f3gico<\/td><\/tr><\/tbody><\/table><\/figure>\n\n\n\n<h4 class=\"wp-block-heading\" id=\"inscripcion\"><strong>\u00bfC\u00f3mo inscribirse?<\/strong><\/h4>\n\n\n\n<h4 class=\"wp-block-heading\">Proceso de admisi\u00f3n<\/h4>\n\n\n\n<p>Enviar la fotocopia o escaneo del t\u00edtulo (legible, ambas caras) a&nbsp;academica_piazzolla@buenosaires.gob.ar , la&nbsp;secretar\u00eda le contactar\u00e1 e indicar\u00e1 los pasos a seguir.<\/p>\n\n\n\n<p><strong>Apertura de legajo<\/strong><\/p>\n\n\n\n<p class=\"has-medium-font-size\">Ingresar al Conservatorio es necesario realizar la <strong>apertura de un legajo<\/strong> en nuestra instituci\u00f3n, esto podr\u00e1s realizarlo mediante nuestra nueva <strong>Plataforma de Gesti\u00f3n<\/strong>. Una vez realizado esto podr\u00e1s continuar con la inscripci\u00f3n a la Carreras.<\/p>\n\n\n\n<h2 class=\"wp-block-heading\" style=\"font-size:30px\"><a href=\"https:\/\/conservatoriopiazzolla.ar\/cgi-bin\/registracion.pl\" target=\"_blank\" rel=\"noreferrer noopener\">\u25ba Formulario de apertura de legajo<\/a><\/h2>\n\n\n\n<p class=\"has-medium-font-size\">Una vez completado el formulario podr\u00e1s continuar con la <strong>carga de documentaci\u00f3n personal<\/strong>, paso previo a la inscripci\u00f3n al post\u00edtulo. Y tambi\u00e9n deber\u00e1s enviar la fotocopia o escaneo del t\u00edtulo (legible, ambas caras) por mail a  <a href=\"mailto:academicapiazzolla@gmail.com\">academica_piazzolla@buenosaires.gob.ar<\/a> y a <a rel=\"noreferrer noopener\" href=\"mailto:equivalencias_piazzolla@buenosaires.gob.ar\" target=\"_blank\">equivalencias_piazzolla@buenosaires.gob.ar<\/a>.<\/p>\n\n\n\n<h4 class=\"wp-block-heading\"><strong>Documentaci\u00f3n necesaria<\/strong><\/h4>\n\n\n\n<ul>\n<li class=\"has-medium-font-size\">DNI \/ Pasaporte (frente y dorso) <\/li>\n\n\n\n<li class=\"has-medium-font-size\">Partida de Nacimiento<\/li>\n\n\n\n<li class=\"has-medium-font-size\">T\u00edtulo de Grado. Los t\u00edtulos de pa\u00edses extranjeros deber\u00e1n estar convalidados, conoc\u00e9 acerca del tr\u00e1mite de convalidaci\u00f3n en el siguiente <a href=\"https:\/\/www.argentina.gob.ar\/educacion\/tramites\/convalidaciones-universitarias-extranjeros\"><em>link<\/em><\/a><\/li>\n\n\n\n<li class=\"has-medium-font-size\">Autorizaci\u00f3n para la publicaci\u00f3n de im\u00e1genes<br><\/li>\n<\/ul>\n\n\n\n<p><strong>PARA M\u00c1S INFORMACI\u00d3N SOBRE EL POST\u00cdTULO CONSULTAR PDF COMPLETO\u00a0<a rel=\"noreferrer noopener\" href=\"https:\/\/cmbsas-caba.infd.edu.ar\/sitio\/wp-content\/uploads\/2026\/03\/FORMULARIO-DE-PRESENTACION-POSTITULO-FORMACION-DOCENTE-6-6-2025.pdf\" target=\"_blank\">AQU\u00cd<\/a><\/strong><\/p>\n","protected":false},"excerpt":{"rendered":"<p>T\u00edtulo Estructura Inscripci\u00f3n T\u00edtulo que otorga Especialista Docente de Nivel Superior en Educaci\u00f3n Musical Inclusiva y Discapacidad La Especializaci\u00f3n Docente de Nivel Superior en Educaci\u00f3n Musical Inclusiva y Discapacidad busca aportar herramientas y conocimientos did\u00e1ctico-musicales desde una perspectiva de la educaci\u00f3n inclusiva que permita a los docentes en sus pr\u00e1cticas profesionales promover procesos de aprendizaje &#8230; <a title=\"Especializaci\u00f3n docente de nivel superior en Educaci\u00f3n Musical Inclusiva y Discapacidad\" class=\"read-more\" href=\"https:\/\/cmbsas-caba.infd.edu.ar\/sitio\/oferta-academica\/ingresantes\/ingresantes-a-postitulos\/\" aria-label=\"More on Especializaci\u00f3n docente de nivel superior en Educaci\u00f3n Musical Inclusiva y Discapacidad\">[+]<\/a><\/p>\n","protected":false},"author":2817,"featured_media":0,"parent":3491,"menu_order":0,"comment_status":"closed","ping_status":"closed","template":"","meta":[],"acf":[],"_links":{"self":[{"href":"https:\/\/cmbsas-caba.infd.edu.ar\/sitio\/wp-json\/wp\/v2\/pages\/5006"}],"collection":[{"href":"https:\/\/cmbsas-caba.infd.edu.ar\/sitio\/wp-json\/wp\/v2\/pages"}],"about":[{"href":"https:\/\/cmbsas-caba.infd.edu.ar\/sitio\/wp-json\/wp\/v2\/types\/page"}],"author":[{"embeddable":true,"href":"https:\/\/cmbsas-caba.infd.edu.ar\/sitio\/wp-json\/wp\/v2\/users\/2817"}],"replies":[{"embeddable":true,"href":"https:\/\/cmbsas-caba.infd.edu.ar\/sitio\/wp-json\/wp\/v2\/comments?post=5006"}],"version-history":[{"count":18,"href":"https:\/\/cmbsas-caba.infd.edu.ar\/sitio\/wp-json\/wp\/v2\/pages\/5006\/revisions"}],"predecessor-version":[{"id":8518,"href":"https:\/\/cmbsas-caba.infd.edu.ar\/sitio\/wp-json\/wp\/v2\/pages\/5006\/revisions\/8518"}],"up":[{"embeddable":true,"href":"https:\/\/cmbsas-caba.infd.edu.ar\/sitio\/wp-json\/wp\/v2\/pages\/3491"}],"wp:attachment":[{"href":"https:\/\/cmbsas-caba.infd.edu.ar\/sitio\/wp-json\/wp\/v2\/media?parent=5006"}],"curies":[{"name":"wp","href":"https:\/\/api.w.org\/{rel}","templated":true}]}}