{"id":5030,"date":"2024-03-04T22:03:14","date_gmt":"2024-03-05T01:03:14","guid":{"rendered":"https:\/\/cmbsas-caba.infd.edu.ar\/sitio\/?page_id=5030"},"modified":"2026-03-10T12:20:20","modified_gmt":"2026-03-10T15:20:20","slug":"preguntas-frecuentes-sobre-inscripcion","status":"publish","type":"page","link":"https:\/\/cmbsas-caba.infd.edu.ar\/sitio\/estudiantes\/inscripcion-a-materias\/preguntas-frecuentes-sobre-inscripcion\/","title":{"rendered":"Preguntas Frecuentes sobre inscripci\u00f3n a materias"},"content":{"rendered":"\n<p><a href=\"#pin\">\u00bfTen\u00e9s dificultades con el PIN (contrase\u00f1a)?<\/a><br><a href=\"#actualizar-correo\">\u00bfNecesit\u00e1s actualizar el correo electr\u00f3nico registrado?<\/a><br><a href=\"#alternativas-inscripcion\">\u00bfPor qu\u00e9 me aparecen varias alternativas para elegir en la pantalla de inscripci\u00f3n?<\/a><br><a href=\"#materias-obligatorias\">\u00bfEs obligatorio anotarme en todas las materias que me aparecen?<\/a><br><a href=\"#seguir-con-docente\">\u00bfSi vengo cursando con un docente desde hace mucho, podr\u00e9 seguir estudiando con \u00e9l o ella?<\/a><br><a href=\"#preferencias\">\u00bfPuedo modificar mis preferencias?<\/a><br><a href=\"#renunciar\">\u00bfPuedo renunciar a materias? \u00bfC\u00f3mo lo hago?<\/a><br><a href=\"#dia-asignado\">\u00bfC\u00f3mo me entero en qu\u00e9 d\u00eda y horario qued\u00e9 asignado\/a?<\/a><br><a href=\"#acceder\">\u00bfNo pod\u00e9s acceder al sistema?<\/a><\/p>\n\n\n\n<p class=\"pin\" id=\"pin\"><strong>\u00bfTen\u00e9s dificultades con el PIN (contrase\u00f1a)?<\/strong><br>Si est\u00e1n experimentando problemas con su PIN pueden resolverlo f\u00e1cilmente completando el campo de usuario y utilizando la opci\u00f3n \u00abOlvid\u00e9 mi PIN\u00bb. Se les enviar\u00e1 un nuevo PIN por correo electr\u00f3nico. Es importante tener en cuenta que este proceso puede demorar un poco, ya que el env\u00edo del nuevo PIN no es autom\u00e1tico y puede requerir cierto tiempo.<\/p>\n\n\n\n<p id=\"actualizar-correo\"><strong>\u00bfNecesit\u00e1s actualizar el correo electr\u00f3nico registrado?<br><\/strong>Si ya no utilizan el correo electr\u00f3nico con el que se inscribieron inicialmente o tienen dificultades para recibir el PIN por alguna raz\u00f3n, como cambios en su direcci\u00f3n de correo electr\u00f3nico, deben acercarse al Departamento de Estudiantes en persona para realizar la actualizaci\u00f3n del correo electr\u00f3nico.<\/p>\n\n\n\n<p id=\"alternativas-inscripcion\"><strong>\u00bfPor qu\u00e9 me aparecen varias alternativas para elegir en la pantalla de inscripci\u00f3n?<br><\/strong>Ofrecemos varias opciones de horario y docentes para cada materia debido a que los cupos pueden ser limitados, dependiendo del instrumento y\/o materia y la cantidad de inscritos. Esto te permite tener flexibilidad y aumenta tus posibilidades de obtener un cupo. Si no podemos asignarte tu primera opci\u00f3n, haremos todo lo posible por asignarte la siguiente opci\u00f3n que hayas seleccionado.<\/p>\n\n\n\n<p id=\"curso-no-aparece\"><strong>\u00bfEs obligatorio anotarme en todas las materias que me aparecen?<em><br><\/em><\/strong>No, no es obligatorio. El listado de materias proporcionado representa un plan posible para completar todas las asignaturas del a\u00f1o en un a\u00f1o acad\u00e9mico. Sin embargo, seg\u00fan la disponibilidad de cada persona, pueden anotarse en menos materias. <strong>El m\u00ednimo requerido es 1 materia<\/strong>.<br><br><strong>Atenci\u00f3n: Las materias seleccionadas no pueden superponerse, y las correlativas deben estar regularizadas.<\/strong><\/p>\n\n\n\n<p class=\"has-contrast-color has-text-color\" id=\"seguir-con-docente\"><strong>\u00bfSi vengo cursando con un docente desde hace mucho, podr\u00e9 seguir estudiando con \u00e9l o ella?<\/strong><em><br><\/em>\u00a1Por supuesto! Valoramos la continuidad y la relaci\u00f3n establecida entre estudiantes y sus docentes. Es una de nuestras prioridades al asignar los cupos. Quienes hayan estado cursando con un docente por un per\u00edodo prolongado tendr\u00e1n prioridad para mantener esa vacante.<\/p>\n\n\n\n<p id=\"preferencias\"><strong>\u00bfPuedo modificar mis preferencias?<\/strong><em><br><\/em><strong>Una vez enviado el formulario, no podr\u00e1s realizar modificaciones. <\/strong>Te recomendamos revisar cuidadosamente tus elecciones antes de enviarlo.<\/p>\n\n\n\n<p id=\"renunciar\"><strong>\u00bfPuedo renunciar a materias? \u00bfC\u00f3mo lo hago?<\/strong><br>Pod\u00e9s renunciar a las cursadas de instrumento y\/o de teor\u00eda. Para hacerlo, ingres\u00e1 al sistema conservatoriopiazzolla.ar con tu usuario: all\u00ed aparecer\u00e1 un men\u00fa con distintas acciones disponibles. Seleccion\u00e1 la opci\u00f3n \u201cRenunciar\u201d; al hacerlo, se mostrar\u00e1n las materias a las que pod\u00e9s renunciar para que elijas la correspondiente.<\/p>\n\n\n\n<p id=\"dia-asignado\"><strong>\u00bfC\u00f3mo me entero en qu\u00e9 d\u00eda y horario qued\u00e9 asignado\/a?<\/strong><em><br><\/em>Deber\u00e1s ingresar al sistema para consultar los d\u00edas y horarios que te fueron asignados. Te pedimos paciencia, ya que el procesamiento de todas las solicitudes puede demorar un tiempo.<\/p>\n\n\n\n<p id=\"acceder\"><strong>\u00bfNo pod\u00e9s acceder al sistema?<\/strong><br>El servicio que sostiene nuestro sistema puede llegar a verse afectado por tormentas. De ser as\u00ed te recomendamos esperar a que se reestablezca y estar atento a las comunicaciones oficiales.<\/p>\n\n\n\n<hr class=\"wp-block-separator has-alpha-channel-opacity\"\/>\n\n\n\n<p><strong>\u00bfTen\u00e9s m\u00e1s preguntas?<\/strong><br>Si ten\u00e9s alguna otra pregunta, no dudes en contactarnos por correo electr\u00f3nico a: conservatorio_piazzolla@buenosaires.gob.ar<\/p>\n","protected":false},"excerpt":{"rendered":"<p>\u00bfTen\u00e9s dificultades con el PIN (contrase\u00f1a)?\u00bfNecesit\u00e1s actualizar el correo electr\u00f3nico registrado?\u00bfPor qu\u00e9 me aparecen varias alternativas para elegir en la pantalla de inscripci\u00f3n?\u00bfEs obligatorio anotarme en todas las materias que me aparecen?\u00bfSi vengo cursando con un docente desde hace mucho, podr\u00e9 seguir estudiando con \u00e9l o ella?\u00bfPuedo modificar mis preferencias?\u00bfPuedo renunciar a materias? \u00bfC\u00f3mo lo &#8230; <a title=\"Preguntas Frecuentes sobre inscripci\u00f3n a materias\" class=\"read-more\" href=\"https:\/\/cmbsas-caba.infd.edu.ar\/sitio\/estudiantes\/inscripcion-a-materias\/preguntas-frecuentes-sobre-inscripcion\/\" aria-label=\"More on Preguntas Frecuentes sobre inscripci\u00f3n a materias\">[+]<\/a><\/p>\n","protected":false},"author":4,"featured_media":0,"parent":4692,"menu_order":0,"comment_status":"closed","ping_status":"closed","template":"","meta":[],"acf":[],"_links":{"self":[{"href":"https:\/\/cmbsas-caba.infd.edu.ar\/sitio\/wp-json\/wp\/v2\/pages\/5030"}],"collection":[{"href":"https:\/\/cmbsas-caba.infd.edu.ar\/sitio\/wp-json\/wp\/v2\/pages"}],"about":[{"href":"https:\/\/cmbsas-caba.infd.edu.ar\/sitio\/wp-json\/wp\/v2\/types\/page"}],"author":[{"embeddable":true,"href":"https:\/\/cmbsas-caba.infd.edu.ar\/sitio\/wp-json\/wp\/v2\/users\/4"}],"replies":[{"embeddable":true,"href":"https:\/\/cmbsas-caba.infd.edu.ar\/sitio\/wp-json\/wp\/v2\/comments?post=5030"}],"version-history":[{"count":36,"href":"https:\/\/cmbsas-caba.infd.edu.ar\/sitio\/wp-json\/wp\/v2\/pages\/5030\/revisions"}],"predecessor-version":[{"id":8593,"href":"https:\/\/cmbsas-caba.infd.edu.ar\/sitio\/wp-json\/wp\/v2\/pages\/5030\/revisions\/8593"}],"up":[{"embeddable":true,"href":"https:\/\/cmbsas-caba.infd.edu.ar\/sitio\/wp-json\/wp\/v2\/pages\/4692"}],"wp:attachment":[{"href":"https:\/\/cmbsas-caba.infd.edu.ar\/sitio\/wp-json\/wp\/v2\/media?parent=5030"}],"curies":[{"name":"wp","href":"https:\/\/api.w.org\/{rel}","templated":true}]}}