{"id":5054,"date":"2024-03-11T13:10:33","date_gmt":"2024-03-11T16:10:33","guid":{"rendered":"https:\/\/cmbsas-caba.infd.edu.ar\/sitio\/?page_id=5054"},"modified":"2025-09-22T14:43:35","modified_gmt":"2025-09-22T17:43:35","slug":"iniciar-una-nueva-carrera-de-nivel-superior","status":"publish","type":"page","link":"https:\/\/cmbsas-caba.infd.edu.ar\/sitio\/estudiantes\/iniciar-una-nueva-carrera-de-nivel-superior\/","title":{"rendered":"Iniciar una nueva carrera de Nivel Superior"},"content":{"rendered":"\n<p>Se puso a disposici\u00f3n una nueva herramienta de autogesti\u00f3n para estudiantes que desean comenzar una carrera de Nivel Superior. La misma, ha sido dise\u00f1ada para ser accesible tanto desde dispositivos m\u00f3viles como desde computadoras, sin inconvenientes.<\/p>\n\n\n\n<p>Pasos para iniciar tu nueva carrera:<\/p>\n\n\n\n<p><strong>1- Accede al sistema<\/strong><\/p>\n\n\n\n<ul>\n<li>Entr\u00e1 a<a href=\"https:\/\/conservatoriopiazzolla.ar\/\"> https:\/\/conservatoriopiazzolla.ar\/<\/a> e inicia sesi\u00f3n utilizando tu DNI\/Pasaporte y PIN.<\/li>\n<\/ul>\n\n\n\n<p><strong>2- P\u00e1gina Inicial<\/strong><\/p>\n\n\n\n<ul>\n<li>Una vez que hayas accedido correctamente, encontrar\u00e1s en la p\u00e1gina principal del sistema el enlace<strong> \u00abAnotarte en una carrera de nivel superior\u201d<\/strong>. Haz clic en \u00e9l para continuar.<\/li>\n<\/ul>\n\n\n\n<p><strong>3- P\u00e1gina de inicio de nuevas Carreras Nivel Superior<\/strong><\/p>\n\n\n\n<ul>\n<li>Te mostrar\u00e1 las carreras en las que est\u00e1s en condiciones de anotarte. Podr\u00e1s seleccionar una o m\u00e1s carreras.<\/li>\n<\/ul>\n\n\n\n<p><strong>4- Matriculate<\/strong><\/p>\n\n\n\n<ul>\n<li>Despu\u00e9s de seleccionar tu carrera, podr\u00e1s acceder a la instancia de <a href=\"https:\/\/cmbsas-caba.infd.edu.ar\/sitio\/estudiantes\/matriculacion-2024\/\">Matriculaci\u00f3n<\/a> desde la p\u00e1gina inicial del sistema.&nbsp;<\/li>\n\n\n\n<li><\/li>\n<\/ul>\n\n\n\n<p><strong>5- Finaliz\u00e1 la Matriculaci\u00f3n<\/strong><\/p>\n\n\n\n<ul>\n<li>Una vez completada la matriculaci\u00f3n, haz clic en el bot\u00f3n \u00abFinalizar Matriculaci\u00f3n\u00bb. Ser\u00e1s redirigido a la p\u00e1gina del Comprobante de Matriculaci\u00f3n, donde encontrar\u00e1s un resumen de tus elecciones y la opci\u00f3n de imprimir o descargar tu comprobante.<\/li>\n<\/ul>\n\n\n\n<p><strong><a href=\"https:\/\/cmbsas-caba.infd.edu.ar\/sitio\/estudiantes\/iniciar-una-nueva-carrera-de-nivel-superior\/preguntas-frecuentes-sobre-iniciar-una-nueva-carrera-de-nivel-superior\/\" data-type=\"URL\" data-id=\"https:\/\/cmbsas-caba.infd.edu.ar\/sitio\/estudiantes\/iniciar-una-nueva-carrera-de-nivel-superior\/preguntas-frecuentes-sobre-iniciar-una-nueva-carrera-de-nivel-superior\/\" target=\"_blank\" rel=\"noreferrer noopener\">Si tienes alguna pregunta, consult\u00e1 nuestras respuestas a las preguntas m\u00e1s frecuentes aqu\u00ed.<br><\/a><br>Tambi\u00e9n pod\u00e9s contactarnos por correo electr\u00f3nico a: <\/strong><a href=\"mailto:conservatorio_piazzolla@buenosaires.gob.ar\"><strong>conservatorio_piazzolla@buenosaires.gob.ar<\/strong><\/a><\/p>\n","protected":false},"excerpt":{"rendered":"<p>Se puso a disposici\u00f3n una nueva herramienta de autogesti\u00f3n para estudiantes que desean comenzar una carrera de Nivel Superior. La misma, ha sido dise\u00f1ada para ser accesible tanto desde dispositivos m\u00f3viles como desde computadoras, sin inconvenientes. Pasos para iniciar tu nueva carrera: 1- Accede al sistema 2- P\u00e1gina Inicial 3- P\u00e1gina de inicio de nuevas &#8230; <a title=\"Iniciar una nueva carrera de Nivel Superior\" class=\"read-more\" href=\"https:\/\/cmbsas-caba.infd.edu.ar\/sitio\/estudiantes\/iniciar-una-nueva-carrera-de-nivel-superior\/\" aria-label=\"More on Iniciar una nueva carrera de Nivel Superior\">[+]<\/a><\/p>\n","protected":false},"author":2817,"featured_media":0,"parent":1829,"menu_order":0,"comment_status":"closed","ping_status":"closed","template":"","meta":[],"acf":[],"_links":{"self":[{"href":"https:\/\/cmbsas-caba.infd.edu.ar\/sitio\/wp-json\/wp\/v2\/pages\/5054"}],"collection":[{"href":"https:\/\/cmbsas-caba.infd.edu.ar\/sitio\/wp-json\/wp\/v2\/pages"}],"about":[{"href":"https:\/\/cmbsas-caba.infd.edu.ar\/sitio\/wp-json\/wp\/v2\/types\/page"}],"author":[{"embeddable":true,"href":"https:\/\/cmbsas-caba.infd.edu.ar\/sitio\/wp-json\/wp\/v2\/users\/2817"}],"replies":[{"embeddable":true,"href":"https:\/\/cmbsas-caba.infd.edu.ar\/sitio\/wp-json\/wp\/v2\/comments?post=5054"}],"version-history":[{"count":8,"href":"https:\/\/cmbsas-caba.infd.edu.ar\/sitio\/wp-json\/wp\/v2\/pages\/5054\/revisions"}],"predecessor-version":[{"id":7988,"href":"https:\/\/cmbsas-caba.infd.edu.ar\/sitio\/wp-json\/wp\/v2\/pages\/5054\/revisions\/7988"}],"up":[{"embeddable":true,"href":"https:\/\/cmbsas-caba.infd.edu.ar\/sitio\/wp-json\/wp\/v2\/pages\/1829"}],"wp:attachment":[{"href":"https:\/\/cmbsas-caba.infd.edu.ar\/sitio\/wp-json\/wp\/v2\/media?parent=5054"}],"curies":[{"name":"wp","href":"https:\/\/api.w.org\/{rel}","templated":true}]}}