{"id":5078,"date":"2024-03-19T13:46:35","date_gmt":"2024-03-19T16:46:35","guid":{"rendered":"https:\/\/cmbsas-caba.infd.edu.ar\/sitio\/?page_id=5078"},"modified":"2024-03-19T22:24:26","modified_gmt":"2024-03-20T01:24:26","slug":"preguntas-frecuentes-sobre-iniciar-una-nueva-carrera-de-nivel-superior","status":"publish","type":"page","link":"https:\/\/cmbsas-caba.infd.edu.ar\/sitio\/estudiantes\/iniciar-una-nueva-carrera-de-nivel-superior\/preguntas-frecuentes-sobre-iniciar-una-nueva-carrera-de-nivel-superior\/","title":{"rendered":"Preguntas Frecuentes sobre iniciar una nueva carrera de Nivel Superior"},"content":{"rendered":"\n<p><a href=\"https:\/\/cmbsas-caba.infd.edu.ar\/sitio\/estudiantes\/iniciar-una-nueva-carrera-de-nivel-superior\/\">Informaci\u00f3n general sobre Iniciar una nueva carrera de Nivel Superior<\/a><\/p>\n\n\n\n<p><strong>\u00bfTienen dificultades con el PIN (contrase\u00f1a)?<\/strong><br>Si est\u00e1n experimentando problemas con su PIN pueden resolverlo f\u00e1cilmente utilizando la opci\u00f3n \u00abOlvid\u00e9 mi PIN\u00bb. Se les enviar\u00e1 un nuevo PIN por correo electr\u00f3nico. Es importante tener en cuenta que este proceso puede demorar un poco, ya que el env\u00edo del nuevo PIN no es autom\u00e1tico y puede requerir cierto tiempo.<\/p>\n\n\n\n<p><strong>\u00bfNecesitan actualizar el correo electr\u00f3nico registrado?<br><\/strong>Si ya no utilizan el correo electr\u00f3nico con el que se inscribieron inicialmente o tienen dificultades para recibir el PIN por alguna raz\u00f3n, como cambios en su direcci\u00f3n de correo electr\u00f3nico, deben acercarse al Departamento de Estudiantes en persona para realizar la actualizaci\u00f3n del correo electr\u00f3nico.<\/p>\n\n\n\n<p><strong>\u00bfQu\u00e9 debo hacer una vez enviado el formulario?<\/strong><em><br><\/em>Una vez enviado el formulario con la elecci\u00f3n de la carrera del nivel superior, podr\u00e1s acceder a la instancia de <a href=\"https:\/\/cmbsas-caba.infd.edu.ar\/sitio\/estudiantes\/matriculacion-2024\/\">Matriculaci\u00f3n<\/a> desde la p\u00e1gina inicial del sistema.\u00a0<\/p>\n\n\n\n<p><strong>\u00bfPor qu\u00e9 me aparecen varias alternativas para elegir en la pantalla de Matriculaci\u00f3n?<br><\/strong>Ofrecemos varias opciones de horario y docentes para cada materia debido a que los cupos pueden ser limitados, dependiendo del instrumento y\/o materia y la cantidad de inscritos. Esto te permite tener flexibilidad y aumenta tus posibilidades de obtener un cupo. Si no podemos asignarte tu primera opci\u00f3n, haremos todo lo posible por asignarte la siguiente opci\u00f3n que hayas seleccionado.<\/p>\n\n\n\n<p><strong>\u00bfEs obligatorio anotarme en todas las materias que me aparecen?<em><br><\/em><\/strong>No, no es obligatorio. El listado de materias proporcionado representa un plan posible para completar todas las asignaturas del a\u00f1o en un a\u00f1o acad\u00e9mico. Sin embargo, seg\u00fan la disponibilidad de cada persona, pueden anotarse en menos materias. <strong>El m\u00ednimo requerido es 1 materia<\/strong>.<br><br><strong>Recuerden que las materias seleccionadas no pueden superponerse y que las correlativas tienen que estar regularizadas.<\/strong><br><br><strong>\u00bfSi vengo cursando con un docente desde hace mucho, podr\u00e9 seguir estudiando con \u00e9l o ella?<\/strong><em><br><\/em>\u00a1Por supuesto! Valoramos la continuidad y la relaci\u00f3n establecida entre estudiantes y sus docentes. Es una de nuestras prioridades al asignar los cupos. Quienes hayan estado cursando con un docente por un per\u00edodo prolongado tendr\u00e1n prioridad para mantener esa vacante.<\/p>\n\n\n\n<p><strong>\u00bfPuedo modificar mis preferencias?<\/strong><em><br><\/em>Una vez enviado el formulario, no podr\u00e1s realizar modificaciones. Te recomendamos revisar cuidadosamente tus elecciones antes de enviarlo.<\/p>\n\n\n\n<p><strong>\u00bfCu\u00e1ndo me entero en qu\u00e9 d\u00eda y horario qued\u00e9 asignado\/a?<\/strong><em><br><\/em>La confirmaci\u00f3n de los d\u00edas y horarios ser\u00e1 enviada por correo electr\u00f3nico. Por favor, ten\u00e9 paciencia, ya que puede llevar algunos d\u00edas procesar todas las solicitudes.<\/p>\n\n\n\n<p><strong>\u00bfTen\u00e9s m\u00e1s preguntas?<\/strong><em><br><\/em>Si ten\u00e9s alguna otra pregunta, no dudes en contactarnos por correo electr\u00f3nico a: conservatorio_piazzolla@buenosaires.gob.ar<\/p>\n","protected":false},"excerpt":{"rendered":"<p>Informaci\u00f3n general sobre Iniciar una nueva carrera de Nivel Superior \u00bfTienen dificultades con el PIN (contrase\u00f1a)?Si est\u00e1n experimentando problemas con su PIN pueden resolverlo f\u00e1cilmente utilizando la opci\u00f3n \u00abOlvid\u00e9 mi PIN\u00bb. Se les enviar\u00e1 un nuevo PIN por correo electr\u00f3nico. Es importante tener en cuenta que este proceso puede demorar un poco, ya que el &#8230; <a title=\"Preguntas Frecuentes sobre iniciar una nueva carrera de Nivel Superior\" class=\"read-more\" href=\"https:\/\/cmbsas-caba.infd.edu.ar\/sitio\/estudiantes\/iniciar-una-nueva-carrera-de-nivel-superior\/preguntas-frecuentes-sobre-iniciar-una-nueva-carrera-de-nivel-superior\/\" aria-label=\"More on Preguntas Frecuentes sobre iniciar una nueva carrera de Nivel Superior\">[+]<\/a><\/p>\n","protected":false},"author":2817,"featured_media":0,"parent":5054,"menu_order":0,"comment_status":"closed","ping_status":"closed","template":"","meta":[],"acf":[],"_links":{"self":[{"href":"https:\/\/cmbsas-caba.infd.edu.ar\/sitio\/wp-json\/wp\/v2\/pages\/5078"}],"collection":[{"href":"https:\/\/cmbsas-caba.infd.edu.ar\/sitio\/wp-json\/wp\/v2\/pages"}],"about":[{"href":"https:\/\/cmbsas-caba.infd.edu.ar\/sitio\/wp-json\/wp\/v2\/types\/page"}],"author":[{"embeddable":true,"href":"https:\/\/cmbsas-caba.infd.edu.ar\/sitio\/wp-json\/wp\/v2\/users\/2817"}],"replies":[{"embeddable":true,"href":"https:\/\/cmbsas-caba.infd.edu.ar\/sitio\/wp-json\/wp\/v2\/comments?post=5078"}],"version-history":[{"count":6,"href":"https:\/\/cmbsas-caba.infd.edu.ar\/sitio\/wp-json\/wp\/v2\/pages\/5078\/revisions"}],"predecessor-version":[{"id":5101,"href":"https:\/\/cmbsas-caba.infd.edu.ar\/sitio\/wp-json\/wp\/v2\/pages\/5078\/revisions\/5101"}],"up":[{"embeddable":true,"href":"https:\/\/cmbsas-caba.infd.edu.ar\/sitio\/wp-json\/wp\/v2\/pages\/5054"}],"wp:attachment":[{"href":"https:\/\/cmbsas-caba.infd.edu.ar\/sitio\/wp-json\/wp\/v2\/media?parent=5078"}],"curies":[{"name":"wp","href":"https:\/\/api.w.org\/{rel}","templated":true}]}}