{"id":5289,"date":"2024-05-03T12:22:04","date_gmt":"2024-05-03T15:22:04","guid":{"rendered":"https:\/\/cmbsas-caba.infd.edu.ar\/sitio\/?page_id=5289"},"modified":"2026-02-24T11:58:58","modified_gmt":"2026-02-24T14:58:58","slug":"novedades-institucionales","status":"publish","type":"page","link":"https:\/\/cmbsas-caba.infd.edu.ar\/sitio\/institucional\/novedades-institucionales\/","title":{"rendered":"Novedades Institucionales"},"content":{"rendered":"\n<p class=\"has-medium-font-size\"><strong>\u00a1Preinscripciones abiertas para el Ciclo Lectivo 2026!<\/strong><\/p>\n\n\n\n<p>Ofrecemos formaci\u00f3n gratuita en una amplia variedad de instrumentos y especialidades, desde m\u00fasica cl\u00e1sica hasta disciplinas m\u00e1s contempor\u00e1neas como Producci\u00f3n Musical y Composici\u00f3n con medios mixtos. Las inscripciones est\u00e1n abiertas para ni\u00f1os\/as, adolescentes y adultos, en todos los niveles.<\/p>\n\n\n\n<p><strong>Detalles de inscripci\u00f3n:<\/strong><\/p>\n\n\n\n<ul>\n<li><strong>Modalidad:<\/strong> Preinscripci\u00f3n online a trav\u00e9s del siguiente enlace: <a href=\"https:\/\/conservatoriopiazzolla.ar\" target=\"_blank\" rel=\"noreferrer noopener\">https:\/\/conservatoriopiazzolla.ar<\/a><\/li>\n\n\n\n<li><strong>Turnos disponibles:<\/strong> Clases de lunes a s\u00e1bados, en horarios matutinos, tarde y vespertinos.<\/li>\n<\/ul>\n\n\n\n<p>Para m\u00e1s informaci\u00f3n, consulte la oferta acad\u00e9mica en nuestra web o cont\u00e1ctenos a trav\u00e9s de nuestro correo electr\u00f3nico: <strong><a>conservatorio_piazzolla@buenosaires.gob.ar<\/a><\/strong>.<\/p>\n\n\n\n<p class=\"has-medium-font-size\"><\/p>\n","protected":false},"excerpt":{"rendered":"<p>\u00a1Preinscripciones abiertas para el Ciclo Lectivo 2026! Ofrecemos formaci\u00f3n gratuita en una amplia variedad de instrumentos y especialidades, desde m\u00fasica cl\u00e1sica hasta disciplinas m\u00e1s contempor\u00e1neas como Producci\u00f3n Musical y Composici\u00f3n con medios mixtos. Las inscripciones est\u00e1n abiertas para ni\u00f1os\/as, adolescentes y adultos, en todos los niveles. Detalles de inscripci\u00f3n: Para m\u00e1s informaci\u00f3n, consulte la oferta &#8230; <a title=\"Novedades Institucionales\" class=\"read-more\" href=\"https:\/\/cmbsas-caba.infd.edu.ar\/sitio\/institucional\/novedades-institucionales\/\" aria-label=\"More on Novedades Institucionales\">[+]<\/a><\/p>\n","protected":false},"author":2817,"featured_media":0,"parent":4864,"menu_order":0,"comment_status":"closed","ping_status":"closed","template":"","meta":[],"acf":[],"_links":{"self":[{"href":"https:\/\/cmbsas-caba.infd.edu.ar\/sitio\/wp-json\/wp\/v2\/pages\/5289"}],"collection":[{"href":"https:\/\/cmbsas-caba.infd.edu.ar\/sitio\/wp-json\/wp\/v2\/pages"}],"about":[{"href":"https:\/\/cmbsas-caba.infd.edu.ar\/sitio\/wp-json\/wp\/v2\/types\/page"}],"author":[{"embeddable":true,"href":"https:\/\/cmbsas-caba.infd.edu.ar\/sitio\/wp-json\/wp\/v2\/users\/2817"}],"replies":[{"embeddable":true,"href":"https:\/\/cmbsas-caba.infd.edu.ar\/sitio\/wp-json\/wp\/v2\/comments?post=5289"}],"version-history":[{"count":4,"href":"https:\/\/cmbsas-caba.infd.edu.ar\/sitio\/wp-json\/wp\/v2\/pages\/5289\/revisions"}],"predecessor-version":[{"id":8455,"href":"https:\/\/cmbsas-caba.infd.edu.ar\/sitio\/wp-json\/wp\/v2\/pages\/5289\/revisions\/8455"}],"up":[{"embeddable":true,"href":"https:\/\/cmbsas-caba.infd.edu.ar\/sitio\/wp-json\/wp\/v2\/pages\/4864"}],"wp:attachment":[{"href":"https:\/\/cmbsas-caba.infd.edu.ar\/sitio\/wp-json\/wp\/v2\/media?parent=5289"}],"curies":[{"name":"wp","href":"https:\/\/api.w.org\/{rel}","templated":true}]}}