{"id":5435,"date":"2024-06-26T11:01:06","date_gmt":"2024-06-26T14:01:06","guid":{"rendered":"https:\/\/cmbsas-caba.infd.edu.ar\/sitio\/?page_id=5435"},"modified":"2024-07-03T15:32:58","modified_gmt":"2024-07-03T18:32:58","slug":"semana-piazzolla-en-el-piazzolla","status":"publish","type":"page","link":"https:\/\/cmbsas-caba.infd.edu.ar\/sitio\/semana-piazzolla-en-el-piazzolla\/","title":{"rendered":"Semana \u00abPiazzolla en el Piazzolla\u00bb"},"content":{"rendered":"\n<p>Del 1 al 6 de julio de 2024, con entrada libre y gratuita, el Conservatorio Astor Piazzolla promete una semana de intensa actividad musical y educativa, con conciertos, masterclasses y clases abiertas que celebran&nbsp; el legado de nuestro gran Astor Piazzolla.<\/p>\n\n\n\n<p><strong>Ubicaci\u00f3n:<\/strong> Conservatorio de la Ciudad \u201cAstor Piazzolla\u201d, Sarmiento 3401, CABA.<br><strong>Entrada:<\/strong> Gratuita.<\/p>\n\n\n\n<h3 class=\"wp-block-heading\"><strong>Programaci\u00f3n:<\/strong><\/h3>\n\n\n\n<h3 class=\"wp-block-heading\"><strong>Recitales especiales <\/strong><strong><br><\/strong><\/h3>\n\n\n\n<p><strong>Lunes 1 de julio<\/strong><\/p>\n\n\n\n<ul>\n<li><strong>18:00 h:<\/strong> Ensamble de Tango del Piazzolla &#8211; Dir. Pablo Agri, Emiliano Greco, Lautaro Greco y Juan Pablo Navarro.<\/li>\n\n\n\n<li><strong>11:00 h:<\/strong> Recital de estudiantes de las c\u00e1tedras de las Profesoras Laura de Luca y Cecilia Fr\u00edas (piano).<br><\/li>\n<\/ul>\n\n\n\n<p><strong>Martes 2 de julio<\/strong><\/p>\n\n\n\n<ul>\n<li><strong>17.30 h:<\/strong> Agustina Loiterstein (piano) &#8211; Cat. de Mariela Orzeszko<\/li>\n\n\n\n<li><strong>17:45 h:<\/strong> Valeria Fern\u00e1ndez (saxo) y pianista acompa\u00f1ante (Prof. Facundo Miranda) &#8211; Cat. del Prof. Andr\u00e9s Robles.<\/li>\n\n\n\n<li><strong>18:00 h:<\/strong> Bayres Horns.<\/li>\n\n\n\n<li><strong>19:00 h:<\/strong> Escalandrum.<br><\/li>\n<\/ul>\n\n\n\n<p><strong>Mi\u00e9rcoles 3 de julio<\/strong><\/p>\n\n\n\n<ul>\n<li><strong>11.00 h:<\/strong> Agustina Loiterstein (piano) &#8211; Cat. de Mariela Orzeszko<\/li>\n\n\n\n<li><strong>11:00 h:<\/strong> \u201cTanti anni prima (Ave Mar\u00eda)\u201d &#8211; C\u00e1tedra de Pr\u00e1ctica Coral del Prof. Miguel \u00c1ngel Pesce.<\/li>\n\n\n\n<li><strong>12:00 h:<\/strong> Ensamble de cellos &#8211; Prof. Valeria T\u00e1rtara y estudiantes.<\/li>\n\n\n\n<li><strong>15:00 h:<\/strong> Orquesta Sinf\u00f3nica del Piazzolla &#8211; Dir. Edgar Ferrer.<\/li>\n\n\n\n<li><strong>15:00 h:<\/strong> \u201cTanti anni prima (Ave Mar\u00eda)\u201d &#8211; C\u00e1tedra de Pr\u00e1ctica Coral del Prof. Miguel \u00c1ngel Pesce.<\/li>\n\n\n\n<li><strong>16:00 h<\/strong>. \u00abHistoria del tango &#8211; Cafe 1930\u00bb por Cintia Ail\u00edn Pellanda (flauta) y Franco Devizia (guitarra) &#8211; Cat. de flauta, Prof. Ana Rosa Rodriguez<\/li>\n\n\n\n<li><strong>16:30 h:<\/strong> Angelica Girl\u2019s Choir &#8211; Dir. Zsuzsanna Gr\u00e1f (Hungr\u00eda) &#8211; \u00abDe Kod\u00e1ly a Piazzolla\u201d.<\/li>\n\n\n\n<li><strong>17:00 h:<\/strong> Presentaci\u00f3n del libro \u00abReelectura de las cuatro estaciones porte\u00f1as de Astor Piazzolla\u00bb de Diego Mac\u00edas Steiner<\/li>\n\n\n\n<li><strong>17:45 h:<\/strong> \u00abAdios nonino\u00bb Gianluca Simone (piano) &#8211; Cat. de piano, Prof. Silvia Fischer.<\/li>\n\n\n\n<li><strong>18:00 h:<\/strong> \u201cRomanza del duende\u201d Tom\u00e1s Matar &#8211; C\u00e1tedra de piano, Prof. Jos\u00e9 Luis Juri.<\/li>\n\n\n\n<li><strong>20:00 h:<\/strong> Ensamble de guitarras &#8211; Arr. de \u201cInvierno porte\u00f1o\u201d &#8211; Dir. Mat\u00edas Bulgarelli y Nicol\u00e1s Hoyos.<\/li>\n\n\n\n<li><strong>20:00 h:<\/strong> Charla abierta con Omar Garc\u00eda Brunelli.<br><\/li>\n<\/ul>\n\n\n\n<p><strong>Jueves 4 de julio<\/strong><\/p>\n\n\n\n<ul>\n<li><strong>13:00 h:<\/strong> D\u00fao Calzado Linage &#8211; Buchbinder y Ensamble de Percusi\u00f3n del Piazzolla &#8211; Dir. Marina Calzado Linage.<\/li>\n\n\n\n<li><strong>14:00 h:<\/strong> Charla abierta con Sergio Rivas: \u201cPiazzolla: Estructura de sus composiciones a partir de la l\u00ednea de bajo\u201d.<\/li>\n\n\n\n<li><strong>17:00 h:<\/strong> Pablo Mainetti y Quinteto Piazzolla.<\/li>\n\n\n\n<li><strong>18:00 h:<\/strong> Lumiere Quinteto.<\/li>\n\n\n\n<li><strong>18:00 h:<\/strong> Charla Abierta: \u00abEscuchando a Piazzolla por Osvaldo Acedo\u201d, auspiciado por la Asociaci\u00f3n Argentina de T\u00e9cnicos e Ingenieros de Audio, organizado por el Prof. Ezequiel Kosiner en el marco de la c\u00e1tedra de Mezcla y Edici\u00f3n 2.<\/li>\n\n\n\n<li><strong>19:00 h:<\/strong> Armon\u00eda Opus Tr\u00edo.<\/li>\n\n\n\n<li><strong>20:00 h:<\/strong> \u00abPiazzolla en el piano\u00bb &#8211; Masterclass del Prof. Alfredo Corral.<br><\/li>\n<\/ul>\n\n\n\n<p><strong>Viernes 5 de julio<\/strong><\/p>\n\n\n\n<ul>\n<li><strong>11:00 h:<\/strong> \u201cTanti anni prima (Ave Mar\u00eda)\u201d &#8211; C\u00e1tedra de Pr\u00e1ctica Coral del Prof. Miguel \u00c1ngel Pesce.<\/li>\n\n\n\n<li><strong>11:00 h:<\/strong> \u201cAgustina Loiterstein (piano) &#8211; Cat. de Mariela Orzeszko<\/li>\n\n\n\n<li><strong>15:00 h (Charla virtual):<\/strong> Matias Gobbo \u201cLa m\u00fasica de Astor Piazzolla\u201d &#8211; Elementos t\u00e9cnicos del lenguaje de Piazzolla, inscripci\u00f3n previa requerida.<\/li>\n\n\n\n<li><strong>18:00 h:<\/strong> D\u00fao Loza Sub\u00eda &amp; Scalia (viol\u00edn y piano).<\/li>\n\n\n\n<li><strong>19:00 h:<\/strong> Concierto de estudiantes de la c\u00e1tedra de M\u00fasica de C\u00e1mara (Prof. Marta Luna, Ciclo superior). Dos Estudios Tanguisticos, d\u00fao de flautas: Luis Benavides &#8211; Santiago Koziner. Historia del Tango : Federico Rios (guitarra) y Santiago Koziner (flauta).<\/li>\n\n\n\n<li><strong>20:00 h:<\/strong> Banda Sinf\u00f3nica del Piazzolla &#8211; Dir. Hern\u00e1n Aranda.<\/li>\n\n\n\n<li><strong>20:30 h:<\/strong> El\u00edas Garc\u00eda (flauta) y Juan Francisco Duarte L\u00f3pez (guitarra) \u201cBordel 1900\u201d y \u201cCaf\u00e9 1930\u201d &#8211; C\u00e1tedra de m\u00fasica de c\u00e1mara (Prof. Jos\u00e9 Luis Juri).<\/li>\n\n\n\n<li><strong>20:45 h:<\/strong> \u00abMilonga sin palabras\u00bb por Luz Garc\u00eda Souto (viola) y Vanesa Raquel Andino (Piano) &#8211; Catedra de pr\u00e1ctica instrumental II, Prof. Sergio Catal\u00e1n.<br><\/li>\n<\/ul>\n\n\n\n<p><strong>S\u00e1bado 6 de julio<\/strong><\/p>\n\n\n\n<ul>\n<li><strong>12 h:<\/strong> Orquesta de Jazz del Piazzolla &#8211; Dir. Andr\u00e9s Robles y Damian Carrasco.<\/li>\n<\/ul>\n\n\n\n<hr class=\"wp-block-separator has-alpha-channel-opacity\"\/>\n\n\n\n<h2 class=\"wp-block-heading\">Clases abiertas:<br><\/h2>\n\n\n\n<p><strong>Lunes 1 de julio:<\/strong><\/p>\n\n\n\n<p><strong>14:00 h:<\/strong> \u201cVerano Porte\u00f1o \/ A\u00f1os de soledad\u201d &#8211; C\u00e1tedra de teor\u00eda y pr\u00e1ctica de la m\u00fasica&nbsp; III, Profs. Ubiedo y L\u00f3pez Feijoo.<\/p>\n\n\n\n<p><strong>17:00 h:<\/strong> \u201cBiograf\u00eda de Astor a trav\u00e9s de la muestra Piazzolla 100\u201d &#8211;&nbsp; C\u00e1tedra de Viol\u00edn, Prof. Lucrecia Herrero.<\/p>\n\n\n\n<p><strong>18:00 h:<\/strong> \u00abPiazzolla en la educaci\u00f3n art\u00edstica\u00bb &#8211; Talleres de pr\u00e1cticas de ense\u00f1anza art\u00edstica y en nivel primario, Prof. Graciela Flores.<\/p>\n\n\n\n<p><strong>18:00 h:<\/strong> \u201cAdi\u00f3s Nonino para quinteto de violas\u201d &#8211; C\u00e1tedras de Nivel Medio y Nivel Superior &#8211; Prof. Fioroni.<\/p>\n\n\n\n<p><strong>18:00 h: <\/strong>\u201cEl arpa en la orquestaci\u00f3n de Piazzolla: de fondo a figura\u201d &#8211; An\u00e1lisis textural y de color en los conciertos para bandone\u00f3n de Piazzolla. &#8211;<strong> <\/strong>C\u00e1tedra de Arpa, Prof. Gabriela Czernikow.<\/p>\n\n\n\n<p><strong>18:40 h<\/strong>: \u00abUn recorrido por la guitarra en el repertorio de Astor\u00bb &#8211; Cat. de guitarra, Prof. Sebasti\u00e1n Zambrana.<\/p>\n\n\n\n<p><strong>20:00 h:<\/strong> Invitado: \u201cSantiago Segret\u201d &#8211; C\u00e1tedra Teor\u00eda y Apreciaci\u00f3n I, Prof. Nubia Bado.<\/p>\n\n\n\n<p><strong>20:00 h<\/strong>: \u00abAspectos barroquizantes en la obra de Astor Piazzolla\u00bb. &#8211; Seminario estil\u00edstico barroco, Prof. Andr\u00e9s Gerszerzon.<br><\/p>\n\n\n\n<p><strong>Martes 2 de julio<\/strong><\/p>\n\n\n\n<p><strong>8:00 h:<\/strong> \u201cLibertango\u201d &#8211; C\u00e1tedra de teor\u00eda y pr\u00e1ctica de la m\u00fasica I, Prof. Ubiedo y L\u00f3pez Feijoo.<\/p>\n\n\n\n<p><strong>8:00 h:<\/strong> \u00abPiazzollitas\u00bb Se trabajar\u00e1 sobre el material espec\u00edfico &nbsp;&#8211; Cat. Did\u00e1ctica General y Did\u00e1ctica de la M\u00fasica y Sujetos de la Modalidad Art\u00edstica I, Prof. Paula Barragan.<\/p>\n\n\n\n<p><strong>10:00 h: <\/strong>&nbsp;\u201cEjecuci\u00f3n, concertaci\u00f3n e interpretaci\u00f3n de Piazzolla\u201d- Cat. de <strong>&nbsp;<\/strong>M\u00fasica de C\u00e1mara, Prof. Marta Luna.<\/p>\n\n\n\n<p><strong>15:00 h:<\/strong> \u201cEjecuci\u00f3n, concertaci\u00f3n e interpretaci\u00f3n de Piazzolla\u201d- Cat. de M\u00fasica de C\u00e1mara, Prof. Marta Luna.<\/p>\n\n\n\n<p><strong>16:00 h:<\/strong> \u201cEl tratamiento del sonido instrumental en Piazzolla\u201d &#8211; C\u00e1tedra de instrumentolog\u00eda, Prof. Edgar Ferrer.<\/p>\n\n\n\n<p><strong>16:00 h<\/strong>, \u00abLo que vendr\u00e1\u00bb en cuarteto de cellos, \u00abAve Mar\u00eda\u00bb para cello y piano y \u00abMelod\u00eda en La\u00bb para ensamble (lectura a primera vista) &#8211; Cat. de violonchelo, Prof. Carlos Diener.<\/p>\n\n\n\n<p><strong>18:00 h:<\/strong> \u201cEstudios de Santero\u201d &#8211; C\u00e1tedra de Teor\u00eda y Pr\u00e1ctica, Prof. Lizama.<\/p>\n\n\n\n<p><strong>18:40 h<\/strong>: \u00abLa estructura de Fuga y Misterio de Astor Piazzolla\u00bb &#8211; Cat de apreciaci\u00f3n III, Prof Julian Monti.<\/p>\n\n\n\n<p><strong>Mi\u00e9rcoles 3 de julio<\/strong><\/p>\n\n\n\n<p><strong>10:00 h:<\/strong> Consort de flautas dulces &#8211; Dir. Nubia Bado, lectura de un arreglo de \u201cLibertango\u201d.<\/p>\n\n\n\n<p><strong>11:00 h:&nbsp; <\/strong>\u201cRepertorio de Piazzolla\u201d &#8211; Cat de direcci\u00f3n de m\u00fasica de c\u00e1mara, Prof. Marta Luna.<\/p>\n\n\n\n<p><strong>14:00 h:<\/strong> Arreglos y versiones de obras de Piazzolla para flauta dulce &#8211; C\u00e1tedra de flauta dulce, Prof. Nubia Bado.<\/p>\n\n\n\n<p><strong>18:00 h:<\/strong> \u201cMezclas de Piazzolla\u201d &#8211; C\u00e1tedra Mezcla y Edici\u00f3n 1, Prof. Ezequiel Kosiner.<strong><br><\/strong><strong><br><\/strong><strong>18:40 h: <\/strong>Abordaje de la obra de Piazzolla &#8211; C\u00e1tedra de Historia General de la M\u00fasica II, Prof. Marcela Abad.<br>&nbsp;<\/p>\n\n\n\n<p><strong>Jueves 4 de julio<\/strong><\/p>\n\n\n\n<p><strong>12:30 h<\/strong>:  Ensayo abierto: live set con ableton live y sintetizadores techno-downtempo-chillout &#8211; Ensamble de producci\u00f3n (Dir. Gaston Delicio)<\/p>\n\n\n\n<p><strong>18:00 h:<\/strong> Estudios de Santero que trabajan c\u00e9lulas r\u00edtmicas del estilo de Piazzolla &#8211; C\u00e1tedra de Teor\u00eda y Pr\u00e1ctica, Prof. Lizama.<\/p>\n\n\n\n<p><strong>18:00 h:<\/strong> \u201cPiazzolla y las formas\u201d &#8211; C\u00e1tedra de Morfolog\u00eda y an\u00e1lisis, Prof. Edgar Ferrer.<br><\/p>\n\n\n\n<p><strong>Viernes 5 de julio<\/strong><strong><br><\/strong><br><strong>8:00 h:<\/strong> C\u00e1tedra de teor\u00eda y pr\u00e1ctica de la m\u00fasica, Profs. Ubiedo y L\u00f3pez Feijoo.<\/p>\n\n\n\n<p><strong>10:00 h.<\/strong> El Contrapunto en la obra de Piazzolla\u00bb &#8211; C\u00e1tedra Aitana Kasulin.<\/p>\n\n\n\n<p><strong>20:00 h:<\/strong> \u201cLa figura de Boulanger en la construcci\u00f3n del rol docente\u201d &#8211; C\u00e1tedra de Pedagog\u00eda, Prof. Bianchini.<br><\/p>\n\n\n\n<p><strong>20:00 h<\/strong> &#8211; \u201cMilonga del angel\u201d adaptaci\u00f3n en quinteto &#8211; Cat. de m\u00fasica de c\u00e1mara, Prof. Sebasti\u00e1n Zambrana.<br><br><\/p>\n\n\n\n<p><strong>S\u00e1bado 6 de julio<\/strong><\/p>\n\n\n\n<p><strong>13:00 h:<\/strong>\u201cInstrumentaci\u00f3n en la m\u00fasica de Piazzolla: Cruces entre lo cl\u00e1sico y lo popular\u201d &#8211; C\u00e1tedra de Apreciaci\u00f3n Musical, Prof. Mauricio Charbonnier.<br><br><strong>15:00 h:<\/strong> \u201cAn\u00e1lisis textural y din\u00e1mico de Piazzolla\u201d &#8211; C\u00e1tedra de Teor\u00eda y Apreciaci\u00f3n I y II<strong>, <\/strong>Prof. Leo Felipeli.<br><\/p>\n\n\n\n<p><strong>Tambi\u00e9n participan:<\/strong><\/p>\n\n\n\n<p>Las c\u00e1tedras de pr\u00e1cticas corales de los Prof. Claria, Piccini y Nocito estar\u00e1n trabajando la obra \u201cJacinto Chiclana\u201d con los distintos niveles.<\/p>\n\n\n\n<p><strong>Adem\u00e1s:<\/strong><\/p>\n\n\n\n<p><strong>La biblioteca del conservatorio participar\u00e1 con: \u201cPiazzolla, el tibur\u00f3n en la biblioteca\u201d.<\/strong><\/p>\n\n\n\n<p>Desde las profundidades del Conservatorio, el tibur\u00f3n se hace presente en la Biblioteca, con un recorrido por su obra: partituras, obras biogr\u00e1ficas y gr\u00e1ficas, vinilos, im\u00e1genes y piezas \u00fanicas.<\/p>\n\n\n\n<p>Horario: lunes a viernes de 8:00 hs a 17:30 hs.<\/p>\n\n\n\n<hr class=\"wp-block-separator has-alpha-channel-opacity\"\/>\n\n\n\n<p><strong>Acerca del Conservatorio Astor Piazzolla<\/strong><\/p>\n\n\n\n<p>El Conservatorio Superior de M\u00fasica Astor Piazzolla es una instituci\u00f3n p\u00fablica y gratuita de la Ciudad de Buenos Aires. Brinda formaci\u00f3n integral y profesional en m\u00fasica en todos los niveles, con una amplia oferta de instrumentos y especialidades. Adem\u00e1s, realiza numerosas actividades de extensi\u00f3n, cursos, talleres, festivales y conciertos abiertos a toda la comunidad.<\/p>\n","protected":false},"excerpt":{"rendered":"<p>Del 1 al 6 de julio de 2024, con entrada libre y gratuita, el Conservatorio Astor Piazzolla promete una semana de intensa actividad musical y educativa, con conciertos, masterclasses y clases abiertas que celebran&nbsp; el legado de nuestro gran Astor Piazzolla. Ubicaci\u00f3n: Conservatorio de la Ciudad \u201cAstor Piazzolla\u201d, Sarmiento 3401, CABA.Entrada: Gratuita. Programaci\u00f3n: Recitales especiales &#8230; <a title=\"Semana \u00abPiazzolla en el Piazzolla\u00bb\" class=\"read-more\" href=\"https:\/\/cmbsas-caba.infd.edu.ar\/sitio\/semana-piazzolla-en-el-piazzolla\/\" aria-label=\"More on Semana \u00abPiazzolla en el Piazzolla\u00bb\">[+]<\/a><\/p>\n","protected":false},"author":309,"featured_media":0,"parent":0,"menu_order":0,"comment_status":"closed","ping_status":"closed","template":"","meta":[],"acf":[],"_links":{"self":[{"href":"https:\/\/cmbsas-caba.infd.edu.ar\/sitio\/wp-json\/wp\/v2\/pages\/5435"}],"collection":[{"href":"https:\/\/cmbsas-caba.infd.edu.ar\/sitio\/wp-json\/wp\/v2\/pages"}],"about":[{"href":"https:\/\/cmbsas-caba.infd.edu.ar\/sitio\/wp-json\/wp\/v2\/types\/page"}],"author":[{"embeddable":true,"href":"https:\/\/cmbsas-caba.infd.edu.ar\/sitio\/wp-json\/wp\/v2\/users\/309"}],"replies":[{"embeddable":true,"href":"https:\/\/cmbsas-caba.infd.edu.ar\/sitio\/wp-json\/wp\/v2\/comments?post=5435"}],"version-history":[{"count":30,"href":"https:\/\/cmbsas-caba.infd.edu.ar\/sitio\/wp-json\/wp\/v2\/pages\/5435\/revisions"}],"predecessor-version":[{"id":5513,"href":"https:\/\/cmbsas-caba.infd.edu.ar\/sitio\/wp-json\/wp\/v2\/pages\/5435\/revisions\/5513"}],"wp:attachment":[{"href":"https:\/\/cmbsas-caba.infd.edu.ar\/sitio\/wp-json\/wp\/v2\/media?parent=5435"}],"curies":[{"name":"wp","href":"https:\/\/api.w.org\/{rel}","templated":true}]}}