{"id":7288,"date":"2025-07-02T12:28:35","date_gmt":"2025-07-02T15:28:35","guid":{"rendered":"https:\/\/cmbsas-caba.infd.edu.ar\/sitio\/?page_id=7288"},"modified":"2026-04-07T11:05:20","modified_gmt":"2026-04-07T14:05:20","slug":"reglamento-y-acuerdo-de-convivencia","status":"publish","type":"page","link":"https:\/\/cmbsas-caba.infd.edu.ar\/sitio\/reglamento-y-acuerdo-de-convivencia\/","title":{"rendered":"Reglamento y \u00a0Acuerdo de Convivencia"},"content":{"rendered":"\n<p>Compartimos el nuevo&nbsp;<strong>Reglamento y &nbsp;Acuerdo de Convivencia del Conservatorio Superior de M\u00fasica \u201cAstor Piazzolla\u201d<\/strong>, elaborado de manera conjunta con el Consejo Directivo como herramienta para fortalecer la vida institucional en un marco de respeto, di\u00e1logo y construcci\u00f3n colectiva.<\/p>\n\n\n\n<p>Este acuerdo busca acompa\u00f1ar la cotidianeidad institucional promoviendo un clima de trabajo y estudio basado en el cuidado mutuo, el respeto por la diversidad y la resoluci\u00f3n pac\u00edfica de los conflictos.<\/p>\n\n\n\n<p>&#x1f587;&#xfe0f;<strong><a href=\"https:\/\/cmbsas-caba.infd.edu.ar\/sitio\/wp-content\/uploads\/2025\/07\/REGLAMENTO-DE-CONVIVENCIA-DEL-CONSERVATORIO-ASTOR-PIAZZOLLA.pdf\">Aqu\u00ed se encuentra para bajar el documento completo, que ya fue aprobado por el Consejo Directivo, e invitamos a toda la comunidad a conocerlo y compartirlo.<\/a><\/strong><\/p>\n\n\n\n<p>Creemos que su aplicaci\u00f3n contribuir\u00e1 a reforzar nuestras pr\u00e1cticas democr\u00e1ticas y a seguir construyendo un conservatorio m\u00e1s inclusivo y participativo.<\/p>\n\n\n\n<p>En caso de conflictos o inquietudes, recordamos que cada uno de ustedes puede recurrir a &nbsp;sus representantes &nbsp;o autoridades para canalizar sus necesidades:<\/p>\n\n\n\n<p><strong>Equipo Interdisciplinario<\/strong><br><a rel=\"noreferrer noopener\" href=\"mailto:einterpiazzolla@gmail.com\" target=\"_blank\">einterpiazzolla@gmail.com<\/a><\/p>\n\n\n\n<p><strong>Regencias<\/strong><br>Turno ma\u00f1ana: Prof. Ana Wanceublen \u2013\u00a0<a rel=\"noreferrer noopener\" href=\"mailto:regenciaTM_piazzolla@buenosaires.gob.ar\" target=\"_blank\">regenciaTM_piazzolla@buenosaires.gob.ar<\/a><br>Turno tarde: Prof.\u00a0Santiago Pusso \u2013\u00a0<a rel=\"noreferrer noopener\" href=\"mailto:regenciaTT_piazzolla@buenosaires.gob.ar\" target=\"_blank\">regenciaTT_piazzolla@buenosaires.gob.ar<\/a><br>Turno noche:\u00a0<a rel=\"noreferrer noopener\" href=\"mailto:regenciaTN_piazzolla@buenosaires.gob.ar\" target=\"_blank\">regenciaTN_piazzolla@buenosaires.gob.ar<\/a><br>S\u00e1bados: \u00a0<a rel=\"noreferrer noopener\" href=\"mailto:regenciaSA_piazzolla@buenosaires.gob.ar\" target=\"_blank\">regenciaSA_piazzolla@buenosaires.gob.ar<\/a><\/p>\n\n\n\n<p><strong>Centro de Estudiantes<\/strong><br><a rel=\"noreferrer noopener\" href=\"mailto:estudiantespiazzolla@gmail.com\" target=\"_blank\">estudiantespiazzolla@gmail.com<\/a><\/p>\n\n\n\n<p><strong>Consejo Directivo<\/strong><\/p>\n\n\n\n<p><strong>Estudiantes:<br><\/strong>Elio Javier Monges<br>Ana Alvarado <br>Jazz Vidal <br>Miguel \u00c1ngel Corbal\u00e1n <\/p>\n\n\n\n<p><strong>Graduados:<\/strong><br>Luciano M. Perrone <\/p>\n\n\n\n<p><strong>Docentes:<\/strong><br>Ezequiel Kosiner <br>Alfredo Corral <br>Edgar&nbsp;Ferrer <br>Juan D. Infante Cama\u00f1o <br>Diego S. Armengol <br>Lautaro M. Vieyra <br>Daniela N. Salinas <br>Lucrecia Herrero <br>Andr\u00e9s H. Gerszenzon <\/p>\n\n\n\n<p><strong>No docentes:<\/strong><br>Jorge Ruggeri <\/p>\n\n\n\n<p class=\"has-medium-font-size\"><strong>Equipo Directivo<\/strong><\/p>\n\n\n\n<h4 class=\"wp-block-heading has-medium-font-size\">Consejero a cargo de la direcci\u00f3n<\/h4>\n\n\n\n<p><span style=\"font-family: arial,helvetica,sans-serif;\">Prof.<\/span> Lautaro Mart\u00edn Vieyra<br>lautaromartinvieyra@buenosaires.gob.ar<\/p>\n\n\n\n<h4 class=\"wp-block-heading has-medium-font-size\"><strong>Vicedirectores<\/strong><\/h4>\n\n\n\n<p>Lic. Fernando Miguel Plana<br><a data-wplink-edit=\"true\" href=\"_wp_link_placeholder\">fplana@buenosaires.gob.ar<\/a><\/p>\n\n\n\n<p><br>Esperamos seguir construyendo juntos en paz, como siempre, con la m\u00fasica como protagonista.<\/p>\n\n\n\n<p><\/p>\n","protected":false},"excerpt":{"rendered":"<p>Compartimos el nuevo&nbsp;Reglamento y &nbsp;Acuerdo de Convivencia del Conservatorio Superior de M\u00fasica \u201cAstor Piazzolla\u201d, elaborado de manera conjunta con el Consejo Directivo como herramienta para fortalecer la vida institucional en un marco de respeto, di\u00e1logo y construcci\u00f3n colectiva. Este acuerdo busca acompa\u00f1ar la cotidianeidad institucional promoviendo un clima de trabajo y estudio basado en el &#8230; <a title=\"Reglamento y \u00a0Acuerdo de Convivencia\" class=\"read-more\" href=\"https:\/\/cmbsas-caba.infd.edu.ar\/sitio\/reglamento-y-acuerdo-de-convivencia\/\" aria-label=\"More on Reglamento y \u00a0Acuerdo de Convivencia\">[+]<\/a><\/p>\n","protected":false},"author":3699,"featured_media":0,"parent":0,"menu_order":0,"comment_status":"closed","ping_status":"closed","template":"","meta":[],"acf":[],"_links":{"self":[{"href":"https:\/\/cmbsas-caba.infd.edu.ar\/sitio\/wp-json\/wp\/v2\/pages\/7288"}],"collection":[{"href":"https:\/\/cmbsas-caba.infd.edu.ar\/sitio\/wp-json\/wp\/v2\/pages"}],"about":[{"href":"https:\/\/cmbsas-caba.infd.edu.ar\/sitio\/wp-json\/wp\/v2\/types\/page"}],"author":[{"embeddable":true,"href":"https:\/\/cmbsas-caba.infd.edu.ar\/sitio\/wp-json\/wp\/v2\/users\/3699"}],"replies":[{"embeddable":true,"href":"https:\/\/cmbsas-caba.infd.edu.ar\/sitio\/wp-json\/wp\/v2\/comments?post=7288"}],"version-history":[{"count":7,"href":"https:\/\/cmbsas-caba.infd.edu.ar\/sitio\/wp-json\/wp\/v2\/pages\/7288\/revisions"}],"predecessor-version":[{"id":8783,"href":"https:\/\/cmbsas-caba.infd.edu.ar\/sitio\/wp-json\/wp\/v2\/pages\/7288\/revisions\/8783"}],"wp:attachment":[{"href":"https:\/\/cmbsas-caba.infd.edu.ar\/sitio\/wp-json\/wp\/v2\/media?parent=7288"}],"curies":[{"name":"wp","href":"https:\/\/api.w.org\/{rel}","templated":true}]}}