{"id":7391,"date":"2025-07-11T22:20:24","date_gmt":"2025-07-12T01:20:24","guid":{"rendered":"https:\/\/cmbsas-caba.infd.edu.ar\/sitio\/?page_id=7391"},"modified":"2026-04-22T21:03:28","modified_gmt":"2026-04-23T00:03:28","slug":"padrones2026","status":"publish","type":"page","link":"https:\/\/cmbsas-caba.infd.edu.ar\/sitio\/padrones2026\/","title":{"rendered":"Padrones 2026"},"content":{"rendered":"\n<p><strong>Compartimos los padrones provisorios 2026.<br><\/strong><br>El padr\u00f3n estudiantil incluye a<strong> estudiantes activos\/as mayores de 16 a\u00f1os<\/strong> -a la fecha de votaci\u00f3n-, que son quienes podr\u00e1n participar en esta elecci\u00f3n. (En caso de estudiantes menores de esa edad, su no inclusi\u00f3n no representa un error).<br>Les solicitamos que verifiquen si figuran correctamente.<br><br>Ante cualquier error u omisi\u00f3n, podr\u00e1n realizar su reclamo escribiendo a:<br>&#x1f4e9; estudiantes_piazzolla@buenosaires.gob.ar<br><br><br><a href=\"https:\/\/cmbsas-caba.infd.edu.ar\/sitio\/wp-content\/uploads\/2026\/04\/PadronGraduadosProvisorio2026.pdf\" data-type=\"URL\" data-id=\"https:\/\/cmbsas-caba.infd.edu.ar\/sitio\/wp-content\/uploads\/2026\/04\/PadronGraduadosProvisorio2026.pdf\" target=\"_blank\" rel=\"noreferrer noopener\">Padr\u00f3n graduados &#8211; Provisorio<br><\/a><br><a rel=\"noreferrer noopener\" href=\"https:\/\/cmbsas-caba.infd.edu.ar\/sitio\/wp-content\/uploads\/2026\/04\/Padron-docentes-2026-PROVISORIO.xlsx-Sheet1.pdf\" data-type=\"URL\" data-id=\"https:\/\/cmbsas-caba.infd.edu.ar\/sitio\/wp-content\/uploads\/2026\/04\/Padron-docentes-2026-PROVISORIO.xlsx-Sheet1.pdf\" target=\"_blank\">Padr\u00f3n docentes &#8211; Provisorio<\/a><br><br><a rel=\"noreferrer noopener\" href=\"https:\/\/cmbsas-caba.infd.edu.ar\/sitio\/wp-content\/uploads\/2026\/04\/PadronNoDocenteProvisorio2026.pdf\" data-type=\"URL\" data-id=\"https:\/\/cmbsas-caba.infd.edu.ar\/sitio\/wp-content\/uploads\/2026\/04\/PadronNoDocenteProvisorio2026.pdf\" target=\"_blank\">Padr\u00f3n no docentes &#8211; Provisorio<\/a><br><br><\/p>\n","protected":false},"excerpt":{"rendered":"<p>Compartimos los padrones provisorios 2026.El padr\u00f3n estudiantil incluye a estudiantes activos\/as mayores de 16 a\u00f1os -a la fecha de votaci\u00f3n-, que son quienes podr\u00e1n participar en esta elecci\u00f3n. (En caso de estudiantes menores de esa edad, su no inclusi\u00f3n no representa un error).Les solicitamos que verifiquen si figuran correctamente. Ante cualquier error u omisi\u00f3n, podr\u00e1n &#8230; <a title=\"Padrones 2026\" class=\"read-more\" href=\"https:\/\/cmbsas-caba.infd.edu.ar\/sitio\/padrones2026\/\" aria-label=\"More on Padrones 2026\">[+]<\/a><\/p>\n","protected":false},"author":3699,"featured_media":0,"parent":0,"menu_order":0,"comment_status":"closed","ping_status":"closed","template":"","meta":[],"acf":[],"_links":{"self":[{"href":"https:\/\/cmbsas-caba.infd.edu.ar\/sitio\/wp-json\/wp\/v2\/pages\/7391"}],"collection":[{"href":"https:\/\/cmbsas-caba.infd.edu.ar\/sitio\/wp-json\/wp\/v2\/pages"}],"about":[{"href":"https:\/\/cmbsas-caba.infd.edu.ar\/sitio\/wp-json\/wp\/v2\/types\/page"}],"author":[{"embeddable":true,"href":"https:\/\/cmbsas-caba.infd.edu.ar\/sitio\/wp-json\/wp\/v2\/users\/3699"}],"replies":[{"embeddable":true,"href":"https:\/\/cmbsas-caba.infd.edu.ar\/sitio\/wp-json\/wp\/v2\/comments?post=7391"}],"version-history":[{"count":8,"href":"https:\/\/cmbsas-caba.infd.edu.ar\/sitio\/wp-json\/wp\/v2\/pages\/7391\/revisions"}],"predecessor-version":[{"id":8905,"href":"https:\/\/cmbsas-caba.infd.edu.ar\/sitio\/wp-json\/wp\/v2\/pages\/7391\/revisions\/8905"}],"wp:attachment":[{"href":"https:\/\/cmbsas-caba.infd.edu.ar\/sitio\/wp-json\/wp\/v2\/media?parent=7391"}],"curies":[{"name":"wp","href":"https:\/\/api.w.org\/{rel}","templated":true}]}}