{"id":7967,"date":"2025-09-17T18:06:05","date_gmt":"2025-09-17T21:06:05","guid":{"rendered":"https:\/\/cmbsas-caba.infd.edu.ar\/sitio\/?page_id=7967"},"modified":"2025-09-17T18:06:09","modified_gmt":"2025-09-17T21:06:09","slug":"certificado-analitico","status":"publish","type":"page","link":"https:\/\/cmbsas-caba.infd.edu.ar\/sitio\/certificado-analitico\/","title":{"rendered":"Certificado Anal\u00edtico"},"content":{"rendered":"\n<p>La solicitud de un certificado anal\u00edtico, ya sea parcial o total, se realiza exclusivamente a trav\u00e9s del portal institucional:<br><a href=\"https:\/\/conservatoriopiazzolla.ar\">conservatoriopiazzolla.ar<\/a><\/p>\n\n\n\n<p>Para acceder, es necesario ingresar con tu PIN (DNI) y contrase\u00f1a, y dirigirse a la secci\u00f3n <strong>\u201cSolicitud de certificados anal\u00edticos\u201d<\/strong><\/p>\n","protected":false},"excerpt":{"rendered":"<p>La solicitud de un certificado anal\u00edtico, ya sea parcial o total, se realiza exclusivamente a trav\u00e9s del portal institucional:conservatoriopiazzolla.ar Para acceder, es necesario ingresar con tu PIN (DNI) y contrase\u00f1a, y dirigirse a la secci\u00f3n \u201cSolicitud de certificados anal\u00edticos\u201d<\/p>\n","protected":false},"author":3699,"featured_media":0,"parent":0,"menu_order":0,"comment_status":"closed","ping_status":"closed","template":"","meta":[],"acf":[],"_links":{"self":[{"href":"https:\/\/cmbsas-caba.infd.edu.ar\/sitio\/wp-json\/wp\/v2\/pages\/7967"}],"collection":[{"href":"https:\/\/cmbsas-caba.infd.edu.ar\/sitio\/wp-json\/wp\/v2\/pages"}],"about":[{"href":"https:\/\/cmbsas-caba.infd.edu.ar\/sitio\/wp-json\/wp\/v2\/types\/page"}],"author":[{"embeddable":true,"href":"https:\/\/cmbsas-caba.infd.edu.ar\/sitio\/wp-json\/wp\/v2\/users\/3699"}],"replies":[{"embeddable":true,"href":"https:\/\/cmbsas-caba.infd.edu.ar\/sitio\/wp-json\/wp\/v2\/comments?post=7967"}],"version-history":[{"count":1,"href":"https:\/\/cmbsas-caba.infd.edu.ar\/sitio\/wp-json\/wp\/v2\/pages\/7967\/revisions"}],"predecessor-version":[{"id":7968,"href":"https:\/\/cmbsas-caba.infd.edu.ar\/sitio\/wp-json\/wp\/v2\/pages\/7967\/revisions\/7968"}],"wp:attachment":[{"href":"https:\/\/cmbsas-caba.infd.edu.ar\/sitio\/wp-json\/wp\/v2\/media?parent=7967"}],"curies":[{"name":"wp","href":"https:\/\/api.w.org\/{rel}","templated":true}]}}