{"id":8520,"date":"2026-03-06T16:35:20","date_gmt":"2026-03-06T19:35:20","guid":{"rendered":"https:\/\/cmbsas-caba.infd.edu.ar\/sitio\/?page_id=8520"},"modified":"2026-03-10T16:24:34","modified_gmt":"2026-03-10T19:24:34","slug":"oferta-horaria-2026","status":"publish","type":"page","link":"https:\/\/cmbsas-caba.infd.edu.ar\/sitio\/oferta-horaria-2026\/","title":{"rendered":"Oferta horaria 2026"},"content":{"rendered":"\n<p>Aqu\u00ed encontrar\u00e1s la oferta horaria vigente para cada turno.<\/p>\n\n\n\n<p>Para anotarte en las materias entr\u00e1 a <a href=\"https:\/\/conservatoriopiazzolla.ar\/\" target=\"_blank\" rel=\"noreferrer noopener\">https:\/\/conservatoriopiazzolla.ar\/<\/a><\/p>\n\n\n\n<p class=\"has-large-font-size\"><strong>Turno ma\u00f1ana &#8211; Nivel medio<\/strong><\/p>\n\n\n\n<div class=\"wp-block-file\"><object class=\"wp-block-file__embed\" data=\"https:\/\/cmbsas-caba.infd.edu.ar\/sitio\/wp-content\/uploads\/2026\/03\/OFERTA-HORARIA-TM-Nivel-Medio.pdf\" type=\"application\/pdf\" style=\"width:100%;height:600px\" aria-label=\"Incrustado de OFERTA-HORARIA-TM-Nivel-Medio.\"><\/object><a id=\"wp-block-file--media-8482503e-fd19-4d36-af04-62c3c6f07d83\" href=\"https:\/\/cmbsas-caba.infd.edu.ar\/sitio\/wp-content\/uploads\/2026\/03\/OFERTA-HORARIA-TM-Nivel-Medio.pdf\">OFERTA-HORARIA-TM-Nivel-Medio<\/a><a href=\"https:\/\/cmbsas-caba.infd.edu.ar\/sitio\/wp-content\/uploads\/2026\/03\/OFERTA-HORARIA-TM-Nivel-Medio.pdf\" class=\"wp-block-file__button wp-element-button\" download aria-describedby=\"wp-block-file--media-8482503e-fd19-4d36-af04-62c3c6f07d83\">Descarga<\/a><\/div>\n\n\n\n<hr class=\"wp-block-separator has-alpha-channel-opacity\"\/>\n\n\n\n<p class=\"has-large-font-size\"><strong>Turno ma\u00f1ana &#8211; Nivel superior<\/strong><\/p>\n\n\n\n<div class=\"wp-block-file\"><object class=\"wp-block-file__embed\" data=\"https:\/\/cmbsas-caba.infd.edu.ar\/sitio\/wp-content\/uploads\/2026\/03\/CURSOS-2026-TM-NIVEL-SUPERIOR.pdf\" type=\"application\/pdf\" style=\"width:100%;height:600px\" aria-label=\"Incrustado de CURSOS-2026-TM-NIVEL-SUPERIOR.\"><\/object><a id=\"wp-block-file--media-64203f06-2e73-4199-ad78-fc0962d2ebbb\" href=\"https:\/\/cmbsas-caba.infd.edu.ar\/sitio\/wp-content\/uploads\/2026\/03\/CURSOS-2026-TM-NIVEL-SUPERIOR.pdf\">CURSOS-2026-TM-NIVEL-SUPERIOR<\/a><a href=\"https:\/\/cmbsas-caba.infd.edu.ar\/sitio\/wp-content\/uploads\/2026\/03\/CURSOS-2026-TM-NIVEL-SUPERIOR.pdf\" class=\"wp-block-file__button wp-element-button\" download aria-describedby=\"wp-block-file--media-64203f06-2e73-4199-ad78-fc0962d2ebbb\">Descarga<\/a><\/div>\n\n\n\n<hr class=\"wp-block-separator has-alpha-channel-opacity\"\/>\n\n\n\n<p class=\"has-large-font-size\"><strong>Turno tarde &#8211; Nivel medio<\/strong><\/p>\n\n\n\n<div class=\"wp-block-file\"><object class=\"wp-block-file__embed\" data=\"https:\/\/cmbsas-caba.infd.edu.ar\/sitio\/wp-content\/uploads\/2026\/03\/CURSOS-2026-TT-NM.pdf\" type=\"application\/pdf\" style=\"width:100%;height:600px\" aria-label=\"Incrustado de CURSOS-2026-TT-NM.\"><\/object><a id=\"wp-block-file--media-2d28d77f-ff9f-402a-9828-c0f366dc6092\" href=\"https:\/\/cmbsas-caba.infd.edu.ar\/sitio\/wp-content\/uploads\/2026\/03\/CURSOS-2026-TT-NM.pdf\">CURSOS-2026-TT-NM<\/a><a href=\"https:\/\/cmbsas-caba.infd.edu.ar\/sitio\/wp-content\/uploads\/2026\/03\/CURSOS-2026-TT-NM.pdf\" class=\"wp-block-file__button wp-element-button\" download aria-describedby=\"wp-block-file--media-2d28d77f-ff9f-402a-9828-c0f366dc6092\">Descarga<\/a><\/div>\n\n\n\n<hr class=\"wp-block-separator has-alpha-channel-opacity\"\/>\n\n\n\n<p class=\"has-large-font-size\"><strong>Turno tarde &#8211; Nivel<\/strong> <strong>superior<\/strong><\/p>\n\n\n\n<div class=\"wp-block-file\"><object class=\"wp-block-file__embed\" data=\"https:\/\/cmbsas-caba.infd.edu.ar\/sitio\/wp-content\/uploads\/2026\/03\/CURSOS-2026-TT-NIVEL-SUPERIOR.pdf\" type=\"application\/pdf\" style=\"width:100%;height:600px\" aria-label=\"Incrustado de CURSOS-2026-TT-NIVEL-SUPERIOR.\"><\/object><a id=\"wp-block-file--media-5970ff5b-ef30-424a-af2c-d00f005fcbf1\" href=\"https:\/\/cmbsas-caba.infd.edu.ar\/sitio\/wp-content\/uploads\/2026\/03\/CURSOS-2026-TT-NIVEL-SUPERIOR.pdf\">CURSOS-2026-TT-NIVEL-SUPERIOR<\/a><a href=\"https:\/\/cmbsas-caba.infd.edu.ar\/sitio\/wp-content\/uploads\/2026\/03\/CURSOS-2026-TT-NIVEL-SUPERIOR.pdf\" class=\"wp-block-file__button wp-element-button\" download aria-describedby=\"wp-block-file--media-5970ff5b-ef30-424a-af2c-d00f005fcbf1\">Descarga<\/a><\/div>\n\n\n\n<hr class=\"wp-block-separator has-alpha-channel-opacity\"\/>\n\n\n\n<p class=\"has-large-font-size\"><strong>Turno noche &#8211; Nivel medio<\/strong><\/p>\n\n\n\n<div class=\"wp-block-file\"><object class=\"wp-block-file__embed\" data=\"https:\/\/cmbsas-caba.infd.edu.ar\/sitio\/wp-content\/uploads\/2026\/03\/OFERTA-HORARIA-MEDIO-2026-1.pdf\" type=\"application\/pdf\" style=\"width:100%;height:600px\" aria-label=\"Incrustado de OFERTA-HORARIA-MEDIO-2026-1.\"><\/object><a id=\"wp-block-file--media-4753b427-723d-4cb2-8ead-bbe369fa04ef\" href=\"https:\/\/cmbsas-caba.infd.edu.ar\/sitio\/wp-content\/uploads\/2026\/03\/OFERTA-HORARIA-MEDIO-2026-1.pdf\">OFERTA-HORARIA-MEDIO-2026-1<\/a><a href=\"https:\/\/cmbsas-caba.infd.edu.ar\/sitio\/wp-content\/uploads\/2026\/03\/OFERTA-HORARIA-MEDIO-2026-1.pdf\" class=\"wp-block-file__button wp-element-button\" download aria-describedby=\"wp-block-file--media-4753b427-723d-4cb2-8ead-bbe369fa04ef\">Descarga<\/a><\/div>\n\n\n\n<hr class=\"wp-block-separator has-alpha-channel-opacity\"\/>\n\n\n\n<p class=\"has-large-font-size\"><strong>Turno noche &#8211; Nivel superior<\/strong><\/p>\n\n\n\n<div class=\"wp-block-file\"><object class=\"wp-block-file__embed\" data=\"https:\/\/cmbsas-caba.infd.edu.ar\/sitio\/wp-content\/uploads\/2026\/03\/OFERTA-SUPERIOR-NOCHE-2.pdf\" type=\"application\/pdf\" style=\"width:100%;height:600px\" aria-label=\"Incrustado de OFERTA-SUPERIOR-NOCHE-2.\"><\/object><a id=\"wp-block-file--media-cf4aa3cd-d4e5-45a3-b4d7-e4a8fd42f919\" href=\"https:\/\/cmbsas-caba.infd.edu.ar\/sitio\/wp-content\/uploads\/2026\/03\/OFERTA-SUPERIOR-NOCHE-2.pdf\">OFERTA-SUPERIOR-NOCHE-2<\/a><a href=\"https:\/\/cmbsas-caba.infd.edu.ar\/sitio\/wp-content\/uploads\/2026\/03\/OFERTA-SUPERIOR-NOCHE-2.pdf\" class=\"wp-block-file__button wp-element-button\" download aria-describedby=\"wp-block-file--media-cf4aa3cd-d4e5-45a3-b4d7-e4a8fd42f919\">Descarga<\/a><\/div>\n\n\n\n<hr class=\"wp-block-separator has-alpha-channel-opacity\"\/>\n\n\n\n<p class=\"has-large-font-size\"><strong>Turno s\u00e1bados &#8211; Todos los niveles<\/strong><\/p>\n\n\n\n<div class=\"wp-block-file\"><object class=\"wp-block-file__embed\" data=\"https:\/\/cmbsas-caba.infd.edu.ar\/sitio\/wp-content\/uploads\/2026\/03\/Horarios-2026-turno-sabado.pdf\" type=\"application\/pdf\" style=\"width:100%;height:600px\" aria-label=\"Incrustado de Horarios-2026-turno-sabado.\"><\/object><a id=\"wp-block-file--media-091674c8-d8eb-486f-a96c-4325e901084e\" href=\"https:\/\/cmbsas-caba.infd.edu.ar\/sitio\/wp-content\/uploads\/2026\/03\/Horarios-2026-turno-sabado.pdf\">Horarios-2026-turno-sabado<\/a><a href=\"https:\/\/cmbsas-caba.infd.edu.ar\/sitio\/wp-content\/uploads\/2026\/03\/Horarios-2026-turno-sabado.pdf\" class=\"wp-block-file__button wp-element-button\" download aria-describedby=\"wp-block-file--media-091674c8-d8eb-486f-a96c-4325e901084e\">Descarga<\/a><\/div>\n","protected":false},"excerpt":{"rendered":"<p>Aqu\u00ed encontrar\u00e1s la oferta horaria vigente para cada turno. Para anotarte en las materias entr\u00e1 a https:\/\/conservatoriopiazzolla.ar\/ Turno ma\u00f1ana &#8211; Nivel medio Turno ma\u00f1ana &#8211; Nivel superior Turno tarde &#8211; Nivel medio Turno tarde &#8211; Nivel superior Turno noche &#8211; Nivel medio Turno noche &#8211; Nivel superior Turno s\u00e1bados &#8211; Todos los niveles<\/p>\n","protected":false},"author":3699,"featured_media":0,"parent":0,"menu_order":0,"comment_status":"closed","ping_status":"closed","template":"","meta":[],"acf":[],"_links":{"self":[{"href":"https:\/\/cmbsas-caba.infd.edu.ar\/sitio\/wp-json\/wp\/v2\/pages\/8520"}],"collection":[{"href":"https:\/\/cmbsas-caba.infd.edu.ar\/sitio\/wp-json\/wp\/v2\/pages"}],"about":[{"href":"https:\/\/cmbsas-caba.infd.edu.ar\/sitio\/wp-json\/wp\/v2\/types\/page"}],"author":[{"embeddable":true,"href":"https:\/\/cmbsas-caba.infd.edu.ar\/sitio\/wp-json\/wp\/v2\/users\/3699"}],"replies":[{"embeddable":true,"href":"https:\/\/cmbsas-caba.infd.edu.ar\/sitio\/wp-json\/wp\/v2\/comments?post=8520"}],"version-history":[{"count":10,"href":"https:\/\/cmbsas-caba.infd.edu.ar\/sitio\/wp-json\/wp\/v2\/pages\/8520\/revisions"}],"predecessor-version":[{"id":8606,"href":"https:\/\/cmbsas-caba.infd.edu.ar\/sitio\/wp-json\/wp\/v2\/pages\/8520\/revisions\/8606"}],"wp:attachment":[{"href":"https:\/\/cmbsas-caba.infd.edu.ar\/sitio\/wp-json\/wp\/v2\/media?parent=8520"}],"curies":[{"name":"wp","href":"https:\/\/api.w.org\/{rel}","templated":true}]}}